{"id":30101,"date":"2022-09-30T00:00:55","date_gmt":"2022-09-29T17:00:55","guid":{"rendered":"https:\/\/demo8.thuythu.com\/fdmart\/san-pham\/kho-ga-xe-la-chanh-xa\/"},"modified":"2022-10-11T13:59:20","modified_gmt":"2022-10-11T06:59:20","slug":"kho-ga-xe-la-chanh-xa","status":"publish","type":"product","link":"https:\/\/demo8.thuythu.com\/fdmart\/san-pham\/kho-ga-xe-la-chanh-xa\/","title":{"rendered":"Kh\u00f4 G\u00e0 X\u00e9 L\u00e1 Chanh X\u00e1"},"content":{"rendered":"","protected":false},"excerpt":{"rendered":"","protected":false},"featured_media":30100,"comment_status":"open","ping_status":"closed","template":"","meta":[],"product_cat":[431],"product_tag":[],"_links":{"self":[{"href":"https:\/\/demo8.thuythu.com\/fdmart\/wp-json\/wp\/v2\/product\/30101"}],"collection":[{"href":"https:\/\/demo8.thuythu.com\/fdmart\/wp-json\/wp\/v2\/product"}],"about":[{"href":"https:\/\/demo8.thuythu.com\/fdmart\/wp-json\/wp\/v2\/types\/product"}],"replies":[{"embeddable":true,"href":"https:\/\/demo8.thuythu.com\/fdmart\/wp-json\/wp\/v2\/comments?post=30101"}],"wp:featuredmedia":[{"embeddable":true,"href":"https:\/\/demo8.thuythu.com\/fdmart\/wp-json\/wp\/v2\/media\/30100"}],"wp:attachment":[{"href":"https:\/\/demo8.thuythu.com\/fdmart\/wp-json\/wp\/v2\/media?parent=30101"}],"wp:term":[{"taxonomy":"product_cat","embeddable":true,"href":"https:\/\/demo8.thuythu.com\/fdmart\/wp-json\/wp\/v2\/product_cat?post=30101"},{"taxonomy":"product_tag","embeddable":true,"href":"https:\/\/demo8.thuythu.com\/fdmart\/wp-json\/wp\/v2\/product_tag?post=30101"}],"curies":[{"name":"wp","href":"https:\/\/api.w.org\/{rel}","templated":true}]}}