{"id":30114,"date":"2022-09-30T00:01:10","date_gmt":"2022-09-29T17:01:10","guid":{"rendered":"https:\/\/demo8.thuythu.com\/fdmart\/san-pham\/khoai-tay-dong-lanh-cat-thang-9-9-mydibel-1kg\/"},"modified":"2022-09-30T00:01:10","modified_gmt":"2022-09-29T17:01:10","slug":"khoai-tay-dong-lanh-cat-thang-9-9-mydibel-1kg","status":"publish","type":"product","link":"https:\/\/demo8.thuythu.com\/fdmart\/san-pham\/khoai-tay-dong-lanh-cat-thang-9-9-mydibel-1kg\/","title":{"rendered":"Khoai T\u00e2y \u0110\u00f4ng L\u1ea1nh C\u1eaft Th\u1eb3ng 9\/9 Mydibel 1kg"},"content":{"rendered":"","protected":false},"excerpt":{"rendered":"","protected":false},"featured_media":30113,"comment_status":"open","ping_status":"closed","template":"","meta":[],"product_cat":[397],"product_tag":[],"_links":{"self":[{"href":"https:\/\/demo8.thuythu.com\/fdmart\/wp-json\/wp\/v2\/product\/30114"}],"collection":[{"href":"https:\/\/demo8.thuythu.com\/fdmart\/wp-json\/wp\/v2\/product"}],"about":[{"href":"https:\/\/demo8.thuythu.com\/fdmart\/wp-json\/wp\/v2\/types\/product"}],"replies":[{"embeddable":true,"href":"https:\/\/demo8.thuythu.com\/fdmart\/wp-json\/wp\/v2\/comments?post=30114"}],"wp:featuredmedia":[{"embeddable":true,"href":"https:\/\/demo8.thuythu.com\/fdmart\/wp-json\/wp\/v2\/media\/30113"}],"wp:attachment":[{"href":"https:\/\/demo8.thuythu.com\/fdmart\/wp-json\/wp\/v2\/media?parent=30114"}],"wp:term":[{"taxonomy":"product_cat","embeddable":true,"href":"https:\/\/demo8.thuythu.com\/fdmart\/wp-json\/wp\/v2\/product_cat?post=30114"},{"taxonomy":"product_tag","embeddable":true,"href":"https:\/\/demo8.thuythu.com\/fdmart\/wp-json\/wp\/v2\/product_tag?post=30114"}],"curies":[{"name":"wp","href":"https:\/\/api.w.org\/{rel}","templated":true}]}}