{"id":30195,"date":"2022-09-30T00:02:28","date_gmt":"2022-09-29T17:02:28","guid":{"rendered":"https:\/\/demo8.thuythu.com\/fdmart\/san-pham\/lan-khu-mui-nivea-men-dry-impact-kho-thoang-50ml\/"},"modified":"2022-10-14T16:59:09","modified_gmt":"2022-10-14T09:59:09","slug":"lan-khu-mui-nivea-men-dry-impact-kho-thoang-50ml","status":"publish","type":"product","link":"https:\/\/demo8.thuythu.com\/fdmart\/san-pham\/lan-khu-mui-nivea-men-dry-impact-kho-thoang-50ml\/","title":{"rendered":"L\u0103n Kh\u1eed M\u00f9i Nivea Men Dry Impact Kh\u00f4 Tho\u00e1ng 50ml"},"content":{"rendered":"","protected":false},"excerpt":{"rendered":"","protected":false},"featured_media":30194,"comment_status":"open","ping_status":"closed","template":"","meta":[],"product_cat":[354],"product_tag":[],"_links":{"self":[{"href":"https:\/\/demo8.thuythu.com\/fdmart\/wp-json\/wp\/v2\/product\/30195"}],"collection":[{"href":"https:\/\/demo8.thuythu.com\/fdmart\/wp-json\/wp\/v2\/product"}],"about":[{"href":"https:\/\/demo8.thuythu.com\/fdmart\/wp-json\/wp\/v2\/types\/product"}],"replies":[{"embeddable":true,"href":"https:\/\/demo8.thuythu.com\/fdmart\/wp-json\/wp\/v2\/comments?post=30195"}],"wp:featuredmedia":[{"embeddable":true,"href":"https:\/\/demo8.thuythu.com\/fdmart\/wp-json\/wp\/v2\/media\/30194"}],"wp:attachment":[{"href":"https:\/\/demo8.thuythu.com\/fdmart\/wp-json\/wp\/v2\/media?parent=30195"}],"wp:term":[{"taxonomy":"product_cat","embeddable":true,"href":"https:\/\/demo8.thuythu.com\/fdmart\/wp-json\/wp\/v2\/product_cat?post=30195"},{"taxonomy":"product_tag","embeddable":true,"href":"https:\/\/demo8.thuythu.com\/fdmart\/wp-json\/wp\/v2\/product_tag?post=30195"}],"curies":[{"name":"wp","href":"https:\/\/api.w.org\/{rel}","templated":true}]}}