{"id":30500,"date":"2022-09-30T00:06:51","date_gmt":"2022-09-29T17:06:51","guid":{"rendered":"https:\/\/demo8.thuythu.com\/fdmart\/san-pham\/mat-na-purederm-2-chuc-nang-bun-den-va-oxy-20gr\/"},"modified":"2022-09-30T00:06:51","modified_gmt":"2022-09-29T17:06:51","slug":"mat-na-purederm-2-chuc-nang-bun-den-va-oxy-20gr","status":"publish","type":"product","link":"https:\/\/demo8.thuythu.com\/fdmart\/san-pham\/mat-na-purederm-2-chuc-nang-bun-den-va-oxy-20gr\/","title":{"rendered":"M\u1eb7t N\u1ea1 Purederm 2 Ch\u1ee9c N\u0103ng B\u00f9n \u0110en V\u00e0 Oxy 20gr"},"content":{"rendered":"","protected":false},"excerpt":{"rendered":"","protected":false},"featured_media":30499,"comment_status":"open","ping_status":"closed","template":"","meta":[],"product_cat":[363],"product_tag":[],"_links":{"self":[{"href":"https:\/\/demo8.thuythu.com\/fdmart\/wp-json\/wp\/v2\/product\/30500"}],"collection":[{"href":"https:\/\/demo8.thuythu.com\/fdmart\/wp-json\/wp\/v2\/product"}],"about":[{"href":"https:\/\/demo8.thuythu.com\/fdmart\/wp-json\/wp\/v2\/types\/product"}],"replies":[{"embeddable":true,"href":"https:\/\/demo8.thuythu.com\/fdmart\/wp-json\/wp\/v2\/comments?post=30500"}],"wp:featuredmedia":[{"embeddable":true,"href":"https:\/\/demo8.thuythu.com\/fdmart\/wp-json\/wp\/v2\/media\/30499"}],"wp:attachment":[{"href":"https:\/\/demo8.thuythu.com\/fdmart\/wp-json\/wp\/v2\/media?parent=30500"}],"wp:term":[{"taxonomy":"product_cat","embeddable":true,"href":"https:\/\/demo8.thuythu.com\/fdmart\/wp-json\/wp\/v2\/product_cat?post=30500"},{"taxonomy":"product_tag","embeddable":true,"href":"https:\/\/demo8.thuythu.com\/fdmart\/wp-json\/wp\/v2\/product_tag?post=30500"}],"curies":[{"name":"wp","href":"https:\/\/api.w.org\/{rel}","templated":true}]}}