{"id":31162,"date":"2022-09-30T00:17:33","date_gmt":"2022-09-29T17:17:33","guid":{"rendered":"https:\/\/demo8.thuythu.com\/fdmart\/san-pham\/nuoc-dua-xiem-dong-hop-vi-tac-330ml\/"},"modified":"2022-10-02T09:07:20","modified_gmt":"2022-10-02T02:07:20","slug":"nuoc-dua-xiem-dong-hop-vi-tac-330ml","status":"publish","type":"product","link":"https:\/\/demo8.thuythu.com\/fdmart\/san-pham\/nuoc-dua-xiem-dong-hop-vi-tac-330ml\/","title":{"rendered":"N\u01b0\u1edbc D\u1eeba Xi\u00eam \u0110\u00f3ng H\u1ed9p V\u1ecb T\u1eafc 330ml"},"content":{"rendered":"","protected":false},"excerpt":{"rendered":"","protected":false},"featured_media":31161,"comment_status":"open","ping_status":"closed","template":"","meta":[],"product_cat":[415],"product_tag":[],"_links":{"self":[{"href":"https:\/\/demo8.thuythu.com\/fdmart\/wp-json\/wp\/v2\/product\/31162"}],"collection":[{"href":"https:\/\/demo8.thuythu.com\/fdmart\/wp-json\/wp\/v2\/product"}],"about":[{"href":"https:\/\/demo8.thuythu.com\/fdmart\/wp-json\/wp\/v2\/types\/product"}],"replies":[{"embeddable":true,"href":"https:\/\/demo8.thuythu.com\/fdmart\/wp-json\/wp\/v2\/comments?post=31162"}],"wp:featuredmedia":[{"embeddable":true,"href":"https:\/\/demo8.thuythu.com\/fdmart\/wp-json\/wp\/v2\/media\/31161"}],"wp:attachment":[{"href":"https:\/\/demo8.thuythu.com\/fdmart\/wp-json\/wp\/v2\/media?parent=31162"}],"wp:term":[{"taxonomy":"product_cat","embeddable":true,"href":"https:\/\/demo8.thuythu.com\/fdmart\/wp-json\/wp\/v2\/product_cat?post=31162"},{"taxonomy":"product_tag","embeddable":true,"href":"https:\/\/demo8.thuythu.com\/fdmart\/wp-json\/wp\/v2\/product_tag?post=31162"}],"curies":[{"name":"wp","href":"https:\/\/api.w.org\/{rel}","templated":true}]}}