{"id":31213,"date":"2022-09-30T00:18:15","date_gmt":"2022-09-29T17:18:15","guid":{"rendered":"https:\/\/demo8.thuythu.com\/fdmart\/san-pham\/nuoc-ep-trai-cay-thach-jele-vitaminc-huong-chanh-150ml\/"},"modified":"2022-10-13T18:39:14","modified_gmt":"2022-10-13T11:39:14","slug":"nuoc-ep-trai-cay-thach-jele-vitaminc-huong-chanh-150ml","status":"publish","type":"product","link":"https:\/\/demo8.thuythu.com\/fdmart\/san-pham\/nuoc-ep-trai-cay-thach-jele-vitaminc-huong-chanh-150ml\/","title":{"rendered":"N\u01b0\u1edbc \u00e9p Tr\u00e1i C\u00e2y Th\u1ea1ch Jele VitaminC H\u01b0\u01a1ng Chanh 150ml (G\u00f3i)"},"content":{"rendered":"","protected":false},"excerpt":{"rendered":"","protected":false},"featured_media":31212,"comment_status":"open","ping_status":"closed","template":"","meta":[],"product_cat":[415],"product_tag":[],"_links":{"self":[{"href":"https:\/\/demo8.thuythu.com\/fdmart\/wp-json\/wp\/v2\/product\/31213"}],"collection":[{"href":"https:\/\/demo8.thuythu.com\/fdmart\/wp-json\/wp\/v2\/product"}],"about":[{"href":"https:\/\/demo8.thuythu.com\/fdmart\/wp-json\/wp\/v2\/types\/product"}],"replies":[{"embeddable":true,"href":"https:\/\/demo8.thuythu.com\/fdmart\/wp-json\/wp\/v2\/comments?post=31213"}],"wp:featuredmedia":[{"embeddable":true,"href":"https:\/\/demo8.thuythu.com\/fdmart\/wp-json\/wp\/v2\/media\/31212"}],"wp:attachment":[{"href":"https:\/\/demo8.thuythu.com\/fdmart\/wp-json\/wp\/v2\/media?parent=31213"}],"wp:term":[{"taxonomy":"product_cat","embeddable":true,"href":"https:\/\/demo8.thuythu.com\/fdmart\/wp-json\/wp\/v2\/product_cat?post=31213"},{"taxonomy":"product_tag","embeddable":true,"href":"https:\/\/demo8.thuythu.com\/fdmart\/wp-json\/wp\/v2\/product_tag?post=31213"}],"curies":[{"name":"wp","href":"https:\/\/api.w.org\/{rel}","templated":true}]}}