{"id":31387,"date":"2022-09-30T00:20:57","date_gmt":"2022-09-29T17:20:57","guid":{"rendered":"https:\/\/demo8.thuythu.com\/fdmart\/san-pham\/nuoc-khoang-thien-nhien-aquafina-5l\/"},"modified":"2022-10-01T20:59:36","modified_gmt":"2022-10-01T13:59:36","slug":"nuoc-khoang-thien-nhien-aquafina-5l","status":"publish","type":"product","link":"https:\/\/demo8.thuythu.com\/fdmart\/san-pham\/nuoc-khoang-thien-nhien-aquafina-5l\/","title":{"rendered":"N\u01b0\u1edbc Kho\u00e1ng Thi\u00ean Nhi\u00ean Aquafina 5L"},"content":{"rendered":"","protected":false},"excerpt":{"rendered":"","protected":false},"featured_media":0,"comment_status":"open","ping_status":"closed","template":"","meta":[],"product_cat":[411],"product_tag":[],"_links":{"self":[{"href":"https:\/\/demo8.thuythu.com\/fdmart\/wp-json\/wp\/v2\/product\/31387"}],"collection":[{"href":"https:\/\/demo8.thuythu.com\/fdmart\/wp-json\/wp\/v2\/product"}],"about":[{"href":"https:\/\/demo8.thuythu.com\/fdmart\/wp-json\/wp\/v2\/types\/product"}],"replies":[{"embeddable":true,"href":"https:\/\/demo8.thuythu.com\/fdmart\/wp-json\/wp\/v2\/comments?post=31387"}],"wp:attachment":[{"href":"https:\/\/demo8.thuythu.com\/fdmart\/wp-json\/wp\/v2\/media?parent=31387"}],"wp:term":[{"taxonomy":"product_cat","embeddable":true,"href":"https:\/\/demo8.thuythu.com\/fdmart\/wp-json\/wp\/v2\/product_cat?post=31387"},{"taxonomy":"product_tag","embeddable":true,"href":"https:\/\/demo8.thuythu.com\/fdmart\/wp-json\/wp\/v2\/product_tag?post=31387"}],"curies":[{"name":"wp","href":"https:\/\/api.w.org\/{rel}","templated":true}]}}