{"id":31701,"date":"2022-09-30T00:25:32","date_gmt":"2022-09-29T17:25:32","guid":{"rendered":"https:\/\/demo8.thuythu.com\/fdmart\/san-pham\/nuoc-rua-tay-duong-chat-luu-aquavera-500ml\/"},"modified":"2022-10-15T17:59:11","modified_gmt":"2022-10-15T10:59:11","slug":"nuoc-rua-tay-duong-chat-luu-aquavera-500ml","status":"publish","type":"product","link":"https:\/\/demo8.thuythu.com\/fdmart\/san-pham\/nuoc-rua-tay-duong-chat-luu-aquavera-500ml\/","title":{"rendered":"N\u01b0\u1edbc R\u1eeda Tay D\u01b0\u1ee1ng Ch\u1ea5t L\u1ef1u Aquavera 500ml"},"content":{"rendered":"<p style=\"text-align:justify;\"><strong>Th\u00f4ng tin s\u1ea3n ph\u1ea9m<\/strong><\/p>\n<p style=\"text-align:justify;\">Th\u01b0\u01a1ng hi\u1ec7u: Aqua Vera<\/p>\n<p style=\"text-align:justify;\">Xu\u1ea5t x\u1ee9: Th\u1ed5 Nh\u0129 K\u1ef3<\/p>\n<p style=\"text-align:justify;\">Dung t\u00edch: 500ML<\/p>\n<p style=\"text-align:justify;\">N\u01b0\u1edbc r\u1eeda tay d\u01b0\u1ee1ng ch\u1ea5t L\u1ef1u nh\u1edd c\u00f3 c\u00f4ng th\u1ee9c \u0111\u1eb7c bi\u1ec7t v\u1edbi th\u00e0nh ph\u1ea7n chi\u1ebft xu\u1ea5t t\u1eeb thi\u00ean nhi\u00ean gi\u00fap ng\u0103n ng\u1eeba v\u00e0 di\u1ec7t khu\u1ea9n l\u00e0m cho da tay b\u1ea1n tr\u1edf n\u00ean m\u1ec1m m\u1ea1i v\u00e0 m\u1ecbn m\u00e0ng sau khi s\u1eed d\u1ee5ng. Da tay b\u1ea1n s\u1ebd \u0111\u01b0\u1ee3c b\u1ea3o v\u1ec7 v\u00e0 gi\u1eef \u0111\u01b0\u1ee3c h\u01b0\u01a1ng th\u01a1m d\u1ecbu ng\u1ecdt c\u1ee7a tr\u00e1i L\u1ef1u.<\/p>\n<p style=\"text-align:justify;\"><strong>Th\u00e0nh ph\u1ea7n v\u00e0 c\u00f4ng d\u1ee5ng<\/strong><\/p>\n<p style=\"text-align:justify;\">&#8211; N\u01b0\u1edbc r\u1eeda tay di\u1ec7t khu\u1ea9n s\u1eed d\u1ee5ng tinh ch\u1ea5t tr\u00e1i l\u1ef1u gi\u00fap da tay tr\u1eafng v\u00e0 m\u1ec1m m\u1ea1i, mang l\u1ea1i m\u00f9i th\u01a1m d\u1ec5 ch\u1ecbu, t\u01b0\u01a1i m\u00e1t.<\/p>\n<p style=\"text-align:justify;\">&#8211; S\u1eed d\u1ee5ng chi\u1ebft xu\u1ea5t \u0111\u1eb7c bi\u1ec7t gi\u00fap ti\u00eau di\u1ec7t vi khu\u1ea9n, ch\u1ed1ng oxi h\u00f3a, b\u1ea3o b\u1ec7 b\u00e0n tay c\u1ee7a b\u1ea1n.<\/p>\n<p style=\"text-align:justify;\">&#8211; S\u1ea3n ph\u1ea9m c\u1ee7a Aqua Vera lu\u00f4n ch\u1ee9a nhi\u1ec1u d\u01b0\u1ee1ng ch\u1ea5t t\u1ed1t cho da tay v\u00e0 \u0111\u1ea3m b\u1ea3o an to\u00e0n s\u1ee9c kh\u1ecfe cho ng\u01b0\u1eddi ti\u00eau d\u00f9ng.<\/p>\n<figure class=\"image\"><img src=\"https:\/\/d1g06j28t2jukp.cloudfront.net\/eyJidWNrZXQiOiJraW90cHJvaW1hZ2VzIiwia2V5Ijoia2lvdHByb1wvMTA3OVwvMjAyMFwvMTFcLzA3XC9udW9jLXJ1YS10YXktZHVvbmctY2hhdC1sdXUtYXF1YS12ZXJhLTUwMG1sLTE2MDQ3MjE5MTUwMjcxLmpwZyIsImVkaXRzIjp7InJlc2l6ZSI6eyJiYWNrZ3JvdW5kIjp7InIiOjI1NSwiZyI6MjU1LCJiIjoyNTUsImFscGhhIjoxfX19fQ==\"><figcaption><i>N\u01b0\u1edbc r\u1eeda tay d\u01b0\u1ee1ng ch\u1ea5t l\u1ef1u Aqua Vera_500ML<\/i><\/figcaption><\/figure>\n<p style=\"text-align:justify;\">\u00a0<\/p>\n<p style=\"text-align:justify;\"><strong>H\u01b0\u1edbng d\u1eabn s\u1eed d\u1ee5ng<\/strong><\/p>\n<p style=\"text-align:justify;\">B\u1ea1n xoay v\u00f2i v\u1ec1 ph\u00eda b\u00ean tr\u00e1i theo chi\u1ec1u m\u0169i t\u00ean \u201cOPEN\u201d \u0111\u1ec3 m\u1edf v\u00f2i. Sau \u0111\u00f3, cho m\u1ed9t l\u01b0\u1ee3ng v\u1eeba \u0111\u1ee7 n\u01b0\u1edbc r\u1eeda tay ra tay v\u00e0 xoa \u0111\u1ec1u c\u1ea3 b\u00ean trong l\u1eabn b\u00ean ngo\u00e0i b\u00e0n tay, r\u1eeda s\u1ea1ch l\u1ea1i b\u1eb1ng n\u01b0\u1edbc. Khi d\u00f9ng xong, b\u1ea1n xoay v\u1ec1 h\u01b0\u1edbng m\u0169i t\u00ean ng\u01b0\u1ee3c l\u1ea1i \u201cCLOSE\u201d \u0111\u1ec3 kh\u00f3a v\u00f2i.<\/p>\n<p style=\"text-align:justify;\"><strong>B\u1ea3o qu\u1ea3n<\/strong><\/p>\n<p style=\"text-align:justify;\">B\u1ea3o qu\u1ea3n s\u1ea3n ph\u1ea9m n\u01a1i tho\u00e1ng m\u00e1t, tr\u00e1nh xa t\u1ea7m tay tr\u1ebb em.<\/p>\n<p style=\"text-align:justify;\"><strong>Th\u00f4ng tin th\u01b0\u01a1ng hi\u1ec7u<\/strong><\/p>\n<p style=\"text-align:justify;\">M\u1ef9 ph\u1ea9m Aqua Vera l\u00e0 th\u01b0\u01a1ng hi\u1ec7u h\u00f3a m\u1ef9 ph\u1ea9m c\u1ee7a h\u00e3ng Beyaz Cosmetic \u2013 Th\u1ed5 Nh\u0129 K\u1ef3 v\u1edbi ti\u00eau chu\u1ea9n k\u1ef9 thu\u1eadt v\u00e0 ch\u1ea5t l\u01b0\u1ee3ng s\u1ea3n ph\u1ea9m \u0111\u1ea3m b\u1ea3o nghi\u00eam ng\u1eb7t c\u00e1c quy t\u1eafc GMP c\u1ee7a ng\u00e0nh c\u00f4ng nghi\u1ec7p m\u1ef9 ph\u1ea9m ch\u00e2u \u00c2u.<\/p>\n<p style=\"text-align:justify;\">T\u1ea1i Vi\u1ec7t Nam, th\u01b0\u01a1ng hi\u1ec7u Aqua Vera \u0111\u00e3 gi\u1edbi thi\u1ec7u v\u00e0 \u0111\u01b0\u1ee3c ng\u01b0\u1eddi ti\u00eau d\u00f9ng y\u00eau th\u00edch v\u1edbi c\u00e1c s\u1ea3n ph\u1ea9m nh\u01b0: gel r\u1eeda tay kh\u00f4ng d\u00f9ng n\u01b0\u1edbc, n\u01b0\u1edbc r\u1eeda tay, s\u1eefa t\u1eafm d\u00e0nh cho tr\u1ebb em v\u00e0 ng\u01b0\u1eddi l\u1edbn, dung d\u1ecbch v\u1ec7 sinh ph\u1ee5 n\u1eef, n\u01b0\u1edbc r\u1eeda b\u00e1t, n\u01b0\u1edbc x\u1ecbt k\u00ednh.<\/p>\n<p style=\"text-align:justify;\">\u0110\u1eb7c bi\u1ec7t, s\u1ea3n ph\u1ea9n n\u01b0\u1edbc r\u1eeda tay c\u1ee7a Aqua Vera \u0111\u01b0\u1ee3c B\u1ed9 y t\u1ebf ch\u1ee9ng nh\u1eadn l\u00e0 s\u1ea3n ph\u1ea9m c\u00f3 t\u00e1c d\u1ee5ng di\u1ec7t khu\u1ea9n 99% v\u00e0 an to\u00e0n tuy\u1ec7t \u0111\u1ed1i cho ng\u01b0\u1eddi s\u1eed d\u1ee5ng. S\u1ea3n ph\u1ea9m c\u00f2n c\u00f3 nhi\u1ec1u d\u01b0\u1ee1ng ch\u1ea5t nh\u01b0 tinh ch\u1ea5t Glicerine gi\u00fap ch\u0103m s\u00f3c v\u00e0 d\u01b0\u1ee1ng da tay m\u1ec1m m\u1ecbn.<\/p>\n","protected":false},"excerpt":{"rendered":"<p>Th\u00f4ng tin s\u1ea3n ph\u1ea9m Th\u01b0\u01a1ng hi\u1ec7u: Aqua Vera Xu\u1ea5t x\u1ee9: Th\u1ed5 Nh\u0129 K\u1ef3 Dung t\u00edch: 500ML N\u01b0\u1edbc r\u1eeda tay d\u01b0\u1ee1ng ch\u1ea5t L\u1ef1u nh\u1edd c\u00f3 c\u00f4ng th\u1ee9c \u0111\u1eb7c bi\u1ec7t v\u1edbi th\u00e0nh ph\u1ea7n chi\u1ebft xu\u1ea5t t\u1eeb thi\u00ean nhi\u00ean gi\u00fap ng\u0103n ng\u1eeba v\u00e0 di\u1ec7t khu\u1ea9n l\u00e0m cho da tay b\u1ea1n tr\u1edf n\u00ean m\u1ec1m m\u1ea1i v\u00e0 m\u1ecbn m\u00e0ng sau [&hellip;]<\/p>\n","protected":false},"featured_media":31700,"comment_status":"open","ping_status":"closed","template":"","meta":[],"product_cat":[366],"product_tag":[],"_links":{"self":[{"href":"https:\/\/demo8.thuythu.com\/fdmart\/wp-json\/wp\/v2\/product\/31701"}],"collection":[{"href":"https:\/\/demo8.thuythu.com\/fdmart\/wp-json\/wp\/v2\/product"}],"about":[{"href":"https:\/\/demo8.thuythu.com\/fdmart\/wp-json\/wp\/v2\/types\/product"}],"replies":[{"embeddable":true,"href":"https:\/\/demo8.thuythu.com\/fdmart\/wp-json\/wp\/v2\/comments?post=31701"}],"wp:featuredmedia":[{"embeddable":true,"href":"https:\/\/demo8.thuythu.com\/fdmart\/wp-json\/wp\/v2\/media\/31700"}],"wp:attachment":[{"href":"https:\/\/demo8.thuythu.com\/fdmart\/wp-json\/wp\/v2\/media?parent=31701"}],"wp:term":[{"taxonomy":"product_cat","embeddable":true,"href":"https:\/\/demo8.thuythu.com\/fdmart\/wp-json\/wp\/v2\/product_cat?post=31701"},{"taxonomy":"product_tag","embeddable":true,"href":"https:\/\/demo8.thuythu.com\/fdmart\/wp-json\/wp\/v2\/product_tag?post=31701"}],"curies":[{"name":"wp","href":"https:\/\/api.w.org\/{rel}","templated":true}]}}