{"id":33017,"date":"2022-09-30T00:45:45","date_gmt":"2022-09-29T17:45:45","guid":{"rendered":"https:\/\/demo8.thuythu.com\/fdmart\/san-pham\/son-moi-duong-am-huong-dao-4-8gr\/"},"modified":"2022-10-13T18:44:28","modified_gmt":"2022-10-13T11:44:28","slug":"son-moi-duong-am-huong-dao-4-8gr","status":"publish","type":"product","link":"https:\/\/demo8.thuythu.com\/fdmart\/san-pham\/son-moi-duong-am-huong-dao-4-8gr\/","title":{"rendered":"Son M\u00f4i D\u01b0\u1ee1ng \u1ea9m H\u01b0\u01a1ng \u0110\u00e0o 4.8gr (C\u00e2y)"},"content":{"rendered":"","protected":false},"excerpt":{"rendered":"","protected":false},"featured_media":33016,"comment_status":"open","ping_status":"closed","template":"","meta":[],"product_cat":[361],"product_tag":[],"_links":{"self":[{"href":"https:\/\/demo8.thuythu.com\/fdmart\/wp-json\/wp\/v2\/product\/33017"}],"collection":[{"href":"https:\/\/demo8.thuythu.com\/fdmart\/wp-json\/wp\/v2\/product"}],"about":[{"href":"https:\/\/demo8.thuythu.com\/fdmart\/wp-json\/wp\/v2\/types\/product"}],"replies":[{"embeddable":true,"href":"https:\/\/demo8.thuythu.com\/fdmart\/wp-json\/wp\/v2\/comments?post=33017"}],"wp:featuredmedia":[{"embeddable":true,"href":"https:\/\/demo8.thuythu.com\/fdmart\/wp-json\/wp\/v2\/media\/33016"}],"wp:attachment":[{"href":"https:\/\/demo8.thuythu.com\/fdmart\/wp-json\/wp\/v2\/media?parent=33017"}],"wp:term":[{"taxonomy":"product_cat","embeddable":true,"href":"https:\/\/demo8.thuythu.com\/fdmart\/wp-json\/wp\/v2\/product_cat?post=33017"},{"taxonomy":"product_tag","embeddable":true,"href":"https:\/\/demo8.thuythu.com\/fdmart\/wp-json\/wp\/v2\/product_tag?post=33017"}],"curies":[{"name":"wp","href":"https:\/\/api.w.org\/{rel}","templated":true}]}}