{"id":33049,"date":"2022-09-30T00:46:15","date_gmt":"2022-09-29T17:46:15","guid":{"rendered":"https:\/\/demo8.thuythu.com\/fdmart\/san-pham\/spriing-lo-10-dia-cham-ba-mia\/"},"modified":"2022-10-06T19:53:27","modified_gmt":"2022-10-06T12:53:27","slug":"spriing-lo-10-dia-cham-ba-mia","status":"publish","type":"product","link":"https:\/\/demo8.thuythu.com\/fdmart\/san-pham\/spriing-lo-10-dia-cham-ba-mia\/","title":{"rendered":"Spriing L\u00f4 10 \u0110\u0129a Ch\u1ea5m B\u00e3 M\u00eda"},"content":{"rendered":"","protected":false},"excerpt":{"rendered":"","protected":false},"featured_media":33048,"comment_status":"open","ping_status":"closed","template":"","meta":[],"product_cat":[394],"product_tag":[],"_links":{"self":[{"href":"https:\/\/demo8.thuythu.com\/fdmart\/wp-json\/wp\/v2\/product\/33049"}],"collection":[{"href":"https:\/\/demo8.thuythu.com\/fdmart\/wp-json\/wp\/v2\/product"}],"about":[{"href":"https:\/\/demo8.thuythu.com\/fdmart\/wp-json\/wp\/v2\/types\/product"}],"replies":[{"embeddable":true,"href":"https:\/\/demo8.thuythu.com\/fdmart\/wp-json\/wp\/v2\/comments?post=33049"}],"wp:featuredmedia":[{"embeddable":true,"href":"https:\/\/demo8.thuythu.com\/fdmart\/wp-json\/wp\/v2\/media\/33048"}],"wp:attachment":[{"href":"https:\/\/demo8.thuythu.com\/fdmart\/wp-json\/wp\/v2\/media?parent=33049"}],"wp:term":[{"taxonomy":"product_cat","embeddable":true,"href":"https:\/\/demo8.thuythu.com\/fdmart\/wp-json\/wp\/v2\/product_cat?post=33049"},{"taxonomy":"product_tag","embeddable":true,"href":"https:\/\/demo8.thuythu.com\/fdmart\/wp-json\/wp\/v2\/product_tag?post=33049"}],"curies":[{"name":"wp","href":"https:\/\/api.w.org\/{rel}","templated":true}]}}