{"id":33051,"date":"2022-09-30T00:46:17","date_gmt":"2022-09-29T17:46:17","guid":{"rendered":"https:\/\/demo8.thuythu.com\/fdmart\/san-pham\/spriing-lo-10-dia-tron-mia-18cm\/"},"modified":"2022-10-08T10:59:08","modified_gmt":"2022-10-08T03:59:08","slug":"spriing-lo-10-dia-tron-mia-18cm","status":"publish","type":"product","link":"https:\/\/demo8.thuythu.com\/fdmart\/san-pham\/spriing-lo-10-dia-tron-mia-18cm\/","title":{"rendered":"Spriing L\u00f4 10 \u0110\u0129a tr\u00f2n M\u00eda 18cm"},"content":{"rendered":"","protected":false},"excerpt":{"rendered":"","protected":false},"featured_media":33050,"comment_status":"open","ping_status":"closed","template":"","meta":[],"product_cat":[394],"product_tag":[],"_links":{"self":[{"href":"https:\/\/demo8.thuythu.com\/fdmart\/wp-json\/wp\/v2\/product\/33051"}],"collection":[{"href":"https:\/\/demo8.thuythu.com\/fdmart\/wp-json\/wp\/v2\/product"}],"about":[{"href":"https:\/\/demo8.thuythu.com\/fdmart\/wp-json\/wp\/v2\/types\/product"}],"replies":[{"embeddable":true,"href":"https:\/\/demo8.thuythu.com\/fdmart\/wp-json\/wp\/v2\/comments?post=33051"}],"wp:featuredmedia":[{"embeddable":true,"href":"https:\/\/demo8.thuythu.com\/fdmart\/wp-json\/wp\/v2\/media\/33050"}],"wp:attachment":[{"href":"https:\/\/demo8.thuythu.com\/fdmart\/wp-json\/wp\/v2\/media?parent=33051"}],"wp:term":[{"taxonomy":"product_cat","embeddable":true,"href":"https:\/\/demo8.thuythu.com\/fdmart\/wp-json\/wp\/v2\/product_cat?post=33051"},{"taxonomy":"product_tag","embeddable":true,"href":"https:\/\/demo8.thuythu.com\/fdmart\/wp-json\/wp\/v2\/product_tag?post=33051"}],"curies":[{"name":"wp","href":"https:\/\/api.w.org\/{rel}","templated":true}]}}