{"id":33053,"date":"2022-09-30T00:46:19","date_gmt":"2022-09-29T17:46:19","guid":{"rendered":"https:\/\/demo8.thuythu.com\/fdmart\/san-pham\/spriing-lo-5-dia-3-ngan-ba-mia\/"},"modified":"2022-10-06T08:22:17","modified_gmt":"2022-10-06T01:22:17","slug":"spriing-lo-5-dia-3-ngan-ba-mia","status":"publish","type":"product","link":"https:\/\/demo8.thuythu.com\/fdmart\/san-pham\/spriing-lo-5-dia-3-ngan-ba-mia\/","title":{"rendered":"Spriing L\u00f4 5 \u0110\u0129a 3 Ng\u0103n B\u00e3 M\u00eda"},"content":{"rendered":"","protected":false},"excerpt":{"rendered":"","protected":false},"featured_media":33052,"comment_status":"open","ping_status":"closed","template":"","meta":[],"product_cat":[394],"product_tag":[],"_links":{"self":[{"href":"https:\/\/demo8.thuythu.com\/fdmart\/wp-json\/wp\/v2\/product\/33053"}],"collection":[{"href":"https:\/\/demo8.thuythu.com\/fdmart\/wp-json\/wp\/v2\/product"}],"about":[{"href":"https:\/\/demo8.thuythu.com\/fdmart\/wp-json\/wp\/v2\/types\/product"}],"replies":[{"embeddable":true,"href":"https:\/\/demo8.thuythu.com\/fdmart\/wp-json\/wp\/v2\/comments?post=33053"}],"wp:featuredmedia":[{"embeddable":true,"href":"https:\/\/demo8.thuythu.com\/fdmart\/wp-json\/wp\/v2\/media\/33052"}],"wp:attachment":[{"href":"https:\/\/demo8.thuythu.com\/fdmart\/wp-json\/wp\/v2\/media?parent=33053"}],"wp:term":[{"taxonomy":"product_cat","embeddable":true,"href":"https:\/\/demo8.thuythu.com\/fdmart\/wp-json\/wp\/v2\/product_cat?post=33053"},{"taxonomy":"product_tag","embeddable":true,"href":"https:\/\/demo8.thuythu.com\/fdmart\/wp-json\/wp\/v2\/product_tag?post=33053"}],"curies":[{"name":"wp","href":"https:\/\/api.w.org\/{rel}","templated":true}]}}