{"id":33113,"date":"2022-09-30T00:47:16","date_gmt":"2022-09-29T17:47:16","guid":{"rendered":"https:\/\/demo8.thuythu.com\/fdmart\/san-pham\/sua-chua-an-probeauty-it-duong-huong-hoa-hong-va-viet-quat-100gr\/"},"modified":"2022-09-30T00:47:16","modified_gmt":"2022-09-29T17:47:16","slug":"sua-chua-an-probeauty-it-duong-huong-hoa-hong-va-viet-quat-100gr","status":"publish","type":"product","link":"https:\/\/demo8.thuythu.com\/fdmart\/san-pham\/sua-chua-an-probeauty-it-duong-huong-hoa-hong-va-viet-quat-100gr\/","title":{"rendered":"S\u1eefa Chua \u0103n Probeauty \u00edt \u0110\u01b0\u1eddng H\u01b0\u01a1ng Hoa H\u1ed3ng V\u00e0 Vi\u1ec7t Qu\u1ea5t 100gr"},"content":{"rendered":"","protected":false},"excerpt":{"rendered":"","protected":false},"featured_media":33112,"comment_status":"open","ping_status":"closed","template":"","meta":[],"product_cat":[597],"product_tag":[],"_links":{"self":[{"href":"https:\/\/demo8.thuythu.com\/fdmart\/wp-json\/wp\/v2\/product\/33113"}],"collection":[{"href":"https:\/\/demo8.thuythu.com\/fdmart\/wp-json\/wp\/v2\/product"}],"about":[{"href":"https:\/\/demo8.thuythu.com\/fdmart\/wp-json\/wp\/v2\/types\/product"}],"replies":[{"embeddable":true,"href":"https:\/\/demo8.thuythu.com\/fdmart\/wp-json\/wp\/v2\/comments?post=33113"}],"wp:featuredmedia":[{"embeddable":true,"href":"https:\/\/demo8.thuythu.com\/fdmart\/wp-json\/wp\/v2\/media\/33112"}],"wp:attachment":[{"href":"https:\/\/demo8.thuythu.com\/fdmart\/wp-json\/wp\/v2\/media?parent=33113"}],"wp:term":[{"taxonomy":"product_cat","embeddable":true,"href":"https:\/\/demo8.thuythu.com\/fdmart\/wp-json\/wp\/v2\/product_cat?post=33113"},{"taxonomy":"product_tag","embeddable":true,"href":"https:\/\/demo8.thuythu.com\/fdmart\/wp-json\/wp\/v2\/product_tag?post=33113"}],"curies":[{"name":"wp","href":"https:\/\/api.w.org\/{rel}","templated":true}]}}