{"id":33124,"date":"2022-09-30T00:47:27","date_gmt":"2022-09-29T17:47:27","guid":{"rendered":"https:\/\/demo8.thuythu.com\/fdmart\/san-pham\/sua-chua-an-vinamilk-khong-duong-100gr\/"},"modified":"2023-10-04T18:01:08","modified_gmt":"2023-10-04T11:01:08","slug":"sua-chua-an-vinamilk-khong-duong-100gr","status":"publish","type":"product","link":"https:\/\/demo8.thuythu.com\/fdmart\/san-pham\/sua-chua-an-vinamilk-khong-duong-100gr\/","title":{"rendered":"S\u1eefa Chua \u0103n Vinamilk Kh\u00f4ng \u0110\u01b0\u1eddng 100gr"},"content":{"rendered":"","protected":false},"excerpt":{"rendered":"","protected":false},"featured_media":33123,"comment_status":"open","ping_status":"closed","template":"","meta":[],"product_cat":[597],"product_tag":[],"_links":{"self":[{"href":"https:\/\/demo8.thuythu.com\/fdmart\/wp-json\/wp\/v2\/product\/33124"}],"collection":[{"href":"https:\/\/demo8.thuythu.com\/fdmart\/wp-json\/wp\/v2\/product"}],"about":[{"href":"https:\/\/demo8.thuythu.com\/fdmart\/wp-json\/wp\/v2\/types\/product"}],"replies":[{"embeddable":true,"href":"https:\/\/demo8.thuythu.com\/fdmart\/wp-json\/wp\/v2\/comments?post=33124"}],"wp:featuredmedia":[{"embeddable":true,"href":"https:\/\/demo8.thuythu.com\/fdmart\/wp-json\/wp\/v2\/media\/33123"}],"wp:attachment":[{"href":"https:\/\/demo8.thuythu.com\/fdmart\/wp-json\/wp\/v2\/media?parent=33124"}],"wp:term":[{"taxonomy":"product_cat","embeddable":true,"href":"https:\/\/demo8.thuythu.com\/fdmart\/wp-json\/wp\/v2\/product_cat?post=33124"},{"taxonomy":"product_tag","embeddable":true,"href":"https:\/\/demo8.thuythu.com\/fdmart\/wp-json\/wp\/v2\/product_tag?post=33124"}],"curies":[{"name":"wp","href":"https:\/\/api.w.org\/{rel}","templated":true}]}}