{"id":33275,"date":"2022-09-30T00:49:54","date_gmt":"2022-09-29T17:49:54","guid":{"rendered":"https:\/\/demo8.thuythu.com\/fdmart\/san-pham\/sua-kun-nuoc-trai-nho-tui-110ml-thung\/"},"modified":"2022-09-30T09:43:37","modified_gmt":"2022-09-30T02:43:37","slug":"sua-kun-nuoc-trai-nho-tui-110ml-thung","status":"publish","type":"product","link":"https:\/\/demo8.thuythu.com\/fdmart\/san-pham\/sua-kun-nuoc-trai-nho-tui-110ml-thung\/","title":{"rendered":"S\u1eefa Kun N\u01b0\u1edbc Tr\u00e1i Nho t\u00fai 110ml (Th\u00f9ng)"},"content":{"rendered":"","protected":false},"excerpt":{"rendered":"","protected":false},"featured_media":0,"comment_status":"open","ping_status":"closed","template":"","meta":[],"product_cat":[454],"product_tag":[],"_links":{"self":[{"href":"https:\/\/demo8.thuythu.com\/fdmart\/wp-json\/wp\/v2\/product\/33275"}],"collection":[{"href":"https:\/\/demo8.thuythu.com\/fdmart\/wp-json\/wp\/v2\/product"}],"about":[{"href":"https:\/\/demo8.thuythu.com\/fdmart\/wp-json\/wp\/v2\/types\/product"}],"replies":[{"embeddable":true,"href":"https:\/\/demo8.thuythu.com\/fdmart\/wp-json\/wp\/v2\/comments?post=33275"}],"wp:attachment":[{"href":"https:\/\/demo8.thuythu.com\/fdmart\/wp-json\/wp\/v2\/media?parent=33275"}],"wp:term":[{"taxonomy":"product_cat","embeddable":true,"href":"https:\/\/demo8.thuythu.com\/fdmart\/wp-json\/wp\/v2\/product_cat?post=33275"},{"taxonomy":"product_tag","embeddable":true,"href":"https:\/\/demo8.thuythu.com\/fdmart\/wp-json\/wp\/v2\/product_tag?post=33275"}],"curies":[{"name":"wp","href":"https:\/\/api.w.org\/{rel}","templated":true}]}}