{"id":33316,"date":"2022-09-30T00:50:38","date_gmt":"2022-09-29T17:50:38","guid":{"rendered":"https:\/\/demo8.thuythu.com\/fdmart\/san-pham\/sua-oc-cho-dau-den-han-quoc-190ml\/"},"modified":"2023-10-04T21:58:50","modified_gmt":"2023-10-04T14:58:50","slug":"sua-oc-cho-dau-den-han-quoc-190ml","status":"publish","type":"product","link":"https:\/\/demo8.thuythu.com\/fdmart\/san-pham\/sua-oc-cho-dau-den-han-quoc-190ml\/","title":{"rendered":"S\u1eefa \u00f3c Ch\u00f3 \u0110\u1eadu \u0110en H\u00e0n Qu\u1ed1c 190ml (L\u1ed1c)"},"content":{"rendered":"","protected":false},"excerpt":{"rendered":"","protected":false},"featured_media":33315,"comment_status":"open","ping_status":"closed","template":"","meta":[],"product_cat":[455],"product_tag":[],"_links":{"self":[{"href":"https:\/\/demo8.thuythu.com\/fdmart\/wp-json\/wp\/v2\/product\/33316"}],"collection":[{"href":"https:\/\/demo8.thuythu.com\/fdmart\/wp-json\/wp\/v2\/product"}],"about":[{"href":"https:\/\/demo8.thuythu.com\/fdmart\/wp-json\/wp\/v2\/types\/product"}],"replies":[{"embeddable":true,"href":"https:\/\/demo8.thuythu.com\/fdmart\/wp-json\/wp\/v2\/comments?post=33316"}],"wp:featuredmedia":[{"embeddable":true,"href":"https:\/\/demo8.thuythu.com\/fdmart\/wp-json\/wp\/v2\/media\/33315"}],"wp:attachment":[{"href":"https:\/\/demo8.thuythu.com\/fdmart\/wp-json\/wp\/v2\/media?parent=33316"}],"wp:term":[{"taxonomy":"product_cat","embeddable":true,"href":"https:\/\/demo8.thuythu.com\/fdmart\/wp-json\/wp\/v2\/product_cat?post=33316"},{"taxonomy":"product_tag","embeddable":true,"href":"https:\/\/demo8.thuythu.com\/fdmart\/wp-json\/wp\/v2\/product_tag?post=33316"}],"curies":[{"name":"wp","href":"https:\/\/api.w.org\/{rel}","templated":true}]}}