{"id":33317,"date":"2022-09-30T00:50:39","date_gmt":"2022-09-29T17:50:39","guid":{"rendered":"https:\/\/demo8.thuythu.com\/fdmart\/san-pham\/sua-oc-cho-dau-den-han-quoc-190ml-thung\/"},"modified":"2022-10-13T18:45:39","modified_gmt":"2022-10-13T11:45:39","slug":"sua-oc-cho-dau-den-han-quoc-190ml-thung","status":"publish","type":"product","link":"https:\/\/demo8.thuythu.com\/fdmart\/san-pham\/sua-oc-cho-dau-den-han-quoc-190ml-thung\/","title":{"rendered":"S\u1eefa \u00f3c Ch\u00f3 \u0110\u1eadu \u0110en H\u00e0n Qu\u1ed1c 190ml (Th\u00f9ng)"},"content":{"rendered":"","protected":false},"excerpt":{"rendered":"","protected":false},"featured_media":0,"comment_status":"open","ping_status":"closed","template":"","meta":[],"product_cat":[455],"product_tag":[],"_links":{"self":[{"href":"https:\/\/demo8.thuythu.com\/fdmart\/wp-json\/wp\/v2\/product\/33317"}],"collection":[{"href":"https:\/\/demo8.thuythu.com\/fdmart\/wp-json\/wp\/v2\/product"}],"about":[{"href":"https:\/\/demo8.thuythu.com\/fdmart\/wp-json\/wp\/v2\/types\/product"}],"replies":[{"embeddable":true,"href":"https:\/\/demo8.thuythu.com\/fdmart\/wp-json\/wp\/v2\/comments?post=33317"}],"wp:attachment":[{"href":"https:\/\/demo8.thuythu.com\/fdmart\/wp-json\/wp\/v2\/media?parent=33317"}],"wp:term":[{"taxonomy":"product_cat","embeddable":true,"href":"https:\/\/demo8.thuythu.com\/fdmart\/wp-json\/wp\/v2\/product_cat?post=33317"},{"taxonomy":"product_tag","embeddable":true,"href":"https:\/\/demo8.thuythu.com\/fdmart\/wp-json\/wp\/v2\/product_tag?post=33317"}],"curies":[{"name":"wp","href":"https:\/\/api.w.org\/{rel}","templated":true}]}}