{"id":33330,"date":"2022-09-30T00:50:51","date_gmt":"2022-09-29T17:50:51","guid":{"rendered":"https:\/\/demo8.thuythu.com\/fdmart\/san-pham\/sua-rua-mat-collagen-kose-softymo-220gr\/"},"modified":"2022-09-30T00:50:51","modified_gmt":"2022-09-29T17:50:51","slug":"sua-rua-mat-collagen-kose-softymo-220gr","status":"publish","type":"product","link":"https:\/\/demo8.thuythu.com\/fdmart\/san-pham\/sua-rua-mat-collagen-kose-softymo-220gr\/","title":{"rendered":"S\u1eefa R\u1eeda M\u1eb7t Collagen Kose Softymo 220gr"},"content":{"rendered":"<p><span style=\"color:#3f4b53;font-family:Roboto, sans-serif;background-color:#ffffff;\">S\u1eefa r\u1eeda m\u1eb7t Kose Softymo Collagen 220g V\u1edbi th\u00e0nh ph\u1ea7n ch\u00ednh l\u00e0 collagen, c\u00e1c th\u00e0nh ph\u1ea7n t\u1ef1 nhi\u00ean v\u00e0 c\u00e1t bi\u1ec3n, gi\u00fap l\u00e0m s\u1ea1ch da nh\u1eddn, cung c\u1ea5p collagen cho l\u00e0n da, duy tr\u00ec \u0111\u1ed9 \u1ea9m cho l\u00e0n da, gi\u00fap l\u00e0n da lu\u00f4n m\u1ec1m m\u1ea1i<\/span><span style=\"color:#3f4b53;font-family:Roboto, sans-serif;background-color:#ffffff;\">&#8230;<\/span><\/p>\n","protected":false},"excerpt":{"rendered":"<p>S\u1eefa r\u1eeda m\u1eb7t Kose Softymo Collagen 220g V\u1edbi th\u00e0nh ph\u1ea7n ch\u00ednh l\u00e0 collagen, c\u00e1c th\u00e0nh ph\u1ea7n t\u1ef1 nhi\u00ean v\u00e0 c\u00e1t bi\u1ec3n, gi\u00fap l\u00e0m s\u1ea1ch da nh\u1eddn, cung c\u1ea5p collagen cho l\u00e0n da, duy tr\u00ec \u0111\u1ed9 \u1ea9m cho l\u00e0n da, gi\u00fap l\u00e0n da lu\u00f4n m\u1ec1m m\u1ea1i&#8230;<\/p>\n","protected":false},"featured_media":33329,"comment_status":"open","ping_status":"closed","template":"","meta":[],"product_cat":[503],"product_tag":[],"_links":{"self":[{"href":"https:\/\/demo8.thuythu.com\/fdmart\/wp-json\/wp\/v2\/product\/33330"}],"collection":[{"href":"https:\/\/demo8.thuythu.com\/fdmart\/wp-json\/wp\/v2\/product"}],"about":[{"href":"https:\/\/demo8.thuythu.com\/fdmart\/wp-json\/wp\/v2\/types\/product"}],"replies":[{"embeddable":true,"href":"https:\/\/demo8.thuythu.com\/fdmart\/wp-json\/wp\/v2\/comments?post=33330"}],"wp:featuredmedia":[{"embeddable":true,"href":"https:\/\/demo8.thuythu.com\/fdmart\/wp-json\/wp\/v2\/media\/33329"}],"wp:attachment":[{"href":"https:\/\/demo8.thuythu.com\/fdmart\/wp-json\/wp\/v2\/media?parent=33330"}],"wp:term":[{"taxonomy":"product_cat","embeddable":true,"href":"https:\/\/demo8.thuythu.com\/fdmart\/wp-json\/wp\/v2\/product_cat?post=33330"},{"taxonomy":"product_tag","embeddable":true,"href":"https:\/\/demo8.thuythu.com\/fdmart\/wp-json\/wp\/v2\/product_tag?post=33330"}],"curies":[{"name":"wp","href":"https:\/\/api.w.org\/{rel}","templated":true}]}}