{"id":33365,"date":"2022-09-30T00:51:22","date_gmt":"2022-09-29T17:51:22","guid":{"rendered":"https:\/\/demo8.thuythu.com\/fdmart\/san-pham\/sua-rua-mat-muji-face-soap-moisture-120gr\/"},"modified":"2022-09-30T00:51:22","modified_gmt":"2022-09-29T17:51:22","slug":"sua-rua-mat-muji-face-soap-moisture-120gr","status":"publish","type":"product","link":"https:\/\/demo8.thuythu.com\/fdmart\/san-pham\/sua-rua-mat-muji-face-soap-moisture-120gr\/","title":{"rendered":"S\u1eefa r\u1eeda m\u1eb7t Muji Face Soap Moisture 120gr"},"content":{"rendered":"<h2 style=\"box-sizing:border-box;outline:none;font-family:'Saira Condensed', serif;font-weight:400;color:#2b2b2b;margin:0px 0px 15px;background-color:#ffffff;\"><span style=\"box-sizing:border-box;outline:none;font-weight:700;\"><\/span><span style=\"box-sizing:border-box;outline:none;font-weight:700;\"><\/span><\/h2>\n<p><span style=\"color:#333333;font-family:'Open Sans', sans-serif;background-color:#ffffff;\">S<\/span>\u1eefa R\u1eefa M\u1eb7t<span style=\"color:#333333;font-family:'Open Sans', sans-serif;background-color:#ffffff;\">\u00a0Muji kh\u00f4ng h\u1ea1y nh\u1eb9 nh\u00e0ng lo\u1ea1i s\u1ea1ch l\u1edbp b\u1ee5i b\u1ea9n, d\u1ea7u th\u1eeba b\u00e1m tr\u00ean da m\u1eb7t su\u1ed1t c\u1ea3 m\u1ed9t ng\u00e0y d\u00e0i. S\u1ea3n ph\u1ea9m c\u00f3 k\u1ebft c\u1ea5u d\u1ea1ng kem m\u1ec1m, t\u1ea1o b\u1ecdt nhanh ch\u00f3ng, cho c\u1ea3m gi\u00e1c nh\u1eb9 nh\u00e0ng, nu\u00f4i d\u01b0\u1ee1ng v\u00e0 lu\u00f4n cung c\u1ea5p \u0111\u1ee7 n\u01b0\u1edbc cho l\u00e0n da. Th\u00e0nh ph\u1ea7n kh\u00f4ng ch\u1ee9a c\u1ed3n, kh\u00f4ng ch\u1ee9a h\u01b0\u01a1ng th\u01a1m nh\u00e2n t\u1ea1o, kh\u00f4ng ch\u1ee9a m\u00e0u t\u1ed5ng h\u1ee3p, kh\u00f4ng ch\u1ee9a d\u1ea7u kho\u00e1ng n\u00ean v\u00f4 c\u00f9ng th\u00e2n thi\u1ec7n v\u00e0 l\u00e0nh t\u00ednh v\u1edbi da.<\/span><\/p>\n","protected":false},"excerpt":{"rendered":"<p>S\u1eefa R\u1eefa M\u1eb7t\u00a0Muji kh\u00f4ng h\u1ea1y nh\u1eb9 nh\u00e0ng lo\u1ea1i s\u1ea1ch l\u1edbp b\u1ee5i b\u1ea9n, d\u1ea7u th\u1eeba b\u00e1m tr\u00ean da m\u1eb7t su\u1ed1t c\u1ea3 m\u1ed9t ng\u00e0y d\u00e0i. S\u1ea3n ph\u1ea9m c\u00f3 k\u1ebft c\u1ea5u d\u1ea1ng kem m\u1ec1m, t\u1ea1o b\u1ecdt nhanh ch\u00f3ng, cho c\u1ea3m gi\u00e1c nh\u1eb9 nh\u00e0ng, nu\u00f4i d\u01b0\u1ee1ng v\u00e0 lu\u00f4n cung c\u1ea5p \u0111\u1ee7 n\u01b0\u1edbc cho l\u00e0n da. Th\u00e0nh ph\u1ea7n kh\u00f4ng ch\u1ee9a [&hellip;]<\/p>\n","protected":false},"featured_media":33363,"comment_status":"open","ping_status":"closed","template":"","meta":[],"product_cat":[503],"product_tag":[],"_links":{"self":[{"href":"https:\/\/demo8.thuythu.com\/fdmart\/wp-json\/wp\/v2\/product\/33365"}],"collection":[{"href":"https:\/\/demo8.thuythu.com\/fdmart\/wp-json\/wp\/v2\/product"}],"about":[{"href":"https:\/\/demo8.thuythu.com\/fdmart\/wp-json\/wp\/v2\/types\/product"}],"replies":[{"embeddable":true,"href":"https:\/\/demo8.thuythu.com\/fdmart\/wp-json\/wp\/v2\/comments?post=33365"}],"wp:featuredmedia":[{"embeddable":true,"href":"https:\/\/demo8.thuythu.com\/fdmart\/wp-json\/wp\/v2\/media\/33363"}],"wp:attachment":[{"href":"https:\/\/demo8.thuythu.com\/fdmart\/wp-json\/wp\/v2\/media?parent=33365"}],"wp:term":[{"taxonomy":"product_cat","embeddable":true,"href":"https:\/\/demo8.thuythu.com\/fdmart\/wp-json\/wp\/v2\/product_cat?post=33365"},{"taxonomy":"product_tag","embeddable":true,"href":"https:\/\/demo8.thuythu.com\/fdmart\/wp-json\/wp\/v2\/product_tag?post=33365"}],"curies":[{"name":"wp","href":"https:\/\/api.w.org\/{rel}","templated":true}]}}