{"id":33464,"date":"2022-09-30T00:52:50","date_gmt":"2022-09-29T17:52:50","guid":{"rendered":"https:\/\/demo8.thuythu.com\/fdmart\/san-pham\/sua-tam-beauty-care-trang-da-tinh-chat-hoa-anh-dao-va-to-yen-1200ml\/"},"modified":"2022-10-11T13:59:49","modified_gmt":"2022-10-11T06:59:49","slug":"sua-tam-beauty-care-trang-da-tinh-chat-hoa-anh-dao-va-to-yen-1200ml","status":"publish","type":"product","link":"https:\/\/demo8.thuythu.com\/fdmart\/san-pham\/sua-tam-beauty-care-trang-da-tinh-chat-hoa-anh-dao-va-to-yen-1200ml\/","title":{"rendered":"S\u1eefa T\u1eafm Beauty Care Tr\u1eafng \u0110\u00e1 Tinh Ch\u1ea5t Hoa Anh \u0110\u00e0o V\u00e0 T\u1ed5 Y\u1ebfn 1200ml"},"content":{"rendered":"","protected":false},"excerpt":{"rendered":"","protected":false},"featured_media":33463,"comment_status":"open","ping_status":"closed","template":"","meta":[],"product_cat":[349],"product_tag":[],"_links":{"self":[{"href":"https:\/\/demo8.thuythu.com\/fdmart\/wp-json\/wp\/v2\/product\/33464"}],"collection":[{"href":"https:\/\/demo8.thuythu.com\/fdmart\/wp-json\/wp\/v2\/product"}],"about":[{"href":"https:\/\/demo8.thuythu.com\/fdmart\/wp-json\/wp\/v2\/types\/product"}],"replies":[{"embeddable":true,"href":"https:\/\/demo8.thuythu.com\/fdmart\/wp-json\/wp\/v2\/comments?post=33464"}],"wp:featuredmedia":[{"embeddable":true,"href":"https:\/\/demo8.thuythu.com\/fdmart\/wp-json\/wp\/v2\/media\/33463"}],"wp:attachment":[{"href":"https:\/\/demo8.thuythu.com\/fdmart\/wp-json\/wp\/v2\/media?parent=33464"}],"wp:term":[{"taxonomy":"product_cat","embeddable":true,"href":"https:\/\/demo8.thuythu.com\/fdmart\/wp-json\/wp\/v2\/product_cat?post=33464"},{"taxonomy":"product_tag","embeddable":true,"href":"https:\/\/demo8.thuythu.com\/fdmart\/wp-json\/wp\/v2\/product_tag?post=33464"}],"curies":[{"name":"wp","href":"https:\/\/api.w.org\/{rel}","templated":true}]}}