{"id":33483,"date":"2022-09-30T00:53:08","date_gmt":"2022-09-29T17:53:08","guid":{"rendered":"https:\/\/demo8.thuythu.com\/fdmart\/san-pham\/sua-tam-cao-cap-shena-tinh-chat-nhan-sam-va-mat-ong-1200ml\/"},"modified":"2022-09-30T00:53:08","modified_gmt":"2022-09-29T17:53:08","slug":"sua-tam-cao-cap-shena-tinh-chat-nhan-sam-va-mat-ong-1200ml","status":"publish","type":"product","link":"https:\/\/demo8.thuythu.com\/fdmart\/san-pham\/sua-tam-cao-cap-shena-tinh-chat-nhan-sam-va-mat-ong-1200ml\/","title":{"rendered":"S\u1eefa T\u1eafm Cao C\u1ea5p Shena Tinh Ch\u1ea5t Nh\u00e2n S\u00e2m v\u00e0 M\u1eadt Ong 1200ml"},"content":{"rendered":"","protected":false},"excerpt":{"rendered":"","protected":false},"featured_media":33482,"comment_status":"open","ping_status":"closed","template":"","meta":[],"product_cat":[349],"product_tag":[],"_links":{"self":[{"href":"https:\/\/demo8.thuythu.com\/fdmart\/wp-json\/wp\/v2\/product\/33483"}],"collection":[{"href":"https:\/\/demo8.thuythu.com\/fdmart\/wp-json\/wp\/v2\/product"}],"about":[{"href":"https:\/\/demo8.thuythu.com\/fdmart\/wp-json\/wp\/v2\/types\/product"}],"replies":[{"embeddable":true,"href":"https:\/\/demo8.thuythu.com\/fdmart\/wp-json\/wp\/v2\/comments?post=33483"}],"wp:featuredmedia":[{"embeddable":true,"href":"https:\/\/demo8.thuythu.com\/fdmart\/wp-json\/wp\/v2\/media\/33482"}],"wp:attachment":[{"href":"https:\/\/demo8.thuythu.com\/fdmart\/wp-json\/wp\/v2\/media?parent=33483"}],"wp:term":[{"taxonomy":"product_cat","embeddable":true,"href":"https:\/\/demo8.thuythu.com\/fdmart\/wp-json\/wp\/v2\/product_cat?post=33483"},{"taxonomy":"product_tag","embeddable":true,"href":"https:\/\/demo8.thuythu.com\/fdmart\/wp-json\/wp\/v2\/product_tag?post=33483"}],"curies":[{"name":"wp","href":"https:\/\/api.w.org\/{rel}","templated":true}]}}