{"id":34823,"date":"2022-09-30T01:14:17","date_gmt":"2022-09-29T18:14:17","guid":{"rendered":"https:\/\/demo8.thuythu.com\/fdmart\/san-pham\/xuc-xich-bo-tiet-trung-vissan-70g-goi-4-cay-280gr\/"},"modified":"2022-09-30T01:14:17","modified_gmt":"2022-09-29T18:14:17","slug":"xuc-xich-bo-tiet-trung-vissan-70g-goi-4-cay-280gr","status":"publish","type":"product","link":"https:\/\/demo8.thuythu.com\/fdmart\/san-pham\/xuc-xich-bo-tiet-trung-vissan-70g-goi-4-cay-280gr\/","title":{"rendered":"X\u00fac X\u00edch B\u00f2 Ti\u1ec7t Tr\u00f9ng Vissan 70g G\u00f3i 4 C\u00e2y 280gr"},"content":{"rendered":"","protected":false},"excerpt":{"rendered":"","protected":false},"featured_media":34822,"comment_status":"open","ping_status":"closed","template":"","meta":[],"product_cat":[425],"product_tag":[],"_links":{"self":[{"href":"https:\/\/demo8.thuythu.com\/fdmart\/wp-json\/wp\/v2\/product\/34823"}],"collection":[{"href":"https:\/\/demo8.thuythu.com\/fdmart\/wp-json\/wp\/v2\/product"}],"about":[{"href":"https:\/\/demo8.thuythu.com\/fdmart\/wp-json\/wp\/v2\/types\/product"}],"replies":[{"embeddable":true,"href":"https:\/\/demo8.thuythu.com\/fdmart\/wp-json\/wp\/v2\/comments?post=34823"}],"wp:featuredmedia":[{"embeddable":true,"href":"https:\/\/demo8.thuythu.com\/fdmart\/wp-json\/wp\/v2\/media\/34822"}],"wp:attachment":[{"href":"https:\/\/demo8.thuythu.com\/fdmart\/wp-json\/wp\/v2\/media?parent=34823"}],"wp:term":[{"taxonomy":"product_cat","embeddable":true,"href":"https:\/\/demo8.thuythu.com\/fdmart\/wp-json\/wp\/v2\/product_cat?post=34823"},{"taxonomy":"product_tag","embeddable":true,"href":"https:\/\/demo8.thuythu.com\/fdmart\/wp-json\/wp\/v2\/product_tag?post=34823"}],"curies":[{"name":"wp","href":"https:\/\/api.w.org\/{rel}","templated":true}]}}