{"id":34829,"date":"2022-09-30T01:14:25","date_gmt":"2022-09-29T18:14:25","guid":{"rendered":"https:\/\/demo8.thuythu.com\/fdmart\/san-pham\/xuc-xich-heo-tiet-trung-vissan-70g-goi-4-cay\/"},"modified":"2022-10-18T18:59:18","modified_gmt":"2022-10-18T11:59:18","slug":"xuc-xich-heo-tiet-trung-vissan-70g-goi-4-cay","status":"publish","type":"product","link":"https:\/\/demo8.thuythu.com\/fdmart\/san-pham\/xuc-xich-heo-tiet-trung-vissan-70g-goi-4-cay\/","title":{"rendered":"X\u00fac X\u00edch Heo Ti\u1ec7t Tr\u00f9ng Vissan 70g G\u00f3i 4 C\u00e2y"},"content":{"rendered":"","protected":false},"excerpt":{"rendered":"","protected":false},"featured_media":0,"comment_status":"open","ping_status":"closed","template":"","meta":[],"product_cat":[425],"product_tag":[],"_links":{"self":[{"href":"https:\/\/demo8.thuythu.com\/fdmart\/wp-json\/wp\/v2\/product\/34829"}],"collection":[{"href":"https:\/\/demo8.thuythu.com\/fdmart\/wp-json\/wp\/v2\/product"}],"about":[{"href":"https:\/\/demo8.thuythu.com\/fdmart\/wp-json\/wp\/v2\/types\/product"}],"replies":[{"embeddable":true,"href":"https:\/\/demo8.thuythu.com\/fdmart\/wp-json\/wp\/v2\/comments?post=34829"}],"wp:attachment":[{"href":"https:\/\/demo8.thuythu.com\/fdmart\/wp-json\/wp\/v2\/media?parent=34829"}],"wp:term":[{"taxonomy":"product_cat","embeddable":true,"href":"https:\/\/demo8.thuythu.com\/fdmart\/wp-json\/wp\/v2\/product_cat?post=34829"},{"taxonomy":"product_tag","embeddable":true,"href":"https:\/\/demo8.thuythu.com\/fdmart\/wp-json\/wp\/v2\/product_tag?post=34829"}],"curies":[{"name":"wp","href":"https:\/\/api.w.org\/{rel}","templated":true}]}}