{"id":35181,"date":"2022-10-13T18:48:05","date_gmt":"2022-10-13T11:48:05","guid":{"rendered":"https:\/\/demo8.thuythu.com\/fdmart\/san-pham\/tra-tui-loc-lipton-nhan-vang-2gx100-goi\/"},"modified":"2022-10-13T18:48:05","modified_gmt":"2022-10-13T11:48:05","slug":"tra-tui-loc-lipton-nhan-vang-2gx100-goi","status":"publish","type":"product","link":"https:\/\/demo8.thuythu.com\/fdmart\/san-pham\/tra-tui-loc-lipton-nhan-vang-2gx100-goi\/","title":{"rendered":"Tr\u00e0 T\u00fai L\u1ecdc Lipton Nh\u00e3n V\u00e0ng 2gx100 G\u00f3i"},"content":{"rendered":"","protected":false},"excerpt":{"rendered":"","protected":false},"featured_media":35180,"comment_status":"open","ping_status":"closed","template":"","meta":[],"product_cat":[412],"product_tag":[],"_links":{"self":[{"href":"https:\/\/demo8.thuythu.com\/fdmart\/wp-json\/wp\/v2\/product\/35181"}],"collection":[{"href":"https:\/\/demo8.thuythu.com\/fdmart\/wp-json\/wp\/v2\/product"}],"about":[{"href":"https:\/\/demo8.thuythu.com\/fdmart\/wp-json\/wp\/v2\/types\/product"}],"replies":[{"embeddable":true,"href":"https:\/\/demo8.thuythu.com\/fdmart\/wp-json\/wp\/v2\/comments?post=35181"}],"wp:featuredmedia":[{"embeddable":true,"href":"https:\/\/demo8.thuythu.com\/fdmart\/wp-json\/wp\/v2\/media\/35180"}],"wp:attachment":[{"href":"https:\/\/demo8.thuythu.com\/fdmart\/wp-json\/wp\/v2\/media?parent=35181"}],"wp:term":[{"taxonomy":"product_cat","embeddable":true,"href":"https:\/\/demo8.thuythu.com\/fdmart\/wp-json\/wp\/v2\/product_cat?post=35181"},{"taxonomy":"product_tag","embeddable":true,"href":"https:\/\/demo8.thuythu.com\/fdmart\/wp-json\/wp\/v2\/product_tag?post=35181"}],"curies":[{"name":"wp","href":"https:\/\/api.w.org\/{rel}","templated":true}]}}