{"id":13,"date":"2020-12-16T11:54:06","date_gmt":"2020-12-16T04:54:06","guid":{"rendered":"https:\/\/demo8.thuythu.com\/focaleducenter-32\/member-password-lost\/"},"modified":"2020-12-25T09:51:20","modified_gmt":"2020-12-25T02:51:20","slug":"quen-mat-khau","status":"publish","type":"page","link":"https:\/\/demo8.thuythu.com\/focaleducenter-32\/quen-mat-khau\/","title":{"rendered":"Qu\u00ean M\u1eadt Kh\u1ea9u?"},"content":{"rendered":"<div id=\"password-lost-form\" class=\"ova-login-form-container\">\n\n\t<h3 class=\"title\">Qu\u00ean M\u1eadt Kh\u1ea9u?<\/h3>\n\t<p>\n\t\tNh\u1eadp \u0111\u1ecba ch\u1ec9 email c\u1ee7a b\u1ea1n v\u00e0 ch\u00fang t\u00f4i s\u1ebd g\u1eedi cho b\u1ea1n m\u1ed9t li\u00ean k\u1ebft m\u00e0 b\u1ea1n c\u00f3 th\u1ec3 s\u1eed d\u1ee5ng \u0111\u1ec3 ch\u1ecdn m\u1ed9t m\u1eadt kh\u1ea9u m\u1edbi.\t<\/p>\n\n\t\n\t\n\t<form id=\"lostpasswordform\" action=\"https:\/\/demo8.thuythu.com\/focaleducenter-32\/wp-login.php?action=lostpassword\" method=\"post\">\n\n\t\t<p class=\"login-username\">\n\t\t\t<label for=\"user_pass\">Email<\/label>\n\t\t\t<input type=\"text\" name=\"user_login\" id=\"user_pass\">\n\t\t<\/p>\n\n\t\t<p class=\"resetpass-submit login-submit\">\n\t\t\t<input type=\"submit\" name=\"submit\" class=\"button button-primary lostpassword-button\" id=\"wp-submit\"\n\t\t\tvalue=\"\u0110\u1eb7t L\u1ea1i M\u1eadt Kh\u1ea9u\"\/>\n\t\t<\/p>\n\n\t<\/form>\n<\/div>\n","protected":false},"excerpt":{"rendered":"","protected":false},"author":2,"featured_media":0,"parent":0,"menu_order":0,"comment_status":"closed","ping_status":"closed","template":"","meta":[],"_links":{"self":[{"href":"https:\/\/demo8.thuythu.com\/focaleducenter-32\/wp-json\/wp\/v2\/pages\/13"}],"collection":[{"href":"https:\/\/demo8.thuythu.com\/focaleducenter-32\/wp-json\/wp\/v2\/pages"}],"about":[{"href":"https:\/\/demo8.thuythu.com\/focaleducenter-32\/wp-json\/wp\/v2\/types\/page"}],"author":[{"embeddable":true,"href":"https:\/\/demo8.thuythu.com\/focaleducenter-32\/wp-json\/wp\/v2\/users\/2"}],"replies":[{"embeddable":true,"href":"https:\/\/demo8.thuythu.com\/focaleducenter-32\/wp-json\/wp\/v2\/comments?post=13"}],"version-history":[{"count":1,"href":"https:\/\/demo8.thuythu.com\/focaleducenter-32\/wp-json\/wp\/v2\/pages\/13\/revisions"}],"predecessor-version":[{"id":3712,"href":"https:\/\/demo8.thuythu.com\/focaleducenter-32\/wp-json\/wp\/v2\/pages\/13\/revisions\/3712"}],"wp:attachment":[{"href":"https:\/\/demo8.thuythu.com\/focaleducenter-32\/wp-json\/wp\/v2\/media?parent=13"}],"curies":[{"name":"wp","href":"https:\/\/api.w.org\/{rel}","templated":true}]}}