{"id":334,"date":"2019-07-02T09:38:45","date_gmt":"2019-07-02T02:38:45","guid":{"rendered":"https:\/\/ovatheme.com\/meup\/member-register\/"},"modified":"2020-12-25T09:55:18","modified_gmt":"2020-12-25T02:55:18","slug":"dang-ky","status":"publish","type":"page","link":"https:\/\/demo8.thuythu.com\/focaleducenter-32\/dang-ky\/","title":{"rendered":"\u0110\u0103ng K\u00fd"},"content":{"rendered":"\t\t<div data-elementor-type=\"wp-post\" data-elementor-id=\"334\" class=\"elementor elementor-334\" data-elementor-settings=\"[]\">\n\t\t\t\t\t\t<div class=\"elementor-inner\">\n\t\t\t\t\t\t\t<div class=\"elementor-section-wrap\">\n\t\t\t\t\t\t\t<section class=\"elementor-section elementor-top-section elementor-element elementor-element-20adf605 elementor-section-boxed elementor-section-height-default elementor-section-height-default\" data-id=\"20adf605\" data-element_type=\"section\">\n\t\t\t\t\t\t<div class=\"elementor-container elementor-column-gap-default\">\n\t\t\t\t\t\t\t<div class=\"elementor-row\">\n\t\t\t\t\t<div class=\"elementor-column elementor-col-100 elementor-top-column elementor-element elementor-element-7059da6c\" data-id=\"7059da6c\" data-element_type=\"column\">\n\t\t\t<div class=\"elementor-column-wrap elementor-element-populated\">\n\t\t\t\t\t\t\t<div class=\"elementor-widget-wrap\">\n\t\t\t\t\t\t<div class=\"elementor-element elementor-element-21261d25 elementor-widget elementor-widget-shortcode\" data-id=\"21261d25\" data-element_type=\"widget\" data-widget_type=\"shortcode.default\">\n\t\t\t\t<div class=\"elementor-widget-container\">\n\t\t\t\t\t<div class=\"elementor-shortcode\">\n\n\n\n<div id=\"register-form\" class=\"widecolumn ova_register_user\">\n\n\t<h3 class=\"title\">\u0110\u0103ng K\u00fd Ng\u01b0\u1eddi D\u00f9ng<\/h3>\n\t\n\t<form id=\"signupform\" action=\"https:\/\/demo8.thuythu.com\/focaleducenter-32\/wp-login.php?action=register\" method=\"post\">\n\n\t\t<p class=\"form-row ova-email-icon\">\n\t\t\t<input placeholder=\"Email *\" type=\"text\" name=\"email\" id=\"email\" class=\"required\" data-msg=\"H\u00e3y nh\u1eadp email\">\n\t\t<\/p>\n\n\t\t\t\t<p class=\"form-row ova-email-icon\">\n\t\t\t<input placeholder=\"X\u00e1c Nh\u1eadn Email *\" type=\"text\" name=\"email_confirm\" id=\"email_confirm\" class=\"required\"\n\t\t\tdata-msg=\"H\u00e3y nh\u1eadp email x\u00e1c nh\u1eadn\"\t\n\t\t\t>\n\t\t<\/p>\n\t\t\n\t\t<p class=\"form-row ova-user-icon\">\n\t\t\t<input placeholder=\"T\u00ean Ng\u01b0\u1eddi D\u00f9ng *\" type=\"text\" name=\"username\" id=\"username\" class=\"required\"\n\t\t\tdata-msg=\"H\u00e3y nh\u1eadp T\u00ean Ng\u01b0\u1eddi D\u00f9ng\"\t\n\t\t\t>\n\t\t<\/p>\n\t\t\n\t\t<p class=\"form-row ova-user-icon\">\n\t\t\t<input placeholder=\"T\u00ean\" type=\"text\" name=\"first_name\" id=\"first-name\" class=\"required\"\n\t\t\tdata-msg=\"H\u00e3y nh\u1eadp T\u00ean\"\n\t\t\t>\n\t\t<\/p>\n\t\t\n\t\t<p class=\"form-row ova-user-icon\">\n\t\t\t<input placeholder=\"H\u1ecd\" type=\"text\" name=\"last_name\" id=\"last-name\" class=\"required\"\n\t\t\tdata-msg=\"H\u00e3y nh\u1eadp H\u1ecd\"\n\t\t\t>\n\t\t<\/p>\n\t\t\n\t\t\n\t\t\t\t\t<p class=\"form-row ova-phone-icon\">\n\t\t\t\t<input \n\t\t\t\t\tplaceholder=\"\u0110i\u1ec7n tho\u1ea1i\" \n\t\t\t\t\ttype=\"text\" name=\"user_phone\" \n\t\t\t\t\tid=\"user_phone\" \n\t\t\t\t\tclass=\"\"\n\t\t\t\t\tdata-msg=\"H\u00e3y nh\u1eadp S\u1ed1 \u0110i\u1ec7n Tho\u1ea1i\"\n\t\t\t\t>\n\t\t\t<\/p>\n\t\t\n\t\t\t\t\t<p class=\"form-row ova-job-icon\">\n\t\t\t\t<input \n\t\t\t\t\tplaceholder=\"C\u00f4ng vi\u1ec7c\" \n\t\t\t\t\ttype=\"text\" name=\"user_job\" \n\t\t\t\t\tid=\"user_job\" \n\t\t\t\t\tclass=\"\"\n\t\t\t\t\tdata-msg=\"H\u00e3y nh\u1eadp C\u00f4ng Vi\u1ec7c\"\n\t\t\t\t>\n\t\t\t<\/p>\n\t\t\n\t\t\t\t\t<p class=\"form-row ova-address-icon\">\n\t\t\t\t<input \n\t\t\t\t\tplaceholder=\"\u0110\u1ecba ch\u1ec9\" \n\t\t\t\t\ttype=\"text\" name=\"user_address\" \n\t\t\t\t\tid=\"user_address\" \n\t\t\t\t\tclass=\"\"\n\t\t\t\t\tdata-msg=\"H\u00e3y nh\u1eadp \u0110\u1ecba Ch\u1ec9\"\n\t\t\t\t>\n\t\t\t<\/p>\n\t\t\n\t\t\t\t\t<p class=\"form-row ova-desc-icon\">\n\t\t\t\t<textarea name=\"user_description\" id=\"user_description\" \n\t\t\t\t\tclass=\"\"\n\t\t\t\t\tdata-msg=\"H\u00e3y nh\u1eadp M\u00f4 T\u1ea3\" \n\t\t\t\t\tplaceholder=\"M\u00f4 t\u1ea3\" \n\t\t\t\t\t><\/textarea>\n\t\t\t\t\n\t\t\t<\/p>\n\t\t\n\t\t<p class=\"form-row\">\n\n\t\t\t\t\t\t\n\t\t\t\t\t\t\t<span class=\"raido_input\">\n\t\t\t\t\t<input type=\"radio\" name=\"type_user\" value=\"vendor\" id=\"vendor\" >\n\t\t\t\t\t<label for=\"vendor\">Vendor<\/label>\n\t\t\t\t<\/span>\n\t\t\t\n\t\t\t\n\n\t\t\t\t<span class=\"raido_input\">\n\t\t\t\t\t<input type=\"radio\" name=\"type_user\" value=\"user\" checked id=\"user\">\n\t\t\t\t\t<label for=\"user\">Ng\u01b0\u1eddi D\u00f9ng<\/label>\n\t\t\t\t<\/span>\n\t\t\t\n\t\t<\/p>\n\t\t\n\t\t\t\t\t<p class=\"form-row el-register-dcma\">\n\t\t\t\t\n\t\t\t\t<input type=\"checkbox\" name=\"el_dcma\" value=\"dcma\" class=\"register_term  required \" \n\t\t\t\tdata-msg=\"Xin h\u00e3y ki\u1ec3m tra c\u00e1c \u0111i\u1ec1u kho\u1ea3n v\u00e0 \u0111i\u1ec1u ki\u1ec7n\"\n\t\t\t\t\/>\n\n\t\t\t\t<span class=\"terms-and-conditions-checkbox-text\">\n\n\t\t\t\t\tT\u00f4i \u0111\u00e3 \u0111\u1ecdc v\u00e0 \u0111\u1ed3ng \u00fd v\u1edbi website\n\t\t\t\t\t\t\t\t\t\t\n\t\t\t\t<\/span>\n\t\t\t<\/p>\n\t\t\n\t\t<p class=\"signup-submit\">\n\t\t\t<input type=\"submit\" name=\"submit\" class=\"ova-btn ova-btn-main-color\"\n\t\t\tvalue=\"\u0110\u0103ng K\u00fd\"\/>\n\t\t<\/p>\n\n\t<\/form>\n<\/div><\/div>\n\t\t\t\t<\/div>\n\t\t\t\t<\/div>\n\t\t\t\t\t\t<\/div>\n\t\t\t\t\t<\/div>\n\t\t<\/div>\n\t\t\t\t\t\t\t\t<\/div>\n\t\t\t\t\t<\/div>\n\t\t<\/section>\n\t\t\t\t\t\t<\/div>\n\t\t\t\t\t\t<\/div>\n\t\t\t\t\t<\/div>\n\t\t","protected":false},"excerpt":{"rendered":"","protected":false},"author":2,"featured_media":0,"parent":0,"menu_order":0,"comment_status":"closed","ping_status":"closed","template":"elementor_header_footer","meta":[],"_links":{"self":[{"href":"https:\/\/demo8.thuythu.com\/focaleducenter-32\/wp-json\/wp\/v2\/pages\/334"}],"collection":[{"href":"https:\/\/demo8.thuythu.com\/focaleducenter-32\/wp-json\/wp\/v2\/pages"}],"about":[{"href":"https:\/\/demo8.thuythu.com\/focaleducenter-32\/wp-json\/wp\/v2\/types\/page"}],"author":[{"embeddable":true,"href":"https:\/\/demo8.thuythu.com\/focaleducenter-32\/wp-json\/wp\/v2\/users\/2"}],"replies":[{"embeddable":true,"href":"https:\/\/demo8.thuythu.com\/focaleducenter-32\/wp-json\/wp\/v2\/comments?post=334"}],"version-history":[{"count":1,"href":"https:\/\/demo8.thuythu.com\/focaleducenter-32\/wp-json\/wp\/v2\/pages\/334\/revisions"}],"predecessor-version":[{"id":3715,"href":"https:\/\/demo8.thuythu.com\/focaleducenter-32\/wp-json\/wp\/v2\/pages\/334\/revisions\/3715"}],"wp:attachment":[{"href":"https:\/\/demo8.thuythu.com\/focaleducenter-32\/wp-json\/wp\/v2\/media?parent=334"}],"curies":[{"name":"wp","href":"https:\/\/api.w.org\/{rel}","templated":true}]}}