{"id":219,"date":"2023-05-19T07:46:37","date_gmt":"2023-05-19T07:46:37","guid":{"rendered":"https:\/\/demo8.thuythu.com\/freshity\/?page_id=219"},"modified":"2023-12-22T10:59:55","modified_gmt":"2023-12-22T03:59:55","slug":"ve-freshity","status":"publish","type":"page","link":"https:\/\/demo8.thuythu.com\/freshity\/ve-freshity\/","title":{"rendered":"V\u1ec0 COMPANY"},"content":{"rendered":"<p><b>TRI\u1ebeT L\u00dd TH\u01af\u01a0NG HI\u1ec6U<\/b><\/p>\n<p>&nbsp;<\/p>\n<p><b>Ch\u00fang t\u00f4i tin t\u01b0\u1edfng tuy\u1ec7t \u0111\u1ed1i v\u00e0o s\u1ef1 c\u00e2n b\u1eb1ng, h\u00f2a h\u1ee3p \u0111\u1ebfn tuy\u1ec7t v\u1eddi c\u1ee7a khoa h\u1ecdc ti\u00ean ti\u1ebfn v\u00e0 t\u1ef1 nhi\u00ean di\u1ec7u k\u1ef3.<\/b><\/p>\n<p>&nbsp;<\/p>\n<p><span style=\"font-weight: 400;\">T\u1eeb nh\u1eefng h\u1ea1t gi\u1ed1ng nguy\u00ean b\u1ea3n \u0111\u01a1n s\u01a1 ban \u0111\u1ea7u \u0111\u01b0\u1ee3c tr\u1ea3i qua qu\u00e1 tr\u00ecnh nghi\u00ean c\u1ee9u th\u1eed nghi\u1ec7m b\u1ec1n b\u1ec9 chuy\u00ean s\u00e2u, trong nh\u1eefng n\u0103m qua ch\u00fang t\u00f4i lu\u00f4n nghi\u00eam t\u00fac l\u00e0m vi\u1ec7c \u0111\u1ec3 t\u00ecm ki\u1ebfm gi\u1ea3i ph\u00e1p \u0111\u1ec3 t\u1ea1o n\u00ean thay \u0111\u1ed5i ti\u1ebfn b\u1ed9 h\u01a1n tr\u00ean nh\u1eefng s\u1ea3n ph\u1ea9m \u0111\u1ec3 lu\u00f4n t\u1ed1i \u01b0u hi\u1ec7u qu\u1ea3, n\u00e2ng cao tr\u1ea3i nghi\u1ec7m kh\u00e1ch h\u00e0ng.<\/span><\/p>\n<p>&nbsp;<\/p>\n<p><span style=\"font-weight: 400;\">Ch\u00fang t\u00f4i x\u00e1c \u0111\u1ecbnh r\u00f5 r\u00e0ng t\u1ea7m nh\u00ecn ph\u00e1t tri\u1ec3n c\u1ee7a th\u01b0\u01a1ng hi\u1ec7u l\u00e0 tr\u1edf th\u00e0nh th\u01b0\u01a1ng hi\u1ec7u h\u00e0ng \u0111\u1ea7u t\u1ea1i \u0110\u00f4ng Nam \u00c1 trong l\u0129nh v\u1ef1c ch\u0103m s\u00f3c da c\u01a1 th\u1ec3 chuy\u00ean s\u00e2u. Thay \u0111\u1ed5i kh\u00e1i ni\u1ec7m d\u01b0\u1ee1ng da c\u01a1 th\u1ec3 \u201cv\u00f4 th\u01b0\u1edfng v\u00f4 ph\u1ea1t\u201d \u0111\u1ed1i v\u1edbi \u0111\u1ea1i \u0111a s\u1ed1 ng\u01b0\u1eddi ti\u00eau d\u00f9ng t\u1ea1i khu v\u1ef1c. Mang \u0111\u1ebfn nh\u1eefng s\u1ea3n ph\u1ea9m can thi\u1ec7p tr\u1ef1c ti\u1ebfp v\u00e0o c\u1ed1t l\u00f5i nguy\u00ean nh\u00e2n g\u00e2y ra c\u00e1c v\u1ea5n \u0111\u1ec1 cho l\u00e0n da, hi\u1ec7u qu\u1ea3 r\u00f5 r\u1ec7t v\u00e0 b\u1ec1n v\u1eefng l\u00e0 \u0111i\u1ec1u m\u00e0 ch\u00fang t\u00f4i lu\u00f4n c\u1ed1 g\u1eafng m\u1ed7i ng\u00e0y \u0111\u1ec3 trong m\u1ed9t t\u01b0\u01a1ng lai g\u1ea7n khi ngh\u0129 \u0111\u1ebfn vi\u1ec7c d\u01b0\u1ee1ng da c\u01a1 th\u1ec3 hi\u1ec7u qu\u1ea3, \u0111\u1ea1i \u0111a s\u1ed1 ng\u01b0\u1eddi ti\u00eau d\u00f9ng trong khu v\u1ef1c \u0111\u1ec1u ngh\u0129 \u0111\u1ebfn Company.<\/span><\/p>\n<p>&nbsp;<\/p>\n<p><span style=\"font-weight: 400;\">B\u00ean c\u1ea1nh \u0111\u00f3 ch\u00fang t\u00f4i kh\u00f4ng ng\u1eebng tham gia v\u00e0o c\u00e1c chi\u1ebfn d\u1ecbch h\u1ecdc h\u1ecfi trao \u0111\u1ed5i c\u00f4ng ngh\u1ec7 trong v\u00e0 ngo\u00e0i n\u01b0\u1edbc v\u1edbi m\u1ee5c ti\u00eau t\u00ecm ra nh\u1eefng gi\u1ea3i ph\u00e1p ho\u00e0n m\u1ef9 cho b\u00e0i to\u00e1n s\u1ea3n xu\u1ea5t v\u1edbi tinh th\u1ea7n \u201cBi\u1ebft ng\u01b0\u1eddi bi\u1ebft ta\u201d, th\u00fac \u0111\u1ea9y c\u00e1c ph\u01b0\u01a1ng th\u1ee9c chuy\u1ec3n giao c\u00f4ng ngh\u1ec7 hi\u1ec7n \u0111\u1ea1i nh\u1eb1m mang \u0111\u1ebfn cho ng\u01b0\u1eddi d\u00f9ng kh\u00f4ng ch\u1ec9 l\u00e0 nh\u1eefng s\u1ea3n l\u00e0m \u0111\u01a1n thu\u1ea7n m\u00e0 l\u00e0 nh\u1eefng d\u00f2ng s\u1ea3n ph\u1ea9m treatment chuy\u00ean s\u00e2u cho l\u00e0n da c\u01a1 th\u1ec3.<\/span><\/p>\n<p>&nbsp;<\/p>\n<p><b>GI\u00c1 TR\u1eca C\u1ed0T L\u00d5I<\/b><\/p>\n<p><span style=\"font-weight: 400;\">Ch\u00fang t\u00f4i tin r\u1eb1ng gi\u00e1 tr\u1ecb b\u1ec1n v\u1eefng l\u00e0 gi\u00e1 tr\u1ecb \u0111\u01b0\u1ee3c s\u1ebb chia &amp; h\u01b0\u1edbng \u0111\u1ebfn con ng\u01b0\u1eddi. V\u00ec lu\u00f4n theo \u0111u\u1ed5i gi\u00e1 tr\u1ecb b\u1ec1n v\u1eefng n\u00ean ch\u00fang t\u00f4i lu\u00f4n \u0111\u1eb7t gi\u00e1 tr\u1ecb n\u00e0y nh\u01b0 kim ch\u1ec9 nam xuy\u00ean su\u1ed1t h\u00e0nh tr\u00ecnh x\u00e2y d\u1ef1ng v\u00e0 ph\u00e1t tri\u1ec3n th\u01b0\u01a1ng hi\u1ec7u. B\u00ean c\u1ea1nh vi\u1ec7c ho\u00e0n thi\u1ec7n gi\u00e1 tr\u1ecb nh\u00e2n s\u1ef1 c\u1ed1t l\u00f5i trong n\u1ed9i b\u1ed9 doanh nghi\u1ec7p b\u1eb1ng c\u00e1c ch\u00ednh s\u00e1ch th\u01b0\u1edfng \u0111\u1ecbnh m\u1ee9c, t\u00e0i tr\u1ee3 c\u00e1c kh\u00f3a h\u1ecdc n\u00e2ng cao chuy\u00ean m\u00f4n, Company t\u1ef1 h\u00e0o khi x\u00e2y d\u1ef1ng \u0111\u01b0\u1ee3c v\u0103n h\u00f3a tr\u00edch 10% l\u1ee3i nhu\u1eadn m\u1ed7i th\u00e1ng cho c\u00e1c ho\u1ea1t \u0111\u1ed9ng c\u1ed9ng \u0111\u1ed3ng xuy\u00ean su\u1ed1t th\u1eddi t\u1ed3n t\u1ea1i v\u00e0 ph\u00e1t tri\u1ec3n.<\/span><\/p>\n<p>&nbsp;<\/p>\n<p><b>\u0110\u1ecaNH H\u01af\u1edaNG PH\u00c1T TRI\u1ec2N<\/b><\/p>\n<p>&nbsp;<\/p>\n<p><span style=\"font-weight: 400;\">Kh\u00f4ng \u0111a ng\u00e0nh v\u00e0 kh\u00f4ng ch\u1ea1y theo xu h\u01b0\u1edbng m\u1edf r\u1ed9ng c\u00e1c ph\u00e2n kh\u00fac s\u1ea3n ph\u1ea9m \u0111\u1ec3 t\u1ed1i \u01b0u h\u00f3a doanh s\u1ed1, vi\u1ec7c chuy\u00ean m\u00f4n h\u00f3a v\u00e0 thu h\u1eb9p nhu c\u1ea7u th\u1ecb tr\u01b0\u1eddng tuy c\u00f3 th\u1ec3 \u1ea3nh h\u01b0\u1edfng \u0111\u1ebfn t\u1ed1c \u0111\u1ed9 ph\u00e1t tri\u1ec3n c\u1ee7a doanh nghi\u1ec7p trong th\u1eddi gian \u0111\u1ea7u nh\u01b0ng ch\u00fang t\u00f4i tin r\u1eb1ng \u0111i\u1ec1u n\u00e0y s\u1ebd tr\u1edf th\u00e0nh l\u1ee3i th\u1ebf \u201c\u0111\u1ecbnh danh\u201d cho th\u01b0\u01a1ng hi\u1ec7u sau khi c\u00f3 \u0111\u01b0\u1ee3c v\u1ecb tr\u00ed cho ri\u00eang m\u00ecnh tr\u00ean th\u1ecb tr\u01b0\u1eddng.<\/span><\/p>\n<p>&nbsp;<\/p>\n<p><span style=\"font-weight: 400;\">KH\u00d4NG \u0110A NG\u00c0NH, CH\u1ec8 T\u1eacP TRUNG PH\u00c1T TRI\u1ec2N C\u00c1C S\u1ea2N PH\u1ea8M C\u00d3 T\u00c1C D\u1ee4NG D\u01af\u1ee0NG TR\u1eaeNG DA C\u01a0 TH\u1ec2. CH\u00daNG T\u00d4I \u0110\u1ecaNH H\u01af\u1edaNG PH\u00c1T TRI\u1ec2N TH\u00c0NH TH\u01af\u01a0NG HI\u1ec6U D\u01af\u1ee0NG TR\u1eaeNG DA C\u01a0 TH\u1ec2 B\u00c1N CH\u1ea0Y NH\u1ea4T T\u1ea0I \u0110\u00d4NG NAM \u00c1.<\/span><\/p>\n<p>&nbsp;<\/p>\n<p><b>L\u00dd DO L\u1ef0A CH\u1eccN COMPANY<\/b><\/p>\n<p>&nbsp;<\/p>\n<ul>\n<li style=\"font-weight: 400;\" aria-level=\"1\"><span style=\"font-weight: 400;\">L\u00e0 d\u00f2ng s\u1ea3n ph\u1ea9m cho c\u01a1 th\u1ec3 duy nh\u1ea5t c\u00f3 k\u00edch th\u01b0\u1edbc ph\u00e2n t\u1eed \u0111\u1ee7 nh\u1ecf \u0111\u1ec3 \u0111\u01b0a d\u01b0\u1ee1ng ch\u1ea5t v\u00e0o \u0111\u1ebfn t\u1ea7ng trung b\u00ec c\u1ee7a da nh\u1edd \u0111\u00f3 mang \u0111\u1ebfn hi\u1ec7u qu\u1ea3 v\u01b0\u1ee3t tr\u1ed9i.<\/span><\/li>\n<li style=\"font-weight: 400;\" aria-level=\"1\"><span style=\"font-weight: 400;\">Kh\u00f4ng khi\u1ebfn da nh\u1ea1y c\u1ea3m h\u01a1n d\u01b0\u1edbi n\u1eafng nh\u1edd th\u00e0nh ph\u1ea7n h\u1ed7 tr\u1ee3 b\u1ea3o v\u1ec7 da kh\u1ecfi c\u00e1c t\u00e1c nh\u00e2n b\u00ean ngo\u00e0i.<\/span><\/li>\n<li style=\"font-weight: 400;\" aria-level=\"1\"><span style=\"font-weight: 400;\">5 kh\u00f4ng: kh\u00f4ng c\u1ed3n, kh\u00f4ng parapen, kh\u00f4ng sunfat, kh\u00f4ng h\u01b0\u01a1ng li\u1ec7u t\u1ed5ng h\u1ee3p, kh\u00f4ng d\u1ea7u kho\u00e1ng<\/span><\/li>\n<\/ul>\n<p>&nbsp;<\/p>\n<p><b>CAM K\u1ebeT T\u1eea COMPANY<\/b><\/p>\n<p>&nbsp;<\/p>\n<ul>\n<li style=\"font-weight: 400;\" aria-level=\"1\"><span style=\"font-weight: 400;\">100% kh\u00f4ng th\u1eed nghi\u1ec7m tr\u00ean \u0111\u1ed9ng v\u1eadt<\/span><\/li>\n<li style=\"font-weight: 400;\" aria-level=\"1\"><span style=\"font-weight: 400;\">100% m\u00f9i h\u01b0\u01a1ng trong s\u1ea3n ph\u1ea9m l\u00e0 tinh d\u1ea7u th\u1ef1c v\u1eadt n\u00f3i kh\u00f4ng v\u1edbi h\u01b0\u01a1ng li\u1ec7u h\u00f3a t\u1ed5ng h\u1ee3p<\/span><\/li>\n<li style=\"font-weight: 400;\" aria-level=\"1\"><span style=\"font-weight: 400;\">\u0110\u1ed9 tinh khi\u1ebft c\u1ee7a th\u00e0nh ph\u1ea7n active l\u00ean \u0111\u1ebfn 98% (\u0111\u1ea1t ti\u00eau chu\u1ea9n \u1ee9ng d\u1ee5ng d\u01b0\u1ee3c m\u1ef9 ph\u1ea9m)<\/span><\/li>\n<\/ul>\n","protected":false},"excerpt":{"rendered":"<p>TRI\u1ebeT L\u00dd TH\u01af\u01a0NG HI\u1ec6U &nbsp; Ch\u00fang t\u00f4i tin t\u01b0\u1edfng tuy\u1ec7t \u0111\u1ed1i v\u00e0o s\u1ef1 c\u00e2n b\u1eb1ng, h\u00f2a h\u1ee3p \u0111\u1ebfn tuy\u1ec7t v\u1eddi c\u1ee7a khoa h\u1ecdc ti\u00ean ti\u1ebfn v\u00e0 t\u1ef1 nhi\u00ean di\u1ec7u k\u1ef3. &nbsp; T\u1eeb nh\u1eefng h\u1ea1t gi\u1ed1ng nguy\u00ean b\u1ea3n \u0111\u01a1n s\u01a1 ban \u0111\u1ea7u \u0111\u01b0\u1ee3c tr\u1ea3i qua qu\u00e1 tr\u00ecnh nghi\u00ean c\u1ee9u th\u1eed nghi\u1ec7m b\u1ec1n b\u1ec9 chuy\u00ean s\u00e2u, trong &#8230; <a title=\"V\u1ec0 COMPANY\" class=\"read-more\" href=\"https:\/\/demo8.thuythu.com\/freshity\/ve-freshity\/\" aria-label=\"More on V\u1ec0 COMPANY\">Read more<\/a><\/p>\n","protected":false},"author":1,"featured_media":824,"parent":0,"menu_order":0,"comment_status":"closed","ping_status":"closed","template":"","meta":{"inline_featured_image":false},"acf":[],"lang":"vi","translations":{"vi":219,"en":683},"pll_sync_post":[],"_links":{"self":[{"href":"https:\/\/demo8.thuythu.com\/freshity\/wp-json\/wp\/v2\/pages\/219"}],"collection":[{"href":"https:\/\/demo8.thuythu.com\/freshity\/wp-json\/wp\/v2\/pages"}],"about":[{"href":"https:\/\/demo8.thuythu.com\/freshity\/wp-json\/wp\/v2\/types\/page"}],"author":[{"embeddable":true,"href":"https:\/\/demo8.thuythu.com\/freshity\/wp-json\/wp\/v2\/users\/1"}],"replies":[{"embeddable":true,"href":"https:\/\/demo8.thuythu.com\/freshity\/wp-json\/wp\/v2\/comments?post=219"}],"version-history":[{"count":7,"href":"https:\/\/demo8.thuythu.com\/freshity\/wp-json\/wp\/v2\/pages\/219\/revisions"}],"predecessor-version":[{"id":877,"href":"https:\/\/demo8.thuythu.com\/freshity\/wp-json\/wp\/v2\/pages\/219\/revisions\/877"}],"wp:featuredmedia":[{"embeddable":true,"href":"https:\/\/demo8.thuythu.com\/freshity\/wp-json\/wp\/v2\/media\/824"}],"wp:attachment":[{"href":"https:\/\/demo8.thuythu.com\/freshity\/wp-json\/wp\/v2\/media?parent=219"}],"curies":[{"name":"wp","href":"https:\/\/api.w.org\/{rel}","templated":true}]}}