{"id":849,"date":"2023-12-22T10:18:53","date_gmt":"2023-12-22T03:18:53","guid":{"rendered":"https:\/\/demo8.thuythu.com\/freshity\/?post_type=product&#038;p=849"},"modified":"2023-12-22T17:18:30","modified_gmt":"2023-12-22T10:18:30","slug":"tui-refill-sua-duong-u-trang-chiet-xuat-tu-dua-600gr","status":"publish","type":"product","link":"https:\/\/demo8.thuythu.com\/freshity\/san-pham\/tui-refill-sua-duong-u-trang-chiet-xuat-tu-dua-600gr\/","title":{"rendered":"T\u00fai Refill s\u1eefa d\u01b0\u1ee1ng \u1ee7 tr\u1eafng chi\u1ebft xu\u1ea5t t\u1eeb D\u1ee9a 600gr"},"content":{"rendered":"","protected":false},"excerpt":{"rendered":"<p>Kem T\u1ea9y Da Ch\u1ebft Gi\u1ea3m M\u1ee5n C\u01a1 Th\u1ec3 T\u1eeb C\u1ee7 Ngh\u1ec7 200g<br \/>\nL\u00e0m s\u1ea1ch da, gi\u00fap da m\u1ec1m m\u1ecbn, th\u00f4ng tho\u00e1ng l\u1ed7 ch\u00e2n l\u00f4ng v\u00e0 h\u1ed7 tr\u1ee3 ng\u1eeba m\u1ee5n<\/p>\n","protected":false},"featured_media":850,"comment_status":"open","ping_status":"closed","template":"","meta":{"inline_featured_image":false},"product_cat":[40,15,33,34,36,41],"product_tag":[],"lang":"vi","translations":{"vi":849,"en":893},"pll_sync_post":[],"_links":{"self":[{"href":"https:\/\/demo8.thuythu.com\/freshity\/wp-json\/wp\/v3\/product\/849"}],"collection":[{"href":"https:\/\/demo8.thuythu.com\/freshity\/wp-json\/wp\/v3\/product"}],"about":[{"href":"https:\/\/demo8.thuythu.com\/freshity\/wp-json\/wp\/v2\/types\/product"}],"replies":[{"embeddable":true,"href":"https:\/\/demo8.thuythu.com\/freshity\/wp-json\/wp\/v2\/comments?post=849"}],"wp:featuredmedia":[{"embeddable":true,"href":"https:\/\/demo8.thuythu.com\/freshity\/wp-json\/wp\/v2\/media\/850"}],"wp:attachment":[{"href":"https:\/\/demo8.thuythu.com\/freshity\/wp-json\/wp\/v2\/media?parent=849"}],"wp:term":[{"taxonomy":"product_cat","embeddable":true,"href":"https:\/\/demo8.thuythu.com\/freshity\/wp-json\/wp\/v2\/product_cat?post=849"},{"taxonomy":"product_tag","embeddable":true,"href":"https:\/\/demo8.thuythu.com\/freshity\/wp-json\/wp\/v2\/product_tag?post=849"}],"curies":[{"name":"wp","href":"https:\/\/api.w.org\/{rel}","templated":true}]}}