{"id":3753,"date":"2017-08-02T07:05:41","date_gmt":"2017-08-02T07:05:41","guid":{"rendered":"https:\/\/demo8.thuythu.com\/hoangkim\/?page_id=3753"},"modified":"2024-01-25T09:40:21","modified_gmt":"2024-01-25T02:40:21","slug":"lien-he","status":"publish","type":"page","link":"https:\/\/demo8.thuythu.com\/hoangkim\/lien-he\/","title":{"rendered":"Li\u00ean h\u1ec7"},"content":{"rendered":"<p>[vc_row el_id=&#8221;bg_ct_sec_1&#8243;][vc_column][gsf_space desktop=&#8221;90&#8243; tablet=&#8221;70&#8243; tablet_portrait=&#8221;60&#8243; mobile_landscape=&#8221;50&#8243; mobile=&#8221;40&#8243;][\/vc_column][\/vc_row][vc_row container_width=&#8221;limit&#8221; el_class=&#8221;pd-bottom-90,sm-pd-bottom-70,xs-pd-bottom-50&#8243; css=&#8221;.vc_custom_1705305549372{border-top-width: 1px !important;border-right-width: 1px !important;border-bottom-width: 1px !important;border-left-width: 1px !important;padding-top: 60px !important;padding-right: 60px !important;padding-bottom: 30px !important;padding-left: 60px !important;background-image: url(https:\/\/demo8.thuythu.com\/hoangkim\/wp-content\/uploads\/2019\/07\/bg-10.jpg?id=6513) !important;background-position: center !important;background-repeat: no-repeat !important;background-size: cover !important;border-left-color: #683e00 !important;border-left-style: dashed !important;border-right-color: #683e00 !important;border-right-style: dashed !important;border-top-color: #683e00 !important;border-top-style: dashed !important;border-bottom-color: #683e00 !important;border-bottom-style: dashed !important;border-radius: 35px !important;}&#8221; el_id=&#8221;contact_sec_1&#8243;][vc_column width=&#8221;1\/3&#8243;][gsf_space desktop=&#8221;20&#8243; tablet=&#8221;70&#8243; tablet_portrait=&#8221;60&#8243; mobile_landscape=&#8221;50&#8243; mobile=&#8221;0&#8243;][vc_custom_heading text=&#8221;Th\u00f4ng tin li\u00ean h\u1ec7&#8221; font_container=&#8221;tag:h2|font_size:42|text_align:left|color:%23fcd96c&#8221; google_fonts=&#8221;font_family:Josefin%20Sans%3A100%2C100italic%2C300%2C300italic%2Cregular%2Citalic%2C600%2C600italic%2C700%2C700italic|font_style:600%20bold%20regular%3A600%3Anormal&#8221; css=&#8221;.vc_custom_1705683548821{margin-top: 0px !important;margin-bottom: 0px !important;padding-top: 0px !important;padding-bottom: 0px !important;}&#8221;][vc_column_text css=&#8221;.vc_custom_1562062785573{margin-top: 0px !important;margin-bottom: 0px !important;padding-top: 0px !important;padding-bottom: 0px !important;}&#8221;]<\/p>\n<p style=\"text-align: left;\">M\u1ecdi y\u00eau c\u1ea7u v\u00e0 th\u1eafc c\u1ee7a b\u1ea1n vui l\u00f2ng g\u1eedi v\u1ec1 cho ch\u00fang t\u00f4i b\u1eb1ng c\u00e1ch \u0111i\u1ec1n \u0111\u1ea7y \u0111\u1ee7 th\u00f4ng tin b\u00ean d\u01b0\u1edbi.<\/p>\n<p>[\/vc_column_text][vc_text_separator title=&#8221;&#8221; align=&#8221;align_left&#8221; color=&#8221;custom&#8221; border_width=&#8221;2&#8243; el_width=&#8221;20&#8243; accent_color=&#8221;#fcd96c&#8221; css=&#8221;.vc_custom_1705683648580{margin-bottom: 0px !important;padding-top: 10px !important;padding-bottom: 25px !important;}&#8221;][gsf_space desktop=&#8221;20&#8243; tablet=&#8221;70&#8243; tablet_portrait=&#8221;60&#8243; mobile_landscape=&#8221;50&#8243; mobile=&#8221;40&#8243;]<div class=\"aio-icon-component    style_1\"><div id=\"Info-box-wrap-1105\" class=\"aio-icon-box left-icon\" style=\"\"  ><div class=\"aio-icon-left\"><div class=\"ult-just-icon-wrapper  \"><div class=\"align-icon\" style=\"text-align:center;\">\n<div class=\"aio-icon none \"  style=\"color:#fcd96c;font-size:32px;display:inline-block;\">\n\t<i class=\"Defaults-map-marker\"><\/i>\n<\/div><\/div><\/div><\/div><div class=\"aio-ibd-block\"><div class=\"aio-icon-header\" ><h3 class=\"aio-icon-title ult-responsive\"  data-ultimate-target='#Info-box-wrap-1105 .aio-icon-title'  data-responsive-json-new='{\"font-size\":\"\",\"line-height\":\"\"}'  style=\"\">\u0110\u1ecba ch\u1ec9<\/h3><\/div> <!-- header --><div class=\"aio-icon-description ult-responsive\"  data-ultimate-target='#Info-box-wrap-1105 .aio-icon-description'  data-responsive-json-new='{\"font-size\":\"\",\"line-height\":\"\"}'  style=\"\">T\u1ea7ng 16, to\u00e0 nh\u00e0 Daeha Business Center, 360 \u0111\u01b0\u1eddng Kim M\u00e3, Ng\u1ecdc Kh\u00e1nh, Ba \u0110\u00ecnh, HN<\/div> <!-- description --><\/div> <!-- aio-ibd-block --><\/div> <!-- aio-icon-box --><\/div> <!-- aio-icon-component --><div class=\"aio-icon-component    style_1\"><div id=\"Info-box-wrap-6623\" class=\"aio-icon-box left-icon\" style=\"\"  ><div class=\"aio-icon-left\"><div class=\"ult-just-icon-wrapper  \"><div class=\"align-icon\" style=\"text-align:center;\">\n<div class=\"aio-icon none \"  style=\"color:#fcd96c;font-size:32px;display:inline-block;\">\n\t<i class=\"Defaults-building\"><\/i>\n<\/div><\/div><\/div><\/div><div class=\"aio-ibd-block\"><div class=\"aio-icon-header\" ><h3 class=\"aio-icon-title ult-responsive\"  data-ultimate-target='#Info-box-wrap-6623 .aio-icon-title'  data-responsive-json-new='{\"font-size\":\"\",\"line-height\":\"\"}'  style=\"\">MST<\/h3><\/div> <!-- header --><div class=\"aio-icon-description ult-responsive\"  data-ultimate-target='#Info-box-wrap-6623 .aio-icon-description'  data-responsive-json-new='{\"font-size\":\"\",\"line-height\":\"\"}'  style=\"\">0101559147<\/div> <!-- description --><\/div> <!-- aio-ibd-block --><\/div> <!-- aio-icon-box --><\/div> <!-- aio-icon-component --><div class=\"aio-icon-component    style_1\"><div id=\"Info-box-wrap-3636\" class=\"aio-icon-box left-icon\" style=\"\"  ><div class=\"aio-icon-left\"><div class=\"ult-just-icon-wrapper  \"><div class=\"align-icon\" style=\"text-align:center;\">\n<div class=\"aio-icon none \"  style=\"color:#fcd96c;font-size:28px;display:inline-block;\">\n\t<i class=\"Defaults-envelope\"><\/i>\n<\/div><\/div><\/div><\/div><div class=\"aio-ibd-block\"><div class=\"aio-icon-header\" ><h3 class=\"aio-icon-title ult-responsive\"  data-ultimate-target='#Info-box-wrap-3636 .aio-icon-title'  data-responsive-json-new='{\"font-size\":\"\",\"line-height\":\"\"}'  style=\"\">Email<\/h3><\/div> <!-- header --><div class=\"aio-icon-description ult-responsive\"  data-ultimate-target='#Info-box-wrap-3636 .aio-icon-description'  data-responsive-json-new='{\"font-size\":\"\",\"line-height\":\"\"}'  style=\"\">e-invoice@royalkims.com<\/div> <!-- description --><\/div> <!-- aio-ibd-block --><\/div> <!-- aio-icon-box --><\/div> <!-- aio-icon-component -->[\/vc_column][vc_column width=&#8221;2\/3&#8243;][gsf_google_map markers=&#8221;%5B%7B%22lat%22%3A%2210.7799036%22%2C%22lng%22%3A%22106.6617451%22%2C%22title%22%3A%22GAOFOOD%22%2C%22description%22%3A%22C%C6%A1m%20ch%C3%A1y%20nh%C3%A0%20l%C3%A0m%22%2C%22icon%22%3A%226337%22%7D%5D&#8221; api_key=&#8221;AIzaSyCc- XPpHskmvNVI5zH7T52Kvgja829p6Ek&#8221; map_height=&#8221;450px&#8221; map_height_lg=&#8221;300px&#8221; map_zoom=&#8221;11&#8243; scroll_wheel=&#8221;on&#8221; css=&#8221;.vc_custom_1705678760691{margin-left: 30px !important;border-radius: 35px !important;}&#8221;][\/vc_column][\/vc_row][vc_row][vc_column][\/vc_column][\/vc_row][vc_row el_id=&#8221;contact_sec_2&#8243;][vc_column width=&#8221;2\/3&#8243; css=&#8221;.vc_custom_1501657659103{border-top-width: 1px !important;border-top-color: #e5e6ec !important;}&#8221; offset=&#8221;vc_col-sm-offset-2&#8243;][gsf_space desktop=&#8221;70&#8243; tablet=&#8221;60&#8243; tablet_portrait=&#8221;50&#8243; mobile_landscape=&#8221;40&#8243; mobile=&#8221;40&#8243;][vc_custom_heading text=&#8221;Li\u00ean h\u1ec7 ch\u00fang t\u00f4i&#8221; font_container=&#8221;tag:h2|font_size:30|text_align:center|color:%23333333&#8243; google_fonts=&#8221;font_family:Dancing%20Script%3Aregular%2C700|font_style:400%20regular%3A400%3Anormal&#8221; css=&#8221;.vc_custom_1562063805999{margin-bottom: 0px !important;padding-bottom: 0px !important;}&#8221;][vc_custom_heading text=&#8221;G\u1eedi th\u1eafc m\u1eafc c\u1ee7a b\u1ea1n&#8221; font_container=&#8221;tag:h2|font_size:42|text_align:center|color:%23fcd96c&#8221; google_fonts=&#8221;font_family:Josefin%20Sans%3A100%2C100italic%2C300%2C300italic%2Cregular%2Citalic%2C600%2C600italic%2C700%2C700italic|font_style:600%20bold%20regular%3A600%3Anormal&#8221; css=&#8221;.vc_custom_1705683591801{margin-top: 0px !important;margin-bottom: 0px !important;padding-top: 0px !important;padding-bottom: 0px !important;}&#8221;][vc_text_separator title=&#8221;&#8221; color=&#8221;custom&#8221; border_width=&#8221;2&#8243; el_width=&#8221;10&#8243; accent_color=&#8221;#fcd96c&#8221; css=&#8221;.vc_custom_1705683656135{margin-bottom: 0px !important;padding-top: 10px !important;padding-bottom: 25px !important;}&#8221;][vc_column_text css=&#8221;.vc_custom_1561931687902{margin-top: 0px !important;padding-top: 0px !important;padding-right: 30px !important;padding-left: 30px !important;}&#8221;]<\/p>\n<p style=\"text-align: center;\">M\u1ecdi y\u00eau c\u1ea7u v\u00e0 th\u1eafc c\u1ee7a b\u1ea1n vui l\u00f2ng g\u1eedi v\u1ec1 cho ch\u00fang t\u00f4i b\u1eafng c\u00e1ch \u0111i\u1ec1n \u0111\u1ea7y \u0111\u1ee7 th\u00f4ng tin b\u00ean d\u01b0\u1edbi.<br \/>\nCh\u00fang t\u00f4i s\u1ebd li\u00ean l\u1ea1c l\u1ea1i v\u1edbi b\u1ea1n trong th\u1eddi gian s\u1edbm nh\u1ea5t.[\/vc_column_text]\n<div class=\"wpcf7 no-js\" id=\"wpcf7-f3731-o1\" lang=\"en-US\" dir=\"ltr\">\n<div class=\"screen-reader-response\"><p role=\"status\" aria-live=\"polite\" aria-atomic=\"true\"><\/p> <ul><\/ul><\/div>\n<form action=\"\/hoangkim\/wp-json\/wp\/v2\/pages\/3753#wpcf7-f3731-o1\" method=\"post\" class=\"wpcf7-form init\" aria-label=\"Contact form\" novalidate=\"novalidate\" data-status=\"init\">\n<div style=\"display: none;\">\n<input type=\"hidden\" name=\"_wpcf7\" value=\"3731\" \/>\n<input type=\"hidden\" name=\"_wpcf7_version\" value=\"5.8.6\" \/>\n<input type=\"hidden\" name=\"_wpcf7_locale\" value=\"en_US\" \/>\n<input type=\"hidden\" name=\"_wpcf7_unit_tag\" value=\"wpcf7-f3731-o1\" \/>\n<input type=\"hidden\" name=\"_wpcf7_container_post\" value=\"0\" \/>\n<input type=\"hidden\" name=\"_wpcf7_posted_data_hash\" value=\"\" \/>\n<\/div>\n<div class=\"g5plus-contact-form column-2 clearfix\">\n\t<div class=\"row\">\n\t\t<div class=\"ct-field ct-name col-sm-6\">\n\t\t\t<p><span class=\"wpcf7-form-control-wrap\" data-name=\"your-name\"><input size=\"40\" class=\"wpcf7-form-control wpcf7-text wpcf7-validates-as-required\" aria-required=\"true\" aria-invalid=\"false\" placeholder=\"H\u1ecd &amp; T\u00ean\" value=\"\" type=\"text\" name=\"your-name\" \/><\/span>\n\t\t\t<\/p>\n\t\t<\/div>\n\t\t<div class=\"ct-field ct-email col-sm-6\">\n\t\t\t<p><span class=\"wpcf7-form-control-wrap\" data-name=\"your-email\"><input size=\"40\" class=\"wpcf7-form-control wpcf7-email wpcf7-validates-as-required wpcf7-text wpcf7-validates-as-email\" aria-required=\"true\" aria-invalid=\"false\" placeholder=\"Email\" value=\"\" type=\"email\" name=\"your-email\" \/><\/span>\n\t\t\t<\/p>\n\t\t<\/div>\n\t\t<div class=\"ct-field ct-phone col-sm-6\">\n\t\t\t<p><span class=\"wpcf7-form-control-wrap\" data-name=\"your-phone\"><input size=\"40\" class=\"wpcf7-form-control wpcf7-tel wpcf7-validates-as-required wpcf7-text wpcf7-validates-as-tel\" aria-required=\"true\" aria-invalid=\"false\" placeholder=\"\u0110i\u1ec7n tho\u1ea1i\" value=\"\" type=\"tel\" name=\"your-phone\" \/><\/span>\n\t\t\t<\/p>\n\t\t<\/div>\n\t\t<div class=\"ct-field ct-subject col-sm-6\">\n\t\t\t<p><span class=\"wpcf7-form-control-wrap\" data-name=\"your-subject\"><input size=\"40\" class=\"wpcf7-form-control wpcf7-text wpcf7-validates-as-required\" aria-required=\"true\" aria-invalid=\"false\" placeholder=\"Ch\u1ee7 \u0111\u1ec1\" value=\"\" type=\"text\" name=\"your-subject\" \/><\/span>\n\t\t\t<\/p>\n\t\t<\/div>\n\t\t<div class=\"ct-field ct-message col-sm-12\">\n\t\t\t<p><span class=\"wpcf7-form-control-wrap\" data-name=\"your-message\"><textarea cols=\"40\" rows=\"10\" class=\"wpcf7-form-control wpcf7-textarea wpcf7-validates-as-required\" aria-required=\"true\" aria-invalid=\"false\" placeholder=\"N\u1ed9i dung\" name=\"your-message\"><\/textarea><\/span>\n\t\t\t<\/p>\n\t\t<\/div>\n\t\t<div class=\"ct-field ct-submit col-sm-12\">\n\t\t\t<p><input class=\"wpcf7-form-control wpcf7-submit has-spinner btn btn-primary btn-sm\" type=\"submit\" value=\"G\u1eecI \u0110I\" \/>\n\t\t\t<\/p>\n\t\t<\/div>\n\t<\/div>\n<\/div><div class=\"wpcf7-response-output\" aria-hidden=\"true\"><\/div>\n<\/form>\n<\/div>\n[\/vc_column][\/vc_row][vc_row][vc_column][gsf_space desktop=&#8221;90&#8243; tablet=&#8221;70&#8243; tablet_portrait=&#8221;60&#8243; mobile_landscape=&#8221;50&#8243; mobile=&#8221;40&#8243;][\/vc_column][\/vc_row]<\/p>\n","protected":false},"excerpt":{"rendered":"<p>[vc_row el_id=&#8221;bg_ct_sec_1&#8243;][vc_column][gsf_space desktop=&#8221;90&#8243; tablet=&#8221;70&#8243; tablet_portrait=&#8221;60&#8243; mobile_landscape=&#8221;50&#8243; mobile=&#8221;40&#8243;][\/vc_column][\/vc_row][vc_row container_width=&#8221;limit&#8221; el_class=&#8221;pd-bottom-90,sm-pd-bottom-70,xs-pd-bottom-50&#8243; css=&#8221;.vc_custom_1705305549372{border-top-width: 1px !important;border-right-width: 1px !important;border-bottom-width: 1px !important;border-left-width: 1px !important;padding-top: 60px !important;padding-right: 60px !important;padding-bottom: 30px !important;padding-left: 60px !important;background-image: url(https:\/\/demo8.thuythu.com\/hoangkim\/wp-content\/uploads\/2019\/07\/bg-10.jpg?id=6513) !important;background-position: center !important;background-repeat: no-repeat !important;background-size: cover !important;border-left-color: #683e00 !important;border-left-style: dashed !important;border-right-color: #683e00 !important;border-right-style: dashed !important;border-top-color: #683e00 !important;border-top-style: dashed !important;border-bottom-color: #683e00 !important;border-bottom-style: dashed !important;border-radius: 35px !important;}&#8221; el_id=&#8221;contact_sec_1&#8243;][vc_column width=&#8221;1\/3&#8243;][gsf_space desktop=&#8221;20&#8243; [&hellip;]<\/p>\n","protected":false},"author":1,"featured_media":0,"parent":0,"menu_order":0,"comment_status":"closed","ping_status":"closed","template":"","meta":{"inline_featured_image":false,"footnotes":""},"lang":"vi","translations":{"vi":3753},"pll_sync_post":[],"_links":{"self":[{"href":"https:\/\/demo8.thuythu.com\/hoangkim\/wp-json\/wp\/v2\/pages\/3753"}],"collection":[{"href":"https:\/\/demo8.thuythu.com\/hoangkim\/wp-json\/wp\/v2\/pages"}],"about":[{"href":"https:\/\/demo8.thuythu.com\/hoangkim\/wp-json\/wp\/v2\/types\/page"}],"author":[{"embeddable":true,"href":"https:\/\/demo8.thuythu.com\/hoangkim\/wp-json\/wp\/v2\/users\/1"}],"replies":[{"embeddable":true,"href":"https:\/\/demo8.thuythu.com\/hoangkim\/wp-json\/wp\/v2\/comments?post=3753"}],"version-history":[{"count":37,"href":"https:\/\/demo8.thuythu.com\/hoangkim\/wp-json\/wp\/v2\/pages\/3753\/revisions"}],"predecessor-version":[{"id":52060,"href":"https:\/\/demo8.thuythu.com\/hoangkim\/wp-json\/wp\/v2\/pages\/3753\/revisions\/52060"}],"wp:attachment":[{"href":"https:\/\/demo8.thuythu.com\/hoangkim\/wp-json\/wp\/v2\/media?parent=3753"}],"curies":[{"name":"wp","href":"https:\/\/api.w.org\/{rel}","templated":true}]}}