{"id":6470,"date":"2019-07-01T10:36:42","date_gmt":"2019-07-01T10:36:42","guid":{"rendered":"https:\/\/demo8.thuythu.com\/hoangkim\/?page_id=6470"},"modified":"2024-01-22T11:52:29","modified_gmt":"2024-01-22T04:52:29","slug":"ve-chung-toi","status":"publish","type":"page","link":"https:\/\/demo8.thuythu.com\/hoangkim\/ve-chung-toi\/","title":{"rendered":"V\u1ec1 ch\u00fang t\u00f4i"},"content":{"rendered":"<p>[vc_row css=&#8221;.vc_custom_1564122167998{padding-top: 300px !important;padding-bottom: 300px !important;background-image: url(https:\/\/demo8.thuythu.com\/hoangkim\/wp-content\/uploads\/2019\/07\/960.jpg?id=6527) !important;background-position: center !important;background-repeat: no-repeat !important;background-size: cover !important;}&#8221; el_id=&#8221;bg_about_sec_1&#8243;][vc_column][\/vc_column][\/vc_row][vc_row css=&#8221;.vc_custom_1563951143991{background: #ffffff url(https:\/\/demo8.thuythu.com\/hoangkim\/wp-content\/uploads\/2019\/07\/bg-10.jpg?id=6513) !important;background-position: center !important;background-repeat: no-repeat !important;background-size: cover !important;}&#8221; el_id=&#8221;about_sec_1&#8243;][vc_column][vc_row_inner el_class=&#8221;about_sub&#8221; css=&#8221;.vc_custom_1705304766510{margin-top: -300px !important;border-top-width: 1px !important;border-right-width: 1px !important;border-bottom-width: 1px !important;border-left-width: 1px !important;padding-top: 60px !important;padding-right: 20px !important;padding-bottom: 30px !important;padding-left: 90px !important;background-image: url(https:\/\/demo8.thuythu.com\/hoangkim\/wp-content\/uploads\/2024\/01\/bg-about-3.jpg?id=51932) !important;background-position: center !important;background-repeat: no-repeat !important;background-size: cover !important;border-left-color: #683e00 !important;border-left-style: dashed !important;border-right-color: #683e00 !important;border-right-style: dashed !important;border-top-color: #683e00 !important;border-top-style: dashed !important;border-bottom-color: #683e00 !important;border-bottom-style: dashed !important;border-radius: 35px !important;}&#8221;][vc_column_inner width=&#8221;1\/2&#8243;][vc_empty_space height=&#8221;60px&#8221; el_class=&#8221;space_empty_moblie&#8221;][vc_custom_heading text=&#8221;Thu\u1edf ban \u0111\u1ea7u&#8221; font_container=&#8221;tag:h2|font_size:45px|text_align:left|color:%23fcd96c&#8221; google_fonts=&#8221;font_family:Josefin%20Sans%3A100%2C100italic%2C300%2C300italic%2Cregular%2Citalic%2C600%2C600italic%2C700%2C700italic|font_style:700%20bold%20regular%3A700%3Anormal&#8221; css=&#8221;.vc_custom_1705683478814{margin-bottom: 0px !important;padding-bottom: 0px !important;}&#8221;][vc_custom_heading text=&#8221;Th\u01b0\u01a1ng v\u1ecb gia truy\u1ec1n tr\u00ean 17 n\u0103m&#8221; font_container=&#8221;tag:h2|font_size:35|text_align:left|color:%23333333|line_height:39px&#8221; google_fonts=&#8221;font_family:Dancing%20Script%3Aregular%2C700|font_style:400%20regular%3A400%3Anormal&#8221; css=&#8221;.vc_custom_1564122266094{padding-bottom: 5px !important;}&#8221;][vc_text_separator title=&#8221;&#8221; title_align=&#8221;separator_align_left&#8221; align=&#8221;align_left&#8221; color=&#8221;custom&#8221; border_width=&#8221;2&#8243; el_width=&#8221;20&#8243; accent_color=&#8221;#fcd96c&#8221;][vc_column_text]<\/p>\n<p style=\"text-align: left;\">Th\u01b0\u01a1ng hi\u1ec7u TARYU \u0111\u01b0\u1ee3c ra \u0111\u1eddi n\u0103m 2014, l\u00e0 th\u01b0\u01a1ng hi\u1ec7u s\u1ea3n ph\u1ea9m \u0111\u00e3 \u0111\u01b0\u1ee3c \u0111\u0103ng k\u00fd t\u1ea1i c\u1ee5c s\u1edf h\u1eefu tr\u00ed tu\u1ec7, thu\u1ed9c quy\u1ec1n s\u1edf h\u1eefu c\u1ee7a C\u00d4NG TY TNHH S\u1ea2N XU\u1ea4T TH\u01af\u01a0NG M\u1ea0I TH\u1ef0C PH\u1ea8M TARYU.<\/p>\n<p style=\"text-align: left;\">S\u1eefa b\u1ed9t l\u00e0 ngh\u1ec1 s\u1ea3n xu\u1ea5t h\u01a1n 17 n\u0103m. Ban \u0111\u1ea7u l\u00e0m ra s\u1ea3n ph\u1ea9m b\u00e1n ch\u01b0a c\u00f3 m\u1ee5c \u0111\u00edch s\u1ebd ph\u00e1t tri\u1ec3n th\u00e0nh th\u01b0\u01a1ng hi\u1ec7u ri\u00eang, ch\u1ec9 gia c\u00f4ng theo y\u00eau c\u1ea7u c\u1ee7a kh\u00e1ch. \u0110\u1ebfn n\u0103m 2014 nh\u1eadn th\u1ea5y nhu c\u1ea7u mua l\u00e0m qu\u00e0 khi kh\u00e1ch n\u01a1i xa \u0111\u1ebfn S\u00e0i G\u00f2n nhi\u1ec1u n\u00ean quy\u1ebft \u0111\u1ecbnh l\u00e0m 1 th\u01b0\u01a1ng hi\u1ec7u, thay \u0111\u1ed5i bao b\u00ec b\u1eaft m\u1eaft \u0111\u1ec3 ph\u00e1t tri\u1ec3n xa h\u01a1n n\u1eefa.<\/p>\n<p>[\/vc_column_text][\/vc_column_inner][vc_column_inner width=&#8221;1\/2&#8243;][\/vc_column_inner][\/vc_row_inner][vc_empty_space height=&#8221;80px&#8221;][vc_row_inner][vc_column_inner width=&#8221;1\/6&#8243;][\/vc_column_inner][vc_column_inner width=&#8221;2\/3&#8243; css=&#8221;.vc_custom_1561944588523{padding-left: 30px !important;}&#8221;][vc_custom_heading text=&#8221;V\u1ec1 TARYU&#8221; font_container=&#8221;tag:h2|font_size:42px|text_align:center|color:%23fcd96c&#8221; google_fonts=&#8221;font_family:Josefin%20Sans%3A100%2C100italic%2C300%2C300italic%2Cregular%2Citalic%2C600%2C600italic%2C700%2C700italic|font_style:700%20bold%20regular%3A700%3Anormal&#8221; css=&#8221;.vc_custom_1705896917666{margin-bottom: 0px !important;padding-bottom: 0px !important;}&#8221;][vc_custom_heading text=&#8221;Ph\u1ee5c v\u1ee5 kh\u00e1ch h\u00e0ng b\u1eb1ng t\u1ea5t c\u1ea3 nhi\u1ec7t huy\u1ebft<br \/>\nv\u00e0 l\u00f2ng \u0111am m\u00ea&#8221; font_container=&#8221;tag:h2|font_size:35|text_align:center|color:%23333333|line_height:28px&#8221; google_fonts=&#8221;font_family:Dancing%20Script%3Aregular%2C700|font_style:400%20regular%3A400%3Anormal&#8221;][vc_text_separator title=&#8221;&#8221; title_align=&#8221;separator_align_left&#8221; color=&#8221;custom&#8221; border_width=&#8221;2&#8243; el_width=&#8221;10&#8243; accent_color=&#8221;#fcd96c&#8221;][vc_column_text]<\/p>\n<p style=\"text-align: center;\">M\u1ed7i tu\u1ea7n ch\u00fang t\u00f4i cung c\u1ea5p c\u00e1c lo\u1ea1i s\u1eefa b\u1ed9t kh\u00e1c nhau \u0111\u1ebfn tay kh\u00e1ch h\u00e0ng. V\u00e0 TARYU cam k\u1ebft r\u1eb1ng s\u1ebd ph\u1ee5c v\u1ee5 m\u1ed7i kh\u00e1ch h\u00e0ng b\u1eb1ng t\u1ea5t c\u1ea3 nhi\u1ec7t huy\u1ebft v\u00e0 l\u00f2ng \u0111am m\u00ea. T\u1ea5t c\u1ea3 c\u00e1c lo\u1ea1i s\u1eefa b\u1ed9t c\u1ee7a TARYU \u0111\u1ec1u \u0111\u01b0\u1ee3c s\u1ea3n xu\u1ea5t ngay sau khi nh\u1eadn \u0111\u01b0\u1ee3c \u0111\u01a1n h\u00e0ng nh\u1eb1m mang \u0111\u1ebfn s\u1ea3n ph\u1ea9m ph\u00f9 h\u1ee3p nh\u1ea5t v\u1edbi kh\u1ea9u v\u1ecb t\u1eebng kh\u00e1ch h\u00e0ng.<\/p>\n<p>[\/vc_column_text][\/vc_column_inner][vc_column_inner width=&#8221;1\/6&#8243;][\/vc_column_inner][\/vc_row_inner][vc_empty_space height=&#8221;80px&#8221; el_class=&#8221;space_empty_moblie&#8221;][\/vc_column][\/vc_row][vc_row parallax=&#8221;content-moving&#8221; parallax_image=&#8221;6388&#8243; css=&#8221;.vc_custom_1563951164814{padding-top: 150px !important;padding-bottom: 150px !important;background-position: center;background-repeat: no-repeat;background-size:cover !important;}&#8221; el_id=&#8221;about_sec_2&#8243;][vc_column][vc_row_inner equal_height=&#8221;yes&#8221; css=&#8221;.vc_custom_1562033872151{background-image: url(https:\/\/demo8.thuythu.com\/hoangkim\/wp-content\/uploads\/2019\/07\/bg-about-7.png?id=6534) !important;background-position: center !important;background-repeat: no-repeat !important;background-size: cover !important;}&#8221;][vc_column_inner width=&#8221;1\/2&#8243;][vc_single_image image=&#8221;6540&#8243; img_size=&#8221;full&#8221; alignment=&#8221;center&#8221; css=&#8221;.vc_custom_1562034787487{margin-top: -70px !important;}&#8221;][\/vc_column_inner][vc_column_inner width=&#8221;1\/2&#8243; css=&#8221;.vc_custom_1562031879353{padding-right: 60px !important;background-position: center !important;background-repeat: no-repeat !important;background-size: cover !important;border-radius: 35px !important;}&#8221;][gsf_space desktop=&#8221;70&#8243; tablet=&#8221;75&#8243; tablet_portrait=&#8221;65&#8243; mobile_landscape=&#8221;55&#8243; mobile=&#8221;0&#8243;][vc_custom_heading text=&#8221;Di s\u1ea3n&#8221; font_container=&#8221;tag:h2|font_size:45px|text_align:left|color:%23fcd96c&#8221; google_fonts=&#8221;font_family:Josefin%20Sans%3A100%2C100italic%2C300%2C300italic%2Cregular%2Citalic%2C600%2C600italic%2C700%2C700italic|font_style:700%20bold%20regular%3A700%3Anormal&#8221; css=&#8221;.vc_custom_1705683494640{margin-bottom: 0px !important;padding-bottom: 0px !important;padding-left: 15px !important;}&#8221;][vc_custom_heading text=&#8221;M\u1ed9t ng\u01b0\u1eddi, m\u1ed9t g\u00f3i c\u01a1m ch\u00e1y v\u00e0 m\u1ed9t<br \/>\ntinh th\u1ea7n d\u00e2n t\u1ed9c.&#8221; font_container=&#8221;tag:h2|font_size:35|text_align:left|color:%23333333|line_height:28px&#8221; google_fonts=&#8221;font_family:Dancing%20Script%3Aregular%2C700|font_style:400%20regular%3A400%3Anormal&#8221; css=&#8221;.vc_custom_1562033683015{padding-left: 15px !important;}&#8221;][vc_text_separator title=&#8221;&#8221; title_align=&#8221;separator_align_left&#8221; align=&#8221;align_left&#8221; color=&#8221;custom&#8221; border_width=&#8221;2&#8243; el_width=&#8221;20&#8243; accent_color=&#8221;#fcd96c&#8221; css=&#8221;.vc_custom_1705683888722{padding-left: 15px !important;}&#8221;]<div id=\"ult-carousel-12617172269e364f08a2b2\" class=\"ult-carousel-wrapper   ult_horizontal\" data-gutter=\"15\" data-rtl=\"false\" ><div class=\"ult-carousel-126429116369e364f08a092 \" >[vc_column_text]<\/p>\n<p style=\"text-align: left;\"><span style=\"color: #333333;\">M\u1ed7i ng\u00e0y, ch\u00fang t\u00f4i \u0111i l\u00e0m v\u1edbi hy v\u1ecdng th\u1ef1c hi\u1ec7n hai vi\u1ec7c: chia s\u1ebb m\u1ed9t th\u1ee9 \u0111\u1eb7c s\u1ea3n tuy\u1ec7t v\u1eddi c\u1ee7a S\u00e0i G\u00f2n t\u1edbi b\u1ea1n b\u00e8 v\u00e0 gi\u00fap cho th\u1ebf gi\u1edbi ho\u00e0n thi\u1ec7n h\u01a1n m\u1ed9t ch\u00fat.<\/span><\/p>\n<p style=\"text-align: left;\"><span style=\"color: #333333;\">V\u00e0o th\u1eddi gian \u0111\u1ea7u khi m\u1edbi th\u00e0nh l\u1eadp, x\u01b0\u1edfng s\u1ea3n xu\u1ea5t s\u1eefa b\u1ed9t TARYU ch\u1ec9 v\u1ecfn v\u1eb9n 5 th\u00e0nh vi\u00ean \u0111\u01b0\u1ee3c \u0111\u1eb7t t\u1ea1i m\u1ed9t m\u1eb7t b\u1eb1ng nh\u1ecf trong m\u1ed9t con h\u1ebbm nh\u1ecf thu\u1ed9c qu\u1eadn 10. Kh\u00f4ng v\u00ec nh\u1eefng kh\u00f3 kh\u0103n b\u01b0\u1edbc \u0111\u1ea7u m\u00e0 ch\u00fang t\u00f4i cho ph\u00e9p m\u00ecnh cung c\u1ea5p nh\u1eefng s\u1ea3n ph\u1ea9m kh\u00f4ng \u0111\u1ea1t ch\u1ea5t l\u01b0\u1ee3ng \u0111\u1ebfn kh\u00e1ch h\u00e0ng. Do \u0111\u00f3, ch\u1ec9 t\u1eeb m\u1ed9t m\u1eb7t b\u1eb1ng b\u00e9 t\u00ed n\u01a1i h\u1ebbm nh\u1ecf, ch\u00fang t\u00f4i \u0111\u00e3 c\u00f3 th\u1ec3 cung c\u1ea5p m\u1ed9t s\u1ed1 lo\u1ea1i s\u1eefa b\u1ed9t ch\u1ea5t l\u01b0\u1ee3ng nh\u1ea5t S\u00e0i G\u00f2n.<\/span><\/p>\n<p style=\"text-align: left;\"><span style=\"color: #333333;\">C\u00e1i t\u00ean TARYU \u0111\u01b0\u1ee3c s\u1eed d\u1ee5ng \u0111\u1ec3 g\u1ee3i nh\u1edb v\u1ec1 gi\u00e1 tr\u1ecb c\u1ed1t l\u00f5i c\u1ee7a ng\u01b0\u1eddi n\u00f4ng d\u00e2n. Ph\u1ea3i tr\u1ea3i qua bi\u1ebft bao kh\u00f3 kh\u0103n v\u00e0 m\u1ea5t th\u1eadt nhi\u1ec1u c\u00f4ng s\u1ee9c m\u1edbi c\u00f3 \u0111\u01b0\u1ee3c nh\u1eefng h\u1ea1t g\u1ea1o tr\u1eafng tinh m\u1ed7i ng\u00e0y. V\u00e0 qu\u00e1 tr\u00ecnh l\u00e0m n\u00ean c\u01a1m ch\u00e1y s\u1ea1ch th\u01b0\u01a1ng hi\u1ec7u TARYU c\u0169ng kh\u00f4ng h\u1ec1 d\u1ec5 d\u00e0ng h\u01a1n th\u1ebf.<\/span><\/p>\n<p>[\/vc_column_text][vc_column_text el_class=&#8221;&#8221;]<\/p>\n<p style=\"text-align: left;\"><span style=\"color: #333333;\">T\u1eeb khi kh\u1edfi nghi\u1ec7p, TARYU \u0111\u00e3 th\u1ec3 hi\u1ec7n l\u00e0 m\u1ed9t doanh nghi\u1ec7p nh\u1ecf nh\u01b0ng \u0111\u1eb7c bi\u1ec7t. M\u1ee5c \u0111\u00edch ch\u00ednh c\u1ee7a ch\u00fang t\u00f4i &#8211; c\u0169ng l\u00e0 di s\u1ea3n sau n\u00e0y, l\u00e0 mang \u0111\u1ebfn m\u1ed9t s\u1ea3n ph\u1ea9m s\u1ea1ch, ngon, x\u1ee9ng \u0111\u00e1ng l\u00e0 \u0111\u1eb7c s\u1ea3n c\u1ee7a S\u00e0i G\u00f2n. S\u1ee9 m\u1ec7nh c\u1ee7a ch\u00fang t\u00f4i l\u00e0 kh\u01a1i ngu\u1ed3n c\u1ea3m h\u1ee9ng v\u00e0 nu\u00f4i d\u01b0\u1ee1ng tinh th\u1ea7n con ng\u01b0\u1eddi \u2013 m\u1ed9t ng\u01b0\u1eddi, m\u1ed9t s\u1ea3n ph\u1ea9m s\u1eefa v\u00e0 m\u1ed9t tinh th\u1ea7n d\u00e2n t\u1ed9c.<\/span><\/p>\n<p style=\"text-align: left;\"><span style=\"color: #333333;\">Ng\u00e0y nay, v\u1edbi g\u1ea7n 20 th\u00e0nh vi\u00ean lao \u0111\u1ed9ng h\u01a1n 8 ti\u1ebfng m\u1ed7i ng\u00e0y v\u00e0 tr\u00ean h\u1ebft l\u00e0 c\u00f9ng chung m\u1ed9t m\u1ee5c \u0111\u00edch. V\u1edbi m\u1ed7i h\u1ed9p s\u1eefa, ch\u00fang t\u00f4i c\u1ed1 g\u1eafng \u0111\u01b0a c\u1ea3 di s\u1ea3n c\u1ee7a ch\u00fang t\u00f4i v\u00e0 tr\u1ea3i nghi\u1ec7m \u0111\u1eb7c bi\u1ec7t v\u00e0o cu\u1ed9c s\u1ed1ng.<\/span><\/p>\n<p>[\/vc_column_text]<\/div><\/div>\t\t\t<script type=\"text\/javascript\">\r\n\t\t\t\tjQuery(document).ready(function ($) {\r\n\t\t\t\t\tif( typeof jQuery('.ult-carousel-126429116369e364f08a092').slick == \"function\"){\r\n\t\t\t\t\t\t$('.ult-carousel-126429116369e364f08a092').slick({dots: false,autoplaySpeed: 5000,speed: 300,infinite: true,arrows: true,nextArrow: '<button type=\"button\" role=\"button\" aria-label=\"Next\" style=\"color:#333333; font-size:25px;\" class=\"slick-next default\"><i class=\"ultsl-arrow-right6\"><\/i><\/button>',prevArrow: '<button type=\"button\" role=\"button\" aria-label=\"Previous\" style=\"color:#333333; font-size:25px;\" class=\"slick-prev default\"><i class=\"ultsl-arrow-left6\"><\/i><\/button>',slidesToScroll:1,slidesToShow:1,swipe: true,draggable: true,touchMove: true,pauseOnHover: true,pauseOnFocus: false,responsive: [\r\n\t\t\t\t\t\t\t{\r\n\t\t\t\t\t\t\t  breakpoint: 1026,\r\n\t\t\t\t\t\t\t  settings: {\r\n\t\t\t\t\t\t\t\tslidesToShow: 1,\r\n\t\t\t\t\t\t\t\tslidesToScroll: 1,  \r\n\t\t\t\t\t\t\t  }\r\n\t\t\t\t\t\t\t},\r\n\t\t\t\t\t\t\t{\r\n\t\t\t\t\t\t\t  breakpoint: 1025,\r\n\t\t\t\t\t\t\t  settings: {\r\n\t\t\t\t\t\t\t\tslidesToShow: 1,\r\n\t\t\t\t\t\t\t\tslidesToScroll: 1\r\n\t\t\t\t\t\t\t  }\r\n\t\t\t\t\t\t\t},\r\n\t\t\t\t\t\t\t{\r\n\t\t\t\t\t\t\t  breakpoint: 760,\r\n\t\t\t\t\t\t\t  settings: {\r\n\t\t\t\t\t\t\t\tslidesToShow: 1,\r\n\t\t\t\t\t\t\t\tslidesToScroll: 1\r\n\t\t\t\t\t\t\t  }\r\n\t\t\t\t\t\t\t}\r\n\t\t\t\t\t\t],pauseOnDotsHover: true,customPaging: function(slider, i) {\r\n                   return '<i type=\"button\" style= \"color:#333333;\" class=\"ultsl-record\" data-role=\"none\"><\/i>';\r\n                },});\r\n\t\t\t\t\t}\r\n\t\t\t\t});\r\n\t\t\t<\/script>\r\n\t\t\t[gsf_space desktop=&#8221;20&#8243; tablet=&#8221;75&#8243; tablet_portrait=&#8221;65&#8243; mobile_landscape=&#8221;55&#8243; mobile=&#8221;0&#8243;][\/vc_column_inner][\/vc_row_inner][\/vc_column][\/vc_row][vc_row css=&#8221;.vc_custom_1563951180396{background-image: url(https:\/\/demo8.thuythu.com\/hoangkim\/wp-content\/uploads\/2019\/06\/background-tree-white.jpg?id=6216) !important;background-position: center !important;background-repeat: no-repeat !important;background-size: cover !important;}&#8221; el_id=&#8221;about_sec_3&#8243;][vc_column el_class=&#8221;container&#8221;][gsf_space desktop=&#8221;100&#8243; tablet=&#8221;75&#8243; tablet_portrait=&#8221;65&#8243; mobile_landscape=&#8221;55&#8243; mobile=&#8221;45&#8243;][vc_single_image image=&#8221;6350&#8243; img_size=&#8221;full&#8221; el_class=&#8221;pos-absolute right-neg-375 top-neg-155 sm-display-none&#8221;][vc_row_inner][vc_column_inner width=&#8221;1\/2&#8243; css=&#8221;.vc_custom_1562037326677{padding-right: 80px !important;}&#8221;][vc_custom_heading text=&#8221;Ch\u1ee9ng nh\u1eadn &amp; gi\u1ea3i th\u01b0\u1edfng&#8221; font_container=&#8221;tag:h2|font_size:30px|text_align:left|color:%23333333&#8243; google_fonts=&#8221;font_family:Josefin%20Sans%3A100%2C100italic%2C300%2C300italic%2Cregular%2Citalic%2C600%2C600italic%2C700%2C700italic|font_style:700%20bold%20regular%3A700%3Anormal&#8221; css=&#8221;.vc_custom_1562040767974{margin-bottom: 0px !important;padding-bottom: 5px !important;padding-left: 15px !important;}&#8221;][vc_text_separator title=&#8221;&#8221; title_align=&#8221;separator_align_left&#8221; align=&#8221;align_left&#8221; color=&#8221;custom&#8221; border_width=&#8221;2&#8243; el_width=&#8221;20&#8243; accent_color=&#8221;#fcd96c&#8221; css=&#8221;.vc_custom_1705683897167{padding-left: 15px !important;}&#8221;]<div id=\"ult-carousel-5331289269e364f08a379\" class=\"ult-carousel-wrapper   ult_horizontal\" data-gutter=\"8\" data-rtl=\"false\" ><div class=\"ult-carousel-166608850669e364f08a354 \" >[vc_single_image image=&#8221;51934&#8243; img_size=&#8221;full&#8221; onclick=&#8221;link_image&#8221;]<\/div><\/div>\t\t\t<script type=\"text\/javascript\">\r\n\t\t\t\tjQuery(document).ready(function ($) {\r\n\t\t\t\t\tif( typeof jQuery('.ult-carousel-166608850669e364f08a354').slick == \"function\"){\r\n\t\t\t\t\t\t$('.ult-carousel-166608850669e364f08a354').slick({dots: false,autoplay: true,autoplaySpeed: 5000,speed: 300,infinite: true,arrows: false,slidesToScroll:2,slidesToShow:2,swipe: true,draggable: true,touchMove: true,pauseOnHover: true,pauseOnFocus: false,responsive: [\r\n\t\t\t\t\t\t\t{\r\n\t\t\t\t\t\t\t  breakpoint: 1026,\r\n\t\t\t\t\t\t\t  settings: {\r\n\t\t\t\t\t\t\t\tslidesToShow: 2,\r\n\t\t\t\t\t\t\t\tslidesToScroll: 2,  \r\n\t\t\t\t\t\t\t  }\r\n\t\t\t\t\t\t\t},\r\n\t\t\t\t\t\t\t{\r\n\t\t\t\t\t\t\t  breakpoint: 1025,\r\n\t\t\t\t\t\t\t  settings: {\r\n\t\t\t\t\t\t\t\tslidesToShow: 3,\r\n\t\t\t\t\t\t\t\tslidesToScroll: 3\r\n\t\t\t\t\t\t\t  }\r\n\t\t\t\t\t\t\t},\r\n\t\t\t\t\t\t\t{\r\n\t\t\t\t\t\t\t  breakpoint: 760,\r\n\t\t\t\t\t\t\t  settings: {\r\n\t\t\t\t\t\t\t\tslidesToShow: 2,\r\n\t\t\t\t\t\t\t\tslidesToScroll: 2\r\n\t\t\t\t\t\t\t  }\r\n\t\t\t\t\t\t\t}\r\n\t\t\t\t\t\t],pauseOnDotsHover: true,customPaging: function(slider, i) {\r\n                   return '<i type=\"button\" style= \"color:#333333;\" class=\"ultsl-record\" data-role=\"none\"><\/i>';\r\n                },});\r\n\t\t\t\t\t}\r\n\t\t\t\t});\r\n\t\t\t<\/script>\r\n\t\t\t[\/vc_column_inner][vc_column_inner width=&#8221;1\/2&#8243; css=&#8221;.vc_custom_1562038665374{border-right-width: 1px !important;border-right-color: #e0e0e0 !important;border-right-style: solid !important;}&#8221;][vc_custom_heading text=&#8221;Tr\u1ea3i nghi\u1ec7m t\u1eeb kh\u00e1ch h\u00e0ng&#8221; font_container=&#8221;tag:h2|font_size:30px|text_align:left|color:%23333333&#8243; google_fonts=&#8221;font_family:Josefin%20Sans%3A100%2C100italic%2C300%2C300italic%2Cregular%2Citalic%2C600%2C600italic%2C700%2C700italic|font_style:700%20bold%20regular%3A700%3Anormal&#8221; css=&#8221;.vc_custom_1658990291296{margin-bottom: 0px !important;padding-bottom: 5px !important;padding-left: 15px !important;}&#8221;][vc_text_separator title=&#8221;&#8221; title_align=&#8221;separator_align_left&#8221; align=&#8221;align_left&#8221; color=&#8221;custom&#8221; border_width=&#8221;2&#8243; el_width=&#8221;20&#8243; accent_color=&#8221;#fcd96c&#8221; css=&#8221;.vc_custom_1705683904706{padding-left: 15px !important;}&#8221;][gsf_testimonials _columns=&#8221;1&#8243; values=&#8221;%5B%7B%22author_bio%22%3A%22Shop%20giao%20h%C3%A0ng%20si%C3%AAu%20nhanh%2C%20%C4%83n%20ngon%20l%E1%BA%AFn%2C%20%C4%91%C6%B0%E1%BB%A3c%20t%E1%BA%B7ng%20th%C3%AAm%206%20b%E1%BB%8Bch%20nh%E1%BB%8F%20n%E1%BB%AFa%2C%20thank%20shop%22%2C%22author_name%22%3A%22annathuytran%22%2C%22author_avatar%22%3A%2251935%22%2C%22author_link%22%3A%22https%3A%2F%2Fshopee.vn%2FG%25E1%25BA%25A0O-FOOD-C%25C6%25A0M-CH%25C3%2581Y-CH%25C3%2580-B%25C3%2594NG-TR%25E1%25BB%25A8NG-MU%25E1%25BB%2590I-250G-i.4930536.2026679015%3Fxptdk%3D67d18018-1836-4f3b-82dc-d7f4abc9f63a%22%7D%2C%7B%22author_bio%22%3A%22Ok%20l%E1%BA%AFm%20%E1%BA%A1%2C%20t%C6%B0%E1%BB%9Fng%20kh%C3%B4ng%20h%E1%BB%A3p%20nh%C6%B0ng%20l%E1%BA%A1i%20h%E1%BB%A3p%20kh%C3%B4ng%20t%C6%B0%E1%BB%9Fng%20%3D)))%20b%E1%BB%99t%20ph%C3%B4%20mai%20nhi%E1%BB%81u%20l%E1%BA%AFm%20lun%2C%20v%E1%BB%9Bi%20c%E1%BA%A3%20%C4%83n%20nhi%E1%BB%81u%20th%C3%AC%20%C4%91au%20h%C3%A0m%20tr%C3%AAn%20nh%C6%B0ng%20kh%C3%B4ng%20d%E1%BB%ABng%20%C4%91%C6%B0%E1%BB%A3c%20v%C3%AC%20em%20no%C3%A1%20ngon%20qu%C3%A1%22%2C%22author_name%22%3A%22c*****4%22%2C%22author_avatar%22%3A%2251936%22%2C%22author_link%22%3A%22https%3A%2F%2Fshopee.vn%2FG%25E1%25BA%25A0O-FOOD-C%25C6%25A0M-CH%25C3%2581Y-L%25E1%25BA%25AEC-CH%25C3%2580-B%25C3%2594NG-PH%25C3%2594-MAI-250G-i.4930536.3008840126%3Fxptdk%3Db310f836-5b60-4e00-aec8-495d5e86e6d5%22%7D%5D&#8221; items_rows=&#8221;2&#8243;][\/vc_column_inner][\/vc_row_inner][vc_single_image image=&#8221;6391&#8243; img_size=&#8221;full&#8221; el_class=&#8221;pos-absolute left-neg-375 bottom-0 sm-display-none&#8221;][gsf_space desktop=&#8221;60&#8243; tablet=&#8221;75&#8243; tablet_portrait=&#8221;65&#8243; mobile_landscape=&#8221;55&#8243; mobile=&#8221;45&#8243;][\/vc_column][\/vc_row][vc_row css=&#8221;.vc_custom_1563951201656{background-color: #ffffff !important;background-position: center !important;background-repeat: no-repeat !important;background-size: cover !important;}&#8221; el_id=&#8221;about_sec_4&#8243;][vc_column][gsf_partner partners=&#8221;%5B%7B%22images%22%3A%2251928%22%7D%2C%7B%22images%22%3A%226556%22%7D%2C%7B%22images%22%3A%2251929%22%7D%2C%7B%22images%22%3A%2251930%22%7D%5D&#8221;][\/vc_column][\/vc_row]<\/p>\n","protected":false},"excerpt":{"rendered":"<p>[vc_row css=&#8221;.vc_custom_1564122167998{padding-top: 300px !important;padding-bottom: 300px !important;background-image: url(https:\/\/demo8.thuythu.com\/hoangkim\/wp-content\/uploads\/2019\/07\/960.jpg?id=6527) !important;background-position: center !important;background-repeat: no-repeat !important;background-size: cover !important;}&#8221; el_id=&#8221;bg_about_sec_1&#8243;][vc_column][\/vc_column][\/vc_row][vc_row css=&#8221;.vc_custom_1563951143991{background: #ffffff url(https:\/\/demo8.thuythu.com\/hoangkim\/wp-content\/uploads\/2019\/07\/bg-10.jpg?id=6513) !important;background-position: center !important;background-repeat: no-repeat !important;background-size: cover !important;}&#8221; el_id=&#8221;about_sec_1&#8243;][vc_column][vc_row_inner el_class=&#8221;about_sub&#8221; css=&#8221;.vc_custom_1705304766510{margin-top: -300px !important;border-top-width: 1px !important;border-right-width: 1px !important;border-bottom-width: 1px !important;border-left-width: 1px !important;padding-top: 60px !important;padding-right: 20px !important;padding-bottom: 30px !important;padding-left: 90px !important;background-image: url(https:\/\/demo8.thuythu.com\/hoangkim\/wp-content\/uploads\/2024\/01\/bg-about-3.jpg?id=51932) !important;background-position: center !important;background-repeat: no-repeat !important;background-size: cover !important;border-left-color: #683e00 [&hellip;]<\/p>\n","protected":false},"author":1,"featured_media":0,"parent":0,"menu_order":0,"comment_status":"closed","ping_status":"closed","template":"","meta":{"inline_featured_image":false,"footnotes":""},"lang":"vi","translations":{"vi":6470},"pll_sync_post":[],"_links":{"self":[{"href":"https:\/\/demo8.thuythu.com\/hoangkim\/wp-json\/wp\/v2\/pages\/6470"}],"collection":[{"href":"https:\/\/demo8.thuythu.com\/hoangkim\/wp-json\/wp\/v2\/pages"}],"about":[{"href":"https:\/\/demo8.thuythu.com\/hoangkim\/wp-json\/wp\/v2\/types\/page"}],"author":[{"embeddable":true,"href":"https:\/\/demo8.thuythu.com\/hoangkim\/wp-json\/wp\/v2\/users\/1"}],"replies":[{"embeddable":true,"href":"https:\/\/demo8.thuythu.com\/hoangkim\/wp-json\/wp\/v2\/comments?post=6470"}],"version-history":[{"count":81,"href":"https:\/\/demo8.thuythu.com\/hoangkim\/wp-json\/wp\/v2\/pages\/6470\/revisions"}],"predecessor-version":[{"id":52044,"href":"https:\/\/demo8.thuythu.com\/hoangkim\/wp-json\/wp\/v2\/pages\/6470\/revisions\/52044"}],"wp:attachment":[{"href":"https:\/\/demo8.thuythu.com\/hoangkim\/wp-json\/wp\/v2\/media?parent=6470"}],"curies":[{"name":"wp","href":"https:\/\/api.w.org\/{rel}","templated":true}]}}