{"id":6574,"date":"2019-07-02T04:41:58","date_gmt":"2019-07-02T04:41:58","guid":{"rendered":"https:\/\/demo8.thuythu.com\/hoangkim\/?page_id=6574"},"modified":"2024-01-22T16:57:17","modified_gmt":"2024-01-22T09:57:17","slug":"tuyen-dung","status":"publish","type":"page","link":"https:\/\/demo8.thuythu.com\/hoangkim\/tuyen-dung\/","title":{"rendered":"Tuy\u1ec3n d\u1ee5ng"},"content":{"rendered":"<p>[vc_row css=&#8221;.vc_custom_1564126120200{padding-top: 300px !important;padding-bottom: 300px !important;background-image: url(https:\/\/demo8.thuythu.com\/hoangkim\/wp-content\/uploads\/2019\/06\/2.jpg?id=6274) !important;}&#8221; el_id=&#8221;bg_recruit_sec_1&#8243;][vc_column][\/vc_column][\/vc_row][vc_row container_width=&#8221;limit&#8221; css=&#8221;.vc_custom_1563954308992{margin-top: -300px !important;border-top-width: 1px !important;border-right-width: 1px !important;border-bottom-width: 1px !important;border-left-width: 1px !important;padding-top: 80px !important;padding-right: 80px !important;padding-bottom: 80px !important;padding-left: 80px !important;background-image: url(https:\/\/demo8.thuythu.com\/hoangkim\/wp-content\/uploads\/2019\/06\/bg-about.jpg?id=6262) !important;background-position: center !important;background-repeat: no-repeat !important;background-size: cover !important;border-left-color: #683e00 !important;border-left-style: dashed !important;border-right-color: #683e00 !important;border-right-style: dashed !important;border-top-color: #683e00 !important;border-top-style: dashed !important;border-bottom-color: #683e00 !important;border-bottom-style: dashed !important;border-radius: 35px !important;}&#8221; el_id=&#8221;recruitment_sec_1&#8243;][vc_column][vc_row_inner css=&#8221;.vc_custom_1563954926677{padding-right: 60px !important;padding-left: 60px !important;}&#8221; el_id=&#8221;recruitment_sub&#8221;][vc_column_inner][vc_custom_heading text=&#8221;M\u00f4i tr\u01b0\u1eddng l\u00e0m vi\u1ec7c t\u1ea1i TARYU&#8221; font_container=&#8221;tag:h2|font_size:45px|text_align:left|color:%23fcd96c&#8221; google_fonts=&#8221;font_family:Josefin%20Sans%3A100%2C100italic%2C300%2C300italic%2Cregular%2Citalic%2C600%2C600italic%2C700%2C700italic|font_style:700%20bold%20regular%3A700%3Anormal&#8221; el_class=&#8221;&#8221; css=&#8221;.vc_custom_1705917407115{margin-bottom: 0px !important;padding-bottom: 0px !important;}&#8221;][vc_custom_heading text=&#8221;Tham gia gia \u0111\u00ecnh TARYU ngay t\u1eeb h\u00f4m nay!&#8221; font_container=&#8221;tag:h2|font_size:35|text_align:left|color:%23333333|line_height:28px&#8221; google_fonts=&#8221;font_family:Dancing%20Script%3Aregular%2C700|font_style:400%20regular%3A400%3Anormal&#8221; el_class=&#8221;&#8221; css=&#8221;.vc_custom_1705917413368{padding-bottom: 5px !important;}&#8221;][vc_text_separator title=&#8221;&#8221; title_align=&#8221;separator_align_left&#8221; align=&#8221;align_left&#8221; color=&#8221;custom&#8221; border_width=&#8221;2&#8243; el_width=&#8221;20&#8243; accent_color=&#8221;#fcd96c&#8221;][vc_column_text el_class=&#8221;&#8221;]H\u00e3y \u0111\u1ebfn v\u1edbi TARYU. M\u00f4i tr\u01b0\u1eddng l\u00e0m vi\u1ec7c tr\u1ebb trung, n\u0103ng \u0111\u1ed9ng, chuy\u00ean nghi\u1ec7p v\u00e0 nhi\u1ec1u ch\u1ebf \u0111\u1ed9 \u0111\u00e3i ng\u1ed9 t\u1ed1t. N\u1ebfu b\u1ea1n c\u00f3 n\u0103ng l\u1ef1c, ch\u00fang t\u00f4i s\u1ebd \u0111\u1ecbnh h\u01b0\u1edbng v\u00e0 t\u1ea1o \u0111i\u1ec1u ki\u1ec7n \u0111\u1ec3 b\u1ea1n ph\u00e1t tri\u1ec3n.[\/vc_column_text][vc_btn title=&#8221;Xem h\u00ecnh \u1ea3nh ho\u1ea1t \u0111\u1ed9ng&#8221; style=&#8221;outline&#8221; color=&#8221;inverse&#8221; align=&#8221;left&#8221; i_align=&#8221;right&#8221; i_icon_fontawesome=&#8221;fa fa-long-arrow-right&#8221; add_icon=&#8221;true&#8221; link=&#8221;url:https%3A%2F%2Fdemo8.thuythu.com%2Fhoangkim%2Fcategory%2Fthu-vien-video-anh%2F|||&#8221;][\/vc_column_inner][\/vc_row_inner][\/vc_column][\/vc_row][vc_row css=&#8221;.vc_custom_1563954325095{background-position: center !important;background-repeat: no-repeat !important;background-size: cover !important;}&#8221; el_id=&#8221;recruitment_sec_2&#8243;][vc_column el_class=&#8221;container&#8221;][gsf_space desktop=&#8221;95&#8243; tablet=&#8221;75&#8243; tablet_portrait=&#8221;65&#8243; mobile_landscape=&#8221;55&#8243; mobile=&#8221;45&#8243;][vc_custom_heading text=&#8221;V\u1ecb tr\u00ed tuy\u1ec3n d\u1ee5ng&#8221; font_container=&#8221;tag:h2|font_size:42px|text_align:center|color:%23fcd96c&#8221; google_fonts=&#8221;font_family:Josefin%20Sans%3A100%2C100italic%2C300%2C300italic%2Cregular%2Citalic%2C600%2C600italic%2C700%2C700italic|font_style:700%20bold%20regular%3A700%3Anormal&#8221; css=&#8221;.vc_custom_1705683535538{margin-top: 0px !important;margin-bottom: 0px !important;padding-top: 0px !important;padding-bottom: 0px !important;}&#8221;][vc_column_text el_class=&#8221;&#8221; css=&#8221;.vc_custom_1705917438069{margin-bottom: 0px !important;padding-bottom: 10px !important;}&#8221;]<\/p>\n<p style=\"text-align: center;\"><span style=\"color: #333333;\">N\u1ed9p h\u1ed3 s\u01a1 c\u1ee7a b\u1ea1n ngay h\u00f4m nay \u0111\u1ec3 nh\u1eadn \u0111\u01b0\u1ee3c ch\u00ednh s\u00e1ch \u0111\u00e3i ng\u1ed9<br \/>\n<\/span><span style=\"color: #333333;\">nh\u00e2n vi\u00ean h\u1ea5p d\u1eabn t\u1eeb TARYU<\/span><\/p>\n<p>[\/vc_column_text][vc_text_separator title=&#8221;&#8221; title_align=&#8221;separator_align_left&#8221; color=&#8221;custom&#8221; border_width=&#8221;2&#8243; el_width=&#8221;10&#8243; accent_color=&#8221;#fcd96c&#8221;][vc_basic_grid post_type=&#8221;post&#8221; max_items=&#8221;-1&#8243; style=&#8221;pagination&#8221; items_per_page=&#8221;3&#8243; item=&#8221;6381&#8243; grid_id=&#8221;vc_gid:1705917384953-ac46f23c-98c3-2&#8243; taxonomies=&#8221;180&#8243;][\/vc_column][\/vc_row][vc_row css=&#8221;.vc_custom_1563954350063{padding-top: 90px !important;padding-bottom: 90px !important;background-image: url(https:\/\/demo8.thuythu.com\/hoangkim\/wp-content\/uploads\/2019\/07\/cspmt.jpg?id=6388) !important;background-position: center !important;background-repeat: no-repeat !important;background-size: cover !important;}&#8221; el_id=&#8221;recruitment_sec_3&#8243;][vc_column][vc_row_inner css=&#8221;.vc_custom_1562047433475{border-top-width: 2px !important;border-right-width: 2px !important;border-bottom-width: 2px !important;border-left-width: 2px !important;padding-top: 60px !important;padding-right: 20px !important;padding-bottom: 30px !important;padding-left: 20px !important;background-position: center !important;background-repeat: no-repeat !important;background-size: cover !important;border-left-color: #9e703f !important;border-left-style: dashed !important;border-right-color: #9e703f !important;border-right-style: dashed !important;border-top-color: #9e703f !important;border-top-style: dashed !important;border-bottom-color: #9e703f !important;border-bottom-style: dashed !important;border-radius: 35px !important;}&#8221;][vc_column_inner width=&#8221;1\/6&#8243;][\/vc_column_inner][vc_column_inner width=&#8221;2\/3&#8243;][vc_custom_heading text=&#8221;Quy tr\u00ecnh \u1ee9ng tuy\u1ec3n t\u1ea1i TARYU&#8221; font_container=&#8221;tag:h2|font_size:42px|text_align:center|color:%23ffffff&#8221; google_fonts=&#8221;font_family:Josefin%20Sans%3A100%2C100italic%2C300%2C300italic%2Cregular%2Citalic%2C600%2C600italic%2C700%2C700italic|font_style:700%20bold%20regular%3A700%3Anormal&#8221; el_class=&#8221;&#8221; css=&#8221;.vc_custom_1705917445271{margin-top: 0px !important;margin-bottom: 0px !important;padding-top: 0px !important;padding-bottom: 0px !important;}&#8221;][vc_column_text css=&#8221;.vc_custom_1562047297484{margin-bottom: 0px !important;padding-bottom: 10px !important;}&#8221;]<\/p>\n<p style=\"text-align: center;\"><span style=\"color: #ffffff;\">Lorem ipsum dolor sit amet, consectetur adipiscing elit, sed do eiusmod tempor incididunt ut labore et dolore magna aliqua. Ut enim ad minim veniam, quis nostrud exercitation ullamco laboris nisi ut aliquip ex ea commodo consequat.<\/span><\/p>\n<p>[\/vc_column_text][vc_text_separator title=&#8221;&#8221; title_align=&#8221;separator_align_left&#8221; color=&#8221;custom&#8221; border_width=&#8221;2&#8243; el_width=&#8221;10&#8243; accent_color=&#8221;#eab45e&#8221;][gsf_time_line values=&#8221;%5B%7B%22year%22%3A%221%22%2C%22description%22%3A%22N%E1%BB%99p%20h%E1%BB%93%20s%C6%A1%20%E1%BB%A9ng%20tuy%E1%BB%83n%20%C4%91%E1%BA%BFn%20TARYU%5CnEmail%3A%20hr%40taryu.vn%22%7D%2C%7B%22year%22%3A%222%22%2C%22description%22%3A%22Th%E1%BB%B1c%20hi%E1%BB%87n%20ki%E1%BB%83m%20ra%20n%C4%83ng%20l%E1%BB%B1c%5CnQQ4%20Ba%20V%C3%AC%2C%20Ph%C6%B0%E1%BB%9Dng%2015%2C%20Qu%E1%BA%ADn%2010%2C%20TPHCM%22%7D%2C%7B%22year%22%3A%223%22%2C%22description%22%3A%22Ph%E1%BB%8Fng%20v%E1%BA%A5n%20tr%E1%BB%B1c%20ti%E1%BA%BFp%22%7D%2C%7B%22year%22%3A%224%22%2C%22description%22%3A%22Tr%E1%BB%9F%20th%C3%A0nh%20th%C3%A0nh%20vi%C3%AAn%20c%E1%BB%A7a%20TARYU%22%7D%5D&#8221; items=&#8221;3&#8243; items_md=&#8221;3&#8243; items_sm=&#8221;3&#8243; items_xs=&#8221;3&#8243; items_mb=&#8221;1&#8243; el_class=&#8221;&#8221;][gsf_space desktop=&#8221;30&#8243; tablet=&#8221;75&#8243; tablet_portrait=&#8221;65&#8243; mobile_landscape=&#8221;55&#8243; mobile=&#8221;45&#8243;][\/vc_column_inner][vc_column_inner width=&#8221;1\/6&#8243;][\/vc_column_inner][\/vc_row_inner][\/vc_column][\/vc_row]<\/p>\n","protected":false},"excerpt":{"rendered":"<p>[vc_row css=&#8221;.vc_custom_1564126120200{padding-top: 300px !important;padding-bottom: 300px !important;background-image: url(https:\/\/demo8.thuythu.com\/hoangkim\/wp-content\/uploads\/2019\/06\/2.jpg?id=6274) !important;}&#8221; el_id=&#8221;bg_recruit_sec_1&#8243;][vc_column][\/vc_column][\/vc_row][vc_row container_width=&#8221;limit&#8221; css=&#8221;.vc_custom_1563954308992{margin-top: -300px !important;border-top-width: 1px !important;border-right-width: 1px !important;border-bottom-width: 1px !important;border-left-width: 1px !important;padding-top: 80px !important;padding-right: 80px !important;padding-bottom: 80px !important;padding-left: 80px !important;background-image: url(https:\/\/demo8.thuythu.com\/hoangkim\/wp-content\/uploads\/2019\/06\/bg-about.jpg?id=6262) !important;background-position: center !important;background-repeat: no-repeat !important;background-size: cover !important;border-left-color: #683e00 !important;border-left-style: dashed !important;border-right-color: #683e00 !important;border-right-style: dashed !important;border-top-color: #683e00 !important;border-top-style: dashed !important;border-bottom-color: #683e00 !important;border-bottom-style: dashed !important;border-radius: 35px !important;}&#8221; [&hellip;]<\/p>\n","protected":false},"author":1,"featured_media":0,"parent":0,"menu_order":0,"comment_status":"closed","ping_status":"closed","template":"","meta":{"inline_featured_image":false,"footnotes":""},"lang":"vi","translations":{"vi":6574},"pll_sync_post":[],"_links":{"self":[{"href":"https:\/\/demo8.thuythu.com\/hoangkim\/wp-json\/wp\/v2\/pages\/6574"}],"collection":[{"href":"https:\/\/demo8.thuythu.com\/hoangkim\/wp-json\/wp\/v2\/pages"}],"about":[{"href":"https:\/\/demo8.thuythu.com\/hoangkim\/wp-json\/wp\/v2\/types\/page"}],"author":[{"embeddable":true,"href":"https:\/\/demo8.thuythu.com\/hoangkim\/wp-json\/wp\/v2\/users\/1"}],"replies":[{"embeddable":true,"href":"https:\/\/demo8.thuythu.com\/hoangkim\/wp-json\/wp\/v2\/comments?post=6574"}],"version-history":[{"count":19,"href":"https:\/\/demo8.thuythu.com\/hoangkim\/wp-json\/wp\/v2\/pages\/6574\/revisions"}],"predecessor-version":[{"id":52051,"href":"https:\/\/demo8.thuythu.com\/hoangkim\/wp-json\/wp\/v2\/pages\/6574\/revisions\/52051"}],"wp:attachment":[{"href":"https:\/\/demo8.thuythu.com\/hoangkim\/wp-json\/wp\/v2\/media?parent=6574"}],"curies":[{"name":"wp","href":"https:\/\/api.w.org\/{rel}","templated":true}]}}