{"id":3866,"date":"2017-08-15T02:54:36","date_gmt":"2017-08-15T02:54:36","guid":{"rendered":"https:\/\/demo8.thuythu.com\/hoangkim\/?post_type=product&#038;p=3866"},"modified":"2024-01-20T00:22:36","modified_gmt":"2024-01-19T17:22:36","slug":"com-chay-rong-bien","status":"publish","type":"product","link":"https:\/\/demo8.thuythu.com\/hoangkim\/product\/com-chay-rong-bien\/","title":{"rendered":"C\u01a1m ch\u00e1y rong bi\u1ec3n"},"content":{"rendered":"<p>C\u01a1m ch\u00e1y rong bi\u1ec3n l\u00e0 m\u00f3n \u0103n v\u1eb7t \u0111\u00e1ng \u0111\u1ec1 c\u1eed cho nh\u1eefng ng\u00e0y chay ho\u1eb7c thay th\u1ebf c\u00e1c m\u00f3n \u0103n v\u1eb7t nhi\u1ec1u \u0111\u01b0\u1eddng, th\u1ee9c \u0103n nhanh khi b\u1ea1n s\u1ee3 t\u0103ng c\u00e2n. C\u01a1m ch\u00e1y rong bi\u1ec3n nh\u00e0 G\u1ea1o ngo\u00e0i v\u1ecb ngon kh\u00f4ng th\u1ec3 t\u00ecm ki\u1ebfm \u0111\u01b0\u1ee3c \u1edf n\u01a1i kh\u00e1c, th\u00ec c\u00f2n c\u00f3 l\u00fd do \u0111\u1eb7c bi\u1ec7t m\u00e0 nh\u00e0 G\u1ea1o lu\u00f4n \u0111\u01b0\u1ee3c kh\u00e1ch h\u00e0ng tin t\u01b0\u1edfng v\u00e0 mua d\u00f9ng \u0111\u00f3 l\u00e0 nguy\u00ean li\u1ec7u rong bi\u1ec3n \u0111\u01b0\u1ee3c G\u1ea0O ch\u1ebf bi\u1ebfn si\u00eau s\u1ea1ch, v\u00e0 lu\u00f4n \u0111\u1ea3m b\u1ea3o an to\u00e0n v\u1ec7 sinh th\u1ef1c ph\u1ea9m cho t\u1eebng mi\u1ebfng c\u01a1m ch\u00e1y c\u1ee7a nh\u00e0 G\u1ea1o l\u00e0m ra.<\/p>\n<p>T\u1ea5t c\u1ea3 c\u00e1c lo\u1ea1i c\u01a1m ch\u00e1y c\u1ee7a G\u1ea1o \u0111\u1ec1u \u0111\u01b0\u1ee3c s\u1ea3n xu\u1ea5t ngay sau khi nh\u1eadn \u0111\u01b0\u1ee3c \u0111\u01a1n h\u00e0ng nh\u1eb1m mang \u0111\u1ebfn s\u1ea3n ph\u1ea9m ph\u00f9 h\u1ee3p nh\u1ea5t v\u1edbi kh\u1ea9u v\u1ecb t\u1eebng kh\u00e1ch h\u00e0ng.B\u1ea1n c\u00f3 th\u1ec3 tin t\u01b0\u1edfng v\u00e0 \u0111\u1eb7t mua ngay cho m\u00ecnh lo\u1ea1i s\u1ea3n ph\u1ea9m n\u00e0y \u0111\u1ec3 \u0103n th\u1eed ngay nh\u00e9!<\/p>\n","protected":false},"excerpt":{"rendered":"<p>Th\u00e0nh ph\u1ea7n: C\u01a1m 78%, rong bi\u1ec3n 7%, n\u01b0\u1edbc m\u1eafm 10%, \u0111\u01b0\u1eddng 4%, \u1edbt 0.5%, h\u00e0nh 0.5%.<br \/>\nH\u01b0\u1edbng d\u1eabn s\u1eed d\u1ee5ng: d\u00f9ng ngay sau khi m\u1edf t\u00fai.<br \/>\nB\u1ea3o qu\u1ea3n: b\u1ea3o qu\u1ea3n n\u01a1i tho\u00e1ng m\u00e1t, kh\u00f4 r\u00e1o, tr\u00e1nh \u00e1nh n\u1eafng tr\u1ef1c ti\u1ebfp.<br \/>\nH\u1ea1n s\u1eed d\u1ee5ng: 03 th\u00e1ng.<br \/>\n\u0110\u01a1n v\u1ecb s\u1ea3n xu\u1ea5t: H\u1ed8 KINH DOANH QU\u1ef2NH ANH.<\/p>\n","protected":false},"featured_media":7916,"comment_status":"open","ping_status":"closed","template":"","meta":{"inline_featured_image":false},"product_cat":[224,14595,226,239,221],"product_tag":[14597],"lang":"vi","translations":{"vi":3866},"pll_sync_post":[],"_links":{"self":[{"href":"https:\/\/demo8.thuythu.com\/hoangkim\/wp-json\/wp\/v2\/product\/3866"}],"collection":[{"href":"https:\/\/demo8.thuythu.com\/hoangkim\/wp-json\/wp\/v2\/product"}],"about":[{"href":"https:\/\/demo8.thuythu.com\/hoangkim\/wp-json\/wp\/v2\/types\/product"}],"replies":[{"embeddable":true,"href":"https:\/\/demo8.thuythu.com\/hoangkim\/wp-json\/wp\/v2\/comments?post=3866"}],"wp:featuredmedia":[{"embeddable":true,"href":"https:\/\/demo8.thuythu.com\/hoangkim\/wp-json\/wp\/v2\/media\/7916"}],"wp:attachment":[{"href":"https:\/\/demo8.thuythu.com\/hoangkim\/wp-json\/wp\/v2\/media?parent=3866"}],"wp:term":[{"taxonomy":"product_cat","embeddable":true,"href":"https:\/\/demo8.thuythu.com\/hoangkim\/wp-json\/wp\/v2\/product_cat?post=3866"},{"taxonomy":"product_tag","embeddable":true,"href":"https:\/\/demo8.thuythu.com\/hoangkim\/wp-json\/wp\/v2\/product_tag?post=3866"}],"curies":[{"name":"wp","href":"https:\/\/api.w.org\/{rel}","templated":true}]}}