{"id":3884,"date":"2017-08-15T06:48:40","date_gmt":"2017-08-14T23:48:40","guid":{"rendered":"https:\/\/demo8.thuythu.com\/hoangkim\/?post_type=product&#038;p=3884"},"modified":"2024-01-20T00:22:34","modified_gmt":"2024-01-19T17:22:34","slug":"com-chay-lac-cha-bong-pho-mai","status":"publish","type":"product","link":"https:\/\/demo8.thuythu.com\/hoangkim\/product\/com-chay-lac-cha-bong-pho-mai\/","title":{"rendered":"C\u01a1m ch\u00e1y l\u1eafc ch\u00e0 b\u00f4ng ph\u00f4 mai"},"content":{"rendered":"<p>N\u1ebfu \u0111\u01b0\u1ee3c h\u1ecfi m\u00f3n \u0103n n\u00e0o m\u00e0 b\u1ea1n ngh\u0129 l\u00e0 NGON &#8211; B\u1ed4 &#8211; R\u1eba v\u00e0 S\u1ea0CH, th\u00ec nh\u00e0 G\u1ea1o s\u1ebd \u0111\u1ec1 c\u1eed cho m\u00f3n C\u01a1m ch\u00e1y l\u1eafc ph\u00f4 mai ch\u00e0 b\u00f4ng ngay v\u00e0 lu\u00f4n nh\u00e9. V\u1eeba ngon, v\u1eeba r\u1ebb, v\u1eeba ti\u1ec7n th\u00ec c\u00f2n \u0111\u1ee3i g\u00ec m\u00e0 b\u1ea1n kh\u00f4ng gh\u00e9 nh\u00e0 G\u1ea1o \u0111\u1eb7t h\u00e0ng \u0111\u00e2y? C\u01a1m ch\u00e1y l\u1eafc ph\u00f4 mai ch\u00e0 b\u00f4ng nh\u00e0 G\u1ea1o l\u00e0 s\u1ef1 k\u1ebft h\u1ee3p c\u1ee7a v\u1ecb gi\u00f2n tan t\u1eeb c\u1ee7a c\u01a1m ch\u00e1y v\u1edbi m\u1ed9t ch\u00fat v\u1ecb b\u00e9o b\u00e9o c\u1ee7a ph\u00f4 mai, th\u00eam m\u1ed9t ch\u00fat v\u1ecb m\u1eb7n m\u1eb7n ng\u1ecdt ng\u1ecdt c\u1ee7a ch\u00e0 b\u00f4ng, th\u1eadt s\u1ef1 l\u00e0 m\u1ed9t v\u1ecb ngon si\u00eau si\u00eau \u0111\u1ec9nh m\u00e0 G\u1ea1o ch\u1ebf bi\u1ebfn b\u1eb1ng c\u1ea3 t\u00e2m huy\u1ebft \u0111\u1ec3 mang \u0111\u1ebfn cho b\u1ea1n s\u1ef1 th\u01b0\u1edfng th\u1ee9c tr\u1ecdn v\u1eb9n \u0111\u1ea5y nha.<\/p>\n<p>T\u1ea5t c\u1ea3 c\u00e1c lo\u1ea1i c\u01a1m ch\u00e1y c\u1ee7a G\u1ea1o \u0111\u1ec1u \u0111\u01b0\u1ee3c s\u1ea3n xu\u1ea5t ngay sau khi nh\u1eadn \u0111\u01b0\u1ee3c \u0111\u01a1n h\u00e0ng nh\u1eb1m mang \u0111\u1ebfn s\u1ea3n ph\u1ea9m ph\u00f9 h\u1ee3p nh\u1ea5t v\u1edbi kh\u1ea9u v\u1ecb t\u1eebng kh\u00e1ch h\u00e0ng. B\u1ea1n c\u00f3 th\u1ec3 tin t\u01b0\u1edfng v\u00e0 \u0111\u1eb7t mua ngay cho m\u00ecnh lo\u1ea1i s\u1ea3n ph\u1ea9m n\u00e0y \u0111\u1ec3 \u0103n th\u1eed ngay nh\u00e9!<\/p>\n","protected":false},"excerpt":{"rendered":"<p>Th\u00e0nh ph\u1ea7n: C\u01a1m 69%, ch\u00e0 b\u00f4ng g\u00e0 14%, n\u01b0\u1edbc m\u1eafm 10%, \u0111\u01b0\u1eddng 4%, ph\u00f4 mai 2%, \u1edbt 0.5%, h\u00e0nh 0.5%.<br \/>\nH\u01b0\u1edbng d\u1eabn s\u1eed d\u1ee5ng: d\u00f9ng ngay sau khi m\u1edf t\u00fai.<br \/>\nB\u1ea3o qu\u1ea3n: b\u1ea3o qu\u1ea3n n\u01a1i tho\u00e1ng m\u00e1t, kh\u00f4 r\u00e1o, tr\u00e1nh \u00e1nh n\u1eafng tr\u1ef1c ti\u1ebfp.<br \/>\nH\u1ea1n s\u1eed d\u1ee5ng: 06 th\u00e1ng.<br \/>\n\u0110\u01a1n v\u1ecb s\u1ea3n xu\u1ea5t: H\u1ed8 KINH DOANH QU\u1ef2NH ANH.<\/p>\n","protected":false},"featured_media":51926,"comment_status":"open","ping_status":"closed","template":"","meta":{"inline_featured_image":false},"product_cat":[224,14595,226,239,221],"product_tag":[],"lang":"vi","translations":{"vi":3884},"pll_sync_post":[],"_links":{"self":[{"href":"https:\/\/demo8.thuythu.com\/hoangkim\/wp-json\/wp\/v2\/product\/3884"}],"collection":[{"href":"https:\/\/demo8.thuythu.com\/hoangkim\/wp-json\/wp\/v2\/product"}],"about":[{"href":"https:\/\/demo8.thuythu.com\/hoangkim\/wp-json\/wp\/v2\/types\/product"}],"replies":[{"embeddable":true,"href":"https:\/\/demo8.thuythu.com\/hoangkim\/wp-json\/wp\/v2\/comments?post=3884"}],"wp:featuredmedia":[{"embeddable":true,"href":"https:\/\/demo8.thuythu.com\/hoangkim\/wp-json\/wp\/v2\/media\/51926"}],"wp:attachment":[{"href":"https:\/\/demo8.thuythu.com\/hoangkim\/wp-json\/wp\/v2\/media?parent=3884"}],"wp:term":[{"taxonomy":"product_cat","embeddable":true,"href":"https:\/\/demo8.thuythu.com\/hoangkim\/wp-json\/wp\/v2\/product_cat?post=3884"},{"taxonomy":"product_tag","embeddable":true,"href":"https:\/\/demo8.thuythu.com\/hoangkim\/wp-json\/wp\/v2\/product_tag?post=3884"}],"curies":[{"name":"wp","href":"https:\/\/api.w.org\/{rel}","templated":true}]}}