{"id":7291,"date":"2020-08-29T15:53:57","date_gmt":"2020-08-29T08:53:57","guid":{"rendered":"https:\/\/demo8.thuythu.com\/hoangkim\/?post_type=product&#038;p=7291"},"modified":"2024-01-20T00:22:34","modified_gmt":"2024-01-19T17:22:34","slug":"com-chay-mam-ruoc-sa","status":"publish","type":"product","link":"https:\/\/demo8.thuythu.com\/hoangkim\/product\/com-chay-mam-ruoc-sa\/","title":{"rendered":"C\u01a1m ch\u00e1y m\u1eafm ru\u1ed1c s\u1ea3"},"content":{"rendered":"<p><span data-sheets-formula-bar-text-style=\"font-size:13px;color:#000000;font-weight:normal;text-decoration:none;font-family:'Arial';font-style:normal;text-decoration-skip-ink:none;\">M\u00f3n c\u01a1m ch\u00e1y \u0111\u00e3 tr\u1edf th\u00e0nh m\u1ed9t m\u00f3n \u0103n v\u1eb7t kh\u00f4ng th\u1ec3 thi\u1ebfu c\u1ee7a ch\u1ecb em nh\u00e0 nh\u00e0. Trong \u0111\u00f3, kh\u00f4ng th\u1ec3 kh\u00f4ng nh\u1eafc \u0111\u1ebfn m\u00f3n c\u01a1m ch\u00e1y m\u1eafm ru\u1ed1c s\u1ea3 c\u1ee7a nh\u00e0 G\u1ea1o. \u0110\u00e2y l\u00e0 m\u1ed9t trong nh\u1eefng s\u1ea3n ph\u1ea9m \u0111\u01b0\u1ee3c nhi\u1ec1u kh\u00e1ch h\u00e0ng y\u00eau th\u00edch v\u00e0 b\u00e1n ch\u1ea1y nh\u1ea5t t\u1ea1i G\u1ea0O. <\/span><span data-sheets-formula-bar-text-style=\"font-size:13px;color:#000000;font-weight:bold;text-decoration:none;font-family:''Arial'';font-style:normal;text-decoration-skip-ink:none;\">C<\/span><span data-sheets-formula-bar-text-style=\"font-size:13px;color:#000000;font-weight:bold;text-decoration:none;font-family:''Arial'';font-style:italic;text-decoration-skip-ink:none;\">\u01a1m ch\u00e1y m\u1eafm ru\u1ed1c s\u1ea3<\/span> <span data-sheets-formula-bar-text-style=\"font-size:13px;color:#000000;font-weight:normal;text-decoration:none;font-family:'Arial';font-style:normal;text-decoration-skip-ink:none;\">\u0111\u01b0\u1ee3c k\u1ebft h\u1ee3p t\u1eeb v\u1ecb c\u01a1m ch\u00e1y gi\u00f2n tan v\u00e0 v\u1ecb m\u1eb7n m\u1eb7n t\u1eeb m\u1eafm ru\u1ed1c, v\u1ecb th\u01a1m th\u01a1m cay cay t\u1eeb s\u1ea3, mang \u0111\u1ebfn cho b\u1ea1n s\u1ef1 tr\u1ea3i nghi\u1ec7m ch\u1ec9 c\u00f3 th\u1ec3 n\u00f3i l\u00e0 NGON TUY\u1ec6T C\u00da M\u00c8O. <\/span><\/p>\n<p><span data-sheets-formula-bar-text-style=\"font-size:13px;color:#000000;font-weight:normal;text-decoration:none;font-family:'Arial';font-style:normal;text-decoration-skip-ink:none;\">C\u01a1m Ch\u00e1y G\u1ea1o \u0111\u01b0\u1ee3c t\u1ea1o n\u00ean t\u1eeb nh\u1eefng h\u1ea1t g\u1ea1o ngon, c\u00f4ng th\u1ee9c ch\u1ebf bi\u1ebfn gia truy\u1ec1n, v\u00e0 lu\u00f4n lu\u00f4n h\u01b0\u1edbng t\u1edbi ti\u00eau ch\u00ed an to\u00e0n th\u1ef1c ph\u1ea9m cho kh\u00e1ch h\u00e0ng. V\u1eady n\u00ean n\u1ebfu d\u00f9ng c\u01a1m ch\u00e1y nh\u00e0 G\u1ea1o m\u1ed9t l\u1ea7n, b\u1ea1n ch\u1eafc ch\u1eafn s\u1ebd quay l\u1ea1i v\u00e0 lu\u00f4n tin ch\u1ecdn G\u1ea1o \u0111\u1ea5y nha. Nhanh tay \u0111\u1eb7t mua c\u01a1m ch\u00e1y nh\u00e0 G\u1ea1o d\u00f9ng th\u1eed v\u00e0 th\u1eadt lu\u00f4n b\u1ea1n nh\u00e9!<\/span><\/p>\n","protected":false},"excerpt":{"rendered":"<p>Th\u00e0nh ph\u1ea7n: C\u01a1m 85%, m\u1eafm ru\u1ed1c 15%.<br \/>\nH\u01b0\u1edbng d\u1eabn s\u1eed d\u1ee5ng: d\u00f9ng ngay sau khi m\u1edf t\u00fai.<br \/>\nB\u1ea3o qu\u1ea3n: b\u1ea3o qu\u1ea3n n\u01a1i tho\u00e1ng m\u00e1t, kh\u00f4 r\u00e1o, tr\u00e1nh \u00e1nh n\u1eafng tr\u1ef1c ti\u1ebfp.<br \/>\nH\u1ea1n s\u1eed d\u1ee5ng: 01 th\u00e1ng.<br \/>\n\u0110\u01a1n v\u1ecb s\u1ea3n xu\u1ea5t: H\u1ed8 KINH DOANH QU\u1ef2NH ANH.<\/p>\n","protected":false},"featured_media":7917,"comment_status":"open","ping_status":"closed","template":"","meta":{"inline_featured_image":false},"product_cat":[224,14595,226,239,221],"product_tag":[],"lang":"vi","translations":{"vi":7291},"pll_sync_post":[],"_links":{"self":[{"href":"https:\/\/demo8.thuythu.com\/hoangkim\/wp-json\/wp\/v2\/product\/7291"}],"collection":[{"href":"https:\/\/demo8.thuythu.com\/hoangkim\/wp-json\/wp\/v2\/product"}],"about":[{"href":"https:\/\/demo8.thuythu.com\/hoangkim\/wp-json\/wp\/v2\/types\/product"}],"replies":[{"embeddable":true,"href":"https:\/\/demo8.thuythu.com\/hoangkim\/wp-json\/wp\/v2\/comments?post=7291"}],"wp:featuredmedia":[{"embeddable":true,"href":"https:\/\/demo8.thuythu.com\/hoangkim\/wp-json\/wp\/v2\/media\/7917"}],"wp:attachment":[{"href":"https:\/\/demo8.thuythu.com\/hoangkim\/wp-json\/wp\/v2\/media?parent=7291"}],"wp:term":[{"taxonomy":"product_cat","embeddable":true,"href":"https:\/\/demo8.thuythu.com\/hoangkim\/wp-json\/wp\/v2\/product_cat?post=7291"},{"taxonomy":"product_tag","embeddable":true,"href":"https:\/\/demo8.thuythu.com\/hoangkim\/wp-json\/wp\/v2\/product_tag?post=7291"}],"curies":[{"name":"wp","href":"https:\/\/api.w.org\/{rel}","templated":true}]}}