{"id":7781,"date":"2021-09-25T10:25:17","date_gmt":"2021-09-25T03:25:17","guid":{"rendered":"https:\/\/demo8.thuythu.com\/hoangkim\/?post_type=product&#038;p=7781"},"modified":"2024-01-20T00:22:34","modified_gmt":"2024-01-19T17:22:34","slug":"com-chay-cha-bong-heo","status":"publish","type":"product","link":"https:\/\/demo8.thuythu.com\/hoangkim\/product\/com-chay-cha-bong-heo\/","title":{"rendered":"C\u01a1m ch\u00e1y ch\u00e0 b\u00f4ng heo"},"content":{"rendered":"<p><span data-sheets-formula-bar-text-style=\"font-size:13px;color:#000000;font-weight:bold;text-decoration:none;font-family:''Arial'';font-style:italic;text-decoration-skip-ink:none;\">C\u01a1m ch\u00e1y ch\u00e0 b\u00f4ng <\/span><span data-sheets-formula-bar-text-style=\"font-size:13px;color:#000000;font-weight:normal;text-decoration:none;font-family:'Arial';font-style:normal;text-decoration-skip-ink:none;\">nh\u00e0 G\u1ea1o l\u00e0 m\u1ed9t trong nh\u1eefng m\u00f3n \u0111\u1eb7c s\u1ea3n kh\u00e1 n\u1ed5i ti\u1ebfng m\u00e0 h\u1ea7u nh\u01b0 c\u00e1c kh\u00e1ch h\u00e0ng du l\u1ecbch v\u00e0o S\u00e0i G\u00f2n \u0111\u1ec1u ch\u1ecdn mua d\u00f9ng v\u00e0 l\u00e0m qu\u00e0 bi\u1ebfu b\u1ea1n b\u00e8 v\u00e0 ng\u01b0\u1eddi th\u00e2n. Ngo\u00e0i v\u1ecb ngon kh\u00f4ng th\u1ec3 t\u00ecm ki\u1ebfm \u0111\u01b0\u1ee3c \u1edf n\u01a1i kh\u00e1c, th\u00ec c\u00f2n c\u00f3 l\u00fd do \u0111\u1eb7c bi\u1ec7t m\u00e0 nh\u00e0 G\u1ea1o lu\u00f4n \u0111\u01b0\u1ee3c kh\u00e1ch h\u00e0ng tin t\u01b0\u1edfng v\u00e0 mua d\u00f9ng \u0111\u00f3 l\u00e0 nguy\u00ean li\u1ec7u ch\u00e0 b\u00f4ng \u0111\u01b0\u1ee3c G\u1ea0O ch\u1ecdn l\u1ecdc v\u00e0 ch\u1ebf bi\u1ebfn si\u00eau s\u1ea1ch, lu\u00f4n \u0111\u1ea3m b\u1ea3o an to\u00e0n v\u1ec7 sinh th\u1ef1c ph\u1ea9m cho t\u1eebng mi\u1ebfng c\u01a1m ch\u00e1y c\u1ee7a nh\u00e0 G\u1ea1o l\u00e0m ra. <\/span><\/p>\n<p><span data-sheets-formula-bar-text-style=\"font-size:13px;color:#000000;font-weight:normal;text-decoration:none;font-family:'Arial';font-style:normal;text-decoration-skip-ink:none;\">C\u01a1m ch\u00e1y ch\u00e0 b\u00f4ng l\u00e0 s\u1ef1 k\u1ebft h\u1ee3p xu\u1ea5t s\u1eafc c\u1ee7a v\u1ecb gi\u00f2n r\u1ee5m t\u1eeb c\u01a1m ch\u00e1y v\u1edbi m\u1ed9t ch\u00fat v\u1ecb m\u1eb7n m\u1eb7n ng\u1ecdt ng\u1ecdt c\u1ee7a ch\u00e0 b\u00f4ng si\u00eau si\u00eau ngon lu\u00f4n nha. T\u1ea5t c\u1ea3 c\u00e1c lo\u1ea1i c\u01a1m ch\u00e1y c\u1ee7a G\u1ea1o \u0111\u1ec1u \u0111\u01b0\u1ee3c s\u1ea3n xu\u1ea5t ngay sau khi nh\u1eadn \u0111\u01b0\u1ee3c \u0111\u01a1n h\u00e0ng nh\u1eb1m mang \u0111\u1ebfn s\u1ea3n ph\u1ea9m ph\u00f9 h\u1ee3p nh\u1ea5t v\u1edbi kh\u1ea9u v\u1ecb t\u1eebng kh\u00e1ch h\u00e0ng.B\u1ea1n c\u00f3 th\u1ec3 tin t\u01b0\u1edfng v\u00e0 \u0111\u1eb7t mua ngay cho m\u00ecnh lo\u1ea1i s\u1ea3n ph\u1ea9m n\u00e0y \u0111\u1ec3 \u0103n th\u1eed ngay nh\u00e9!<\/span><\/p>\n","protected":false},"excerpt":{"rendered":"<p>Th\u00e0nh ph\u1ea7n: C\u01a1m 71%, ch\u00e0 b\u00f4ng heo 14%, n\u01b0\u1edbc m\u1eafm 10%, \u0111\u01b0\u1eddng 4%, \u1edbt 0.5%, h\u00e0nh 0.5%.<br \/>\nH\u01b0\u1edbng d\u1eabn s\u1eed d\u1ee5ng: d\u00f9ng ngay sau khi m\u1edf t\u00fai.<br \/>\nB\u1ea3o qu\u1ea3n: b\u1ea3o qu\u1ea3n n\u01a1i tho\u00e1ng m\u00e1t, kh\u00f4 r\u00e1o, tr\u00e1nh \u00e1nh n\u1eafng tr\u1ef1c ti\u1ebfp.<br \/>\nH\u1ea1n s\u1eed d\u1ee5ng: 06 th\u00e1ng.<br \/>\n\u0110\u01a1n v\u1ecb s\u1ea3n xu\u1ea5t: H\u1ed8 KINH DOANH QU\u1ef2NH ANH.<\/p>\n","protected":false},"featured_media":7785,"comment_status":"open","ping_status":"closed","template":"","meta":{"inline_featured_image":false},"product_cat":[224,14595,226,239,221],"product_tag":[],"lang":"vi","translations":{"vi":7781},"pll_sync_post":[],"_links":{"self":[{"href":"https:\/\/demo8.thuythu.com\/hoangkim\/wp-json\/wp\/v2\/product\/7781"}],"collection":[{"href":"https:\/\/demo8.thuythu.com\/hoangkim\/wp-json\/wp\/v2\/product"}],"about":[{"href":"https:\/\/demo8.thuythu.com\/hoangkim\/wp-json\/wp\/v2\/types\/product"}],"replies":[{"embeddable":true,"href":"https:\/\/demo8.thuythu.com\/hoangkim\/wp-json\/wp\/v2\/comments?post=7781"}],"wp:featuredmedia":[{"embeddable":true,"href":"https:\/\/demo8.thuythu.com\/hoangkim\/wp-json\/wp\/v2\/media\/7785"}],"wp:attachment":[{"href":"https:\/\/demo8.thuythu.com\/hoangkim\/wp-json\/wp\/v2\/media?parent=7781"}],"wp:term":[{"taxonomy":"product_cat","embeddable":true,"href":"https:\/\/demo8.thuythu.com\/hoangkim\/wp-json\/wp\/v2\/product_cat?post=7781"},{"taxonomy":"product_tag","embeddable":true,"href":"https:\/\/demo8.thuythu.com\/hoangkim\/wp-json\/wp\/v2\/product_tag?post=7781"}],"curies":[{"name":"wp","href":"https:\/\/api.w.org\/{rel}","templated":true}]}}