{"id":1016,"date":"2020-08-11T10:48:36","date_gmt":"2020-08-11T03:48:36","guid":{"rendered":"https:\/\/demo8.thuythu.com\/hooray\/?page_id=1016"},"modified":"2020-09-16T00:29:43","modified_gmt":"2020-09-15T17:29:43","slug":"gioi-thieu-moi-truong-hoc-tap","status":"publish","type":"page","link":"https:\/\/demo8.thuythu.com\/hooray\/gioi-thieu-moi-truong-hoc-tap\/","title":{"rendered":"Gi\u1edbi thi\u1ec7u m\u00f4i tr\u01b0\u1eddng h\u1ecdc t\u1eadp"},"content":{"rendered":"\t\t<div data-elementor-type=\"wp-page\" data-elementor-id=\"1016\" class=\"elementor elementor-1016\" data-elementor-settings=\"[]\">\n\t\t\t<div class=\"elementor-inner\">\n\t\t\t\t<div class=\"elementor-section-wrap\">\n\t\t\t\t\t\t\t<section class=\"elementor-element elementor-element-550607c elementor-section-stretched elementor-section-full_width elementor-section-height-default elementor-section-height-default elementor-section elementor-top-section\" data-id=\"550607c\" data-element_type=\"section\" data-settings=\"{&quot;stretch_section&quot;:&quot;section-stretched&quot;}\">\n\t\t\t\t\t\t<div class=\"elementor-container elementor-column-gap-default\">\n\t\t\t\t<div class=\"elementor-row\">\n\t\t\t\t<div class=\"elementor-element elementor-element-90ea1f4 elementor-column elementor-col-100 elementor-top-column\" data-id=\"90ea1f4\" data-element_type=\"column\">\n\t\t\t<div class=\"elementor-column-wrap  elementor-element-populated\">\n\t\t\t\t\t<div class=\"elementor-widget-wrap\">\n\t\t\t\t<div class=\"elementor-element elementor-element-bc9c52f elementor-widget elementor-widget-about_section\" data-id=\"bc9c52f\" data-element_type=\"widget\" data-widget_type=\"about_section.default\">\n\t\t\t\t<div class=\"elementor-widget-container\">\n\t\t\t        <!-- Begin text-block -->\r\n\r\n        <section class=\"text-block pb-xs-50 pb-sm-65 pb-md-90 pb-lg-120 pt-xs-30 pt-md-60\">\r\n            <div class=\"container\">\r\n                <div class=\"row align-items-sm-center align-items-lg-start\">\r\n                    <div class=\"col-lg-12 col-xl-6\">\r\n                        <div class=\"block-header pt-0\">\r\n                            <p class=\"mb-xs-15 mb-lg-8\"> \r\n        M\u00f4i tr\u01b0\u1eddng h\u1ecdc t\u1eadp                            <\/p>\r\n                            <h2 class=\"mb-xs-25 mb-md-25\"> \r\n        Tr\u01b0\u1eddng M\u1ea7m non Song ng\u1eef <span>Hooray<\/span>                            <\/h2>\r\n                        <\/div>\r\n        <p class=\"mb-xs-15 mb-lg-8\">An to\u00e0n tuy\u1ec7t \u0111\u1ed1i \u0111\u1ed3ng th\u1eddi k\u00edch th\u00edch s\u1ef1 kh\u00e1m ph\u00e1 \u0111\u1ea7y n\u0103ng \u0111\u1ed9ng c\u1ee7a tr\u1ebb nh\u1ecf. M\u1ecdi v\u1eadt d\u1ee5ng v\u00e0 h\u1ecdc c\u1ee5 \u0111\u1ec1u ph\u1ea3i tho\u1ea3 m\u00e3n \u0111\u01b0\u1ee3c c\u00e1c \u0111\u00f2i h\u1ecfi kh\u1eaft khe c\u1ee7a gi\u00e1o d\u1ee5c m\u1ea7m non. Hooray l\u00e0 m\u1ed9t m\u00f4i tr\u01b0\u1eddng s\u00e1ng t\u1ea1o, v\u1edbi t\u00ednh th\u1ea9m m\u1ef9 cao. M\u1ed9t ng\u00f4i tr\u01b0\u1eddng h\u1ea5p d\u1eabn con tr\u1ebb nh\u1edd \u0111\u01b0\u01a1c ch\u0103m ch\u00fat t\u1eebng chi ti\u1ebft nh\u1ecf.<\/p><p>Hooray ch\u00fa tr\u1ecdng y\u1ebfu t\u1ed1 thi\u00ean nhi\u00ean v\u00e0 kh\u00ed tr\u1eddi. Tr\u1ebb \u0111\u01b0\u1ee3c ti\u1ebfp x\u00fac v\u1edbi c\u00e2y xanh h\u1eb1ng ng\u00e0y. C\u00e1c ph\u00f2ng h\u1ecdc chan ho\u00e0 \u00e1nh s\u00e1ng, do v\u1eady kh\u00f4ng c\u1ea7n th\u1eafp \u0111i\u1ec7n trong c\u00e1c gi\u1edd h\u1ecdc. Vi\u1ec7c b\u1ed1 tr\u00ed ph\u00f2ng h\u1ecdc \u0111\u1ee7\u00a0\u00e1nh s\u00e1ng t\u1ef1 nhi\u00ean gi\u00fap tr\u00e1nh cho tr\u1ebb nh\u1eefng t\u1ed5n th\u01b0\u01a1ng v\u1ec1 m\u1eaft, \u0111i\u1ec3n h\u00ecnh l\u00e0 v\u1ea5n \u0111\u1ec3 c\u1eadn th\u1ecb.<\/p>                    <\/div>\r\n                    <div class=\"col-lg-12 col-xl-6\">\r\n                        <div class=\"svg-block video-block\">\r\n                                        <a href=\"https:\/\/www.youtube.com\/watch?v=NkfKechADow\" data-toggle=\"lightbox\">\r\n                                    <img src=\"https:\/\/demo8.thuythu.com\/hooray\/wp-content\/themes\/childit\/assets\/img\/lazy.png\" class=\"video-prev lazy\" data-src=\"https:\/\/demo8.thuythu.com\/hooray\/wp-content\/uploads\/2019\/10\/SOSO7209-scaled.jpg\" alt=\"\">\r\n                                    <p class=\"video-btn\">\r\n                                        <span class=\"play-ico animate x2\"><span>\r\n                                                <img src=\"https:\/\/demo8.thuythu.com\/hooray\/wp-content\/themes\/childit\/assets\/img\/lazy.png\" class=\"lazy\" data-src='https:\/\/demo8.thuythu.com\/hooray\/wp-content\/themes\/childit\/assets\/img\/play.png' alt=\"\">\r\n                                            <\/span>\r\n                                        <\/span>\r\n                                    <\/p>\r\n                                <\/a>\r\n                                <\/div>\r\n                    <\/div>\r\n                <\/div>\r\n            <\/div>\r\n        <\/section>\r\n        <!-- Begin text-block -->\r\n        \t\t<\/div>\n\t\t\t\t<\/div>\n\t\t\t\t\t\t<\/div>\n\t\t\t<\/div>\n\t\t<\/div>\n\t\t\t\t\t\t<\/div>\n\t\t\t<\/div>\n\t\t<\/section>\n\t\t\t\t<section class=\"elementor-element elementor-element-4505add elementor-section-stretched elementor-section-full_width elementor-section-height-default elementor-section-height-default elementor-section elementor-top-section\" data-id=\"4505add\" data-element_type=\"section\" data-settings=\"{&quot;stretch_section&quot;:&quot;section-stretched&quot;}\">\n\t\t\t\t\t\t<div class=\"elementor-container elementor-column-gap-no\">\n\t\t\t\t<div class=\"elementor-row\">\n\t\t\t\t<div class=\"elementor-element elementor-element-9c36439 elementor-column elementor-col-100 elementor-top-column\" data-id=\"9c36439\" data-element_type=\"column\">\n\t\t\t<div class=\"elementor-column-wrap  elementor-element-populated\">\n\t\t\t\t\t<div class=\"elementor-widget-wrap\">\n\t\t\t\t<div class=\"elementor-element elementor-element-79e0d34 elementor-widget elementor-widget-vision-mission\" data-id=\"79e0d34\" data-element_type=\"widget\" data-widget_type=\"vision-mission.default\">\n\t\t\t\t<div class=\"elementor-widget-container\">\n\t\t\t        <!-- Begin statements -->\r\n        <section class=\"wave-block pt-xs-110 pt-md-120 pt-lg-150 mb-xs-50 mb-sm-50 mb-md-70 mb-lg-120 lazy\" data-src=\"https:\/\/demo8.thuythu.com\/hooray\/wp-content\/uploads\/2019\/09\/blue-wave.png\">\r\n            <div class=\"container\">\r\n                <div class=\"row\">\r\n                    <div class=\"col-12\">\r\n                        <div class=\"section-header\">\r\n                            <p class=\"h-sub\">M\u00f4i tr\u01b0\u1eddng s\u00e1ng t\u1ea1o<\/p>\r\n                            <h2>T\u1ea1i sao ch\u1ecdn Hooray<\/h2>\r\n                        <\/div>\r\n                        <ul class=\"statement-list statement-slider\" data-show-count='3' data-show-count-md='2' data-show-count-mob='1' data-slick-speed=\"5000\" data-slick-autoplay=\"true\">\r\n                                                                <li>\r\n                                        <div class=\"statement-card\">\r\n                                            <div class=\"statement-ico\">\r\n                                                <img src=\"https:\/\/demo8.thuythu.com\/hooray\/wp-content\/themes\/childit\/assets\/img\/lazy.png\" class=\"lazy\" data-src=\"https:\/\/demo8.thuythu.com\/hooray\/wp-content\/uploads\/2019\/09\/paper.svg\" alt=\"\">\r\n                                            <\/div>\r\n                                            <h4>An to\u00e0n tuy\u1ec7t \u0111\u1ed1i<\/h4>\r\n                                            <p>An to\u00e0n tuy\u1ec7t \u0111\u1ed1i \u0111\u1ed3ng th\u1eddi k\u00edch th\u00edch s\u1ef1 kh\u00e1m ph\u00e1 \u0111\u1ea7y n\u0103ng \u0111\u1ed9ng c\u1ee7a tr\u1ebb nh\u1ecf. M\u1ecdi v\u1eadt d\u1ee5ng v\u00e0 h\u1ecdc c\u1ee5 \u0111\u1ec1u ph\u1ea3i tho\u1ea3 m\u00e3n \u0111\u01b0\u1ee3c c\u00e1c \u0111\u00f2i h\u1ecfi kh\u1eaft khe.<\/p>\r\n                                        <\/div>\r\n                                    <\/li>\r\n                                                                        <li>\r\n                                        <div class=\"statement-card\">\r\n                                            <div class=\"statement-ico\">\r\n                                                <img src=\"https:\/\/demo8.thuythu.com\/hooray\/wp-content\/themes\/childit\/assets\/img\/lazy.png\" class=\"lazy\" data-src=\"https:\/\/demo8.thuythu.com\/hooray\/wp-content\/uploads\/2019\/09\/vision.svg\" alt=\"\">\r\n                                            <\/div>\r\n                                            <h4>M\u00f4i tr\u01b0\u1eddng s\u00e1ng t\u1ea1o<\/h4>\r\n                                            <p>Hooray l\u00e0 m\u1ed9t m\u00f4i tr\u01b0\u1eddng s\u00e1ng t\u1ea1o, v\u1edbi t\u00ednh th\u1ea9m m\u1ef9 cao. M\u1ed9t ng\u00f4i tr\u01b0\u1eddng h\u1ea5p d\u1eabn con tr\u1ebb nh\u1edd \u0111\u01b0\u01a1c ch\u0103m ch\u00fat t\u1eebng chi ti\u1ebft nh\u1ecf.<\/p>\r\n                                        <\/div>\r\n                                    <\/li>\r\n                                                                        <li>\r\n                                        <div class=\"statement-card\">\r\n                                            <div class=\"statement-ico\">\r\n                                                <img src=\"https:\/\/demo8.thuythu.com\/hooray\/wp-content\/themes\/childit\/assets\/img\/lazy.png\" class=\"lazy\" data-src=\"https:\/\/demo8.thuythu.com\/hooray\/wp-content\/uploads\/2019\/09\/philosophy.svg\" alt=\"\">\r\n                                            <\/div>\r\n                                            <h4>Ch\u01b0\u01a1ng tr\u00ecnh chu\u1ea9n<\/h4>\r\n                                            <p>C\u00e1c nh\u00e0 nghi\u00ean c\u1ee9u gi\u00e1o d\u1ee5c v\u00e0 ng\u00f4n ng\u1eef kh\u1eb3ng \u0111\u1ecbnh r\u1eb1ng s\u1ed1ng trong m\u00f4i tr\u01b0\u1eddng song ng\u1eef s\u1ebd t\u1ed1t cho s\u1ef1 ph\u00e1t tri\u1ec3n tr\u00ed n\u00e3o v\u00e0 t\u00ecnh c\u1ea3m x\u00e3 h\u1ed9i c\u1ee7a tr\u1ebb.<\/p>\r\n                                        <\/div>\r\n                                    <\/li>\r\n                                                            <\/ul>\r\n                    <\/div>\r\n                <\/div>\r\n            <\/div>\r\n        <\/section>\r\n        <!-- End statements -->\r\n        \t\t<\/div>\n\t\t\t\t<\/div>\n\t\t\t\t\t\t<\/div>\n\t\t\t<\/div>\n\t\t<\/div>\n\t\t\t\t\t\t<\/div>\n\t\t\t<\/div>\n\t\t<\/section>\n\t\t\t\t<section class=\"elementor-element elementor-element-7a8f1da elementor-section-stretched elementor-section-full_width elementor-section-height-default elementor-section-height-default elementor-section elementor-top-section\" data-id=\"7a8f1da\" data-element_type=\"section\" data-settings=\"{&quot;stretch_section&quot;:&quot;section-stretched&quot;}\">\n\t\t\t\t\t\t<div class=\"elementor-container elementor-column-gap-default\">\n\t\t\t\t<div class=\"elementor-row\">\n\t\t\t\t<div class=\"elementor-element elementor-element-4e0516e elementor-column elementor-col-100 elementor-top-column\" data-id=\"4e0516e\" data-element_type=\"column\">\n\t\t\t<div class=\"elementor-column-wrap  elementor-element-populated\">\n\t\t\t\t\t<div class=\"elementor-widget-wrap\">\n\t\t\t\t<div class=\"elementor-element elementor-element-2579482 elementor-widget elementor-widget-advantage2\" data-id=\"2579482\" data-element_type=\"widget\" data-widget_type=\"advantage2.default\">\n\t\t\t\t<div class=\"elementor-widget-container\">\n\t\t\t        <!-- Begin advantage-list second -->\r\n        <section class=\"mb-xs-60 mb-sm-70 mb-md-90 mb-lg-120\">\r\n            <div class=\"container\">\r\n                <div class=\"row\">\r\n                    <div class=\"col-lg-12\">\r\n                        <div class=\"section-header\">\r\n                            <p class=\"h-sub\">\r\n                                Chu\u1ea9n b\u1ecb cho con b\u1ea1n s\u1eb5n s\u00e0ng \u0111i h\u1ecdc                            <\/p>\r\n                            <h2>\r\n                                C\u1ea3m nh\u1eadn s\u1ef1 kh\u00e1c bi\u1ec7t                            <\/h2>\r\n                            <p>\r\n                                Nh\u1eefng g\u00ec mang l\u1ea1i cho c\u00e1c tr\u01b0\u1eddng c\u1ee7a ch\u00fang t\u00f4i ch\u1ea5t l\u01b0\u1ee3ng m\u00e0 b\u1ea1n c\u1ea3m th\u1ea5y ngay khi nh\u1eadp h\u1ecdc ch\u00ednh l\u00e0 \u201c\u0111i\u1ec1u quan tr\u1ecdng\u201d c\u1ee7a ni\u1ec1m tin h\u1ed7 tr\u1ee3 h\u1ecd. C\u00f3 b\u1ed1n ni\u1ec1m tin c\u1ed1t l\u00f5i m\u00e0 m\u1ecdi th\u1ee9 t\u1eadp trung v\u00e0o c\u00e1c tr\u01b0\u1eddng h\u1ecdc c\u1ee7a ch\u00fang t\u00f4i.                            <\/p>\r\n                        <\/div>\r\n                        <ol class=\"advantage-list advantage-second\">\r\n\r\n                                                                <li>\r\n                                        <div class=\"advantage-block\">\r\n                                            <h5>M\u00f4i tr\u01b0\u1eddng h\u1ecdc qu\u1ed1c t\u1ebf<\/h5>\r\n                                            <p>Hooray l\u00e0 tr\u01b0\u1eddng m\u1ea7m non Song ng\u1eef, tri\u1ec3n khai gi\u1ea3ng d\u1ea1y theo gi\u00e1o tr\u00ecnh Acelero Learning c\u1ee7a Hoa K\u1ef3.\n\n<\/p>\r\n                                        <\/div>\r\n                                    <\/li>\r\n                                                                        <li>\r\n                                        <div class=\"advantage-block\">\r\n                                            <h5>Ch\u01b0\u01a1ng tr\u00ecnh chu\u1ea9n<\/h5>\r\n                                            <p>Hooray l\u00e0 m\u00f4i tr\u01b0\u1eddng song ng\u1eef th\u1ef1c th\u1ee5, v\u1edbi 50% th\u1eddi gian h\u1ecdc t\u1eadp v\u00e0 vui ch\u01a1i c\u1ee7a tr\u1ebb b\u1eb1ng ti\u1ebfng Anh.<\/p>\r\n                                        <\/div>\r\n                                    <\/li>\r\n                                                                        <li>\r\n                                        <div class=\"advantage-block\">\r\n                                            <h5>Ho\u1ea1t \u0111\u1ed9ng \u0111a d\u1ea1ng<\/h5>\r\n                                            <p>Ch\u00fa tr\u1ecdng t\u1ea1o nh\u1eefng m\u00f4i tr\u01b0\u1eddng h\u1ecdc t\u1eadp sinh \u0111\u1ed9ng, h\u1ea5p d\u1eabn v\u00e0 g\u1ea7n g\u0169i v\u1edbi th\u1ef1c t\u1ebf.<\/p>\r\n                                        <\/div>\r\n                                    <\/li>\r\n                                                                        <li>\r\n                                        <div class=\"advantage-block\">\r\n                                            <h5>Th\u1ec3 ch\u1ea5t &amp; K\u0129 n\u0103ng<\/h5>\r\n                                            <p>Qua c\u00e1c v\u1eadn \u0111\u1ed9ng \u0111a d\u1ea1ng, tr\u1ebb c\u00f2n h\u1ecdc \u0111\u01b0\u1ee3c r\u00e8n luy\u1ec7n s\u1ee9c kh\u1ecfe v\u00e0 nhi\u1ec1u k\u1ef9 n\u0103ng s\u1ed1ng c\u1ea7n thi\u1ebft.<\/p>\r\n                                        <\/div>\r\n                                    <\/li>\r\n                                                            <\/ol>\r\n                    <\/div>\r\n                <\/div>\r\n            <\/div>\r\n        <\/section>\r\n        <!-- End advantage-list second -->\r\n        \t\t<\/div>\n\t\t\t\t<\/div>\n\t\t\t\t\t\t<\/div>\n\t\t\t<\/div>\n\t\t<\/div>\n\t\t\t\t\t\t<\/div>\n\t\t\t<\/div>\n\t\t<\/section>\n\t\t\t\t<section class=\"elementor-element elementor-element-229537c elementor-section-stretched elementor-section-full_width elementor-section-height-default elementor-section-height-default elementor-section elementor-top-section\" data-id=\"229537c\" data-element_type=\"section\" data-settings=\"{&quot;stretch_section&quot;:&quot;section-stretched&quot;}\">\n\t\t\t\t\t\t<div class=\"elementor-container elementor-column-gap-no\">\n\t\t\t\t<div class=\"elementor-row\">\n\t\t\t\t<div class=\"elementor-element elementor-element-1fb800f elementor-column elementor-col-100 elementor-top-column\" data-id=\"1fb800f\" data-element_type=\"column\">\n\t\t\t<div class=\"elementor-column-wrap  elementor-element-populated\">\n\t\t\t\t\t<div class=\"elementor-widget-wrap\">\n\t\t\t\t<div class=\"elementor-element elementor-element-73d6689 elementor-widget elementor-widget-count\" data-id=\"73d6689\" data-element_type=\"widget\" data-widget_type=\"count.default\">\n\t\t\t\t<div class=\"elementor-widget-container\">\n\t\t\t        <!-- Begin count section -->\r\n        <div class=\"count-section wave-block bg-cover mb-xs-50 mb-sm-55 mb-md-70 mb-lg-120 lazy\" data-src=\"https:\/\/demo8.thuythu.com\/hooray\/wp-content\/uploads\/2020\/09\/slider2.jpg\">\r\n            <div class=\"container\">\r\n                <div class=\"row\">\r\n                    <div class=\"col-12\">\r\n                        <div class=\"count-list\">\r\n                                                                <div class=\"count-block-wrap\">\r\n                                        <div class=\"count-block\">\r\n                                            <div class=\"count-numb\">\r\n                                                <p class=\"numb\" data-number=\"8\">8<\/p>\r\n                                                <img src=\"https:\/\/demo8.thuythu.com\/hooray\/wp-content\/themes\/childit\/assets\/img\/lazy.png\" class=\"lazy\" data-src=\"https:\/\/demo8.thuythu.com\/hooray\/wp-content\/themes\/childit\/assets\/img\/cloud-small.svg\" alt=\"img\">\r\n                                            <\/div>\r\n                                            <div class=\"count-text\">\r\n                                                <p>N\u0103m kinh nghi\u1ec7m<\/p>\r\n                                            <\/div>\r\n                                        <\/div>\r\n                                    <\/div>\r\n                                                                        <div class=\"count-block-wrap\">\r\n                                        <div class=\"count-block\">\r\n                                            <div class=\"count-numb\">\r\n                                                <p class=\"numb\" data-number=\"1000\">1000<\/p>\r\n                                                <img src=\"https:\/\/demo8.thuythu.com\/hooray\/wp-content\/themes\/childit\/assets\/img\/lazy.png\" class=\"lazy\" data-src=\"https:\/\/demo8.thuythu.com\/hooray\/wp-content\/themes\/childit\/assets\/img\/cloud-small.svg\" alt=\"img\">\r\n                                            <\/div>\r\n                                            <div class=\"count-text\">\r\n                                                <p>H\u1ecdc sinh \u0111\u0103ng k\u00fd<\/p>\r\n                                            <\/div>\r\n                                        <\/div>\r\n                                    <\/div>\r\n                                                                        <div class=\"count-block-wrap\">\r\n                                        <div class=\"count-block\">\r\n                                            <div class=\"count-numb\">\r\n                                                <p class=\"numb\" data-number=\"24\">24<\/p>\r\n                                                <img src=\"https:\/\/demo8.thuythu.com\/hooray\/wp-content\/themes\/childit\/assets\/img\/lazy.png\" class=\"lazy\" data-src=\"https:\/\/demo8.thuythu.com\/hooray\/wp-content\/themes\/childit\/assets\/img\/cloud-small.svg\" alt=\"img\">\r\n                                            <\/div>\r\n                                            <div class=\"count-text\">\r\n                                                <p>Gi\u00e1o vi\u00ean chu\u1ea9n m\u1ef1c<\/p>\r\n                                            <\/div>\r\n                                        <\/div>\r\n                                    <\/div>\r\n                                                                        <div class=\"count-block-wrap\">\r\n                                        <div class=\"count-block\">\r\n                                            <div class=\"count-numb\">\r\n                                                <p class=\"numb\" data-number=\"12\">12<\/p>\r\n                                                <img src=\"https:\/\/demo8.thuythu.com\/hooray\/wp-content\/themes\/childit\/assets\/img\/lazy.png\" class=\"lazy\" data-src=\"https:\/\/demo8.thuythu.com\/hooray\/wp-content\/themes\/childit\/assets\/img\/cloud-small.svg\" alt=\"img\">\r\n                                            <\/div>\r\n                                            <div class=\"count-text\">\r\n                                                <p>L\u1edbp h\u1ecdc s\u00e1ng t\u1ea1o<\/p>\r\n                                            <\/div>\r\n                                        <\/div>\r\n                                    <\/div>\r\n                                                            <\/div>\r\n                    <\/div>\r\n                <\/div>\r\n            <\/div>\r\n        <\/div>\r\n        \t\t<\/div>\n\t\t\t\t<\/div>\n\t\t\t\t\t\t<\/div>\n\t\t\t<\/div>\n\t\t<\/div>\n\t\t\t\t\t\t<\/div>\n\t\t\t<\/div>\n\t\t<\/section>\n\t\t\t\t<section class=\"elementor-element elementor-element-d8d571e elementor-section-stretched elementor-section-full_width elementor-section-height-default elementor-section-height-default elementor-section elementor-top-section\" data-id=\"d8d571e\" data-element_type=\"section\" data-settings=\"{&quot;stretch_section&quot;:&quot;section-stretched&quot;}\">\n\t\t\t\t\t\t<div class=\"elementor-container elementor-column-gap-no\">\n\t\t\t\t<div class=\"elementor-row\">\n\t\t\t\t<div class=\"elementor-element elementor-element-0ef91b7 elementor-column elementor-col-100 elementor-top-column\" data-id=\"0ef91b7\" data-element_type=\"column\">\n\t\t\t<div class=\"elementor-column-wrap  elementor-element-populated\">\n\t\t\t\t\t<div class=\"elementor-widget-wrap\">\n\t\t\t\t<div class=\"elementor-element elementor-element-f34ede4 elementor-widget elementor-widget-about_us_three\" data-id=\"f34ede4\" data-element_type=\"widget\" data-widget_type=\"about_us_three.default\">\n\t\t\t\t<div class=\"elementor-widget-container\">\n\t\t\t        <!-- Begin text-block -->\r\n        <section class=\"text-block text-block-reverce pb-xs-50 pb-sm-60 pb-md-60 pb-lg-120 pt-0\">\r\n            <div class=\"container\">\r\n                <div class=\"row align-items-sm-center align-items-lg-start\">\r\n                    <div class=\"col-md-6\">\r\n                        <div class=\"block-header pt-0\">\r\n                            <p class=\"mb-xs-15 mb-lg-8\">\r\n                                Chuy\u00ean nghi\u1ec7p v\u00e0 \u0111\u00e3 t\u1ed1t nghi\u1ec7p                            <\/p>\r\n                            <h2 class=\"mb-xs-25 mb-md-25\">\r\n                                Gi\u00e1o vi\u00ean c\u1ee7a ch\u00fang t\u00f4i c\u00f3 <span>Gi\u00e1o vi\u00ean c\u1ee7a ch\u00fang t\u00f4i c\u00f3 Nguy\u00ean t\u1eafc chu\u1ea9n<\/span>                            <\/h2>\r\n                        <\/div>\r\n                        <p class=\"mb-xs-15 mb-lg-8\">D\u1ef1a tr\u00ean quy t\u1eafc \u0111\u1ea1o \u0111\u1ee9c v\u00e0 h\u01b0\u1edbng d\u1eabn v\u1ec1 gi\u00e1o d\u1ee5c th\u01b0\u1eddng xuy\u00ean nghi\u00eam ng\u1eb7t c\u1ee7a Hooray, \u0111\u1ed9i ng\u0169 nh\u00e2n vi\u00ean chuy\u00ean nghi\u1ec7p c\u1ee7a ch\u00fang t\u00f4i \u0111\u01b0\u1ee3c h\u01b0\u1edbng d\u1eabn b\u1edfi c\u00e1c nguy\u00ean t\u1eafc v\u00e0 quy t\u1eafc \u0111\u1ea1o \u0111\u1ee9c c\u1ee7a c\u00e1c t\u1ed5 ch\u1ee9c gi\u00e1o d\u1ee5c v\u00e0 nh\u01b0 sau:\n\n<\/p>\n                            <ul>\n                                <li>\n                                    <p>American Speech &amp; Hearing Association (ASHA)<\/p>\n                                <\/li>\n                                <li>\n                                    <p>Bell Academy for Listening and Spoken Language<\/p>\n                                <\/li>\n                                <li>\n                                    <p>American Physical Therapy Association (APTA)<\/p>\n                                <\/li>\n                                <li>\n                                    <p>Audiology Foundation of America<\/p>\n                                <\/li>\n                                <li>\n                                    <p>American Board of Audiology<\/p>\n                                <\/li>\n                            <\/ul>                    <\/div>\r\n                    <div class=\"col-md-6\">\r\n                        <div class=\"svg-block video-block\">\r\n                            <img src=\"https:\/\/demo8.thuythu.com\/hooray\/wp-content\/themes\/childit\/assets\/img\/lazy.png\" class=\"video-prev lazy\" data-src=\"https:\/\/demo8.thuythu.com\/hooray\/wp-content\/uploads\/2019\/09\/education-big.png\" alt=\"\">\r\n                        <\/div>\r\n                    <\/div>\r\n                <\/div>\r\n            <\/div>\r\n        <\/section>\r\n        \t\t<\/div>\n\t\t\t\t<\/div>\n\t\t\t\t\t\t<\/div>\n\t\t\t<\/div>\n\t\t<\/div>\n\t\t\t\t\t\t<\/div>\n\t\t\t<\/div>\n\t\t<\/section>\n\t\t\t\t\t\t<\/div>\n\t\t\t<\/div>\n\t\t<\/div>\n\t\t","protected":false},"excerpt":{"rendered":"<p>M\u00f4i tr\u01b0\u1eddng h\u1ecdc t\u1eadp Tr\u01b0\u1eddng M\u1ea7m non Song ng\u1eef Hooray An to\u00e0n tuy\u1ec7t \u0111\u1ed1i \u0111\u1ed3ng th\u1eddi k\u00edch th\u00edch s\u1ef1 kh\u00e1m ph\u00e1 \u0111\u1ea7y n\u0103ng \u0111\u1ed9ng c\u1ee7a tr\u1ebb nh\u1ecf. M\u1ecdi v\u1eadt d\u1ee5ng [&hellip;]<\/p>\n","protected":false},"author":2,"featured_media":0,"parent":0,"menu_order":0,"comment_status":"closed","ping_status":"closed","template":"","meta":[],"_links":{"self":[{"href":"https:\/\/demo8.thuythu.com\/hooray\/wp-json\/wp\/v2\/pages\/1016"}],"collection":[{"href":"https:\/\/demo8.thuythu.com\/hooray\/wp-json\/wp\/v2\/pages"}],"about":[{"href":"https:\/\/demo8.thuythu.com\/hooray\/wp-json\/wp\/v2\/types\/page"}],"author":[{"embeddable":true,"href":"https:\/\/demo8.thuythu.com\/hooray\/wp-json\/wp\/v2\/users\/2"}],"replies":[{"embeddable":true,"href":"https:\/\/demo8.thuythu.com\/hooray\/wp-json\/wp\/v2\/comments?post=1016"}],"version-history":[{"count":4,"href":"https:\/\/demo8.thuythu.com\/hooray\/wp-json\/wp\/v2\/pages\/1016\/revisions"}],"predecessor-version":[{"id":1412,"href":"https:\/\/demo8.thuythu.com\/hooray\/wp-json\/wp\/v2\/pages\/1016\/revisions\/1412"}],"wp:attachment":[{"href":"https:\/\/demo8.thuythu.com\/hooray\/wp-json\/wp\/v2\/media?parent=1016"}],"curies":[{"name":"wp","href":"https:\/\/api.w.org\/{rel}","templated":true}]}}