{"id":1228,"date":"2020-08-11T11:29:09","date_gmt":"2020-08-11T04:29:09","guid":{"rendered":"https:\/\/demo8.thuythu.com\/hooray\/lien-he\/"},"modified":"2020-08-11T11:29:09","modified_gmt":"2020-08-11T04:29:09","slug":"lien-he","status":"publish","type":"page","link":"https:\/\/demo8.thuythu.com\/hooray\/lien-he\/?lang=en","title":{"rendered":"Li\u00ean h\u1ec7"},"content":{"rendered":"\t\t<div data-elementor-type=\"wp-page\" data-elementor-id=\"1228\" class=\"elementor elementor-1228 elementor-1042\" data-elementor-settings=\"[]\">\n\t\t\t<div class=\"elementor-inner\">\n\t\t\t\t<div class=\"elementor-section-wrap\">\n\t\t\t\t\t\t\t<section class=\"elementor-element elementor-element-57a22bf elementor-section-stretched elementor-section-full_width elementor-section-height-default elementor-section-height-default elementor-section elementor-top-section\" data-id=\"57a22bf\" data-element_type=\"section\" data-settings=\"{&quot;stretch_section&quot;:&quot;section-stretched&quot;}\">\n\t\t\t\t\t\t<div class=\"elementor-container elementor-column-gap-no\">\n\t\t\t\t<div class=\"elementor-row\">\n\t\t\t\t<div class=\"elementor-element elementor-element-2d66105 elementor-column elementor-col-100 elementor-top-column\" data-id=\"2d66105\" data-element_type=\"column\">\n\t\t\t<div class=\"elementor-column-wrap  elementor-element-populated\">\n\t\t\t\t\t<div class=\"elementor-widget-wrap\">\n\t\t\t\t<div class=\"elementor-element elementor-element-90d317d elementor-widget elementor-widget-contacts\" data-id=\"90d317d\" data-element_type=\"widget\" data-widget_type=\"contacts.default\">\n\t\t\t\t<div class=\"elementor-widget-container\">\n\t\t\t        <!-- Begin contacts -->\r\n        <section class=\"contact-container pt-60 pb-60 pt-xs-30 pb-xs-30 pt-md-60 pb-md-60 r-cloud\">\r\n            <div class=\"container\">\r\n                <div class=\"row\">\r\n                                         <div class=\"col-lg-6 mb-xs-50 mb-md-60\">\r\n                        <iframe src=\"https:\/\/www.google.com\/maps\/embed?pb=!1m14!1m8!1m3!1d15677.64926178165!2d106.6818351!3d10.7796992!3m2!1i1024!2i768!4f13.1!3m3!1m2!1s0x0%3A0x329507e7411cc610!2zVHLGsOG7nW5nIE3huqdtIE5vbiBTb25nIE5n4buvIEhvb3JheSAtIE5ndXnhu4VuIFRow7RuZyAoUXXhuq1uIDMp!5e0!3m2!1svi!2s!4v1596768079788!5m2!1svi!2s\" width=\"540\" height=\"520\" frameborder=\"0\" style=\"border:0;\" allowfullscreen=\"\" aria-hidden=\"false\" tabindex=\"0\"><\/iframe>                    <\/div>\r\n                                         \r\n                    <div class=\"col-lg-6 mb-xs-20 mb-md-60\">\r\n                        <h2>\r\n                            Li\u00ean h\u1ec7 ngay !                        <\/h2>\r\n                        <p class=\"mb-xs-10 mb-lg-20\">\r\n                            Vui l\u00f2ng \u0111i\u1ec1n th\u00f4ng tin ho\u1eb7c th\u1eafc m\u1eafc c\u1ee7a b\u1ea1n v\u00e0o b\u00ean d\u01b0\u1edbi. Ch\u00fang t\u00f4i s\u1ebd c\u1ed1 g\u1eafng h\u1ed7 tr\u1ee3 gi\u1ea3i \u0111\u00e1p v\u00e0 li\u00ean l\u1ea1c v\u1edbi b\u1ea1n s\u1edbm nh\u1ea5t c\u00f3 th\u1ec3.<\/br><\/br>\n<b>Campus Nguy\u1ec5n Th\u00f4ng:<\/b>\n48 Nguy\u1ec5n Th\u00f4ng, Ph\u01b0\u1eddng 9, Qu\u1eadn 3, TP.HCM <\/br>\n<b>\u0110T:<\/b> 028 3526 5049 \u2013 Hotline: 0901876078<\/br>\n<b>T\u01b0 v\u1ea5n tr\u1ef1c ti\u1ebfp qua hotline:<\/b>0901876078                        <\/p>\r\n                        <!-- Begin main-form -->\r\n                                                <!-- End main-form -->\r\n                    <\/div>\r\n                <\/div>\r\n            <\/div>\r\n        <\/section>\r\n        <!-- End contacts -->\r\n        \t\t<\/div>\n\t\t\t\t<\/div>\n\t\t\t\t\t\t<\/div>\n\t\t\t<\/div>\n\t\t<\/div>\n\t\t\t\t\t\t<\/div>\n\t\t\t<\/div>\n\t\t<\/section>\n\t\t\t\t\t\t<\/div>\n\t\t\t<\/div>\n\t\t<\/div>\n\t\t","protected":false},"excerpt":{"rendered":"<p>Li\u00ean h\u1ec7 ngay ! Vui l\u00f2ng \u0111i\u1ec1n th\u00f4ng tin ho\u1eb7c th\u1eafc m\u1eafc c\u1ee7a b\u1ea1n v\u00e0o b\u00ean d\u01b0\u1edbi. Ch\u00fang t\u00f4i s\u1ebd c\u1ed1 g\u1eafng h\u1ed7 tr\u1ee3 gi\u1ea3i \u0111\u00e1p v\u00e0 li\u00ean l\u1ea1c v\u1edbi [&hellip;]<\/p>\n","protected":false},"author":2,"featured_media":0,"parent":0,"menu_order":0,"comment_status":"closed","ping_status":"closed","template":"","meta":[],"_links":{"self":[{"href":"https:\/\/demo8.thuythu.com\/hooray\/wp-json\/wp\/v2\/pages\/1228"}],"collection":[{"href":"https:\/\/demo8.thuythu.com\/hooray\/wp-json\/wp\/v2\/pages"}],"about":[{"href":"https:\/\/demo8.thuythu.com\/hooray\/wp-json\/wp\/v2\/types\/page"}],"author":[{"embeddable":true,"href":"https:\/\/demo8.thuythu.com\/hooray\/wp-json\/wp\/v2\/users\/2"}],"replies":[{"embeddable":true,"href":"https:\/\/demo8.thuythu.com\/hooray\/wp-json\/wp\/v2\/comments?post=1228"}],"version-history":[{"count":0,"href":"https:\/\/demo8.thuythu.com\/hooray\/wp-json\/wp\/v2\/pages\/1228\/revisions"}],"wp:attachment":[{"href":"https:\/\/demo8.thuythu.com\/hooray\/wp-json\/wp\/v2\/media?parent=1228"}],"curies":[{"name":"wp","href":"https:\/\/api.w.org\/{rel}","templated":true}]}}