{"id":1241,"date":"2019-09-16T05:24:33","date_gmt":"2019-09-16T05:24:33","guid":{"rendered":"https:\/\/demo8.thuythu.com\/hooray\/hoc-phi\/"},"modified":"2019-09-16T05:24:33","modified_gmt":"2019-09-16T05:24:33","slug":"hoc-phi","status":"publish","type":"page","link":"https:\/\/demo8.thuythu.com\/hooray\/hoc-phi\/?lang=en","title":{"rendered":"H\u1ecdc ph\u00ed"},"content":{"rendered":"\t\t<div data-elementor-type=\"wp-page\" data-elementor-id=\"1241\" class=\"elementor elementor-1241 elementor-312\" data-elementor-settings=\"[]\">\n\t\t\t<div class=\"elementor-inner\">\n\t\t\t\t<div class=\"elementor-section-wrap\">\n\t\t\t\t\t\t\t<section class=\"elementor-element elementor-element-d2c88bf elementor-section-stretched elementor-section-full_width elementor-section-height-default elementor-section-height-default elementor-section elementor-top-section\" data-id=\"d2c88bf\" data-element_type=\"section\" data-settings=\"{&quot;stretch_section&quot;:&quot;section-stretched&quot;}\">\n\t\t\t\t\t\t<div class=\"elementor-container elementor-column-gap-no\">\n\t\t\t\t<div class=\"elementor-row\">\n\t\t\t\t<div class=\"elementor-element elementor-element-c450ce9 elementor-column elementor-col-100 elementor-top-column\" data-id=\"c450ce9\" data-element_type=\"column\">\n\t\t\t<div class=\"elementor-column-wrap  elementor-element-populated\">\n\t\t\t\t\t<div class=\"elementor-widget-wrap\">\n\t\t\t\t<div class=\"elementor-element elementor-element-9db1f71 elementor-widget elementor-widget-pricing_Tables\" data-id=\"9db1f71\" data-element_type=\"widget\" data-widget_type=\"pricing_Tables.default\">\n\t\t\t\t<div class=\"elementor-widget-container\">\n\t\t\t        <section class=\"pricing-tables pt-xs-30 pt-md-60 mb-xs-70 mb-md-70 mb-lg-120\">\r\n            <div class=\"container\">\r\n                <div class=\"row\">\r\n                    <div class=\"col-md-10 offset-md-1\">\r\n                        <div class=\"section-header\">\r\n                            <p class=\"h-sub\">\r\n                                H\u1ecdc ph\u00ed n\u0103m h\u1ecdc 2019 - 2020                            <\/p>\r\n                            <h2>\r\n                                B\u1ea3ng chi ti\u1ebft                            <\/h2>\r\n                            <p>\r\n                                H\u1ecdc ph\u00ed \u0111\u01b0\u1ee3c \u0111i\u1ec1u ch\u1ec9nh m\u1ed7i n\u0103m h\u1ecdc.                            <\/p>\r\n                        <\/div>\r\n                                                        <div class=\"table-wrap\">\r\n                                    <table class=\"adaptive pricing-table mb-xs-25 mb-md-50\">\r\n                                        <p><span class=\"main-color-font\"><img loading=\"lazy\" class=\"aligncenter wp-image-1168 size-full\" src=\"https:\/\/demo8.thuythu.com\/hooray\/wp-content\/uploads\/2020\/08\/BANG-HOC-PHI_web.png\" alt=\"\" width=\"1114\" height=\"3182\" srcset=\"https:\/\/demo8.thuythu.com\/hooray\/wp-content\/uploads\/2020\/08\/BANG-HOC-PHI_web.png 1114w, https:\/\/demo8.thuythu.com\/hooray\/wp-content\/uploads\/2020\/08\/BANG-HOC-PHI_web-105x300.png 105w, https:\/\/demo8.thuythu.com\/hooray\/wp-content\/uploads\/2020\/08\/BANG-HOC-PHI_web-358x1024.png 358w, https:\/\/demo8.thuythu.com\/hooray\/wp-content\/uploads\/2020\/08\/BANG-HOC-PHI_web-768x2194.png 768w, https:\/\/demo8.thuythu.com\/hooray\/wp-content\/uploads\/2020\/08\/BANG-HOC-PHI_web-538x1536.png 538w, https:\/\/demo8.thuythu.com\/hooray\/wp-content\/uploads\/2020\/08\/BANG-HOC-PHI_web-717x2048.png 717w, https:\/\/demo8.thuythu.com\/hooray\/wp-content\/uploads\/2020\/08\/BANG-HOC-PHI_web-169x483.png 169w, https:\/\/demo8.thuythu.com\/hooray\/wp-content\/uploads\/2020\/08\/BANG-HOC-PHI_web-152x435.png 152w\" sizes=\"(max-width: 1114px) 100vw, 1114px\" \/><\/span><\/p>                                    <\/table>\r\n                                <\/div>\r\n                                                        <p class=\"mb-0\">\r\n                                                    <\/p>\r\n                        <div class=\"terms-list mt-xs-40 mt-md-60 mt-lg-90\">\r\n                            <h3 class=\"text-center\"> <\/h3>\r\n                            <ul class=\"flex-style\">\r\n                                                            <\/ul>\r\n                        <\/div>\r\n                    <\/div>\r\n                <\/div>\r\n            <\/div>\r\n        <\/section>\r\n        \t\t<\/div>\n\t\t\t\t<\/div>\n\t\t\t\t\t\t<\/div>\n\t\t\t<\/div>\n\t\t<\/div>\n\t\t\t\t\t\t<\/div>\n\t\t\t<\/div>\n\t\t<\/section>\n\t\t\t\t<section class=\"elementor-element elementor-element-e4a2e27 elementor-section-stretched elementor-section-full_width elementor-section-height-default elementor-section-height-default elementor-section elementor-top-section\" data-id=\"e4a2e27\" data-element_type=\"section\" data-settings=\"{&quot;stretch_section&quot;:&quot;section-stretched&quot;}\">\n\t\t\t\t\t\t<div class=\"elementor-container elementor-column-gap-no\">\n\t\t\t\t<div class=\"elementor-row\">\n\t\t\t\t<div class=\"elementor-element elementor-element-e0c13c4 elementor-column elementor-col-100 elementor-top-column\" data-id=\"e0c13c4\" data-element_type=\"column\">\n\t\t\t<div class=\"elementor-column-wrap  elementor-element-populated\">\n\t\t\t\t\t<div class=\"elementor-widget-wrap\">\n\t\t\t\t<div class=\"elementor-element elementor-element-c945c59 elementor-widget elementor-widget-pricing_packages\" data-id=\"c945c59\" data-element_type=\"widget\" data-widget_type=\"pricing_packages.default\">\n\t\t\t\t<div class=\"elementor-widget-container\">\n\t\t\t        <!-- Begin pricing-packages -->\r\n        <section class=\"wave-block bg-cover mb-xs-20 mb-md-0 mb-lg-120 lazy\" data-src=\"https:\/\/demo8.thuythu.com\/hooray\/wp-content\/uploads\/2019\/09\/gray_wave-1.svg\">\r\n            <div class=\"container\">\r\n                <div class=\"row\">\r\n                    <div class=\"col-12\">\r\n                        <div class=\"section-header mb-xs-30 mb-md-31\">\r\n                            <p class=\"h-sub\">\r\n                                Ch\u1ecdn k\u1ebf ho\u1ea1ch c\u1ee7a b\u1ea1n                            <\/p>\r\n                            <h2>\r\n                                G\u00f3i \u0111\u1ecbnh gi\u00e1                            <\/h2>\r\n                            <p>\r\n                                C\u00e1c k\u1ebf ho\u1ea1ch gi\u00e1 c\u1ea3 \u0111\u01b0\u1ee3c li\u1ec7t k\u00ea d\u01b0\u1edbi \u0111\u00e2y ph\u1ea3n \u00e1nh \u0111\u1ea7y \u0111\u1ee7 c\u00e1c ch\u01b0\u01a1ng tr\u00ecnh h\u1ecdc t\u1eadp \u0111a d\u1ea1ng c\u1ee7a ch\u00fang t\u00f4i v\u00e0 t\u1ea5t c\u1ea3 c\u00e1c ho\u1ea1t \u0111\u1ed9ng bao g\u1ed3m. N\u1ebfu b\u1ea1n mu\u1ed1n t\u00ecm hi\u1ec3u th\u00eam v\u1ec1 b\u1ea5t k\u1ef3 k\u1ebf ho\u1ea1ch n\u00e0o trong s\u1ed1 n\u00e0y, h\u00e3y li\u00ean h\u1ec7 v\u1edbi ng\u01b0\u1eddi qu\u1ea3n l\u00fd c\u1ee7a ch\u00fang t\u00f4i.\n                            <\/p>\r\n                        <\/div>\r\n                        <div class=\"pricing-packages-slider\" data-show-count='3' data-show-count-md='2' data-show-count-mob='1' data-slick-speed=\"5000\" data-slick-autoplay=\"true\">\r\n                                                                <div class=\"pricing-packages-slide\">\r\n                                        <div class=\"pricing-packages-card\">\r\n                                            <div class=\"pricing-packages-img\">\r\n                                                <img src=\"https:\/\/demo8.thuythu.com\/hooray\/wp-content\/uploads\/2019\/10\/plan_start-1.svg\" alt=\"Img\">\r\n                                            <\/div>\r\n                                            <div class=\"pricing-packages-description\">\r\n                                                <h3>\r\n                                                    B\u1eaft \u0111\u1ea7u k\u1ebf ho\u1ea1ch                                                <\/h3>\r\n                                                <p class=\"pricing-packages-price\"> <span class=\"currency\">\u0111<\/span><span class=\"price\">300000<\/span> \/ng\u00e0y                                                <\/p>\r\n                                                <div class=\"pricing-packages-include\">\r\n                                                    <p>8 gi\u1edd s\u00e1ng - 12 gi\u1edd tr\u01b0a Ch\u0103m s\u00f3c<\/p><p>Kh\u00f4ng c\u00f3 B\u1eefa \u0103n<\/p><p>L\u1edbp h\u1ecdc Khoa h\u1ecdc<\/p><p>1 nh\u00e0 gi\u00e1o d\u1ee5c<\/p>                                                <\/div>\r\n                                                <a href=\"#\"  class=\"button read-more \">\r\n                                                    Li\u00ean h\u1ec7<svg xmlns=\"http:\/\/www.w3.org\/2000\/svg\" width=\"9\" height=\"9\" viewBox=\"0 0 9 9\" fill=\"none\"><path d=\"M0.505883 5.20577L0.491834 5.2027L6.51423 5.2027L4.62101 7.10009C4.5283 7.19272 4.47745 7.31821 4.47745 7.44992C4.47745 7.58162 4.5283 7.70623 4.62101 7.79909L4.91559 8.09382C5.00823 8.18645 5.13166 8.23767 5.2633 8.23767C5.39501 8.23767 5.51852 8.18682 5.61115 8.09418L8.85649 4.84913C8.94949 4.75613 9.00035 4.63226 8.99998 4.50048C9.00035 4.36796 8.94949 4.24401 8.85649 4.15116L5.61115 0.905818C5.51852 0.813257 5.39508 0.76233 5.2633 0.76233C5.13166 0.76233 5.00823 0.813331 4.91559 0.905818L4.62101 1.20055C4.5283 1.29304 4.47745 1.41655 4.47745 1.54826C4.47745 1.67989 4.5283 1.79689 4.62101 1.88945L6.53559 3.79745L0.499152 3.79745C0.227908 3.79745 -1.94412e-05 4.03123 -1.94175e-05 4.30233L-1.93811e-05 4.71918C-1.93574e-05 4.99028 0.23464 5.20577 0.505883 5.20577Z\"\/><\/svg><\/a>\r\n                                            <\/div>\r\n                                        <\/div>\r\n                                    <\/div>\r\n                                                                        <div class=\"pricing-packages-slide\">\r\n                                        <div class=\"pricing-packages-card\">\r\n                                            <div class=\"pricing-packages-img\">\r\n                                                <img src=\"https:\/\/demo8.thuythu.com\/hooray\/wp-content\/uploads\/2019\/10\/plan_standard.svg\" alt=\"Img\">\r\n                                            <\/div>\r\n                                            <div class=\"pricing-packages-description\">\r\n                                                <h3>\r\n                                                    Ti\u00eau chu\u1ea9n                                                <\/h3>\r\n                                                <p class=\"pricing-packages-price\"> <span class=\"currency\">\u0111<\/span> <span class=\"price\">500000<\/span> \/ng\u00e0y                                                <\/p>\r\n                                                <div class=\"pricing-packages-include\">\r\n                                                    <p>8 gi\u1edd s\u00e1ng - 12 gi\u1edd tr\u01b0a Ch\u0103m s\u00f3c<\/p><p>3 b\u1eefa m\u1ed9t ng\u00e0y<\/p><p>L\u1edbp h\u1ecdc Khoa h\u1ecdc<\/p><p>2 nh\u00e0 gi\u00e1o d\u1ee5c<\/p>                                                <\/div>\r\n                                                <a href=\"#\"  class=\"button read-more color-2\">\r\n                                                    Li\u00ean h\u1ec7<svg xmlns=\"http:\/\/www.w3.org\/2000\/svg\" width=\"9\" height=\"9\" viewBox=\"0 0 9 9\" fill=\"none\"><path d=\"M0.505883 5.20577L0.491834 5.2027L6.51423 5.2027L4.62101 7.10009C4.5283 7.19272 4.47745 7.31821 4.47745 7.44992C4.47745 7.58162 4.5283 7.70623 4.62101 7.79909L4.91559 8.09382C5.00823 8.18645 5.13166 8.23767 5.2633 8.23767C5.39501 8.23767 5.51852 8.18682 5.61115 8.09418L8.85649 4.84913C8.94949 4.75613 9.00035 4.63226 8.99998 4.50048C9.00035 4.36796 8.94949 4.24401 8.85649 4.15116L5.61115 0.905818C5.51852 0.813257 5.39508 0.76233 5.2633 0.76233C5.13166 0.76233 5.00823 0.813331 4.91559 0.905818L4.62101 1.20055C4.5283 1.29304 4.47745 1.41655 4.47745 1.54826C4.47745 1.67989 4.5283 1.79689 4.62101 1.88945L6.53559 3.79745L0.499152 3.79745C0.227908 3.79745 -1.94412e-05 4.03123 -1.94175e-05 4.30233L-1.93811e-05 4.71918C-1.93574e-05 4.99028 0.23464 5.20577 0.505883 5.20577Z\"\/><\/svg><\/a>\r\n                                            <\/div>\r\n                                        <\/div>\r\n                                    <\/div>\r\n                                                                        <div class=\"pricing-packages-slide\">\r\n                                        <div class=\"pricing-packages-card\">\r\n                                            <div class=\"pricing-packages-img\">\r\n                                                <img src=\"https:\/\/demo8.thuythu.com\/hooray\/wp-content\/uploads\/2019\/10\/plan_premium.svg\" alt=\"Img\">\r\n                                            <\/div>\r\n                                            <div class=\"pricing-packages-description\">\r\n                                                <h3>\r\n                                                    Cao c\u1ea5p                                                <\/h3>\r\n                                                <p class=\"pricing-packages-price\"> <span class=\"currency\">\u0111<\/span> <span class=\"price\">800000<\/span> \/ng\u00e0y                                                <\/p>\r\n                                                <div class=\"pricing-packages-include\">\r\n                                                    <p>8 gi\u1edd s\u00e1ng - 12 gi\u1edd tr\u01b0a Ch\u0103m s\u00f3c<\/p><p>4 b\u1eefa m\u1ed9t ng\u00e0y<\/p><p>L\u1edbp h\u1ecdc Khoa h\u1ecdc<\/p><p>3 nh\u00e0 gi\u00e1o d\u1ee5c<\/p>                                                <\/div>\r\n                                                <a href=\"https:\/\/smartdata.tonytemplates.com\/childit\/contacts\/\"  class=\"button read-more color-3\">\r\n                                                    Li\u00ean h\u1ec7<svg xmlns=\"http:\/\/www.w3.org\/2000\/svg\" width=\"9\" height=\"9\" viewBox=\"0 0 9 9\" fill=\"none\"><path d=\"M0.505883 5.20577L0.491834 5.2027L6.51423 5.2027L4.62101 7.10009C4.5283 7.19272 4.47745 7.31821 4.47745 7.44992C4.47745 7.58162 4.5283 7.70623 4.62101 7.79909L4.91559 8.09382C5.00823 8.18645 5.13166 8.23767 5.2633 8.23767C5.39501 8.23767 5.51852 8.18682 5.61115 8.09418L8.85649 4.84913C8.94949 4.75613 9.00035 4.63226 8.99998 4.50048C9.00035 4.36796 8.94949 4.24401 8.85649 4.15116L5.61115 0.905818C5.51852 0.813257 5.39508 0.76233 5.2633 0.76233C5.13166 0.76233 5.00823 0.813331 4.91559 0.905818L4.62101 1.20055C4.5283 1.29304 4.47745 1.41655 4.47745 1.54826C4.47745 1.67989 4.5283 1.79689 4.62101 1.88945L6.53559 3.79745L0.499152 3.79745C0.227908 3.79745 -1.94412e-05 4.03123 -1.94175e-05 4.30233L-1.93811e-05 4.71918C-1.93574e-05 4.99028 0.23464 5.20577 0.505883 5.20577Z\"\/><\/svg><\/a>\r\n                                            <\/div>\r\n                                        <\/div>\r\n                                    <\/div>\r\n                                                            <\/div>\r\n                    <\/div>\r\n                <\/div>\r\n            <\/div>\r\n        <\/section>\r\n        <!-- End pricing-packages -->\r\n        \t\t<\/div>\n\t\t\t\t<\/div>\n\t\t\t\t\t\t<\/div>\n\t\t\t<\/div>\n\t\t<\/div>\n\t\t\t\t\t\t<\/div>\n\t\t\t<\/div>\n\t\t<\/section>\n\t\t\t\t<section class=\"elementor-element elementor-element-b03143c elementor-section-stretched elementor-section-full_width elementor-section-height-default elementor-section-height-default elementor-section elementor-top-section\" data-id=\"b03143c\" data-element_type=\"section\" data-settings=\"{&quot;stretch_section&quot;:&quot;section-stretched&quot;}\">\n\t\t\t\t\t\t<div class=\"elementor-container elementor-column-gap-no\">\n\t\t\t\t<div class=\"elementor-row\">\n\t\t\t\t<div class=\"elementor-element elementor-element-1a9d956 elementor-column elementor-col-100 elementor-top-column\" data-id=\"1a9d956\" data-element_type=\"column\">\n\t\t\t<div class=\"elementor-column-wrap  elementor-element-populated\">\n\t\t\t\t\t<div class=\"elementor-widget-wrap\">\n\t\t\t\t<div class=\"elementor-element elementor-element-e6bfa69 elementor-widget elementor-widget-about_us_price\" data-id=\"e6bfa69\" data-element_type=\"widget\" data-widget_type=\"about_us_price.default\">\n\t\t\t\t<div class=\"elementor-widget-container\">\n\t\t\t        <!-- Begin text-block -->\r\n        <section class=\"text-block pb-xs-50 pb-md-60 pb-lg-120\">\r\n            <div class=\"container\">\r\n                <div class=\"row align-items-sm-center align-items-lg-start\">\r\n                    <div class=\"col-md-6\">\r\n                        <div class=\"svg-block image-left\">\r\n                            <svg viewBox=\"0 0 526 502\" fill=\"none\" xmlns=\"http:\/\/www.w3.org\/2000\/svg\" xmlns:xlink=\"http:\/\/www.w3.org\/1999\/xlink\">\r\n                                <mask id=\"img-price\" maskUnits=\"userSpaceOnUse\" x=\"0\" y=\"0\" width=\"526\" height=\"502\">\r\n                                    <path  d=\"M50.2671 492.802C125.214 523.202 276.545 461.468 342.841 426.802C288.234 468.802 322.802 482.802 346.849 480.802C370.896 478.802 432.517 456.802 467.586 433.302C495.641 414.502 491.299 401.468 485.622 397.302C489.463 392.968 499.85 379.802 510.671 361.802C524.197 339.302 532.714 317.802 517.184 291.302C504.759 270.102 446.879 269.468 420.995 271.802C419.659 271.802 422.398 267.402 444.04 249.802C471.093 227.802 495.641 201.802 493.637 170.802C492.034 146.002 436.859 137.468 409.472 136.302C410.474 132.802 409.773 124.402 398.952 118.802C388.13 113.202 355.7 113.802 340.837 114.802C364.05 102.302 410.274 72.4016 409.472 52.8016C408.47 28.3016 386.427 9.3016 343.843 13.3016C301.26 17.3016 237.635 56.8016 249.658 48.8016C261.682 40.8016 279.717 19.8016 271.201 9.30161C262.684 -1.19839 235.631 -3.19838 216.093 5.30162C196.554 13.8016 80.8271 60.8016 66.7995 103.802C52.772 146.802 82.831 134.302 80.8271 141.802C78.8231 149.302 52.271 154.802 24.7169 208.302C2.67369 251.102 33.7347 274.802 57.2809 276.802C54.108 276.802 39.5461 283.502 22.713 310.302C5.87998 337.102 25.0509 358.802 36.7406 366.302C34.7366 368.135 29.827 372.702 26.2199 376.302C21.711 380.802 -43.4168 454.802 50.2671 492.802Z\" fill=\"#C4C4C4\"\/>\r\n                                <\/mask>\r\n                                <g mask=\"url(#img-price)\">\r\n                                    <rect y=\"-13\" width=\"750\" height=\"523\" fill=\"url(#pattern-prices)\"\/>\r\n                                <\/g>\r\n                                <defs>\r\n                                    <pattern id=\"pattern-prices\" patternContentUnits=\"objectBoundingBox\" width=\"1\" height=\"1\">\r\n                                        <use xlink:href=\"#for-img-price\" transform=\"scale(0.00133333 0.00191205)\"\/>\r\n                                    <\/pattern>\r\n                                    <image id=\"for-img-price\" width=\"750\" height=\"523\" xlink:href=\"https:\/\/demo8.thuythu.com\/hooray\/wp-content\/uploads\/2019\/09\/pricing-svg.jpg\">\r\n                                    <\/image>\r\n                                <\/defs>\r\n                            <\/svg>\r\n                        <\/div>\r\n                    <\/div>\r\n                    <div class=\"col-md-6\">\r\n                        <div class=\"block-header pt-xs-30 pt-lg-50\">\r\n                            <p class=\"mb-xs-15 mb-lg-8\"> Ch\u01b0\u01a1ng tr\u00ecnh kh\u00e1ch h\u00e0ng th\u00e2n thi\u1ebft<\/p>\r\n                            <h2 class=\"mb-xs-25 mb-md-25\">\r\n                                L\u00e0m sao \u0111\u1ec3 tr\u1edf n\u00ean th\u00e0nh vi\u00ean <span>c\u1ee7a Hooray<\/span>                            <\/h2>\r\n                        <\/div>\r\n                        <p class=\"mb-xs-15 mb-lg-8\">\u0110\u01b0\u1ee3c gi\u1ea3m 2% h\u1ecdc ph\u00ed h\u00e0ng n\u0103m khi thanh to\u00e1n to\u00e0n b\u1ed9 h\u1ecdc ph\u00ed b\u1eb1ng CHUY\u1ec2N KHO\u1ea2N ho\u1eb7c TI\u1ec0N M\u1eb6T n\u1ebfu thanh to\u00e1n tr\u01b0\u1edbc ng\u00e0y 1 th\u00e1ng 6 n\u0103m 2019. Gi\u1ea3m 5% h\u1ecdc ph\u00ed h\u00e0ng n\u0103m khi \u0111\u0103ng k\u00fd tr\u1ebb th\u1ee9 ba (ho\u1eb7c nhi\u1ec1u h\u01a1n) c\u00f9ng cha m\u1eb9 .<\/p>\n                            <p class=\"mb-xs-20 mb-md-37\">Th\u00e0nh vi\u00ean l\u00e0 th\u1ebb gi\u1ea3m gi\u00e1 tr\u1ef1c ti\u1ebfp v\u00e0 kh\u00f4ng c\u00f3 \u0111i\u1ec3m t\u00edch l\u0169y n\u00e0o \u0111\u01b0\u1ee3c t\u1eb7ng cho b\u1ea5t k\u1ef3 giao d\u1ecbch mua n\u00e0o. T\u01b0 c\u00e1ch th\u00e0nh vi\u00ean \u0111\u01b0\u1ee3c gia h\u1ea1n h\u00e0ng n\u0103m v\u1edbi th\u1eddi h\u1ea1n s\u1eed d\u1ee5ng c\u1ed1 \u0111\u1ecbnh v\u00e0o ng\u00e0y 31 th\u00e1ng 12 c\u1ee7a m\u1ed7i n\u0103m t\u01b0\u01a1ng \u1ee9ng.<\/p>                        <a href=\"#\"  class=\"read-more\">xem th\u00eam <svg xmlns=\"http:\/\/www.w3.org\/2000\/svg\" width=\"9\" height=\"9\" viewBox=\"0 0 9 9\" fill=\"none\"><path d=\"M0.505883 5.20577L0.491834 5.2027L6.51423 5.2027L4.62101 7.10009C4.5283 7.19272 4.47745 7.31821 4.47745 7.44992C4.47745 7.58162 4.5283 7.70623 4.62101 7.79909L4.91559 8.09382C5.00823 8.18645 5.13166 8.23767 5.2633 8.23767C5.39501 8.23767 5.51852 8.18682 5.61115 8.09418L8.85649 4.84913C8.94949 4.75613 9.00035 4.63226 8.99998 4.50048C9.00035 4.36796 8.94949 4.24401 8.85649 4.15116L5.61115 0.905818C5.51852 0.813257 5.39508 0.76233 5.2633 0.76233C5.13166 0.76233 5.00823 0.813331 4.91559 0.905818L4.62101 1.20055C4.5283 1.29304 4.47745 1.41655 4.47745 1.54826C4.47745 1.67989 4.5283 1.79689 4.62101 1.88945L6.53559 3.79745L0.499152 3.79745C0.227908 3.79745 -1.94412e-05 4.03123 -1.94175e-05 4.30233L-1.93811e-05 4.71918C-1.93574e-05 4.99028 0.23464 5.20577 0.505883 5.20577Z\"\/><\/svg><\/a>\r\n                    <\/div>\r\n                <\/div>\r\n            <\/div>\r\n        <\/section>\r\n        <!-- Begin text-block -->\r\n        \t\t<\/div>\n\t\t\t\t<\/div>\n\t\t\t\t\t\t<\/div>\n\t\t\t<\/div>\n\t\t<\/div>\n\t\t\t\t\t\t<\/div>\n\t\t\t<\/div>\n\t\t<\/section>\n\t\t\t\t\t\t<\/div>\n\t\t\t<\/div>\n\t\t<\/div>\n\t\t","protected":false},"excerpt":{"rendered":"<p>H\u1ecdc ph\u00ed n\u0103m h\u1ecdc 2019 &#8211; 2020 B\u1ea3ng chi ti\u1ebft H\u1ecdc ph\u00ed \u0111\u01b0\u1ee3c \u0111i\u1ec1u ch\u1ec9nh m\u1ed7i n\u0103m h\u1ecdc. Ch\u1ecdn k\u1ebf ho\u1ea1ch c\u1ee7a b\u1ea1n G\u00f3i \u0111\u1ecbnh gi\u00e1 C\u00e1c k\u1ebf ho\u1ea1ch gi\u00e1 [&hellip;]<\/p>\n","protected":false},"author":1,"featured_media":0,"parent":0,"menu_order":0,"comment_status":"closed","ping_status":"closed","template":"","meta":[],"_links":{"self":[{"href":"https:\/\/demo8.thuythu.com\/hooray\/wp-json\/wp\/v2\/pages\/1241"}],"collection":[{"href":"https:\/\/demo8.thuythu.com\/hooray\/wp-json\/wp\/v2\/pages"}],"about":[{"href":"https:\/\/demo8.thuythu.com\/hooray\/wp-json\/wp\/v2\/types\/page"}],"author":[{"embeddable":true,"href":"https:\/\/demo8.thuythu.com\/hooray\/wp-json\/wp\/v2\/users\/1"}],"replies":[{"embeddable":true,"href":"https:\/\/demo8.thuythu.com\/hooray\/wp-json\/wp\/v2\/comments?post=1241"}],"version-history":[{"count":0,"href":"https:\/\/demo8.thuythu.com\/hooray\/wp-json\/wp\/v2\/pages\/1241\/revisions"}],"wp:attachment":[{"href":"https:\/\/demo8.thuythu.com\/hooray\/wp-json\/wp\/v2\/media?parent=1241"}],"curies":[{"name":"wp","href":"https:\/\/api.w.org\/{rel}","templated":true}]}}