{"id":1245,"date":"2019-09-14T09:06:27","date_gmt":"2019-09-14T09:06:27","guid":{"rendered":"https:\/\/demo8.thuythu.com\/hooray\/giai-dap-nhanh\/"},"modified":"2019-09-14T09:06:27","modified_gmt":"2019-09-14T09:06:27","slug":"giai-dap-nhanh","status":"publish","type":"page","link":"https:\/\/demo8.thuythu.com\/hooray\/giai-dap-nhanh\/?lang=en","title":{"rendered":"Gi\u1ea3i \u0111\u00e1p nhanh"},"content":{"rendered":"\t\t<div data-elementor-type=\"wp-page\" data-elementor-id=\"1245\" class=\"elementor elementor-1245 elementor-300\" data-elementor-settings=\"[]\">\n\t\t\t<div class=\"elementor-inner\">\n\t\t\t\t<div class=\"elementor-section-wrap\">\n\t\t\t\t\t\t\t<section class=\"elementor-element elementor-element-9d1c793 elementor-section-stretched elementor-section-full_width elementor-section-height-default elementor-section-height-default elementor-section elementor-top-section\" data-id=\"9d1c793\" data-element_type=\"section\" data-settings=\"{&quot;stretch_section&quot;:&quot;section-stretched&quot;}\">\n\t\t\t\t\t\t<div class=\"elementor-container elementor-column-gap-no\">\n\t\t\t\t<div class=\"elementor-row\">\n\t\t\t\t<div class=\"elementor-element elementor-element-49f40d9 elementor-column elementor-col-100 elementor-top-column\" data-id=\"49f40d9\" data-element_type=\"column\">\n\t\t\t<div class=\"elementor-column-wrap  elementor-element-populated\">\n\t\t\t\t\t<div class=\"elementor-widget-wrap\">\n\t\t\t\t<div class=\"elementor-element elementor-element-351e31c elementor-widget elementor-widget-faq\" data-id=\"351e31c\" data-element_type=\"widget\" data-widget_type=\"faq.default\">\n\t\t\t\t<div class=\"elementor-widget-container\">\n\t\t\t        <section class=\"faq-section pt-xs-40 pt-md-60 pb-xs-50 pb-md-70 pb-lg-120\">\r\n            <div class=\"container\">\r\n                <div class=\"row\">\r\n                    <div class=\"col-12\">\r\n                        <div class=\"section-header mb-xs-30 mb-md-31\">\r\n                            <p class=\"h-sub\">\r\n                                C\u00e1c c\u00e2u tr\u1ea3 l\u1eddi cho c\u00e2u h\u1ecfi c\u1ee7a b\u1ea1n                            <\/p>\r\n                            <h2> \r\n                                C\u00e1c c\u00e2u h\u1ecfi th\u01b0\u1eddng g\u1eb7p                            <\/h2>\r\n                        <\/div>\r\n                        <div class=\"row\">\r\n                            <div class=\"col-md-6\">\r\n                                <div class=\"accordion-wrap\" data-accordion-colection>\r\n                                                                                    <div class=\"accordion-block active\">\r\n                                                    <div class=\"accordion-header\">\r\n                                                        <p>Tr\u00ecnh \u0111\u1ed9 c\u1ee7a Gi\u00e1o vi\u00ean l\u00e0 g\u00ec?<\/p>\r\n                                                        <span class=\"accordion-ico\"><\/span>\r\n                                                    <\/div>\r\n                                                    <div class=\"accordion-content\">\r\n                                                        <p>T\u1ea5t c\u1ea3 c\u00e1c gi\u00e1o vi\u00ean ch\u00ednh c\u1ee7a ch\u00fang t\u00f4i \u0111\u1ec1u c\u00f3 b\u1eb1ng Th\u1ea1c s\u0129 v\u1ec1 Gi\u00e1o d\u1ee5c M\u1ea7m non v\u00e0 \u0111\u01b0\u1ee3c ch\u1ee9ng nh\u1eadn v\u1ec1 Gi\u00e1o d\u1ee5c M\u1ea7m non. Gi\u00e1o vi\u00ean ch\u1ee7 nhi\u1ec7m trong c\u00e1c ph\u00f2ng d\u00e0nh cho tr\u1ebb s\u01a1 sinh \/ tr\u1ebb m\u1edbi bi\u1ebft \u0111i c\u00f3 th\u1ec3 c\u00f3 b\u1eb1ng v\u1ec1 Gi\u00e1o d\u1ee5c M\u1ea7m non ho\u1eb7c trong m\u1ed9t l\u0129nh v\u1ef1c kh\u00e1c nh\u01b0 Gi\u00e1o d\u1ee5c Ti\u1ec3u h\u1ecdc, T\u00e2m l\u00fd h\u1ecdc, Ti\u1ebfng Anh, S\u00e2n kh\u1ea5u).\n<\/p>\r\n                                                    <\/div>\r\n                                                <\/div>\r\n                                                                                                <div class=\"accordion-block \">\r\n                                                    <div class=\"accordion-header\">\r\n                                                        <p>Ch\u01b0\u01a1ng tr\u00ecnh n\u1eeda ng\u00e0y c\u1ee7a C\u00f4ng ty ChildIt?<\/p>\r\n                                                        <span class=\"accordion-ico\"><\/span>\r\n                                                    <\/div>\r\n                                                    <div class=\"accordion-content\">\r\n                                                        <p>T\u1ea5t c\u1ea3 c\u00e1c gi\u00e1o vi\u00ean ch\u00ednh c\u1ee7a ch\u00fang t\u00f4i \u0111\u1ec1u c\u00f3 b\u1eb1ng Th\u1ea1c s\u0129 v\u1ec1 Gi\u00e1o d\u1ee5c M\u1ea7m non v\u00e0 \u0111\u01b0\u1ee3c ch\u1ee9ng nh\u1eadn v\u1ec1 Gi\u00e1o d\u1ee5c M\u1ea7m non. Gi\u00e1o vi\u00ean ch\u1ee7 nhi\u1ec7m trong c\u00e1c ph\u00f2ng d\u00e0nh cho tr\u1ebb s\u01a1 sinh \/ tr\u1ebb m\u1edbi bi\u1ebft \u0111i c\u00f3 th\u1ec3 c\u00f3 b\u1eb1ng v\u1ec1 Gi\u00e1o d\u1ee5c M\u1ea7m non ho\u1eb7c trong m\u1ed9t l\u0129nh v\u1ef1c kh\u00e1c nh\u01b0 Gi\u00e1o d\u1ee5c Ti\u1ec3u h\u1ecdc, T\u00e2m l\u00fd h\u1ecdc, Ti\u1ebfng Anh, S\u00e2n kh\u1ea5u).<\/p>\r\n                                                    <\/div>\r\n                                                <\/div>\r\n                                                                                                <div class=\"accordion-block \">\r\n                                                    <div class=\"accordion-header\">\r\n                                                        <p>T\u00f4i c\u1ea7n nh\u1eefng h\u00ecnh th\u1ee9c n\u00e0o \u0111\u1ec3 \u0111\u0103ng k\u00fd cho con t\u00f4i?<\/p>\r\n                                                        <span class=\"accordion-ico\"><\/span>\r\n                                                    <\/div>\r\n                                                    <div class=\"accordion-content\">\r\n                                                        <p>T\u1ea5t c\u1ea3 c\u00e1c gi\u00e1o vi\u00ean ch\u00ednh c\u1ee7a ch\u00fang t\u00f4i \u0111\u1ec1u c\u00f3 b\u1eb1ng Th\u1ea1c s\u0129 v\u1ec1 Gi\u00e1o d\u1ee5c M\u1ea7m non v\u00e0 \u0111\u01b0\u1ee3c ch\u1ee9ng nh\u1eadn v\u1ec1 Gi\u00e1o d\u1ee5c M\u1ea7m non. Gi\u00e1o vi\u00ean ch\u1ee7 nhi\u1ec7m trong c\u00e1c ph\u00f2ng d\u00e0nh cho tr\u1ebb s\u01a1 sinh \/ tr\u1ebb m\u1edbi bi\u1ebft \u0111i c\u00f3 th\u1ec3 c\u00f3 b\u1eb1ng v\u1ec1 Gi\u00e1o d\u1ee5c M\u1ea7m non ho\u1eb7c trong m\u1ed9t l\u0129nh v\u1ef1c kh\u00e1c nh\u01b0 Gi\u00e1o d\u1ee5c Ti\u1ec3u h\u1ecdc, T\u00e2m l\u00fd h\u1ecdc, Ti\u1ebfng Anh, S\u00e2n kh\u1ea5u).<\/p>\r\n                                                    <\/div>\r\n                                                <\/div>\r\n                                                                                                <div class=\"accordion-block \">\r\n                                                    <div class=\"accordion-header\">\r\n                                                        <p>Tr\u01b0\u1eddng Hooray c\u00f3 cung c\u1ea5p th\u1ef1c ph\u1ea9m kh\u00f4ng?<\/p>\r\n                                                        <span class=\"accordion-ico\"><\/span>\r\n                                                    <\/div>\r\n                                                    <div class=\"accordion-content\">\r\n                                                        <p>T\u1ea5t c\u1ea3 c\u00e1c gi\u00e1o vi\u00ean ch\u00ednh c\u1ee7a ch\u00fang t\u00f4i \u0111\u1ec1u c\u00f3 b\u1eb1ng Th\u1ea1c s\u0129 v\u1ec1 Gi\u00e1o d\u1ee5c M\u1ea7m non v\u00e0 \u0111\u01b0\u1ee3c ch\u1ee9ng nh\u1eadn v\u1ec1 Gi\u00e1o d\u1ee5c M\u1ea7m non. Gi\u00e1o vi\u00ean ch\u1ee7 nhi\u1ec7m trong c\u00e1c ph\u00f2ng d\u00e0nh cho tr\u1ebb s\u01a1 sinh \/ tr\u1ebb m\u1edbi bi\u1ebft \u0111i c\u00f3 th\u1ec3 c\u00f3 b\u1eb1ng v\u1ec1 Gi\u00e1o d\u1ee5c M\u1ea7m non ho\u1eb7c trong m\u1ed9t l\u0129nh v\u1ef1c kh\u00e1c nh\u01b0 Gi\u00e1o d\u1ee5c Ti\u1ec3u h\u1ecdc, T\u00e2m l\u00fd h\u1ecdc, Ti\u1ebfng Anh, S\u00e2n kh\u1ea5u).<\/p>\r\n                                                    <\/div>\r\n                                                <\/div>\r\n                                                                                                <div class=\"accordion-block faq-to-hide\">\r\n                                                    <div class=\"accordion-header\">\r\n                                                        <p>What about transportation?<\/p>\r\n                                                        <span class=\"accordion-ico\"><\/span>\r\n                                                    <\/div>\r\n                                                    <div class=\"accordion-content\">\r\n                                                        <p>Wait a bit before volunteering at lunch or recess to let your child adjust. Once the school year is underway, there are plenty of opportunities to get involved, from helping students at events and going on class field trips. Several kindergarten family events are scheduled on evenings throughout the year.<\/p>\r\n                                                    <\/div>\r\n                                                <\/div>\r\n                                                                                                <div class=\"accordion-block faq-to-hide\">\r\n                                                    <div class=\"accordion-header\">\r\n                                                        <p>Can I visit or take a tour before I enroll my child?<\/p>\r\n                                                        <span class=\"accordion-ico\"><\/span>\r\n                                                    <\/div>\r\n                                                    <div class=\"accordion-content\">\r\n                                                        <p>Wait a bit before volunteering at lunch or recess to let your child adjust. Once the school year is underway, there are plenty of opportunities to get involved, from helping students at events and going on class field trips. Several kindergarten family events are scheduled on evenings throughout the year.<\/p>\r\n                                                    <\/div>\r\n                                                <\/div>\r\n                                                                                <\/div>\r\n                            <\/div>\r\n                            <div class=\"col-md-6\">\r\n                                <div class=\"accordion-wrap\" data-accordion-colection>\r\n                                                                                    <div class=\"accordion-block active\">\r\n                                                    <div class=\"accordion-header\">\r\n                                                        <p>L\u00e0m th\u1ebf n\u00e0o t\u00f4i c\u00f3 th\u1ec3 tham gia v\u00e0o l\u1edbp h\u1ecdc c\u1ee7a m\u00ecnh?<\/p>\r\n                                                        <span class=\"accordion-ico\"><\/span>\r\n                                                    <\/div>\r\n                                                    <div class=\"accordion-content\">\r\n                                                        <p>Ch\u1edd m\u1ed9t ch\u00fat tr\u01b0\u1edbc khi xung phong v\u00e0o b\u1eefa tr\u01b0a ho\u1eb7c gi\u1edd gi\u1ea3i lao \u0111\u1ec3 con b\u1ea1n th\u00edch nghi. Khi n\u0103m h\u1ecdc \u0111ang di\u1ec5n ra, c\u00f3 r\u1ea5t nhi\u1ec1u c\u01a1 h\u1ed9i \u0111\u1ec3 tham gia, t\u1eeb gi\u00fap \u0111\u1ee1 h\u1ecdc sinh t\u1ea1i c\u00e1c s\u1ef1 ki\u1ec7n v\u00e0 tham gia c\u00e1c chuy\u1ebfn \u0111i th\u1ef1c t\u1ebf c\u1ee7a l\u1edbp. M\u1ed9t s\u1ed1 s\u1ef1 ki\u1ec7n gia \u0111\u00ecnh m\u1eabu gi\u00e1o \u0111\u01b0\u1ee3c l\u00ean k\u1ebf ho\u1ea1ch v\u00e0o c\u00e1c bu\u1ed5i t\u1ed1i trong n\u0103m.<\/p>\r\n                                                    <\/div>\r\n                                                <\/div>\r\n                                                                                                <div class=\"accordion-block \">\r\n                                                    <div class=\"accordion-header\">\r\n                                                        <p>B\u1ea1n ch\u1ea5p nh\u1eadn \u0111\u1ed9 tu\u1ed5i c\u1ee7a tr\u1ebb em l\u00e0 bao nhi\u00eau?<\/p>\r\n                                                        <span class=\"accordion-ico\"><\/span>\r\n                                                    <\/div>\r\n                                                    <div class=\"accordion-content\">\r\n                                                        <p>T\u1ea5t c\u1ea3 c\u00e1c gi\u00e1o vi\u00ean ch\u00ednh c\u1ee7a ch\u00fang t\u00f4i \u0111\u1ec1u c\u00f3 b\u1eb1ng Th\u1ea1c s\u0129 v\u1ec1 Gi\u00e1o d\u1ee5c M\u1ea7m non v\u00e0 \u0111\u01b0\u1ee3c ch\u1ee9ng nh\u1eadn v\u1ec1 Gi\u00e1o d\u1ee5c M\u1ea7m non. Gi\u00e1o vi\u00ean ch\u1ee7 nhi\u1ec7m trong c\u00e1c ph\u00f2ng d\u00e0nh cho tr\u1ebb s\u01a1 sinh \/ tr\u1ebb m\u1edbi bi\u1ebft \u0111i c\u00f3 th\u1ec3 c\u00f3 b\u1eb1ng v\u1ec1 Gi\u00e1o d\u1ee5c M\u1ea7m non ho\u1eb7c trong m\u1ed9t l\u0129nh v\u1ef1c kh\u00e1c nh\u01b0 Gi\u00e1o d\u1ee5c Ti\u1ec3u h\u1ecdc, T\u00e2m l\u00fd h\u1ecdc, Ti\u1ebfng Anh, S\u00e2n kh\u1ea5u).<\/p>\r\n                                                    <\/div>\r\n                                                <\/div>\r\n                                                                                                <div class=\"accordion-block \">\r\n                                                    <div class=\"accordion-header\">\r\n                                                        <p>Gi\u1edd l\u00e0m vi\u1ec7c c\u1ee7a Tr\u01b0\u1eddng Hooray ?<\/p>\r\n                                                        <span class=\"accordion-ico\"><\/span>\r\n                                                    <\/div>\r\n                                                    <div class=\"accordion-content\">\r\n                                                        <p>All of our head teachers have a Masters in Early Childhood Education and are ceT\u1ea5t c\u1ea3 c\u00e1c gi\u00e1o vi\u00ean ch\u00ednh c\u1ee7a ch\u00fang t\u00f4i \u0111\u1ec1u c\u00f3 b\u1eb1ng Th\u1ea1c s\u0129 v\u1ec1 Gi\u00e1o d\u1ee5c M\u1ea7m non v\u00e0 \u0111\u01b0\u1ee3c ch\u1ee9ng nh\u1eadn v\u1ec1 Gi\u00e1o d\u1ee5c M\u1ea7m non. Gi\u00e1o vi\u00ean ch\u1ee7 nhi\u1ec7m trong c\u00e1c ph\u00f2ng d\u00e0nh cho tr\u1ebb s\u01a1 sinh \/ tr\u1ebb m\u1edbi bi\u1ebft \u0111i c\u00f3 th\u1ec3 c\u00f3 b\u1eb1ng v\u1ec1 Gi\u00e1o d\u1ee5c M\u1ea7m non ho\u1eb7c trong m\u1ed9t l\u0129nh v\u1ef1c kh\u00e1c nh\u01b0 Gi\u00e1o d\u1ee5c Ti\u1ec3u h\u1ecdc, T\u00e2m l\u00fd h\u1ecdc, Ti\u1ebfng Anh, S\u00e2n kh\u1ea5u).rtified in Early Childhood Education. Head teachers in the infant \/ toddler rooms may have a degree in Early Childhood Education or in a different field such as Elementary Educaiton, Psychology, English, Theater).<\/p>\r\n                                                    <\/div>\r\n                                                <\/div>\r\n                                                                                                <div class=\"accordion-block \">\r\n                                                    <div class=\"accordion-header\">\r\n                                                        <p>C\u00f3 d\u1ecbch v\u1ee5 gi\u1eef tr\u1ebb tr\u01b0\u1edbc hay sau gi\u1edd h\u1ecdc kh\u00f4ng?<\/p>\r\n                                                        <span class=\"accordion-ico\"><\/span>\r\n                                                    <\/div>\r\n                                                    <div class=\"accordion-content\">\r\n                                                        <p>T\u1ea5t c\u1ea3 c\u00e1c gi\u00e1o vi\u00ean ch\u00ednh c\u1ee7a ch\u00fang t\u00f4i \u0111\u1ec1u c\u00f3 b\u1eb1ng Th\u1ea1c s\u0129 v\u1ec1 Gi\u00e1o d\u1ee5c M\u1ea7m non v\u00e0 \u0111\u01b0\u1ee3c ch\u1ee9ng nh\u1eadn v\u1ec1 Gi\u00e1o d\u1ee5c M\u1ea7m non. Gi\u00e1o vi\u00ean ch\u1ee7 nhi\u1ec7m trong c\u00e1c ph\u00f2ng d\u00e0nh cho tr\u1ebb s\u01a1 sinh \/ tr\u1ebb m\u1edbi bi\u1ebft \u0111i c\u00f3 th\u1ec3 c\u00f3 b\u1eb1ng v\u1ec1 Gi\u00e1o d\u1ee5c M\u1ea7m non ho\u1eb7c trong m\u1ed9t l\u0129nh v\u1ef1c kh\u00e1c nh\u01b0 Gi\u00e1o d\u1ee5c Ti\u1ec3u h\u1ecdc, T\u00e2m l\u00fd h\u1ecdc, Ti\u1ebfng Anh, S\u00e2n kh\u1ea5u).<\/p>\r\n                                                    <\/div>\r\n                                                <\/div>\r\n                                                                                                <div class=\"accordion-block faq-to-hide\">\r\n                                                    <div class=\"accordion-header\">\r\n                                                        <p>How do I prepare my child for kindergarten?<\/p>\r\n                                                        <span class=\"accordion-ico\"><\/span>\r\n                                                    <\/div>\r\n                                                    <div class=\"accordion-content\">\r\n                                                        <p>Wait a bit before volunteering at lunch or recess to let your child adjust. Once the school year is underway, there are plenty of opportunities to get involved, from helping students at events and going on class field trips. Several kindergarten family events are scheduled on evenings throughout the year.<\/p>\r\n                                                    <\/div>\r\n                                                <\/div>\r\n                                                                                <\/div>\r\n                            <\/div>\r\n                        <\/div>\r\n                        <div class=\"d-flex justify-content-center mb-lg-90 mb-xs-50\">\r\n                            <a href=\"#\" class=\"read-more pt-xs-0 pt-md-20\" data-view-more=\".faq-to-hide\">view more                                <svg xmlns=\"http:\/\/www.w3.org\/2000\/svg\" width=\"9\" height=\"9\" viewBox=\"0 0 9 9\" fill=\"none\"><path d=\"M0.505883 5.20577L0.491834 5.2027L6.51423 5.2027L4.62101 7.10009C4.5283 7.19272 4.47745 7.31821 4.47745 7.44992C4.47745 7.58162 4.5283 7.70623 4.62101 7.79909L4.91559 8.09382C5.00823 8.18645 5.13166 8.23767 5.2633 8.23767C5.39501 8.23767 5.51852 8.18682 5.61115 8.09418L8.85649 4.84913C8.94949 4.75613 9.00035 4.63226 8.99998 4.50048C9.00035 4.36796 8.94949 4.24401 8.85649 4.15116L5.61115 0.905818C5.51852 0.813257 5.39508 0.76233 5.2633 0.76233C5.13166 0.76233 5.00823 0.813331 4.91559 0.905818L4.62101 1.20055C4.5283 1.29304 4.47745 1.41655 4.47745 1.54826C4.47745 1.67989 4.5283 1.79689 4.62101 1.88945L6.53559 3.79745L0.499152 3.79745C0.227908 3.79745 -1.94412e-05 4.03123 -1.94175e-05 4.30233L-1.93811e-05 4.71918C-1.93574e-05 4.99028 0.23464 5.20577 0.505883 5.20577Z\"><\/path><\/svg>\r\n                            <\/a>\r\n                        <\/div>\r\n                        <div class=\"row\">\r\n                            <div class=\"col-md-10 offset-md-1 col-lg-8 offset-lg-2\">\r\n                                <!-- Begin main-form -->\r\n                                <h3 class=\"text-center\">                                <\/h3>\r\n                                                            <\/div>\r\n                        <\/div>\r\n                    <\/div>\r\n                <\/div>\r\n            <\/div>\r\n        <\/section>\r\n        \t\t<\/div>\n\t\t\t\t<\/div>\n\t\t\t\t\t\t<\/div>\n\t\t\t<\/div>\n\t\t<\/div>\n\t\t\t\t\t\t<\/div>\n\t\t\t<\/div>\n\t\t<\/section>\n\t\t\t\t\t\t<\/div>\n\t\t\t<\/div>\n\t\t<\/div>\n\t\t","protected":false},"excerpt":{"rendered":"<p>C\u00e1c c\u00e2u tr\u1ea3 l\u1eddi cho c\u00e2u h\u1ecfi c\u1ee7a b\u1ea1n C\u00e1c c\u00e2u h\u1ecfi th\u01b0\u1eddng g\u1eb7p Tr\u00ecnh \u0111\u1ed9 c\u1ee7a Gi\u00e1o vi\u00ean l\u00e0 g\u00ec? T\u1ea5t c\u1ea3 c\u00e1c gi\u00e1o vi\u00ean ch\u00ednh c\u1ee7a ch\u00fang t\u00f4i [&hellip;]<\/p>\n","protected":false},"author":1,"featured_media":0,"parent":0,"menu_order":0,"comment_status":"closed","ping_status":"closed","template":"","meta":[],"_links":{"self":[{"href":"https:\/\/demo8.thuythu.com\/hooray\/wp-json\/wp\/v2\/pages\/1245"}],"collection":[{"href":"https:\/\/demo8.thuythu.com\/hooray\/wp-json\/wp\/v2\/pages"}],"about":[{"href":"https:\/\/demo8.thuythu.com\/hooray\/wp-json\/wp\/v2\/types\/page"}],"author":[{"embeddable":true,"href":"https:\/\/demo8.thuythu.com\/hooray\/wp-json\/wp\/v2\/users\/1"}],"replies":[{"embeddable":true,"href":"https:\/\/demo8.thuythu.com\/hooray\/wp-json\/wp\/v2\/comments?post=1245"}],"version-history":[{"count":0,"href":"https:\/\/demo8.thuythu.com\/hooray\/wp-json\/wp\/v2\/pages\/1245\/revisions"}],"wp:attachment":[{"href":"https:\/\/demo8.thuythu.com\/hooray\/wp-json\/wp\/v2\/media?parent=1245"}],"curies":[{"name":"wp","href":"https:\/\/api.w.org\/{rel}","templated":true}]}}