{"id":1247,"date":"2019-09-14T04:04:40","date_gmt":"2019-09-14T04:04:40","guid":{"rendered":"https:\/\/demo8.thuythu.com\/hooray\/ly-do-chon-truong\/"},"modified":"2020-09-16T00:32:32","modified_gmt":"2020-09-15T17:32:32","slug":"ly-do-chon-truong","status":"publish","type":"page","link":"https:\/\/demo8.thuythu.com\/hooray\/ly-do-chon-truong\/?lang=en","title":{"rendered":"L\u00fd do ch\u1ecdn tr\u01b0\u1eddng"},"content":{"rendered":"\t\t<div data-elementor-type=\"wp-page\" data-elementor-id=\"1247\" class=\"elementor elementor-1247 elementor-274\" data-elementor-settings=\"[]\">\n\t\t\t<div class=\"elementor-inner\">\n\t\t\t\t<div class=\"elementor-section-wrap\">\n\t\t\t\t\t\t\t<section class=\"elementor-element elementor-element-550607c elementor-section-stretched elementor-section-full_width elementor-section-height-default elementor-section-height-default elementor-section elementor-top-section\" data-id=\"550607c\" data-element_type=\"section\" data-settings=\"{&quot;stretch_section&quot;:&quot;section-stretched&quot;}\">\n\t\t\t\t\t\t<div class=\"elementor-container elementor-column-gap-default\">\n\t\t\t\t<div class=\"elementor-row\">\n\t\t\t\t<div class=\"elementor-element elementor-element-90ea1f4 elementor-column elementor-col-100 elementor-top-column\" data-id=\"90ea1f4\" data-element_type=\"column\">\n\t\t\t<div class=\"elementor-column-wrap  elementor-element-populated\">\n\t\t\t\t\t<div class=\"elementor-widget-wrap\">\n\t\t\t\t<div class=\"elementor-element elementor-element-bc9c52f elementor-widget elementor-widget-about_section\" data-id=\"bc9c52f\" data-element_type=\"widget\" id=\"reasons\" data-widget_type=\"about_section.default\">\n\t\t\t\t<div class=\"elementor-widget-container\">\n\t\t\t        <!-- Begin text-block -->\r\n\r\n        <section class=\"text-block pb-xs-50 pb-sm-65 pb-md-90 pb-lg-120 pt-xs-30 pt-md-60\">\r\n            <div class=\"container\">\r\n                <div class=\"row align-items-sm-center align-items-lg-start\">\r\n                    <div class=\"col-lg-12 col-xl-6\">\r\n                        <div class=\"block-header pt-0\">\r\n                            <p class=\"mb-xs-15 mb-lg-8\"> \r\n        Hooray l\u00e0 tr\u01b0\u1eddng m\u1ea7m non Song ng\u1eef                            <\/p>\r\n                            <h2 class=\"mb-xs-25 mb-md-25\"> \r\n        M\u00f4i tr\u01b0\u1eddng h\u1ecdc t\u1eadp <span>qu\u1ed1c t\u1ebf<\/span>                            <\/h2>\r\n                        <\/div>\r\n        <p>Hooray l\u00e0 tr\u01b0\u1eddng m\u1ea7m non Song ng\u1eef, tri\u1ec3n khai gi\u1ea3ng d\u1ea1y theo gi\u00e1o tr\u00ecnh Acelero Learning c\u1ee7a Hoa K\u1ef3. H\u1ecdc sinh Hooray s\u1ebd \u0111\u01b0\u1ee3c ti\u1ebfp c\u1eadn ki\u1ebfn th\u1ee9c v\u00e0 c\u00e1c ho\u1ea1t \u0111\u1ed9ng vui ch\u01a1i theo ph\u01b0\u01a1ng ph\u00e1p gi\u00e1o d\u1ee5c ti\u00ean ti\u1ebfn nh\u1ea5t.<\/p><p>Hooray lu\u00f4n c\u00f3 c\u00e1c ho\u1ea1t \u0111\u1ed9ng l\u1ec5 h\u1ed9i \u0111a v\u0103n ho\u00e1 \u0111\u1ec3 tr\u1ebb c\u00f3 c\u01a1 h\u1ed9i tr\u1ea3i nghi\u1ec7m c\u00e1c n\u1ec1n v\u0103n ho\u00e1 tr\u00ean th\u1ebf gi\u1edbi. \u0110\u1ed3ng th\u1eddi \u0111\u00e2y c\u0169ng l\u00e0 c\u00e1ch \u0111\u1ec3 tr\u1ebb tr\u1edf n\u00ean t\u1ef1 tin, d\u1ea1n d\u0129 v\u00e0 lu\u00f4n h\u00e1o h\u1ee9c kh\u00e1m ph\u00e1 th\u1ebf gi\u1edbi xung quanh.<\/p>                    <\/div>\r\n                    <div class=\"col-lg-12 col-xl-6\">\r\n                        <div class=\"svg-block video-block\">\r\n                                        <img src=\"https:\/\/demo8.thuythu.com\/hooray\/wp-content\/themes\/childit\/assets\/img\/lazy.png\" class=\"video-prev lazy\" data-src=\"https:\/\/demo8.thuythu.com\/hooray\/wp-content\/uploads\/2020\/09\/SOSO7488-1-scaled.jpg\" alt=\"\">\r\n                                                        <\/div>\r\n                    <\/div>\r\n                <\/div>\r\n            <\/div>\r\n        <\/section>\r\n        <!-- Begin text-block -->\r\n        \t\t<\/div>\n\t\t\t\t<\/div>\n\t\t\t\t<div class=\"elementor-element elementor-element-1dd0a6c elementor-widget elementor-widget-about_section\" data-id=\"1dd0a6c\" data-element_type=\"widget\" id=\"reasons\" data-widget_type=\"about_section.default\">\n\t\t\t\t<div class=\"elementor-widget-container\">\n\t\t\t        <!-- Begin text-block -->\r\n\r\n        <section class=\"text-block pb-xs-50 pb-sm-65 pb-md-90 pb-lg-120 pt-xs-30 pt-md-60\">\r\n            <div class=\"container\">\r\n                <div class=\"row align-items-sm-center align-items-lg-start\">\r\n                    <div class=\"col-lg-12 col-xl-6\">\r\n                        <div class=\"block-header pt-0\">\r\n                            <p class=\"mb-xs-15 mb-lg-8\"> \r\n        Hooray c\u00f3 s\u1ef1 h\u1eadu thu\u1eabn c\u1ee7a c\u00e1c chuy\u00ean gia gi\u00e1o d\u1ee5c                            <\/p>\r\n                            <h2 class=\"mb-xs-25 mb-md-25\"> \r\n        Ch\u01b0\u01a1ng tr\u00ecnh Song ng\u1eef chu\u1ea9n                            <\/h2>\r\n                        <\/div>\r\n        <p>C\u00e1c nh\u00e0 nghi\u00ean c\u1ee9u gi\u00e1o d\u1ee5c v\u00e0 ng\u00f4n ng\u1eef kh\u1eb3ng \u0111\u1ecbnh r\u1eb1ng s\u1ed1ng trong m\u00f4i tr\u01b0\u1eddng song ng\u1eef s\u1ebd t\u1ed1t cho s\u1ef1 ph\u00e1t tri\u1ec3n tr\u00ed n\u00e3o v\u00e0 t\u00ecnh c\u1ea3m x\u00e3 h\u1ed9i c\u1ee7a tr\u1ebb. Tr\u1ebb c\u00e0ng \u0111\u01b0\u1ee3c ti\u1ebfp x\u00fac v\u1edbi song ng\u1eef t\u1eeb s\u1edbm c\u00e0ng c\u00f3 kh\u1ea3 n\u0103ng th\u00e0nh c\u00f4ng cao.<\/p><p>Hooray l\u00e0 m\u00f4i tr\u01b0\u1eddng song ng\u1eef th\u1ef1c th\u1ee5, v\u1edbi 50% th\u1eddi gian h\u1ecdc t\u1eadp v\u00e0 vui ch\u01a1i c\u1ee7a tr\u1ebb b\u1eb1ng ti\u1ebfng Anh. Anh ng\u1eef \u0111\u01b0\u1ee3c gi\u1ea3ng d\u1ea1y th\u00f4ng qua ch\u01b0\u01a1ng tr\u00ecnh m\u1ea7m non, qua c\u00e1c ho\u1ea1t \u0111\u1ed9ng h\u1ecdc t\u1eadp, vui ch\u01a1i, sinh ho\u1ea1t. Nh\u1edd v\u1eady tr\u1ebb ghi nh\u1edb nhanh, nh\u1edb l\u00e2u v\u00e0 s\u1edbm c\u00f3 \u0111\u01b0\u1ee3c ph\u1ea3n x\u1ea1 n\u00f3i t\u1ef1 tin, l\u01b0u lo\u00e1t.<\/p><p>Hooray c\u00f3 s\u1ef1 h\u1eadu thu\u1eabn c\u1ee7a c\u00e1c chuy\u00ean gia gi\u00e1o d\u1ee5c v\u1ec1 Song ng\u1eef \u0111\u1ec3 gi\u00fap cho vi\u1ec7c d\u1ea1y v\u00e0 h\u1ecdc ti\u1ebfng Anh c\u1ee7a tr\u1ebb lu\u00f4n \u0111\u01b0\u1ee3c c\u1ea3i thi\u1ec7n v\u00e0 n\u00e2ng cao. Tr\u01b0\u1eddng cung c\u1ea5p c\u00e1c t\u00e0i li\u1ec7u, c\u00e1c kho\u00e1 h\u1ecdc v\u00e0 h\u1ed9i th\u1ea3o \u0111\u1ec3 ph\u1ee5 huynh hi\u1ec3u v\u00e0 \u0111\u1ed3ng h\u00e0nh v\u1edbi con trong vi\u1ec7c ph\u00e1t tri\u1ec3n m\u00f4i tr\u01b0\u1eddng Song ng\u1eef cho tr\u1ebb.<\/p>                    <\/div>\r\n                    <div class=\"col-lg-12 col-xl-6\">\r\n                        <div class=\"svg-block video-block\">\r\n                                        <img src=\"https:\/\/demo8.thuythu.com\/hooray\/wp-content\/themes\/childit\/assets\/img\/lazy.png\" class=\"video-prev lazy\" data-src=\"https:\/\/demo8.thuythu.com\/hooray\/wp-content\/uploads\/2019\/10\/SOSO7228-scaled.jpg\" alt=\"\">\r\n                                                        <\/div>\r\n                    <\/div>\r\n                <\/div>\r\n            <\/div>\r\n        <\/section>\r\n        <!-- Begin text-block -->\r\n        \t\t<\/div>\n\t\t\t\t<\/div>\n\t\t\t\t<div class=\"elementor-element elementor-element-e12849b elementor-widget elementor-widget-about_section\" data-id=\"e12849b\" data-element_type=\"widget\" id=\"reasons\" data-widget_type=\"about_section.default\">\n\t\t\t\t<div class=\"elementor-widget-container\">\n\t\t\t        <!-- Begin text-block -->\r\n\r\n        <section class=\"text-block pb-xs-50 pb-sm-65 pb-md-90 pb-lg-120 pt-xs-30 pt-md-60\">\r\n            <div class=\"container\">\r\n                <div class=\"row align-items-sm-center align-items-lg-start\">\r\n                    <div class=\"col-lg-12 col-xl-6\">\r\n                        <div class=\"block-header pt-0\">\r\n                            <p class=\"mb-xs-15 mb-lg-8\"> \r\n        Hooray l\u00e0 tr\u01b0\u1eddng \u0111\u1ea7u ti\u00ean t\u1ea1i TP.HCM \u00e1p d\u1ee5ng EQ                            <\/p>\r\n                            <h2 class=\"mb-xs-25 mb-md-25\"> \r\n        Ch\u00fa tr\u1ecdng ph\u00e1t tri\u1ec3n IQ v\u00e0 EQ c\u00e2n b\u1eb1ng cho tr\u1ebb                            <\/h2>\r\n                        <\/div>\r\n        <p><b>\u00a0<\/b>Kh\u00f4ng ch\u1ec9 cung c\u1ea5p nh\u1eefng ki\u1ebfn th\u1ee9c th\u1ef1c t\u1ebf cho tr\u1ebb tu\u1ed5i m\u1ea7m non, gi\u00fap tr\u1ebb n\u00e2ng cao k\u1ef9 n\u0103ng v\u1ea3 ch\u1ec9 s\u1ed1 IQ, Hooray c\u00f2n l\u00e0 tr\u01b0\u1eddng m\u1ea7m non \u0111\u1ea7u ti\u00ean t\u1ea1i TP.HCM \u00e1p d\u1ee5ng EQ nh\u01b0 m\u1ed9t m\u00f4n h\u1ecdc v\u00e0 t\u00edch h\u1ee3p v\u00e0o m\u1ecdi ho\u1ea1t \u0111\u1ed9ng h\u1ecdc t\u1eadp, vui ch\u01a1i.<\/p><p>Ch\u01b0\u01a1ng tr\u00ecnh EQ \u0111\u1ed9c quy\u1ec1n c\u1ee7a Hooray s\u1ebd h\u1ed7 tr\u1ee3 tr\u1ebb ph\u00e1t tri\u1ec3n tr\u00ed th\u00f4ng minh c\u1ea3m x\u00fac m\u1ed9t c\u00e1ch t\u1ef1 nhi\u00ean \u2013 tr\u1ebb th\u1ea5u hi\u1ec3u nh\u1eefng x\u00fac c\u1ea3m c\u00f9a b\u1ea3n th\u00e2n, th\u1ea5u hi\u1ec3u x\u00fac c\u1ea3m c\u1ee7a ng\u01b0\u1eddi kh\u00e1c, h\u1ecdc c\u00e1ch bi\u1ebft ki\u1ec1m ch\u1ebf c\u00e1c c\u1ea3m x\u00fac c\u00e1 nh\u00e2n \u0111\u1ed3ng th\u1eddi c\u00f3 m\u1ed9t tr\u00e1i tim tr\u00e0n \u0111\u1ea7y y\u00eau th\u01b0\u01a1ng.<\/p>                    <\/div>\r\n                    <div class=\"col-lg-12 col-xl-6\">\r\n                        <div class=\"svg-block video-block\">\r\n                                        <img src=\"https:\/\/demo8.thuythu.com\/hooray\/wp-content\/themes\/childit\/assets\/img\/lazy.png\" class=\"video-prev lazy\" data-src=\"https:\/\/demo8.thuythu.com\/hooray\/wp-content\/uploads\/2019\/10\/SOSO7154-scaled.jpg\" alt=\"\">\r\n                                                        <\/div>\r\n                    <\/div>\r\n                <\/div>\r\n            <\/div>\r\n        <\/section>\r\n        <!-- Begin text-block -->\r\n        \t\t<\/div>\n\t\t\t\t<\/div>\n\t\t\t\t<div class=\"elementor-element elementor-element-37c93e0 elementor-widget elementor-widget-about_section\" data-id=\"37c93e0\" data-element_type=\"widget\" id=\"reasons\" data-widget_type=\"about_section.default\">\n\t\t\t\t<div class=\"elementor-widget-container\">\n\t\t\t        <!-- Begin text-block -->\r\n\r\n        <section class=\"text-block pb-xs-50 pb-sm-65 pb-md-90 pb-lg-120 pt-xs-30 pt-md-60\">\r\n            <div class=\"container\">\r\n                <div class=\"row align-items-sm-center align-items-lg-start\">\r\n                    <div class=\"col-lg-12 col-xl-6\">\r\n                        <div class=\"block-header pt-0\">\r\n                            <p class=\"mb-xs-15 mb-lg-8\"> \r\n        M\u00f4i tr\u01b0\u1eddng h\u1ecdc t\u1eadp l\u00e0 v\u00f4 c\u00f9ng quan tr\u1ecdng                            <\/p>\r\n                            <h2 class=\"mb-xs-25 mb-md-25\"> \r\n        C\u00e1c ho\u1ea1t \u0111\u1ed9ng h\u1ecdc t\u1eadp h\u1ea5p d\u1eabn, phong ph\u00fa                            <\/h2>\r\n                        <\/div>\r\n        <p class=\"mb-xs-15 mb-lg-8\">Hooray \u00fd th\u1ee9c \u0111\u01b0\u1ee3c r\u1eb1ng m\u00f4i tr\u01b0\u1eddng h\u1ecdc t\u1eadp l\u00e0 v\u00f4 c\u00f9ng quan tr\u1ecdng, do \u0111\u00f3 tr\u01b0\u1eddng ch\u00fa tr\u1ecdng t\u1ea1o nh\u1eefng m\u00f4i tr\u01b0\u1eddng h\u1ecdc t\u1eadp sinh \u0111\u1ed9ng, h\u1ea5p d\u1eabn v\u00e0 g\u1ea7n g\u0169i v\u1edbi th\u1ef1c t\u1ebf. C\u00e1c ch\u1ee7 \u0111i\u1ec3m h\u1ecdc t\u1eadp \u0111\u01b0\u1ee3c thay \u0111\u1ed5i theo th\u00e1ng ho\u1eb7c theo qu\u00fd, l\u00e0 chu\u1ed7i c\u00e1c ho\u1ea1t \u0111\u1ed9ng th\u1ef1c ti\u1ec5n v\u00e0 m\u1edbi m\u1ebb. C\u00e1c b\u00e0i h\u1ecdc tri\u1ec3n khai d\u01b0\u1edbi d\u1ea1ng d\u1ef1 \u00e1n, c\u00e1c tr\u00f2 ch\u01a1i \u0111\u00f3ng vai, gi\u00fap h\u1ecdc sinh ti\u1ebfp thu ki\u1ebfn th\u1ee9c m\u1ed9t c\u00e1ch t\u1ef1 nhi\u00ean, ghi nh\u1edb l\u00e2u v\u00e0 c\u00f3 kh\u1ea3 n\u0103ng \u00e1p d\u1ee5ng v\u00e0o th\u1ef1c t\u1ebf.<\/p>                    <\/div>\r\n                    <div class=\"col-lg-12 col-xl-6\">\r\n                        <div class=\"svg-block video-block\">\r\n                                        <img src=\"https:\/\/demo8.thuythu.com\/hooray\/wp-content\/themes\/childit\/assets\/img\/lazy.png\" class=\"video-prev lazy\" data-src=\"https:\/\/demo8.thuythu.com\/hooray\/wp-content\/uploads\/2019\/10\/SOSO7383-scaled.jpg\" alt=\"\">\r\n                                                        <\/div>\r\n                    <\/div>\r\n                <\/div>\r\n            <\/div>\r\n        <\/section>\r\n        <!-- Begin text-block -->\r\n        \t\t<\/div>\n\t\t\t\t<\/div>\n\t\t\t\t<div class=\"elementor-element elementor-element-6ce79f5 elementor-widget elementor-widget-about_section\" data-id=\"6ce79f5\" data-element_type=\"widget\" id=\"reasons\" data-widget_type=\"about_section.default\">\n\t\t\t\t<div class=\"elementor-widget-container\">\n\t\t\t        <!-- Begin text-block -->\r\n\r\n        <section class=\"text-block pb-xs-50 pb-sm-65 pb-md-90 pb-lg-120 pt-xs-30 pt-md-60\">\r\n            <div class=\"container\">\r\n                <div class=\"row align-items-sm-center align-items-lg-start\">\r\n                    <div class=\"col-lg-12 col-xl-6\">\r\n                        <div class=\"block-header pt-0\">\r\n                            <p class=\"mb-xs-15 mb-lg-8\"> \r\n        T\u1ea1o \u0111i\u1ec1u ki\u1ec7n cho tr\u1ebb \u0111\u01b0\u1ee3c vui ch\u01a1i                            <\/p>\r\n                            <h2 class=\"mb-xs-25 mb-md-25\"> \r\n        Ch\u00fa tr\u1ecdng v\u1eadn \u0111\u1ed9ng th\u1ec3 ch\u1ea5t v\u00e0 k\u1ef9 n\u0103ng                            <\/h2>\r\n                        <\/div>\r\n        <p class=\"mb-xs-15 mb-lg-8\">M\u00f4i tr\u01b0\u1eddng h\u1ecdc t\u1eadp c\u1ee7a Hooray t\u1ea1o \u0111i\u1ec1u ki\u1ec7n cho tr\u1ebb \u0111\u01b0\u1ee3c vui ch\u01a1i h\u1eb1ng ng\u00e0y ngo\u00e0i tr\u1eddi v\u00e0 khu vui ch\u01a1i trong \u00a0nh\u00e0. C\u00e1c ho\u1ea1t \u0111\u1ed9ng \u0111\u01b0\u1ee3c thi\u1ebft k\u1ebf nh\u1eb1m gi\u00fap tr\u1ebb ph\u00e1t tri\u1ec3n c\u00e1c v\u1eadn \u0111\u1ed9ng tinh (fine motor skill) v\u00e0 k\u1ef9 n\u0103ng v\u1eadn \u0111\u1ed9ng th\u00f4 (gross motor skill) nh\u01b0: h\u1ecdc n\u1ea5u \u0103n, earobic, ch\u01a1i c\u00e1t, ch\u01a1i n\u01b0\u1edbc, ch\u1ea1y nh\u1ea3y ngo\u00e0i tr\u1eddi, \u0111i d\u00e3 ngo\u1ea1i\u2026 Qua c\u00e1c v\u1eadn \u0111\u1ed9ng \u0111a d\u1ea1ng, tr\u1ebb c\u00f2n h\u1ecdc \u0111\u01b0\u1ee3c nhi\u1ec1u k\u1ef9 n\u0103ng s\u1ed1ng c\u1ea7n thi\u1ebft.<\/p>                    <\/div>\r\n                    <div class=\"col-lg-12 col-xl-6\">\r\n                        <div class=\"svg-block video-block\">\r\n                                        <img src=\"https:\/\/demo8.thuythu.com\/hooray\/wp-content\/themes\/childit\/assets\/img\/lazy.png\" class=\"video-prev lazy\" data-src=\"https:\/\/demo8.thuythu.com\/hooray\/wp-content\/uploads\/2019\/10\/SOSO7271-scaled.jpg\" alt=\"\">\r\n                                                        <\/div>\r\n                    <\/div>\r\n                <\/div>\r\n            <\/div>\r\n        <\/section>\r\n        <!-- Begin text-block -->\r\n        \t\t<\/div>\n\t\t\t\t<\/div>\n\t\t\t\t<div class=\"elementor-element elementor-element-5d5c376 elementor-widget elementor-widget-about_section\" data-id=\"5d5c376\" data-element_type=\"widget\" id=\"reasons\" data-widget_type=\"about_section.default\">\n\t\t\t\t<div class=\"elementor-widget-container\">\n\t\t\t        <!-- Begin text-block -->\r\n\r\n        <section class=\"text-block pb-xs-50 pb-sm-65 pb-md-90 pb-lg-120 pt-xs-30 pt-md-60\">\r\n            <div class=\"container\">\r\n                <div class=\"row align-items-sm-center align-items-lg-start\">\r\n                    <div class=\"col-lg-12 col-xl-6\">\r\n                        <div class=\"block-header pt-0\">\r\n                            <p class=\"mb-xs-15 mb-lg-8\"> \r\n        Tr\u00ed t\u01b0\u1edfng t\u01b0\u1ee3ng c\u1ee7a con tr\u1ebb l\u00e0 m\u1ed9t kho t\u00e0ng v\u00f4 h\u1ea1n                            <\/p>\r\n                            <h2 class=\"mb-xs-25 mb-md-25\"> \r\n        Ph\u00e1t tri\u1ec3n tr\u00ed t\u01b0\u1edfng t\u01b0\u1ee3ng                            <\/h2>\r\n                        <\/div>\r\n        <p class=\"mb-xs-15 mb-lg-8\">Tr\u00ed t\u01b0\u1edfng t\u01b0\u1ee3ng c\u1ee7a con tr\u1ebb l\u00e0 m\u1ed9t kho t\u00e0ng v\u00f4 h\u1ea1n, \u0111i\u1ec1u quan tr\u1ecdng l\u00e0 ng\u01b0\u1eddi l\u1edbn c\u1ea7n gi\u00fap tr\u1ebb khai ph\u00f3ng ti\u1ec1m n\u0103ng \u0111\u00f3 c\u00e0ng s\u1edbm c\u00e0ng t\u1ed1t. C\u00e1c ho\u1ea1t \u0111\u1ed9ng ch\u01a1i \u0111\u00f3ng vai, x\u1ebfp kh\u1ed1i, ch\u01a1i nh\u00e0 r\u1ed1i, k\u1ecbch ngh\u1ec7, v\u1ebd\u2026 \u0111\u01b0\u1ee3c di\u1ec5n ra th\u01b0\u1eddng xuy\u00ean t\u1ea1i Hooray l\u00e0 \u0111i\u1ec1u ki\u1ec7n \u0111\u1ec3 k\u00edch th\u00edch tr\u00ed t\u01b0\u1edfng t\u01b0\u1ee3ng c\u1ee7a tr\u1ebb \u0111\u01b0\u1ee3c bay b\u1ed5ng.<\/p>                    <\/div>\r\n                    <div class=\"col-lg-12 col-xl-6\">\r\n                        <div class=\"svg-block video-block\">\r\n                                        <img src=\"https:\/\/demo8.thuythu.com\/hooray\/wp-content\/themes\/childit\/assets\/img\/lazy.png\" class=\"video-prev lazy\" data-src=\"https:\/\/demo8.thuythu.com\/hooray\/wp-content\/uploads\/2019\/10\/SOSO7301-scaled.jpg\" alt=\"\">\r\n                                                        <\/div>\r\n                    <\/div>\r\n                <\/div>\r\n            <\/div>\r\n        <\/section>\r\n        <!-- Begin text-block -->\r\n        \t\t<\/div>\n\t\t\t\t<\/div>\n\t\t\t\t<div class=\"elementor-element elementor-element-78dd60c elementor-widget elementor-widget-about_section\" data-id=\"78dd60c\" data-element_type=\"widget\" id=\"reasons\" data-widget_type=\"about_section.default\">\n\t\t\t\t<div class=\"elementor-widget-container\">\n\t\t\t        <!-- Begin text-block -->\r\n\r\n        <section class=\"text-block pb-xs-50 pb-sm-65 pb-md-90 pb-lg-120 pt-xs-30 pt-md-60\">\r\n            <div class=\"container\">\r\n                <div class=\"row align-items-sm-center align-items-lg-start\">\r\n                    <div class=\"col-lg-12 col-xl-6\">\r\n                        <div class=\"block-header pt-0\">\r\n                            <p class=\"mb-xs-15 mb-lg-8\"> \r\n        Ho\u1ea1t \u0111\u1ed9ng \u0111\u1ecdc s\u00e1ch di\u1ec5n ra h\u1ea7u nh\u01b0 m\u1ed7i ng\u00e0y                            <\/p>\r\n                            <h2 class=\"mb-xs-25 mb-md-25\"> \r\n        Tr\u1ebb \u0111\u01b0\u1ee3c r\u00e8n luy\u1ec7n th\u00f3i quen \u0111\u1ecdc s\u00e1ch t\u1eeb nh\u1ecf                            <\/h2>\r\n                        <\/div>\r\n        <p class=\"mb-xs-15 mb-lg-8\">Ho\u1ea1t \u0111\u1ed9ng \u0111\u1ecdc s\u00e1ch c\u1ee7a c\u00e1c Hoorayer di\u1ec5n ra h\u1ea7u nh\u01b0 m\u1ed7i ng\u00e0y. Nh\u1eefng cu\u1ed1n s\u00e1ch \u0111\u01b0\u1ee3c nh\u00e0 tr\u01b0\u1eddng ch\u1ecdn l\u1ef1a c\u1ea9n tr\u1ecdng, th\u00f4ng qua gi\u1ecdng \u0111\u1ecdc truy\u1ec3n c\u1ea3m c\u1ee7a c\u00f4 gi\u00e1o, l\u00e0 m\u00f3n \u0103n tinh th\u1ea7n quan tr\u1ecdng c\u1ee7a tr\u1ebb. Tr\u1ebb \u0111\u01b0\u1ee3c l\u00e0m quen v\u1edbi s\u00e1ch, h\u1ecdc h\u1ecfi qua s\u00e1ch v\u00e0 \u0111\u1ecdc s\u00e1ch tr\u1edf th\u00e0nh th\u00f3i quen c\u1ee7a tr\u1ebb. \u0110\u1ecdc l\u00e0 m\u1ed9t k\u1ef9 n\u0103ng quan tr\u1ecdng \u0111\u1ec3 tr\u1ebb c\u00f3 th\u1ec3 h\u1ecdc t\u1eadp t\u1ed1t \u1edf c\u00e1c b\u1eadc h\u1ecdc ti\u1ebfp theo v\u00e0 h\u00ecnh th\u00e0nh th\u00f3i quen h\u1ecdc t\u1eadp su\u1ed1t \u0111\u1eddi qua s\u00e1ch v\u1edf.<\/p>                    <\/div>\r\n                    <div class=\"col-lg-12 col-xl-6\">\r\n                        <div class=\"svg-block video-block\">\r\n                                        <img src=\"https:\/\/demo8.thuythu.com\/hooray\/wp-content\/themes\/childit\/assets\/img\/lazy.png\" class=\"video-prev lazy\" data-src=\"https:\/\/demo8.thuythu.com\/hooray\/wp-content\/uploads\/2019\/10\/SOSO7360-scaled.jpg\" alt=\"\">\r\n                                                        <\/div>\r\n                    <\/div>\r\n                <\/div>\r\n            <\/div>\r\n        <\/section>\r\n        <!-- Begin text-block -->\r\n        \t\t<\/div>\n\t\t\t\t<\/div>\n\t\t\t\t\t\t<\/div>\n\t\t\t<\/div>\n\t\t<\/div>\n\t\t\t\t\t\t<\/div>\n\t\t\t<\/div>\n\t\t<\/section>\n\t\t\t\t\t\t<\/div>\n\t\t\t<\/div>\n\t\t<\/div>\n\t\t","protected":false},"excerpt":{"rendered":"<p>Hooray l\u00e0 tr\u01b0\u1eddng m\u1ea7m non Song ng\u1eef M\u00f4i tr\u01b0\u1eddng h\u1ecdc t\u1eadp qu\u1ed1c t\u1ebf Hooray l\u00e0 tr\u01b0\u1eddng m\u1ea7m non Song ng\u1eef, tri\u1ec3n khai gi\u1ea3ng d\u1ea1y theo gi\u00e1o tr\u00ecnh Acelero Learning c\u1ee7a [&hellip;]<\/p>\n","protected":false},"author":1,"featured_media":0,"parent":0,"menu_order":0,"comment_status":"closed","ping_status":"closed","template":"","meta":[],"_links":{"self":[{"href":"https:\/\/demo8.thuythu.com\/hooray\/wp-json\/wp\/v2\/pages\/1247"}],"collection":[{"href":"https:\/\/demo8.thuythu.com\/hooray\/wp-json\/wp\/v2\/pages"}],"about":[{"href":"https:\/\/demo8.thuythu.com\/hooray\/wp-json\/wp\/v2\/types\/page"}],"author":[{"embeddable":true,"href":"https:\/\/demo8.thuythu.com\/hooray\/wp-json\/wp\/v2\/users\/1"}],"replies":[{"embeddable":true,"href":"https:\/\/demo8.thuythu.com\/hooray\/wp-json\/wp\/v2\/comments?post=1247"}],"version-history":[{"count":2,"href":"https:\/\/demo8.thuythu.com\/hooray\/wp-json\/wp\/v2\/pages\/1247\/revisions"}],"predecessor-version":[{"id":1426,"href":"https:\/\/demo8.thuythu.com\/hooray\/wp-json\/wp\/v2\/pages\/1247\/revisions\/1426"}],"wp:attachment":[{"href":"https:\/\/demo8.thuythu.com\/hooray\/wp-json\/wp\/v2\/media?parent=1247"}],"curies":[{"name":"wp","href":"https:\/\/api.w.org\/{rel}","templated":true}]}}