{"id":330,"date":"2019-09-16T06:51:22","date_gmt":"2019-09-16T06:51:22","guid":{"rendered":"https:\/\/smartdata.tonytemplates.com\/childit\/?page_id=330"},"modified":"2020-08-28T11:50:37","modified_gmt":"2020-08-28T04:50:37","slug":"cam-nhan-phu-huynh","status":"publish","type":"page","link":"https:\/\/demo8.thuythu.com\/hooray\/cam-nhan-phu-huynh\/","title":{"rendered":"C\u1ea3m nh\u1eadn ph\u1ee5 huynh"},"content":{"rendered":"\t\t<div data-elementor-type=\"wp-page\" data-elementor-id=\"330\" class=\"elementor elementor-330\" data-elementor-settings=\"[]\">\n\t\t\t<div class=\"elementor-inner\">\n\t\t\t\t<div class=\"elementor-section-wrap\">\n\t\t\t\t\t\t\t<section class=\"elementor-element elementor-element-f39cc4a elementor-section-stretched elementor-section-full_width elementor-section-height-default elementor-section-height-default elementor-section elementor-top-section\" data-id=\"f39cc4a\" data-element_type=\"section\" data-settings=\"{&quot;stretch_section&quot;:&quot;section-stretched&quot;}\">\n\t\t\t\t\t\t<div class=\"elementor-container elementor-column-gap-no\">\n\t\t\t\t<div class=\"elementor-row\">\n\t\t\t\t<div class=\"elementor-element elementor-element-33554bc elementor-column elementor-col-100 elementor-top-column\" data-id=\"33554bc\" data-element_type=\"column\">\n\t\t\t<div class=\"elementor-column-wrap  elementor-element-populated\">\n\t\t\t\t\t<div class=\"elementor-widget-wrap\">\n\t\t\t\t<div class=\"elementor-element elementor-element-e8b1c25 elementor-widget elementor-widget-testimonials\" data-id=\"e8b1c25\" data-element_type=\"widget\" data-widget_type=\"testimonials.default\">\n\t\t\t\t<div class=\"elementor-widget-container\">\n\t\t\t        <!-- Begin testimonials-section -->\r\n        <section class=\"testimonials-section pt-xs-40 pt-md-60 pb-xs-50 pb-md-70 pb-lg-120\">\r\n            <div class=\"container\">\r\n                <div class=\"row\">\r\n                    <div class=\"col-12\">\r\n                        <div class=\"section-header mb-xs-30 mb-md-31\">\r\n                            <p class=\"h-sub\">\r\n                                Ch\u00fang t\u00f4i r\u1ea5t vui khi nghe \u0111\u01b0\u1ee3c nh\u1eefng \u0111i\u1ec1u n\u00e0y                            <\/p>\r\n                            <h2>\r\n                                Nh\u1eadn x\u00e9t t\u1eeb ph\u1ee5 huynh                            <\/h2>\r\n                            <p>\r\n                                N\u1ebfu b\u1ea1n c\u00f3 ph\u1ea3n h\u1ed3i ho\u1eb7c l\u1eddi khen ng\u1ee3i m\u00e0 b\u1ea1n mu\u1ed1n chia s\u1ebb, vui l\u00f2ng g\u1eedi \u0111\u00e1nh gi\u00e1 c\u1ee7a b\u1ea1n \u1edf cu\u1ed1i trang n\u00e0y.\n                            <\/p>\r\n                        <\/div>\r\n                    <\/div>\r\n                                            <ul class=\"testimonial-list justify-content-center grid\">\r\n                                                            <li class=\"grid-item\">\r\n                                    <div class=\"testimonial-block\">\r\n                                                                                    <div class=\"testimonial-img\">\r\n                                                <img src=\"https:\/\/demo8.thuythu.com\/hooray\/wp-content\/uploads\/2019\/10\/testimonials3.svg\" alt=\"img\">\r\n                                            <\/div>\r\n                                            <div class=\"testimonial-description\">\r\n                                                <h5>Nguy\u1ec5n Duy Ph\u00fa<\/h5>\r\n                                                <time datetime=\"2019-10-03\">03\/10\/2019<\/time>\r\n                                                <p>Tuy l\u00e0 v\u1ed1n t\u1eeb v\u1ef1ng, v\u1ed1n ti\u1ebfng Anh c\u1ee7a b\u00e9 r\u1ea5t kh\u00e1 nh\u01b0ng m\u00e0 b\u00e9 ch\u1ec9 s\u1eed d\u1ee5ng \u0111\u01b0\u1ee3c nh\u1eefng t\u1eeb ri\u00eang bi\u1ec7t m\u00e0 ch\u01b0a r\u00e1p n\u1ed1i th\u00e0nh nh\u1eefng c\u1ea5u tr\u00fac c\u00e2u ho\u00e0n ch\u1ec9nh \u0111\u01b0\u1ee3c. Tuy nhi\u00ean sau m\u1ed9t th\u1eddi gian cho h\u1ecdc t\u1ea1i Hooray, ti\u1ebfng Anh ph\u1ea3n x\u1ea1 trong giao ti\u1ebfp c\u0169ng nh\u01b0 l\u00e0 b\u00e9 c\u00f3 th\u1ec3 s\u1eed d\u1ee5ng ti\u1ebfng Anh trong nh\u1eefng t\u00ecnh hu\u1ed1ng h\u1eb1ng ng\u00e0y khi ti\u1ebfp x\u00fac v\u1edbi nh\u1eefng th\u00e0nh vi\u00ean gia \u0111\u00ecnh.<\/p>\n                                            <\/div>\r\n                                                                                <\/div>\r\n                                <\/li>\r\n                                                                <li class=\"grid-item\">\r\n                                    <div class=\"testimonial-block\">\r\n                                                                                    <div class=\"testimonial-img\">\r\n                                                <img src=\"https:\/\/demo8.thuythu.com\/hooray\/wp-content\/uploads\/2019\/10\/testimonials2.svg\" alt=\"img\">\r\n                                            <\/div>\r\n                                            <div class=\"testimonial-description\">\r\n                                                <h5>Nguy\u1ec5n Ng\u1ecdc Minh T\u00e2m<\/h5>\r\n                                                <time datetime=\"2019-10-03\">03\/10\/2019<\/time>\r\n                                                <p>Con m\u00ecnh h\u1ecdc t\u1ea1i Hooray t\u1eeb nh\u1eefng ng\u00e0y \u0111\u1ea7u tr\u01b0\u1eddng th\u00e0nh l\u1eadp. Trong su\u1ed1t kho\u1ea3ng th\u1eddi gian sinh ho\u1ea1t v\u00e0 h\u1ecdc t\u1eadp c\u1ee7a con \u1edf tr\u01b0\u1eddng, gia \u0111\u00ecnh v\u00e0 ph\u1ee5 huynh c\u1ea3m th\u1ea5y c\u0169ng r\u1ea5t l\u00e0 an t\u00e2m. Th\u1ee9 nh\u1ea5t v\u1ec1 ch\u01b0\u01a1ng tr\u00ecnh h\u1ecdc r\u1ea5t l\u00e0 ph\u00f9 h\u1ee3p v\u1edbi l\u1ee9a tu\u1ed5i m\u1ea7m non b\u1edfi v\u00ec c\u00f3 nh\u1eefng ho\u1ea1t \u0111\u1ed9ng r\u1ea5t l\u00e0 th\u1ef1c\u00a0t\u1ebf v\u00e0 r\u1ea5t l\u00e0 ph\u00f9 h\u1ee3p v\u1edbi tr\u1ebb.<\/p>\n                                            <\/div>\r\n                                                                                <\/div>\r\n                                <\/li>\r\n                                                                <li class=\"grid-item\">\r\n                                    <div class=\"testimonial-block\">\r\n                                                                                    <div class=\"testimonial-img\">\r\n                                                <img src=\"https:\/\/demo8.thuythu.com\/hooray\/wp-content\/uploads\/2019\/10\/testimonials1.svg\" alt=\"img\">\r\n                                            <\/div>\r\n                                            <div class=\"testimonial-description\">\r\n                                                <h5>Tr\u1ecbnh Th\u1ecb Thu H\u1ed3ng<\/h5>\r\n                                                <time datetime=\"2019-10-03\">03\/10\/2019<\/time>\r\n                                                <p>C\u00e1c b\u1ea1n \u0111ang mong mu\u1ed1n t\u00ecm m\u00f4t tr\u01b0\u1eddng m\u00e0 h\u1ecdc ph\u00ed c\u0169ng r\u1ea5t l\u00e0 nh\u1eb9 nh\u00e0ng so v\u1edbi nh\u1eefng tr\u01b0\u1eddng song ng\u1eef hi\u1ec7n nay nh\u01b0ng v\u1eabn ch\u00fa tr\u1ecdng \u0111\u00e0o t\u1ea1o cho c\u00e1c b\u00e9 v\u1ec1 m\u1eb7t chia s\u1ebb c\u1ea3m x\u00fac, quan t\u00e2m v\u00e0 th\u1ebf gi\u1edbi n\u1ed9i t\u00e2m c\u1ee7a c\u00e1c con r\u1ea5t phong ph\u00fa khi c\u00e1c con \u0111\u01b0\u1ee3c h\u1ecdc r\u1ea5t l\u00e0 nhi\u1ec1u m\u00f4n th\u00ec c\u00e1c m\u1eb9 h\u00e3y\u00a0c\u00e2n nh\u1eafc l\u1ef1a ch\u1ecdn Hooray nh\u01b0 m\u00ecnh \u0111\u00e3 t\u1eebng t\u00ecm hi\u1ec3u.<\/p>\n                                            <\/div>\r\n                                                                                <\/div>\r\n                                <\/li>\r\n                                                        <\/ul>\r\n                        <div class=\"pagination mt-xs-45 mt-md-60 mt-lg-90 mb-xs-30 mb-md-60 mb-lg-90\">\r\n                                                    <\/div>\r\n                                            <div class=\"col-md-10 offset-md-1 col-lg-8 offset-lg-2\">\r\n                        <!-- Begin main-form -->\r\n                        <h3 class=\"text-center\">                        <\/h3>\r\n                                            <\/div>\r\n                <\/div>\r\n            <\/div>\r\n        <\/section>\r\n        <!-- End testimonials-section -->\r\n        \t\t<\/div>\n\t\t\t\t<\/div>\n\t\t\t\t\t\t<\/div>\n\t\t\t<\/div>\n\t\t<\/div>\n\t\t\t\t\t\t<\/div>\n\t\t\t<\/div>\n\t\t<\/section>\n\t\t\t\t\t\t<\/div>\n\t\t\t<\/div>\n\t\t<\/div>\n\t\t","protected":false},"excerpt":{"rendered":"<p>Ch\u00fang t\u00f4i r\u1ea5t vui khi nghe \u0111\u01b0\u1ee3c nh\u1eefng \u0111i\u1ec1u n\u00e0y Nh\u1eadn x\u00e9t t\u1eeb ph\u1ee5 huynh N\u1ebfu b\u1ea1n c\u00f3 ph\u1ea3n h\u1ed3i ho\u1eb7c l\u1eddi khen ng\u1ee3i m\u00e0 b\u1ea1n mu\u1ed1n chia s\u1ebb, vui [&hellip;]<\/p>\n","protected":false},"author":1,"featured_media":0,"parent":0,"menu_order":0,"comment_status":"closed","ping_status":"closed","template":"","meta":[],"_links":{"self":[{"href":"https:\/\/demo8.thuythu.com\/hooray\/wp-json\/wp\/v2\/pages\/330"}],"collection":[{"href":"https:\/\/demo8.thuythu.com\/hooray\/wp-json\/wp\/v2\/pages"}],"about":[{"href":"https:\/\/demo8.thuythu.com\/hooray\/wp-json\/wp\/v2\/types\/page"}],"author":[{"embeddable":true,"href":"https:\/\/demo8.thuythu.com\/hooray\/wp-json\/wp\/v2\/users\/1"}],"replies":[{"embeddable":true,"href":"https:\/\/demo8.thuythu.com\/hooray\/wp-json\/wp\/v2\/comments?post=330"}],"version-history":[{"count":6,"href":"https:\/\/demo8.thuythu.com\/hooray\/wp-json\/wp\/v2\/pages\/330\/revisions"}],"predecessor-version":[{"id":1216,"href":"https:\/\/demo8.thuythu.com\/hooray\/wp-json\/wp\/v2\/pages\/330\/revisions\/1216"}],"wp:attachment":[{"href":"https:\/\/demo8.thuythu.com\/hooray\/wp-json\/wp\/v2\/media?parent=330"}],"curies":[{"name":"wp","href":"https:\/\/api.w.org\/{rel}","templated":true}]}}