{"id":372,"date":"2019-09-24T10:38:40","date_gmt":"2019-09-24T10:38:40","guid":{"rendered":"https:\/\/smartdata.tonytemplates.com\/childit\/?page_id=372"},"modified":"2020-08-12T22:39:36","modified_gmt":"2020-08-12T15:39:36","slug":"thu-vien","status":"publish","type":"page","link":"https:\/\/demo8.thuythu.com\/hooray\/thu-vien\/","title":{"rendered":"Th\u01b0 vi\u1ec7n"},"content":{"rendered":"\t\t<div data-elementor-type=\"wp-page\" data-elementor-id=\"372\" class=\"elementor elementor-372\" data-elementor-settings=\"[]\">\n\t\t\t<div class=\"elementor-inner\">\n\t\t\t\t<div class=\"elementor-section-wrap\">\n\t\t\t\t\t\t\t<section class=\"elementor-element elementor-element-034b998 elementor-section-stretched elementor-section-full_width elementor-section-height-default elementor-section-height-default elementor-section elementor-top-section\" data-id=\"034b998\" data-element_type=\"section\" data-settings=\"{&quot;stretch_section&quot;:&quot;section-stretched&quot;}\">\n\t\t\t\t\t\t<div class=\"elementor-container elementor-column-gap-default\">\n\t\t\t\t<div class=\"elementor-row\">\n\t\t\t\t<div class=\"elementor-element elementor-element-c68f8ab elementor-column elementor-col-100 elementor-top-column\" data-id=\"c68f8ab\" data-element_type=\"column\">\n\t\t\t<div class=\"elementor-column-wrap  elementor-element-populated\">\n\t\t\t\t\t<div class=\"elementor-widget-wrap\">\n\t\t\t\t<div class=\"elementor-element elementor-element-71510d6 elementor-widget elementor-widget-page_gallery\" data-id=\"71510d6\" data-element_type=\"widget\" data-widget_type=\"page_gallery.default\">\n\t\t\t\t<div class=\"elementor-widget-container\">\n\t\t\t\r\n        <section class=\"gallery-boxed pt-xs-30 pt-md-60 pb-xs-40 pb-md-70 pb-lg-120\">\r\n            <div class=\"container\">\r\n                <div class=\"row\">\r\n                    <div class=\"col-12\">\r\n                        <div class=\"section-header mb-xs-30 mb-md-31\">\r\n                            <p class=\"h-sub\">\r\n                                L\u01b0u gi\u1eef nh\u1eefng kho\u1ea3nh kh\u1eafc \u0111\u1eb9p                            <\/p>\r\n                            <h2>\r\n                                Th\u01b0 vi\u1ec7n h\u00ecnh \u1ea3nh c\u1ee7a Hooray                            <\/h2>\r\n                            <p>\r\n                                Ch\u00fang t\u00f4i mong mu\u1ed1n ghi l\u1ea1i nh\u1eefng n\u1ee5 c\u01b0\u1eddi m\u00e0 ch\u00fang ta nh\u00ecn th\u1ea5y h\u00e0ng ng\u00e0y, th\u1ec3 hi\u1ec7n nhi\u1ec1u tr\u1ea3i nghi\u1ec7m m\u00e0 tr\u1ebb em c\u00f3 m\u1ed7i ng\u00e0y v\u00e0 cung c\u1ea5p cho c\u00e1c gia \u0111\u00ecnh m\u1ed9t tr\u1ea3i nghi\u1ec7m tr\u1ef1c quan.\n                            <\/p>\r\n                        <\/div>\r\n                                                    <div class=\"grid-filter\">\r\n                                <ul class=\"centre-tab-list\">\r\n                                    <li>\r\n                                        <a href=\"#\" data-filter=\"*\" class=\"active\">\r\n                                            All                                        <\/a>\r\n                                    <\/li>\r\n                                                                                <li><a href=\"#\" data-filter=\".hoat-dong\">Ho\u1ea1t \u0111\u1ed9ng<\/a><\/li>\r\n                                                                                        <li><a href=\"#\" data-filter=\".lop-hoc\">L\u1edbp h\u1ecdc<\/a><\/li>\r\n                                                                            <\/ul>\r\n                            <\/div>\r\n                            <div class=\"grid boxed-gallery-grid\">\r\n                                                                        <div class=\"grid-item hoat-dong\">\r\n                                            <div class=\"gallery-item\">\r\n                                                <a href=\"https:\/\/demo8.thuythu.com\/hooray\/wp-content\/uploads\/2020\/09\/SOSO7488-1-scaled.jpg\" data-gallery=\"example-gallery\">\r\n                                                    <img src=\"https:\/\/demo8.thuythu.com\/hooray\/wp-content\/uploads\/2020\/09\/SOSO7488-1-255x255.jpg\" alt=\"Img\">\r\n                                                <\/a>\r\n                                            <\/div>\r\n                                        <\/div>\r\n                                                                                <div class=\"grid-item hoat-dong\">\r\n                                            <div class=\"gallery-item\">\r\n                                                <a href=\"https:\/\/demo8.thuythu.com\/hooray\/wp-content\/uploads\/2019\/10\/SOSO7360-scaled.jpg\" data-gallery=\"example-gallery\">\r\n                                                    <img src=\"https:\/\/demo8.thuythu.com\/hooray\/wp-content\/uploads\/2019\/10\/SOSO7360-255x255.jpg\" alt=\"Img\">\r\n                                                <\/a>\r\n                                            <\/div>\r\n                                        <\/div>\r\n                                                                                <div class=\"grid-item hoat-dong\">\r\n                                            <div class=\"gallery-item\">\r\n                                                <a href=\"https:\/\/demo8.thuythu.com\/hooray\/wp-content\/uploads\/2019\/10\/SOSO7287-scaled.jpg\" data-gallery=\"example-gallery\">\r\n                                                    <img src=\"https:\/\/demo8.thuythu.com\/hooray\/wp-content\/uploads\/2019\/10\/SOSO7287-255x255.jpg\" alt=\"Img\">\r\n                                                <\/a>\r\n                                            <\/div>\r\n                                        <\/div>\r\n                                                                                <div class=\"grid-item hoat-dong\">\r\n                                            <div class=\"gallery-item\">\r\n                                                <a href=\"https:\/\/demo8.thuythu.com\/hooray\/wp-content\/uploads\/2019\/10\/SOSO7381-scaled.jpg\" data-gallery=\"example-gallery\">\r\n                                                    <img src=\"https:\/\/demo8.thuythu.com\/hooray\/wp-content\/uploads\/2019\/10\/SOSO7381-255x255.jpg\" alt=\"Img\">\r\n                                                <\/a>\r\n                                            <\/div>\r\n                                        <\/div>\r\n                                                                                <div class=\"grid-item hoat-dong\">\r\n                                            <div class=\"gallery-item\">\r\n                                                <a href=\"https:\/\/demo8.thuythu.com\/hooray\/wp-content\/uploads\/2019\/10\/SOSO7301-scaled.jpg\" data-gallery=\"example-gallery\">\r\n                                                    <img src=\"https:\/\/demo8.thuythu.com\/hooray\/wp-content\/uploads\/2019\/10\/SOSO7301-255x255.jpg\" alt=\"Img\">\r\n                                                <\/a>\r\n                                            <\/div>\r\n                                        <\/div>\r\n                                                                                <div class=\"grid-item hoat-dong\">\r\n                                            <div class=\"gallery-item\">\r\n                                                <a href=\"https:\/\/demo8.thuythu.com\/hooray\/wp-content\/uploads\/2019\/10\/SOSO7254-scaled.jpg\" data-gallery=\"example-gallery\">\r\n                                                    <img src=\"https:\/\/demo8.thuythu.com\/hooray\/wp-content\/uploads\/2019\/10\/SOSO7254-255x255.jpg\" alt=\"Img\">\r\n                                                <\/a>\r\n                                            <\/div>\r\n                                        <\/div>\r\n                                                                                <div class=\"grid-item hoat-dong\">\r\n                                            <div class=\"gallery-item\">\r\n                                                <a href=\"https:\/\/demo8.thuythu.com\/hooray\/wp-content\/uploads\/2019\/10\/SOSO7281-scaled.jpg\" data-gallery=\"example-gallery\">\r\n                                                    <img src=\"https:\/\/demo8.thuythu.com\/hooray\/wp-content\/uploads\/2019\/10\/SOSO7281-255x255.jpg\" alt=\"Img\">\r\n                                                <\/a>\r\n                                            <\/div>\r\n                                        <\/div>\r\n                                                                                <div class=\"grid-item hoat-dong\">\r\n                                            <div class=\"gallery-item\">\r\n                                                <a href=\"https:\/\/demo8.thuythu.com\/hooray\/wp-content\/uploads\/2019\/10\/SOSO7254-scaled.jpg\" data-gallery=\"example-gallery\">\r\n                                                    <img src=\"https:\/\/demo8.thuythu.com\/hooray\/wp-content\/uploads\/2019\/10\/SOSO7254-255x255.jpg\" alt=\"Img\">\r\n                                                <\/a>\r\n                                            <\/div>\r\n                                        <\/div>\r\n                                                                                <div class=\"grid-item hoat-dong\">\r\n                                            <div class=\"gallery-item\">\r\n                                                <a href=\"https:\/\/demo8.thuythu.com\/hooray\/wp-content\/uploads\/2019\/10\/SOSO7271-scaled.jpg\" data-gallery=\"example-gallery\">\r\n                                                    <img src=\"https:\/\/demo8.thuythu.com\/hooray\/wp-content\/uploads\/2019\/10\/SOSO7271-255x255.jpg\" alt=\"Img\">\r\n                                                <\/a>\r\n                                            <\/div>\r\n                                        <\/div>\r\n                                                                                <div class=\"grid-item hoat-dong\">\r\n                                            <div class=\"gallery-item\">\r\n                                                <a href=\"https:\/\/demo8.thuythu.com\/hooray\/wp-content\/uploads\/2019\/10\/SOSO7236-scaled.jpg\" data-gallery=\"example-gallery\">\r\n                                                    <img src=\"https:\/\/demo8.thuythu.com\/hooray\/wp-content\/uploads\/2019\/10\/SOSO7236-255x255.jpg\" alt=\"Img\">\r\n                                                <\/a>\r\n                                            <\/div>\r\n                                        <\/div>\r\n                                                                                <div class=\"grid-item hoat-dong\">\r\n                                            <div class=\"gallery-item\">\r\n                                                <a href=\"https:\/\/demo8.thuythu.com\/hooray\/wp-content\/uploads\/2019\/10\/SOSO7243-scaled.jpg\" data-gallery=\"example-gallery\">\r\n                                                    <img src=\"https:\/\/demo8.thuythu.com\/hooray\/wp-content\/uploads\/2019\/10\/SOSO7243-255x255.jpg\" alt=\"Img\">\r\n                                                <\/a>\r\n                                            <\/div>\r\n                                        <\/div>\r\n                                                                                <div class=\"grid-item hoat-dong\">\r\n                                            <div class=\"gallery-item\">\r\n                                                <a href=\"https:\/\/demo8.thuythu.com\/hooray\/wp-content\/uploads\/2019\/10\/SOSO7191-scaled.jpg\" data-gallery=\"example-gallery\">\r\n                                                    <img src=\"https:\/\/demo8.thuythu.com\/hooray\/wp-content\/uploads\/2019\/10\/SOSO7191-255x255.jpg\" alt=\"Img\">\r\n                                                <\/a>\r\n                                            <\/div>\r\n                                        <\/div>\r\n                                                                                <div class=\"grid-item hoat-dong\">\r\n                                            <div class=\"gallery-item\">\r\n                                                <a href=\"https:\/\/demo8.thuythu.com\/hooray\/wp-content\/uploads\/2019\/10\/SOSO7209-scaled.jpg\" data-gallery=\"example-gallery\">\r\n                                                    <img src=\"https:\/\/demo8.thuythu.com\/hooray\/wp-content\/uploads\/2019\/10\/SOSO7209-255x255.jpg\" alt=\"Img\">\r\n                                                <\/a>\r\n                                            <\/div>\r\n                                        <\/div>\r\n                                                                                <div class=\"grid-item hoat-dong\">\r\n                                            <div class=\"gallery-item\">\r\n                                                <a href=\"https:\/\/demo8.thuythu.com\/hooray\/wp-content\/uploads\/2019\/10\/SOSO7228-scaled.jpg\" data-gallery=\"example-gallery\">\r\n                                                    <img src=\"https:\/\/demo8.thuythu.com\/hooray\/wp-content\/uploads\/2019\/10\/SOSO7228-255x255.jpg\" alt=\"Img\">\r\n                                                <\/a>\r\n                                            <\/div>\r\n                                        <\/div>\r\n                                                                                <div class=\"grid-item hoat-dong\">\r\n                                            <div class=\"gallery-item\">\r\n                                                <a href=\"https:\/\/demo8.thuythu.com\/hooray\/wp-content\/uploads\/2019\/10\/SOSO7178-scaled.jpg\" data-gallery=\"example-gallery\">\r\n                                                    <img src=\"https:\/\/demo8.thuythu.com\/hooray\/wp-content\/uploads\/2019\/10\/SOSO7178-255x255.jpg\" alt=\"Img\">\r\n                                                <\/a>\r\n                                            <\/div>\r\n                                        <\/div>\r\n                                                                                <div class=\"grid-item hoat-dong\">\r\n                                            <div class=\"gallery-item\">\r\n                                                <a href=\"https:\/\/demo8.thuythu.com\/hooray\/wp-content\/uploads\/2019\/10\/SOSO7154-scaled.jpg\" data-gallery=\"example-gallery\">\r\n                                                    <img src=\"https:\/\/demo8.thuythu.com\/hooray\/wp-content\/uploads\/2019\/10\/SOSO7154-255x255.jpg\" alt=\"Img\">\r\n                                                <\/a>\r\n                                            <\/div>\r\n                                        <\/div>\r\n                                                                    <\/div>\r\n                        <\/div>\r\n                    <\/div>\r\n                    <div class=\"pagination mb-0 mt-xs-20 mt-md-20 mt-lg-25\">\r\n                        <span aria-current=\"page\" class=\"page-numbers current\">1<\/span>\n<a class=\"page-numbers\" href=\"\/hooray\/wp-json\/wp\/v2\/pages\/372?pageid=2\">2<\/a>                    <\/div>\r\n                                <\/div>\r\n        <\/section>\r\n        \t\t<\/div>\n\t\t\t\t<\/div>\n\t\t\t\t\t\t<\/div>\n\t\t\t<\/div>\n\t\t<\/div>\n\t\t\t\t\t\t<\/div>\n\t\t\t<\/div>\n\t\t<\/section>\n\t\t\t\t\t\t<\/div>\n\t\t\t<\/div>\n\t\t<\/div>\n\t\t","protected":false},"excerpt":{"rendered":"<p>L\u01b0u gi\u1eef nh\u1eefng kho\u1ea3nh kh\u1eafc \u0111\u1eb9p Th\u01b0 vi\u1ec7n h\u00ecnh \u1ea3nh c\u1ee7a Hooray Ch\u00fang t\u00f4i mong mu\u1ed1n ghi l\u1ea1i nh\u1eefng n\u1ee5 c\u01b0\u1eddi m\u00e0 ch\u00fang ta nh\u00ecn th\u1ea5y h\u00e0ng ng\u00e0y, th\u1ec3 hi\u1ec7n [&hellip;]<\/p>\n","protected":false},"author":1,"featured_media":0,"parent":0,"menu_order":0,"comment_status":"closed","ping_status":"closed","template":"","meta":[],"_links":{"self":[{"href":"https:\/\/demo8.thuythu.com\/hooray\/wp-json\/wp\/v2\/pages\/372"}],"collection":[{"href":"https:\/\/demo8.thuythu.com\/hooray\/wp-json\/wp\/v2\/pages"}],"about":[{"href":"https:\/\/demo8.thuythu.com\/hooray\/wp-json\/wp\/v2\/types\/page"}],"author":[{"embeddable":true,"href":"https:\/\/demo8.thuythu.com\/hooray\/wp-json\/wp\/v2\/users\/1"}],"replies":[{"embeddable":true,"href":"https:\/\/demo8.thuythu.com\/hooray\/wp-json\/wp\/v2\/comments?post=372"}],"version-history":[{"count":3,"href":"https:\/\/demo8.thuythu.com\/hooray\/wp-json\/wp\/v2\/pages\/372\/revisions"}],"predecessor-version":[{"id":1163,"href":"https:\/\/demo8.thuythu.com\/hooray\/wp-json\/wp\/v2\/pages\/372\/revisions\/1163"}],"wp:attachment":[{"href":"https:\/\/demo8.thuythu.com\/hooray\/wp-json\/wp\/v2\/media?parent=372"}],"curies":[{"name":"wp","href":"https:\/\/api.w.org\/{rel}","templated":true}]}}