{"id":2,"date":"2021-12-29T18:33:43","date_gmt":"2021-12-29T18:33:43","guid":{"rendered":"https:\/\/demo8.thuythu.com\/husqvarna\/?page_id=2"},"modified":"2022-04-04T13:34:29","modified_gmt":"2022-04-04T06:34:29","slug":"sample-page","status":"publish","type":"page","link":"https:\/\/demo8.thuythu.com\/husqvarna\/sample-page\/","title":{"rendered":"Sample Page"},"content":{"rendered":"<p>C\u00f4ng ty TNHH Al Naboodah Qu\u1ed1c t\u1ebf Vi\u1ec7t Nam l\u00e0 c\u00f4ng ty con c\u1ee7a m\u1ed9t trong nh\u1eefng th\u01b0\u01a1ng hi\u1ec7u h\u00e0ng \u0111\u1ea7u t\u1ea1i C\u00e1c Ti\u1ec3u V\u01b0\u01a1ng Qu\u1ed1c \u1ea2 R\u1eadp th\u1ed1ng nh\u1ea5t: T\u1eadp \u0111o\u00e0n Al Naboodah, bao g\u1ed3m h\u01a1n 20 c\u00f4ng ty cung c\u1ea5p m\u1ed9t danh m\u1ee5c \u0111\u1ea7u t\u01b0 \u0111a d\u1ea1ng v\u1ec1 c\u00e1c d\u1ecbch v\u1ee5 v\u00e0 s\u1ea3n ph\u1ea9m trong b\u1ed1n l\u0129nh v\u1ef1c kinh doanh ch\u00ednh &#8211; x\u00e2y d\u1ef1ng, th\u01b0\u01a1ng m\u1ea1i, \u0111\u1ea7u t\u01b0 v\u00e0 b\u1ea5t \u0111\u1ed9ng s\u1ea3n.<\/p>\n<p>C\u00e1c l\u0129nh v\u1ef1c c\u00f4ng nghi\u1ec7p ph\u1ee5 tr\u1ea3i \u0111\u1ec1u kh\u00e1 \u0111a d\u1ea1ng bao g\u1ed3m du l\u1ecbch v\u00e0 l\u1eef h\u00e0nh, giao nh\u1eadn v\u1eadn t\u1ea3i v\u00e0 h\u1eadu c\u1ea7n, c\u00e1c s\u1ea3n ph\u1ea9m \u0111i\u1ec7n, c\u00e1c s\u1ea3n ph\u1ea9m v\u00e0 d\u1ecbch v\u1ee5 chi\u1ebfu s\u00e1ng, ph\u00e2n ph\u1ed1i l\u1ed1p xe, m\u1ed9t b\u1ed9 ph\u1eadn c\u00f4ng nghi\u1ec7p \u00f4 t\u00f4, thi\u1ebft b\u1ecb n\u1eb7ng v\u00e0 b\u1ed9 ph\u1eadn xe th\u01b0\u01a1ng m\u1ea1i, n\u00f4ng nghi\u1ec7p v\u00e0 b\u1ed9 ph\u1eadn ki\u1ec3m so\u00e1t d\u1ecbch h\u1ea1i. Nhi\u1ec1u l\u0129nh v\u1ef1c kinh doanh thu\u1ed9c t\u1eadp \u0111o\u00e0n c\u00f3 ch\u1ee9ng nh\u1eadn ISO v\u00e0 gi\u00e0nh \u0111\u01b0\u1ee3c nhi\u1ec1u gi\u1ea3i th\u01b0\u1edfng trong ng\u00e0nh.<\/p>\n<p>N\u0103m 2021, T\u1eadp \u0111o\u00e0n Al Naboodah Qu\u1ed1c t\u1ebf Vi\u1ec7t Nam \u0111\u00e3 ch\u00ednh th\u1ee9c tr\u1edf th\u00e0nh nh\u00e0 ph\u00e2n ph\u1ed1i ch\u00ednh h\u00e3ng c\u1ee7a Fox Racing, c\u00f4ng ty chuy\u00ean s\u1ea3n xu\u1ea5t ph\u1ee5 ki\u1ec7n, qu\u1ea7n \u00e1o v\u00e0 b\u1ea3o h\u1ed9 cho c\u00e1c m\u00f4n th\u1ec3 thao m\u1ea1o hi\u1ec3m.<\/p>\n","protected":false},"excerpt":{"rendered":"<p>C\u00f4ng ty TNHH Al Naboodah Qu\u1ed1c t\u1ebf Vi\u1ec7t Nam l\u00e0 c\u00f4ng ty con c\u1ee7a m\u1ed9t trong nh\u1eefng th\u01b0\u01a1ng hi\u1ec7u h\u00e0ng \u0111\u1ea7u t\u1ea1i C\u00e1c Ti\u1ec3u V\u01b0\u01a1ng Qu\u1ed1c \u1ea2 R\u1eadp th\u1ed1ng nh\u1ea5t: T\u1eadp \u0111o\u00e0n Al Naboodah, bao g\u1ed3m h\u01a1n 20 c\u00f4ng ty cung c\u1ea5p m\u1ed9t danh m\u1ee5c \u0111\u1ea7u t\u01b0 \u0111a d\u1ea1ng v\u1ec1 c\u00e1c d\u1ecbch v\u1ee5 v\u00e0 s\u1ea3n &#8230; <a title=\"Sample Page\" class=\"read-more\" href=\"https:\/\/demo8.thuythu.com\/husqvarna\/sample-page\/\" aria-label=\"More on Sample Page\">Read more<\/a><\/p>\n","protected":false},"author":1,"featured_media":0,"parent":0,"menu_order":0,"comment_status":"closed","ping_status":"open","template":"","meta":[],"_links":{"self":[{"href":"https:\/\/demo8.thuythu.com\/husqvarna\/wp-json\/wp\/v2\/pages\/2"}],"collection":[{"href":"https:\/\/demo8.thuythu.com\/husqvarna\/wp-json\/wp\/v2\/pages"}],"about":[{"href":"https:\/\/demo8.thuythu.com\/husqvarna\/wp-json\/wp\/v2\/types\/page"}],"author":[{"embeddable":true,"href":"https:\/\/demo8.thuythu.com\/husqvarna\/wp-json\/wp\/v2\/users\/1"}],"replies":[{"embeddable":true,"href":"https:\/\/demo8.thuythu.com\/husqvarna\/wp-json\/wp\/v2\/comments?post=2"}],"version-history":[{"count":2,"href":"https:\/\/demo8.thuythu.com\/husqvarna\/wp-json\/wp\/v2\/pages\/2\/revisions"}],"predecessor-version":[{"id":2099,"href":"https:\/\/demo8.thuythu.com\/husqvarna\/wp-json\/wp\/v2\/pages\/2\/revisions\/2099"}],"wp:attachment":[{"href":"https:\/\/demo8.thuythu.com\/husqvarna\/wp-json\/wp\/v2\/media?parent=2"}],"curies":[{"name":"wp","href":"https:\/\/api.w.org\/{rel}","templated":true}]}}