{"id":2450,"date":"2022-05-13T18:36:52","date_gmt":"2022-05-13T11:36:52","guid":{"rendered":"https:\/\/demo8.thuythu.com\/husqvarna\/?page_id=2450"},"modified":"2022-05-13T18:47:27","modified_gmt":"2022-05-13T11:47:27","slug":"ho-tro-tren-duong","status":"publish","type":"page","link":"https:\/\/demo8.thuythu.com\/husqvarna\/ho-tro-tren-duong\/","title":{"rendered":"H\u1ed7 tr\u1ee3 tr\u00ean \u0111\u01b0\u1eddng"},"content":{"rendered":"<p><strong>KTM ASSIST \u2013 D\u1ecaCH V\u1ee4 C\u1ee8U H\u1ed8 CHUY\u00caN NGHI\u1ec6P TR\u00caN TO\u00c0N QU\u1ed0C<\/strong><br \/>\nL\u00e0 g\u00f3i c\u1ee9u h\u1ed9 khi xe m\u00e1y x\u1ea3y ra s\u1ef1 c\u1ed1 tr\u00ean \u0111\u01b0\u1eddng \u0111i, v\u1edbi tr\u00ean 20 n\u0103m kinh nghi\u1ec7m cung c\u1ea5p d\u1ecbch v\u1ee5 c\u1ee9u h\u1ed9 xe m\u00e1y t\u1ea1i Nh\u1eadt B\u1ea3n, KTM Assist \u0111\u1ed3ng h\u00e0nh c\u00f9ng tay l\u00e1i kh\u1eafc ph\u1ee5c nh\u1eefng s\u1ef1 c\u1ed1 b\u1ea5t ng\u1edd nh\u01b0 Th\u1ee7ng l\u1ed1p, H\u1ebft x\u0103ng, L\u1ed7i ch\u1ed1ng tr\u1ed9m, H\u01b0 \u1ed5 kh\u00f3a.<\/p>\n<p><strong>KTM ASSIST CAM K\u1ebeT:<\/strong><\/p>\n<ul>\n<li><em>C\u1ee9u h\u1ed9 24\/24, k\u1ec3 c\u1ea3 ng\u00e0y l\u1ec5 t\u1ebft &amp; ch\u1ee7 nh\u1eadt<\/em><\/li>\n<li><em>H\u1ed7 tr\u1ee3 tr\u00ean to\u00e0n qu\u1ed1c<\/em><\/li>\n<li><em>Giao x\u0103ng t\u1eadn n\u01a1i<\/em><\/li>\n<\/ul>\n<p>Trong tr\u01b0\u1eddng h\u1ee3p xe c\u1ee7a kh\u00e1ch h\u00e0ng th\u00e0nh vi\u00ean h\u1ebft x\u0103ng tr\u00ean \u0111\u01b0\u1eddng, KTM Assist s\u1ebd mi\u1ec5n ph\u00ed c\u00f4ng giao x\u0103ng \u0111\u1ebfn cho kh\u00e1ch h\u00e0ng (b\u00ecnh 600ml). Kh\u00e1ch h\u00e0ng ch\u1ec9 tr\u1ea3 ph\u00ed cho dung t\u00edch x\u0103ng y\u00eau c\u1ea7u cung c\u1ea5p theo gi\u00e1 tr\u1ecb tr\u01b0\u1eddng.<\/p>\n<p>&#8211; \u0110\u1ed1i v\u1edbi d\u1ecbch v\u1ee5 cung c\u1ea5p x\u0103ng, ch\u1ec9 h\u1ed7 tr\u1ee3 trong tr\u01b0\u1eddng h\u1ee3p kh\u00e1ch h\u00e0ng \u0111ang g\u1eb7p s\u1ef1 c\u1ed1 tr\u00ean \u0111\u01b0\u1eddng.<\/p>\n<p>&#8211; N\u1ebfu xe c\u1ee7a kh\u00e1ch h\u00e0ng \u0111ang \u1edf nh\u00e0 , d\u1ecbch v\u1ee5 n\u00e0y kh\u00f4ng \u0111\u01b0\u1ee3c h\u1ed7 tr\u1ee3.<\/p>\n<ul>\n<li><em>M\u1ea5t ch\u00eca kh\u00f3a\/ ch\u1ebft m\u00e1y<\/em><\/li>\n<\/ul>\n<p>Trong tr\u01b0\u1eddng h\u1ee3p xe c\u1ee7a kh\u00e1ch h\u00e0ng th\u00e0nh vi\u00ean ch\u1ebft m\u00e1y, kh\u00f4ng th\u1ec3 m\u1edf kh\u00f3a hay m\u1ea5t ch\u00eca kh\u00f3a, ch\u00fang t\u00f4i s\u1ebd h\u1ed7 tr\u1ee3 kh\u1eafc ph\u1ee5c v\u1ea5n \u0111\u1ec1 t\u1ea1m th\u1eddi \u0111\u1ec3 kh\u00e1ch h\u00e0ng c\u00f3 th\u1ec3 ti\u1ebfp t\u1ee5c s\u1eed d\u1ee5ng xe. N\u1ebfu nh\u00e2n vi\u00ean k\u1ef9 thu\u1eadt kh\u00f4ng th\u1ec3 kh\u1eafc ph\u1ee5c \u0111\u01b0\u1ee3c s\u1ef1 c\u1ed1 t\u1ea1i ch\u1ed7, s\u1ebd cung c\u1ea5p d\u1ecbch v\u1ee5 v\u1eadn chuy\u1ec3n.<\/p>\n<ul>\n<li><em>V\u1eadn chuy\u1ec3n xe mi\u1ec5n ph\u00ed\u00a0<\/em><\/li>\n<\/ul>\n<p>Trong tr\u01b0\u1eddng h\u1ee3p xe m\u00e1y c\u1ee7a th\u00e0nh vi\u00ean b\u1ecb tai n\u1ea1n ho\u1eb7c h\u1ecfng h\u00f3c n\u1eb7ng, xe s\u1ebd v\u1eadn chuy\u1ec3n xe \u0111\u1ebfn \u0111\u1ea1i l\u00fd s\u1eeda ch\u1eefa ho\u1eb7c v\u1ec1 nh\u00e0 c\u1ee7a kh\u00e1ch h\u00e0ng (n\u1ebfu ngo\u00e0i th\u1eddi gian l\u00e0m vi\u1ec7c c\u1ee7a \u0111\u1ea1i l\u00fd). Th\u00f4ng th\u01b0\u1eddng, xe m\u00e1y c\u1ee7a th\u00e0nh vi\u00ean s\u1ebd \u0111\u01b0\u1ee3c chuy\u1ec3n \u0111\u1ebfn \u0111\u1ea1i l\u00fd n\u01a1i th\u00e0nh vi\u00ean mua xe ho\u1eb7c n\u01a1i th\u00e0nh vi\u00ean \u0111\u0103ng k\u00fd d\u1ecbch v\u1ee5 c\u1ee9u h\u1ed9.\u00a0<strong>Xe ph\u00e2n kh\u1ed1i l\u1edbn mi\u1ec5n ph\u00ed v\u1eadn chuy\u1ec3n &lt;300 km<\/strong><\/p>\n<ul>\n<li><em>Th\u1ee7ng l\u1ed1p<\/em><\/li>\n<\/ul>\n<p>N\u1ebfu xe c\u1ee7a kh\u00e1ch h\u00e0ng th\u00e0nh vi\u00ean b\u1ecb x\u00ec l\u1ed1p,\u00a0ch\u00fang t\u00f4i\u00a0s\u1ebd s\u1eeda ch\u1eefa (v\u00e1 t\u1ea1m th\u1eddi) ho\u1eb7c v\u1eadn chuy\u1ec3n \u0111\u1ebfn \u0111\u1ea1i l\u00fd ( trong tr\u01b0\u1eddng h\u1ee3p c\u1ea7n thay th\u1ebf).<\/p>\n<p><strong>C\u00c1C TR\u01af\u1edcNG H\u1ee2P LO\u1ea0I TR\u1eea<\/strong><\/p>\n<ul>\n<li>Tr\u01b0\u1eddng h\u1ee3p c\u00f3 chi\u1ebfn tranh m\u1eb7c d\u00f9 c\u00f3 \u0111\u01b0\u1ee3c ch\u00ednh th\u1ee9c th\u00f4ng b\u00e1o hay kh\u00f4ng, ho\u1eb7c b\u1ea5t k\u1ef3 chi\u1ebfn s\u1ef1, n\u1ed5i lo\u1ea1n hay b\u1ea1o \u0111\u1ed9ng.<\/li>\n<li>Tr\u01b0\u1eddng h\u1ee3p xe m\u00e1y kh\u00f4ng b\u1ecb h\u1ecfng.<\/li>\n<li>Tr\u01b0\u1eddng h\u1ee3p kh\u00e1ch h\u00e0ng y\u00eau c\u1ea7u v\u1eadn chuy\u1ec3n t\u1eeb \u0111\u1ea1i l\u00fd s\u1eefa ch\u1eefa \u0111\u1ebfn n\u01a1i kh\u00e1c.<\/li>\n<li>Tr\u01b0\u1eddng h\u1ee3p kh\u00e1ch h\u00e0ng c\u00f3 s\u1eed d\u1ee5ng ch\u1ea5t k\u00edch th\u00edch, g\u00e2y nghi\u1ec7n ( r\u01b0\u1ee3u bia, ma t\u00fay,\u2026)<\/li>\n<\/ul>\n<p>An t\u00e2m kh\u00e1m ph\u00e1, tr\u1ea3i nghi\u1ec7m v\u00e0 v\u1eefng t\u00e2m chinh ph\u1ee5c v\u1ea1n n\u1ebbo \u0111\u01b0\u1eddng c\u00f9ng KTM Assist ngay h\u00f4m nay!<\/p>\n<p>&nbsp;<\/p>\n","protected":false},"excerpt":{"rendered":"<p>KTM ASSIST \u2013 D\u1ecaCH V\u1ee4 C\u1ee8U H\u1ed8 CHUY\u00caN NGHI\u1ec6P TR\u00caN TO\u00c0N QU\u1ed0C L\u00e0 g\u00f3i c\u1ee9u h\u1ed9 khi xe m\u00e1y x\u1ea3y ra s\u1ef1 c\u1ed1 tr\u00ean \u0111\u01b0\u1eddng \u0111i, v\u1edbi tr\u00ean 20 n\u0103m kinh nghi\u1ec7m cung c\u1ea5p d\u1ecbch v\u1ee5 c\u1ee9u h\u1ed9 xe m\u00e1y t\u1ea1i Nh\u1eadt B\u1ea3n, KTM Assist \u0111\u1ed3ng h\u00e0nh c\u00f9ng tay l\u00e1i kh\u1eafc ph\u1ee5c nh\u1eefng s\u1ef1 c\u1ed1 &#8230; <a title=\"H\u1ed7 tr\u1ee3 tr\u00ean \u0111\u01b0\u1eddng\" class=\"read-more\" href=\"https:\/\/demo8.thuythu.com\/husqvarna\/ho-tro-tren-duong\/\" aria-label=\"More on H\u1ed7 tr\u1ee3 tr\u00ean \u0111\u01b0\u1eddng\">Read more<\/a><\/p>\n","protected":false},"author":2,"featured_media":0,"parent":0,"menu_order":0,"comment_status":"closed","ping_status":"open","template":"","meta":[],"_links":{"self":[{"href":"https:\/\/demo8.thuythu.com\/husqvarna\/wp-json\/wp\/v2\/pages\/2450"}],"collection":[{"href":"https:\/\/demo8.thuythu.com\/husqvarna\/wp-json\/wp\/v2\/pages"}],"about":[{"href":"https:\/\/demo8.thuythu.com\/husqvarna\/wp-json\/wp\/v2\/types\/page"}],"author":[{"embeddable":true,"href":"https:\/\/demo8.thuythu.com\/husqvarna\/wp-json\/wp\/v2\/users\/2"}],"replies":[{"embeddable":true,"href":"https:\/\/demo8.thuythu.com\/husqvarna\/wp-json\/wp\/v2\/comments?post=2450"}],"version-history":[{"count":6,"href":"https:\/\/demo8.thuythu.com\/husqvarna\/wp-json\/wp\/v2\/pages\/2450\/revisions"}],"predecessor-version":[{"id":2458,"href":"https:\/\/demo8.thuythu.com\/husqvarna\/wp-json\/wp\/v2\/pages\/2450\/revisions\/2458"}],"wp:attachment":[{"href":"https:\/\/demo8.thuythu.com\/husqvarna\/wp-json\/wp\/v2\/media?parent=2450"}],"curies":[{"name":"wp","href":"https:\/\/api.w.org\/{rel}","templated":true}]}}