{"id":362,"date":"2022-02-06T13:31:09","date_gmt":"2022-02-06T13:31:09","guid":{"rendered":"https:\/\/demo8.thuythu.com\/husqvarna\/?page_id=362"},"modified":"2022-03-18T06:55:22","modified_gmt":"2022-03-18T06:55:22","slug":"dang-ky-lai-thu","status":"publish","type":"page","link":"https:\/\/demo8.thuythu.com\/husqvarna\/dang-ky-lai-thu\/","title":{"rendered":"\u0110\u0103ng k\u00fd l\u00e1i th\u1eed"},"content":{"rendered":"","protected":false},"excerpt":{"rendered":"","protected":false},"author":1,"featured_media":0,"parent":0,"menu_order":0,"comment_status":"closed","ping_status":"closed","template":"templates\/dk_lai_thu.php","meta":[],"_links":{"self":[{"href":"https:\/\/demo8.thuythu.com\/husqvarna\/wp-json\/wp\/v2\/pages\/362"}],"collection":[{"href":"https:\/\/demo8.thuythu.com\/husqvarna\/wp-json\/wp\/v2\/pages"}],"about":[{"href":"https:\/\/demo8.thuythu.com\/husqvarna\/wp-json\/wp\/v2\/types\/page"}],"author":[{"embeddable":true,"href":"https:\/\/demo8.thuythu.com\/husqvarna\/wp-json\/wp\/v2\/users\/1"}],"replies":[{"embeddable":true,"href":"https:\/\/demo8.thuythu.com\/husqvarna\/wp-json\/wp\/v2\/comments?post=362"}],"version-history":[{"count":3,"href":"https:\/\/demo8.thuythu.com\/husqvarna\/wp-json\/wp\/v2\/pages\/362\/revisions"}],"predecessor-version":[{"id":1505,"href":"https:\/\/demo8.thuythu.com\/husqvarna\/wp-json\/wp\/v2\/pages\/362\/revisions\/1505"}],"wp:attachment":[{"href":"https:\/\/demo8.thuythu.com\/husqvarna\/wp-json\/wp\/v2\/media?parent=362"}],"curies":[{"name":"wp","href":"https:\/\/api.w.org\/{rel}","templated":true}]}}