{"id":761,"date":"2022-03-03T07:18:51","date_gmt":"2022-03-03T07:18:51","guid":{"rendered":"https:\/\/demo8.thuythu.com\/husqvarna\/?page_id=761"},"modified":"2022-12-14T15:10:36","modified_gmt":"2022-12-14T08:10:36","slug":"dang-ky-nhan-ban-tin","status":"publish","type":"page","link":"https:\/\/demo8.thuythu.com\/husqvarna\/dang-ky-nhan-ban-tin\/","title":{"rendered":"\u0110\u0103ng k\u00fd nh\u1eadn b\u1ea3n tin"},"content":{"rendered":"","protected":false},"excerpt":{"rendered":"","protected":false},"author":1,"featured_media":0,"parent":0,"menu_order":0,"comment_status":"closed","ping_status":"closed","template":"templates\/dk_lai_thu.php","meta":[],"_links":{"self":[{"href":"https:\/\/demo8.thuythu.com\/husqvarna\/wp-json\/wp\/v2\/pages\/761"}],"collection":[{"href":"https:\/\/demo8.thuythu.com\/husqvarna\/wp-json\/wp\/v2\/pages"}],"about":[{"href":"https:\/\/demo8.thuythu.com\/husqvarna\/wp-json\/wp\/v2\/types\/page"}],"author":[{"embeddable":true,"href":"https:\/\/demo8.thuythu.com\/husqvarna\/wp-json\/wp\/v2\/users\/1"}],"replies":[{"embeddable":true,"href":"https:\/\/demo8.thuythu.com\/husqvarna\/wp-json\/wp\/v2\/comments?post=761"}],"version-history":[{"count":3,"href":"https:\/\/demo8.thuythu.com\/husqvarna\/wp-json\/wp\/v2\/pages\/761\/revisions"}],"predecessor-version":[{"id":2621,"href":"https:\/\/demo8.thuythu.com\/husqvarna\/wp-json\/wp\/v2\/pages\/761\/revisions\/2621"}],"wp:attachment":[{"href":"https:\/\/demo8.thuythu.com\/husqvarna\/wp-json\/wp\/v2\/media?parent=761"}],"curies":[{"name":"wp","href":"https:\/\/api.w.org\/{rel}","templated":true}]}}