{"id":1275,"date":"2021-03-22T04:59:47","date_gmt":"2021-03-22T04:59:47","guid":{"rendered":"https:\/\/demo8.thuythu.com\/hvacrvietnam-32\/dang-ky-nhan-ban-tin\/"},"modified":"2022-04-22T07:38:48","modified_gmt":"2022-04-22T07:38:48","slug":"dang-ky-nhan-ban-tin","status":"publish","type":"page","link":"https:\/\/demo8.thuythu.com\/hvacrvietnam-32\/en\/dang-ky-nhan-ban-tin\/","title":{"rendered":"\u0110\u0103ng k\u00fd nh\u1eadn b\u1ea3n tin"},"content":{"rendered":"","protected":false},"excerpt":{"rendered":"","protected":false},"author":1,"featured_media":0,"parent":0,"menu_order":0,"comment_status":"closed","ping_status":"closed","template":"templates\/dang-ky-nhan-tin.php","meta":[],"_links":{"self":[{"href":"https:\/\/demo8.thuythu.com\/hvacrvietnam-32\/en\/wp-json\/wp\/v2\/pages\/1275"}],"collection":[{"href":"https:\/\/demo8.thuythu.com\/hvacrvietnam-32\/en\/wp-json\/wp\/v2\/pages"}],"about":[{"href":"https:\/\/demo8.thuythu.com\/hvacrvietnam-32\/en\/wp-json\/wp\/v2\/types\/page"}],"author":[{"embeddable":true,"href":"https:\/\/demo8.thuythu.com\/hvacrvietnam-32\/en\/wp-json\/wp\/v2\/users\/1"}],"replies":[{"embeddable":true,"href":"https:\/\/demo8.thuythu.com\/hvacrvietnam-32\/en\/wp-json\/wp\/v2\/comments?post=1275"}],"version-history":[{"count":3,"href":"https:\/\/demo8.thuythu.com\/hvacrvietnam-32\/en\/wp-json\/wp\/v2\/pages\/1275\/revisions"}],"predecessor-version":[{"id":2431,"href":"https:\/\/demo8.thuythu.com\/hvacrvietnam-32\/en\/wp-json\/wp\/v2\/pages\/1275\/revisions\/2431"}],"wp:attachment":[{"href":"https:\/\/demo8.thuythu.com\/hvacrvietnam-32\/en\/wp-json\/wp\/v2\/media?parent=1275"}],"curies":[{"name":"wp","href":"https:\/\/api.w.org\/{rel}","templated":true}]}}