{"id":645,"date":"2021-03-22T04:59:47","date_gmt":"2021-03-22T04:59:47","guid":{"rendered":"https:\/\/demo8.thuythu.com\/hvacrvietnam-32\/?page_id=645"},"modified":"2022-04-22T03:16:03","modified_gmt":"2022-04-22T03:16:03","slug":"dang-ky-nhan-ban-tin","status":"publish","type":"page","link":"https:\/\/demo8.thuythu.com\/hvacrvietnam-32\/dang-ky-nhan-ban-tin\/","title":{"rendered":"\u0110\u0103ng k\u00fd nh\u1eadn b\u1ea3n tin"},"content":{"rendered":"","protected":false},"excerpt":{"rendered":"","protected":false},"author":1,"featured_media":0,"parent":0,"menu_order":0,"comment_status":"closed","ping_status":"closed","template":"templates\/dang-ky-nhan-tin.php","meta":[],"_links":{"self":[{"href":"https:\/\/demo8.thuythu.com\/hvacrvietnam-32\/wp-json\/wp\/v2\/pages\/645"}],"collection":[{"href":"https:\/\/demo8.thuythu.com\/hvacrvietnam-32\/wp-json\/wp\/v2\/pages"}],"about":[{"href":"https:\/\/demo8.thuythu.com\/hvacrvietnam-32\/wp-json\/wp\/v2\/types\/page"}],"author":[{"embeddable":true,"href":"https:\/\/demo8.thuythu.com\/hvacrvietnam-32\/wp-json\/wp\/v2\/users\/1"}],"replies":[{"embeddable":true,"href":"https:\/\/demo8.thuythu.com\/hvacrvietnam-32\/wp-json\/wp\/v2\/comments?post=645"}],"version-history":[{"count":7,"href":"https:\/\/demo8.thuythu.com\/hvacrvietnam-32\/wp-json\/wp\/v2\/pages\/645\/revisions"}],"predecessor-version":[{"id":2408,"href":"https:\/\/demo8.thuythu.com\/hvacrvietnam-32\/wp-json\/wp\/v2\/pages\/645\/revisions\/2408"}],"wp:attachment":[{"href":"https:\/\/demo8.thuythu.com\/hvacrvietnam-32\/wp-json\/wp\/v2\/media?parent=645"}],"curies":[{"name":"wp","href":"https:\/\/api.w.org\/{rel}","templated":true}]}}