{"id":894,"date":"2022-12-23T02:55:14","date_gmt":"2022-12-23T02:55:14","guid":{"rendered":"https:\/\/demo8.thuythu.com\/ibctech\/product\/lo-nau-dien-tro\/"},"modified":"2022-12-23T02:55:14","modified_gmt":"2022-12-23T02:55:14","slug":"lo-nau-dien-tro","status":"publish","type":"product","link":"https:\/\/demo8.thuythu.com\/ibctech\/en\/product\/lo-nau-dien-tro\/","title":{"rendered":"l\u00d2 N\u1ea4U \u0110I\u1ec6N TR\u1ede"},"content":{"rendered":"<ul>\n<li>GoldXpert SDD c\u00f3 hi\u1ec7u su\u1ea5t cao: L\u00e0 d\u00f2ng m\u00e1y s\u1eed d\u1ee5ng c\u00f4ng ngh\u1ec7 c\u1ea3i ti\u1ebfn m\u1edbi nh\u1ea5t s\u1eed d\u1ee5ng \u0111\u1ea7u d\u00f2 SDD (Silicon Drift Detector) cho \u0111\u1ed9 ch\u00ednh x\u00e1c r\u1ea5t cao v\u00e0 \u0111\u1ed9 nh\u1ea1y t\u1ed1t h\u01a1n, gi\u1ea3m nhi\u1ec5u v\u00e0 ho\u1ea1t \u0111\u1ed9ng \u1ed5n \u0111\u1ecbnh h\u01a1n r\u1ea5t nhi\u1ec1u so v\u1edbi d\u00f2ng m\u00e1y s\u1eed d\u1ee5ng c\u00f4ng ngh\u1ec7 Si-Pin (l\u00e0 c\u00f4ng ngh\u1ec7 c\u0169), gi\u00fap ph\u00e1t hi\u1ec7n nhi\u1ec1u nguy\u00ean t\u1ed1 h\u01a1n v\u00e0 t\u1ed1t h\u01a1n. GoldXpert SDD chuy\u00ean d\u00f9ng trong nh\u1eefng giao d\u1ecbch mua b\u00e1n, s\u1ea3n xu\u1ea5t, thu h\u1ed3i ph\u00e2n kim v\u00e0 c\u1ea7n th\u1eddi gian ph\u00e2n t\u00edch cho k\u1ebft qu\u1ea3 nhanh v\u00e0 \u0111\u1ed9 ch\u00ednh x\u00e1c cao khi ph\u00e2n t\u00edch.<\/li>\n<li>GoldXpert SDD ph\u00e2n t\u00edch \u0111\u01b0\u1ee3c t\u1ea5t c\u1ea3 c\u00e1c kim lo\u1ea1i, nh\u01b0 : Pt, Au, Rh, Pd, Ag, Cu, Zn, Ni, Cr, Mn, Fe, Co, Mo, Ir, Ru, Pb, Bi, Zr, Sn, Sb,Cd, In, Ga, Ge, W v\u00e0 ph\u00e1t hi\u1ec7n \u0111\u01b0\u1ee3c nguy\u00ean t\u1ed1 kim lo\u1ea1i Os (th\u01b0\u1eddng c\u00f3 trong v\u00e0ng t\u1ea1i th\u1ecb tr\u01b0\u1eddng Vi\u1ec7t Nam).<\/li>\n<li>Thi\u1ebft k\u1ebf nh\u1ecf g\u1ecdn, s\u1eed d\u1ee5ng kh\u00f4ng gian nh\u1ecf, ph\u00f9 h\u1ee3p cho c\u00e1c doanh nghi\u1ec7p s\u1ea3n xu\u1ea5t kinh doanh n\u1eef trang, c\u00e1c ti\u1ec7m v\u00e0ng, c\u1edf s\u1edf s\u1ea3n xu\u1ea5t, \u2026<\/li>\n<li>M\u00e1y d\u1ec5 s\u1eed d\u1ee5ng v\u00e0 \u0111\u01b0a ra k\u1ebft qu\u1ea3 r\u1ea5t nhanh cho c\u00e1c th\u00e0nh ph\u1ea7n kim lo\u1ea1i d\u01b0\u1edbi d\u1ea1ng % v\u00e0 karat ch\u1ec9 c\u1ea7n 1 n\u00fat b\u1ea5m.<\/li>\n<li>H\u1ec7 th\u1ed1ng \u0111\u00f3ng ch\u1eb7n tia X an to\u00e0n, \u0111\u1ea3m b\u1ea3o c\u00e1c y\u00eau c\u1ea7u an to\u00e0n lao \u0111\u1ed9ng tuy\u1ec7t \u0111\u1ed1i.<\/li>\n<li>Ph\u00e1t hi\u1ec7n \u0111\u01b0\u1ee3c c\u00e1c nguy\u00ean t\u1ed1 \u0111\u1ed9c h\u1ea1i nh\u01b0: Cd, Pb trong h\u1ee3p kim h\u00e0n.<\/li>\n<\/ul>\n","protected":false},"excerpt":{"rendered":"<ul>\n<li>\u0110\u01b0\u1ee3c ch\u1ebf t\u1ea1o \u0111\u1eb7c bi\u1ec7t cho vi\u1ec7c \u0111\u1ed5 th\u1ea3o \u0111\u1ecbnh h\u00ecnh.<\/li>\n<li>S\u1eed d\u1ee5ng cho c\u00e1c m\u1ee5c \u0111\u00edch \u0111\u1eb7c bi\u1ec7t c\u1ee7a kh\u00e1ch h\u00e0ng<br \/>\nchuy\u00ean l\u00e0m tay.<\/li>\n<li>\u0110\u01b0\u1ee3c thi\u1ebft k\u1ebf c\u00f3 c\u1ea7n g\u1ea1t \u0111\u1ec3 \u0111\u1ed5.<\/li>\n<\/ul>\n","protected":false},"featured_media":735,"comment_status":"open","ping_status":"closed","template":"","meta":{"inline_featured_image":false},"product_cat":[73,74,72],"product_tag":[],"acf":[],"yoast_head":"<!-- This site is optimized with the Yoast SEO plugin v19.13 - https:\/\/yoast.com\/wordpress\/plugins\/seo\/ -->\n<title>l\u00d2 N\u1ea4U \u0110I\u1ec6N TR\u1ede - CREATIVE TECH<\/title>\n<meta name=\"robots\" content=\"noindex, follow, max-snippet:-1, max-image-preview:large, max-video-preview:-1\" \/>\n<meta property=\"og:locale\" content=\"en_US\" \/>\n<meta property=\"og:type\" content=\"article\" \/>\n<meta property=\"og:title\" content=\"l\u00d2 N\u1ea4U \u0110I\u1ec6N TR\u1ede - CREATIVE TECH\" \/>\n<meta property=\"og:description\" content=\"\u0110\u01b0\u1ee3c ch\u1ebf t\u1ea1o \u0111\u1eb7c bi\u1ec7t cho vi\u1ec7c \u0111\u1ed5 th\u1ea3o \u0111\u1ecbnh h\u00ecnh.  S\u1eed d\u1ee5ng cho c\u00e1c m\u1ee5c \u0111\u00edch \u0111\u1eb7c bi\u1ec7t c\u1ee7a kh\u00e1ch h\u00e0ng chuy\u00ean l\u00e0m tay.  \u0110\u01b0\u1ee3c thi\u1ebft k\u1ebf c\u00f3 c\u1ea7n g\u1ea1t \u0111\u1ec3 \u0111\u1ed5.\" \/>\n<meta property=\"og:url\" content=\"https:\/\/demo8.thuythu.com\/ibctech\/en\/product\/lo-nau-dien-tro\/\" \/>\n<meta property=\"og:site_name\" content=\"CREATIVE TECH\" \/>\n<meta name=\"twitter:card\" content=\"summary_large_image\" \/>\n<meta name=\"twitter:label1\" content=\"Est. reading time\" \/>\n\t<meta name=\"twitter:data1\" content=\"2 minutes\" \/>\n<script type=\"application\/ld+json\" class=\"yoast-schema-graph\">{\"@context\":\"https:\/\/schema.org\",\"@graph\":[{\"@type\":\"WebPage\",\"@id\":\"https:\/\/demo8.thuythu.com\/ibctech\/en\/product\/lo-nau-dien-tro\/\",\"url\":\"https:\/\/demo8.thuythu.com\/ibctech\/en\/product\/lo-nau-dien-tro\/\",\"name\":\"l\u00d2 N\u1ea4U \u0110I\u1ec6N TR\u1ede - CREATIVE TECH\",\"isPartOf\":{\"@id\":\"https:\/\/demo8.thuythu.com\/ibctech\/#website\"},\"datePublished\":\"2022-12-23T02:55:14+00:00\",\"dateModified\":\"2022-12-23T02:55:14+00:00\",\"breadcrumb\":{\"@id\":\"https:\/\/demo8.thuythu.com\/ibctech\/en\/product\/lo-nau-dien-tro\/#breadcrumb\"},\"inLanguage\":\"en-US\",\"potentialAction\":[{\"@type\":\"ReadAction\",\"target\":[\"https:\/\/demo8.thuythu.com\/ibctech\/en\/product\/lo-nau-dien-tro\/\"]}]},{\"@type\":\"BreadcrumbList\",\"@id\":\"https:\/\/demo8.thuythu.com\/ibctech\/en\/product\/lo-nau-dien-tro\/#breadcrumb\",\"itemListElement\":[{\"@type\":\"ListItem\",\"position\":1,\"name\":\"Home\",\"item\":\"https:\/\/demo8.thuythu.com\/ibctech\/en\/\"},{\"@type\":\"ListItem\",\"position\":2,\"name\":\"Shop\",\"item\":\"https:\/\/demo8.thuythu.com\/ibctech\/shop\/\"},{\"@type\":\"ListItem\",\"position\":3,\"name\":\"l\u00d2 N\u1ea4U \u0110I\u1ec6N TR\u1ede\"}]},{\"@type\":\"WebSite\",\"@id\":\"https:\/\/demo8.thuythu.com\/ibctech\/#website\",\"url\":\"https:\/\/demo8.thuythu.com\/ibctech\/\",\"name\":\"CREATIVE TECH\",\"description\":\"C\u00f4ng ty C\u1ed5 ph\u1ea7n Th\u01b0\u01a1ng m\u1ea1i D\u1ecbch v\u1ee5 IBC\",\"publisher\":{\"@id\":\"https:\/\/demo8.thuythu.com\/ibctech\/#organization\"},\"potentialAction\":[{\"@type\":\"SearchAction\",\"target\":{\"@type\":\"EntryPoint\",\"urlTemplate\":\"https:\/\/demo8.thuythu.com\/ibctech\/?s={search_term_string}\"},\"query-input\":\"required name=search_term_string\"}],\"inLanguage\":\"en-US\"},{\"@type\":\"Organization\",\"@id\":\"https:\/\/demo8.thuythu.com\/ibctech\/#organization\",\"name\":\"CREATIVE TECH\",\"url\":\"https:\/\/demo8.thuythu.com\/ibctech\/\",\"logo\":{\"@type\":\"ImageObject\",\"inLanguage\":\"en-US\",\"@id\":\"https:\/\/demo8.thuythu.com\/ibctech\/#\/schema\/logo\/image\/\",\"url\":\"https:\/\/demo8.thuythu.com\/ibctech\/wp-content\/uploads\/2023\/02\/FIL.png\",\"contentUrl\":\"https:\/\/demo8.thuythu.com\/ibctech\/wp-content\/uploads\/2023\/02\/FIL.png\",\"width\":1069,\"height\":414,\"caption\":\"CREATIVE TECH\"},\"image\":{\"@id\":\"https:\/\/demo8.thuythu.com\/ibctech\/#\/schema\/logo\/image\/\"}}]}<\/script>\n<!-- \/ Yoast SEO plugin. -->","yoast_head_json":{"title":"l\u00d2 N\u1ea4U \u0110I\u1ec6N TR\u1ede - CREATIVE TECH","robots":{"index":"noindex","follow":"follow","max-snippet":"max-snippet:-1","max-image-preview":"max-image-preview:large","max-video-preview":"max-video-preview:-1"},"og_locale":"en_US","og_type":"article","og_title":"l\u00d2 N\u1ea4U \u0110I\u1ec6N TR\u1ede - CREATIVE TECH","og_description":"\u0110\u01b0\u1ee3c ch\u1ebf t\u1ea1o \u0111\u1eb7c bi\u1ec7t cho vi\u1ec7c \u0111\u1ed5 th\u1ea3o \u0111\u1ecbnh h\u00ecnh.  S\u1eed d\u1ee5ng cho c\u00e1c m\u1ee5c \u0111\u00edch \u0111\u1eb7c bi\u1ec7t c\u1ee7a kh\u00e1ch h\u00e0ng chuy\u00ean l\u00e0m tay.  \u0110\u01b0\u1ee3c thi\u1ebft k\u1ebf c\u00f3 c\u1ea7n g\u1ea1t \u0111\u1ec3 \u0111\u1ed5.","og_url":"https:\/\/demo8.thuythu.com\/ibctech\/en\/product\/lo-nau-dien-tro\/","og_site_name":"CREATIVE TECH","twitter_card":"summary_large_image","twitter_misc":{"Est. reading time":"2 minutes"},"schema":{"@context":"https:\/\/schema.org","@graph":[{"@type":"WebPage","@id":"https:\/\/demo8.thuythu.com\/ibctech\/en\/product\/lo-nau-dien-tro\/","url":"https:\/\/demo8.thuythu.com\/ibctech\/en\/product\/lo-nau-dien-tro\/","name":"l\u00d2 N\u1ea4U \u0110I\u1ec6N TR\u1ede - CREATIVE TECH","isPartOf":{"@id":"https:\/\/demo8.thuythu.com\/ibctech\/#website"},"datePublished":"2022-12-23T02:55:14+00:00","dateModified":"2022-12-23T02:55:14+00:00","breadcrumb":{"@id":"https:\/\/demo8.thuythu.com\/ibctech\/en\/product\/lo-nau-dien-tro\/#breadcrumb"},"inLanguage":"en-US","potentialAction":[{"@type":"ReadAction","target":["https:\/\/demo8.thuythu.com\/ibctech\/en\/product\/lo-nau-dien-tro\/"]}]},{"@type":"BreadcrumbList","@id":"https:\/\/demo8.thuythu.com\/ibctech\/en\/product\/lo-nau-dien-tro\/#breadcrumb","itemListElement":[{"@type":"ListItem","position":1,"name":"Home","item":"https:\/\/demo8.thuythu.com\/ibctech\/en\/"},{"@type":"ListItem","position":2,"name":"Shop","item":"https:\/\/demo8.thuythu.com\/ibctech\/shop\/"},{"@type":"ListItem","position":3,"name":"l\u00d2 N\u1ea4U \u0110I\u1ec6N TR\u1ede"}]},{"@type":"WebSite","@id":"https:\/\/demo8.thuythu.com\/ibctech\/#website","url":"https:\/\/demo8.thuythu.com\/ibctech\/","name":"CREATIVE TECH","description":"C\u00f4ng ty C\u1ed5 ph\u1ea7n Th\u01b0\u01a1ng m\u1ea1i D\u1ecbch v\u1ee5 IBC","publisher":{"@id":"https:\/\/demo8.thuythu.com\/ibctech\/#organization"},"potentialAction":[{"@type":"SearchAction","target":{"@type":"EntryPoint","urlTemplate":"https:\/\/demo8.thuythu.com\/ibctech\/?s={search_term_string}"},"query-input":"required name=search_term_string"}],"inLanguage":"en-US"},{"@type":"Organization","@id":"https:\/\/demo8.thuythu.com\/ibctech\/#organization","name":"CREATIVE TECH","url":"https:\/\/demo8.thuythu.com\/ibctech\/","logo":{"@type":"ImageObject","inLanguage":"en-US","@id":"https:\/\/demo8.thuythu.com\/ibctech\/#\/schema\/logo\/image\/","url":"https:\/\/demo8.thuythu.com\/ibctech\/wp-content\/uploads\/2023\/02\/FIL.png","contentUrl":"https:\/\/demo8.thuythu.com\/ibctech\/wp-content\/uploads\/2023\/02\/FIL.png","width":1069,"height":414,"caption":"CREATIVE TECH"},"image":{"@id":"https:\/\/demo8.thuythu.com\/ibctech\/#\/schema\/logo\/image\/"}}]}},"_links":{"self":[{"href":"https:\/\/demo8.thuythu.com\/ibctech\/en\/wp-json\/wp\/v2\/product\/894"}],"collection":[{"href":"https:\/\/demo8.thuythu.com\/ibctech\/en\/wp-json\/wp\/v2\/product"}],"about":[{"href":"https:\/\/demo8.thuythu.com\/ibctech\/en\/wp-json\/wp\/v2\/types\/product"}],"replies":[{"embeddable":true,"href":"https:\/\/demo8.thuythu.com\/ibctech\/en\/wp-json\/wp\/v2\/comments?post=894"}],"wp:featuredmedia":[{"embeddable":true,"href":"https:\/\/demo8.thuythu.com\/ibctech\/en\/wp-json\/wp\/v2\/media\/735"}],"wp:attachment":[{"href":"https:\/\/demo8.thuythu.com\/ibctech\/en\/wp-json\/wp\/v2\/media?parent=894"}],"wp:term":[{"taxonomy":"product_cat","embeddable":true,"href":"https:\/\/demo8.thuythu.com\/ibctech\/en\/wp-json\/wp\/v2\/product_cat?post=894"},{"taxonomy":"product_tag","embeddable":true,"href":"https:\/\/demo8.thuythu.com\/ibctech\/en\/wp-json\/wp\/v2\/product_tag?post=894"}],"curies":[{"name":"wp","href":"https:\/\/api.w.org\/{rel}","templated":true}]}}