{"id":1110,"date":"2018-04-12T08:59:36","date_gmt":"2018-04-12T06:59:36","guid":{"rendered":"http:\/\/corretto.elated-themes.com\/?page_id=1110"},"modified":"2023-05-05T16:43:31","modified_gmt":"2023-05-05T09:43:31","slug":"lien-he","status":"publish","type":"page","link":"https:\/\/demo8.thuythu.com\/kfehouse\/lien-he\/","title":{"rendered":"Li\u00ean h\u1ec7"},"content":{"rendered":"<p>[vc_row row_content_width=&#8221;grid&#8221; css=&#8221;.vc_custom_1523522247814{padding-bottom: 130px !important;}&#8221;][vc_column css=&#8221;.vc_custom_1523522781324{margin-top: -8px !important;padding-right: 5% !important;}&#8221; offset=&#8221;vc_col-lg-6 vc_col-md-10&#8243;]<div class=\"eltdf-section-title-holder  \" >\n\t<div class=\"eltdf-st-inner\">\n\t\t\t\t\t<h3 class=\"eltdf-st-title\" >\n\t\t\t\tTh\u00f4ng tin li\u00ean h\u1ec7\t\t\t<\/h3>\n\t\t\t\t\t\t\t<p class=\"eltdf-st-text\" >\n\t\t\t\tM\u1ecdi \u00fd ki\u1ebfn \u0111\u00f3ng g\u00f3p t\u1eeb ph\u00eda Qu\u00fd kh\u00e1ch s\u1ebd \u0111\u01b0\u1ee3c ch\u00fang t\u00f4i ghi nh\u1eadn v\u00e0 s\u1eed d\u1ee5ng \u0111\u1ec3 li\u00ean t\u1ee5c c\u1ea3i thi\u1ec7n v\u00e0 n\u00e2ng cao ch\u1ea5t l\u01b0\u1ee3ng d\u1ecbch v\u1ee5.<br \/>\nXin ch\u00e2n th\u00e0nh c\u1ea3m \u01a1n!\t\t\t<\/p>\n\t\t\t<\/div>\n<\/div>[vc_empty_space height=&#8221;25px&#8221;]<div class=\"eltdf-icon-list-holder \" >\n\t<div class=\"eltdf-il-icon-holder\">\n\t\t<i class=\"eltdf-icon-font-awesome fa fa-circle \" style=\"color: #be9c79;font-size: 7px\"><\/i>\t<\/div>\n\t<p class=\"eltdf-il-text\" style=\"padding-left: 18px\">\u0110\u1ecba ch\u1ec9: Kh\u1ed1i n\u1ee5 hoa qu\u1ea3ng tr\u01b0\u1eddng L\u00e2m Vi\u00ean - S\u1ed1 2, Tr\u1ea7n Qu\u1ed1c To\u1ea3n, Ph\u01b0\u1eddng 10, Th\u00e0nh Ph\u1ed1 \u0110\u00e0 L\u1ea1t<\/p>\n<\/div><div class=\"eltdf-icon-list-holder \" >\n\t<div class=\"eltdf-il-icon-holder\">\n\t\t<i class=\"eltdf-icon-font-awesome fa fa-circle \" style=\"color: #be9c79;font-size: 7px\"><\/i>\t<\/div>\n\t<p class=\"eltdf-il-text\" style=\"padding-left: 15px\">S\u0110T: 0932 855 000<\/p>\n<\/div><div class=\"eltdf-icon-list-holder \" >\n\t<div class=\"eltdf-il-icon-holder\">\n\t\t<i class=\"eltdf-icon-font-awesome fa fa-circle \" style=\"color: #be9c79;font-size: 7px\"><\/i>\t<\/div>\n\t<p class=\"eltdf-il-text\" style=\"padding-left: 15px\">Email: kfehouse@milli.com.vn<\/p>\n<\/div>[vc_empty_space height=&#8221;36px&#8221;][\/vc_column][vc_column offset=&#8221;vc_col-lg-offset-0 vc_col-lg-6 vc_col-md-offset-0 vc_col-md-12 vc_col-sm-offset-0&#8243;]<div role=\"form\" class=\"wpcf7\" id=\"wpcf7-f3487-o1\" lang=\"en-US\" dir=\"ltr\">\n<div class=\"screen-reader-response\"><p role=\"status\" aria-live=\"polite\" aria-atomic=\"true\"><\/p> <ul><\/ul><\/div>\n<form action=\"\/kfehouse\/wp-json\/wp\/v2\/pages\/1110#wpcf7-f3487-o1\" method=\"post\" class=\"wpcf7-form init cf7_custom_style_1\" novalidate=\"novalidate\" data-status=\"init\">\n<div style=\"display: none;\">\n<input type=\"hidden\" name=\"_wpcf7\" value=\"3487\" \/>\n<input type=\"hidden\" name=\"_wpcf7_version\" value=\"5.3.1\" \/>\n<input type=\"hidden\" name=\"_wpcf7_locale\" value=\"en_US\" \/>\n<input type=\"hidden\" name=\"_wpcf7_unit_tag\" value=\"wpcf7-f3487-o1\" \/>\n<input type=\"hidden\" name=\"_wpcf7_container_post\" value=\"0\" \/>\n<input type=\"hidden\" name=\"_wpcf7_posted_data_hash\" value=\"\" \/>\n<\/div>\n<div>\n<div class=\"eltdf-grid-row eltdf-grid-normal-gutter\">\n<div class=\"eltdf-grid-col-6\">\n\t<span class=\"wpcf7-form-control-wrap your-name\"><input type=\"text\" name=\"your-name\" value=\"\" size=\"40\" class=\"wpcf7-form-control wpcf7-text wpcf7-validates-as-required\" aria-required=\"true\" aria-invalid=\"false\" placeholder=\"H\u1ecd v\u00e0 t\u00ean\" \/><\/span>\n    <\/div>\n<div class=\"eltdf-grid-col-6\">\n\t<span class=\"wpcf7-form-control-wrap your-email\"><input type=\"email\" name=\"your-email\" value=\"\" size=\"40\" class=\"wpcf7-form-control wpcf7-text wpcf7-email wpcf7-validates-as-required wpcf7-validates-as-email\" aria-required=\"true\" aria-invalid=\"false\" placeholder=\"Email\" \/><\/span>\n    <\/div>\n<\/div>\n<div class=\"eltdf-grid-row eltdf-grid-normal-gutter\">\n<div class=\"eltdf-grid-col-12\">\n        <span class=\"wpcf7-form-control-wrap your-name\"><input type=\"text\" name=\"your-name\" value=\"\" size=\"40\" class=\"wpcf7-form-control wpcf7-text wpcf7-validates-as-required\" aria-required=\"true\" aria-invalid=\"false\" placeholder=\"S\u1ed1 \u0111i\u1ec7n tho\u1ea1i\" \/><\/span>\n    <\/div>\n<\/div>\n<p>       <span class=\"wpcf7-form-control-wrap your-message\"><textarea name=\"your-message\" cols=\"40\" rows=\"10\" class=\"wpcf7-form-control wpcf7-textarea\" aria-invalid=\"false\" placeholder=\"N\u1ed9i dung ...\"><\/textarea><\/span><\/p>\n<p>       <input type=\"submit\" value=\"G\u1eedi\" class=\"wpcf7-form-control wpcf7-submit\" \/>\n<\/p><\/div>\n<div class=\"wpcf7-response-output\" aria-hidden=\"true\"><\/div><\/form><\/div>[\/vc_column][\/vc_row][vc_row disable_element=&#8221;yes&#8221;][vc_column][vc_column_text css=&#8221;.vc_custom_1612433293961{margin-bottom: -7px !important;}&#8221;]<iframe style=\"border: 0;\" tabindex=\"0\" src=\"https:\/\/www.google.com\/maps\/embed?pb=!1m14!1m8!1m3!1d3599.216507663236!2d108.44241688102011!3d11.938234845562341!3m2!1i1024!2i768!4f13.1!3m3!1m2!1s0x317113028be22f5b%3A0xb68db447b838bd1c!2sK'fe%20House!5e0!3m2!1svi!2s!4v1612433134621!5m2!1svi!2s\" width=\"100%\" height=\"450\" frameborder=\"0\" allowfullscreen=\"allowfullscreen\" aria-hidden=\"false\"><\/iframe>[\/vc_column_text][\/vc_column][\/vc_row]<\/p>\n","protected":false},"excerpt":{"rendered":"<p>[vc_row row_content_width=&#8221;grid&#8221; css=&#8221;.vc_custom_1523522247814{padding-bottom: 130px !important;}&#8221;][vc_column css=&#8221;.vc_custom_1523522781324{margin-top: -8px !important;padding-right: 5% !important;}&#8221; offset=&#8221;vc_col-lg-6 vc_col-md-10&#8243;][vc_empty_space height=&#8221;25px&#8221;][vc_empty_space height=&#8221;36px&#8221;][\/vc_column][vc_column offset=&#8221;vc_col-lg-offset-0 vc_col-lg-6 vc_col-md-offset-0 vc_col-md-12 vc_col-sm-offset-0&#8243;][\/vc_column][\/vc_row][vc_row disable_element=&#8221;yes&#8221;][vc_column][vc_column_text css=&#8221;.vc_custom_1612433293961{margin-bottom: -7px !important;}&#8221;][\/vc_column_text][\/vc_column][\/vc_row]<\/p>\n","protected":false},"author":2,"featured_media":0,"parent":0,"menu_order":0,"comment_status":"closed","ping_status":"closed","template":"full-width.php","meta":[],"_links":{"self":[{"href":"https:\/\/demo8.thuythu.com\/kfehouse\/wp-json\/wp\/v2\/pages\/1110"}],"collection":[{"href":"https:\/\/demo8.thuythu.com\/kfehouse\/wp-json\/wp\/v2\/pages"}],"about":[{"href":"https:\/\/demo8.thuythu.com\/kfehouse\/wp-json\/wp\/v2\/types\/page"}],"author":[{"embeddable":true,"href":"https:\/\/demo8.thuythu.com\/kfehouse\/wp-json\/wp\/v2\/users\/2"}],"replies":[{"embeddable":true,"href":"https:\/\/demo8.thuythu.com\/kfehouse\/wp-json\/wp\/v2\/comments?post=1110"}],"version-history":[{"count":22,"href":"https:\/\/demo8.thuythu.com\/kfehouse\/wp-json\/wp\/v2\/pages\/1110\/revisions"}],"predecessor-version":[{"id":4603,"href":"https:\/\/demo8.thuythu.com\/kfehouse\/wp-json\/wp\/v2\/pages\/1110\/revisions\/4603"}],"wp:attachment":[{"href":"https:\/\/demo8.thuythu.com\/kfehouse\/wp-json\/wp\/v2\/media?parent=1110"}],"curies":[{"name":"wp","href":"https:\/\/api.w.org\/{rel}","templated":true}]}}